{"id":11378,"date":"2022-06-09T02:33:41","date_gmt":"2022-06-09T07:33:41","guid":{"rendered":"https:\/\/nordialaw.com\/firmaet\/cookies-information\/"},"modified":"2025-10-06T13:15:45","modified_gmt":"2025-10-06T13:15:45","slug":"cookies-information","status":"publish","type":"page","link":"https:\/\/nordialaw.com\/da\/firmaet\/cookies-information\/","title":{"rendered":"Oplysninger om cookies"},"content":{"rendered":"<div class=\"title-excerpt\">\n\t        <h1 class=\"title-excerpt__title\">Oplysninger om cookies<\/h1>\n\t\n\t<\/div>\n\n\n\n    <section class=\"image-text \">\n        <!--\t--><!-- -->\n        <div class=\"image-text__container grid-container\">\n\t\t\t\n\t\t\t                <div class=\"image-text__content \"><p>Disse cookieoplysninger forklarer, hvordan vores websted (nordialaw.com) bruger cookies til at genkende dig, n\u00e5r du bes\u00f8ger vores websted. Den forklarer, hvad cookies er, og hvorfor vi bruger dem, samt dine rettigheder til at kontrollere brugen af cookies p\u00e5 vores hjemmeside.<\/p>\n<p>Cookies er sm\u00e5 tekstfiler, der placeres p\u00e5 din computer af de websteder, du bes\u00f8ger. De bruges i vid udstr\u00e6kning til at f\u00e5 websteder til at fungere eller arbejde mere effektivt samt til at give information til ejerne af webstedet. Brug af cookies er standard for de fleste websteder.<\/p>\n<h1>Typer af cookies<\/h1>\n<p>Vi bruger cookies af flere \u00e5rsager. Nogle cookies (n\u00f8dvendige cookies) er n\u00f8dvendige for, at vores websted fungerer korrekt. Andre cookies giver os mulighed for at spore vores brugeres interesser. For eksempel sporer NORDIA Law de sider, du bes\u00f8ger, for at afg\u00f8re, hvilken del af vores hjemmeside der er den mest popul\u00e6re eller mest anvendte. Tredjeparter anvender cookies via vores websteder til markedsf\u00f8ring og analyse.<\/p>\n<p><strong><em>N\u00f8dvendige cookies:<\/em><\/strong> Disse cookies er strengt n\u00f8dvendige for at give dig tjenester, der er tilg\u00e6ngelige via vores websteder.<\/p>\n<p>Cookietest fra Modernizer kontrollerer, om browseren kan k\u00f8re Foundation-rammen, der bruges p\u00e5 vores hjemmeside.<\/p>\n<p>wordpress_test_cookie tester, at browseren accepterer cookies. <a href=\"https:\/\/cookiedatabase.org\/cookie\/wordpress\/wordpress_test_cookie\/\">L\u00e6s mere.<\/a><\/p>\n<p>wp-wpmlcurrentlanguage af sprogpluginet for at vise det korrekte sprog. <a href=\"https:\/\/wpml.org\/documentation\/support\/browser-cookies-stored-wpml\/\">L\u00e6s mere.<\/a><\/p>\n<p>__hs_opt_out bruges af opt-in privatlivspolitikken til at huske ikke at bede den bes\u00f8gende om at acceptere cookies igen. Denne cookie indstilles, n\u00e5r du v\u00e6lger at frav\u00e6lge cookies. Den indeholder strengen &#8220;ja&#8221; eller &#8220;nej&#8221;. Den udl\u00f8ber om 6 m\u00e5neder.<\/p>\n<p>__hs_do_not_track kan indstilles til at forhindre sporingskoden i at sende oplysninger til HubSpot. Den indeholder strengen &#8220;ja&#8221;. Den udl\u00f8ber om 6 m\u00e5neder.<\/p>\n<p>__hs_initial_opt_in bruges til at forhindre, at banneret altid vises, n\u00e5r bes\u00f8gende browser i streng tilstand. Den indeholder strengen &#8220;ja&#8221; eller &#8220;nej&#8221;. Den udl\u00f8ber om syv dage.<\/p>\n<p>Sprogpr\u00e6ference (Lokal lagring).\u00a0Vi bruger lokal lagring til at huske dit valgte sprog. Dette g\u00f8r det muligt for os automatisk at omdirigere dig til den korrekte sprogversion af vores hjemmeside ved fremtidige bes\u00f8g. De oplysninger, der gemmes, indeholder ingen personlige data, bruges ikke til sporing og deles ikke med tredjeparter. De bruges udelukkende til at forbedre din brugeroplevelse ved at sikre ensartede sprogindstillinger. Denne lokale lagring er essentiel for at kunne tilbyde sprogfunktionen p\u00e5 hjemmesiden og betragtes derfor som strengt n\u00f8dvendig.<\/p>\n<div class=\"uc-embed\" uc-embed-type=\"category-only\"><\/div>\n<div class=\"uc-embed\"><\/div>\n<p>&nbsp;<\/p>\n<h1>Administration af cookies<\/h1>\n<p>Du kan administrere og kontrollere cookies via cookieindstillingerne. Cookie-indstillingsbanneret er placeret nederst p\u00e5 hjemmesiden. De anvendte cookies er klassificeret i kategorier som ovenfor. Du kan l\u00e6se om hver cookie, der bruges, og v\u00e6lge, hvilke cookies du tillader os at bruge. Du kan tillade alle eller afvise nogle af cookies i overensstemmelse med dine pr\u00e6ferencer.<\/p>\n<p>Du kan ogs\u00e5 administrere og kontrollere cookies via din browser, herunder slette dem fra din &#8220;browserhistorik&#8221; (cache), n\u00e5r du forlader et websted.<\/p>\n<h1>Brug af din browser til at kontrollere cookies<\/h1>\n<p>De fleste browsere giver dig mulighed for at se, administrere, slette og blokere webstedscookies. Bem\u00e6rk, at hvis du sletter alle cookies, vil alle dine indstillinger ogs\u00e5 blive slettet, herunder muligheden for at frav\u00e6lge cookies, da denne funktion i sig selv kr\u00e6ver placering af en opt-out-cookie p\u00e5 din enhed. Vejledning i, hvordan du styrer cookies til almindelige browsere, er linket nedenfor:<\/p>\n<p><a href=\"https:\/\/support.google.com\/chrome\/answer\/95647\">S\u00e5dan styrer du cookies i Google Chrome.<\/a><\/p>\n<p><a href=\"https:\/\/support.mozilla.org\/en-US\/kb\/enhanced-tracking-protection-firefox-desktop\">S\u00e5dan kontrolleres cookies i Mozilla Firefox.<\/a><\/p>\n<p><a href=\"https:\/\/support.apple.com\/en-gb\/guide\/safari\/sfri11471\/mac\">S\u00e5dan styrer du cookies i Safari.<\/a><\/p>\n<p><a href=\"https:\/\/support.microsoft.com\/en-us\/microsoft-edge\/delete-cookies-in-microsoft-edge-63947406-40ac-c3b8-57b9-2a946a29ae09\">S\u00e5dan styrer du cookies i Microsoft Edge.<\/a><\/p>\n<p>Du kan finde oplysninger om yderligere browsere og enhedstyper i <a href=\"http:\/\/www.aboutcookies.org\/\">http:\/\/www.aboutcookies.org\/.<\/a><\/p>\n<\/div>\n\t\t\t        <\/div>\n    <\/section>\n","protected":false},"excerpt":{"rendered":"","protected":false},"author":8,"featured_media":7345,"parent":6665,"menu_order":0,"comment_status":"closed","ping_status":"open","template":"","meta":{"_acf_changed":false,"content-type":"","footnotes":""},"class_list":["post-11378","page","type-page","status-publish","has-post-thumbnail","hentry"],"acf":[],"yoast_head":"<!-- This site is optimized with the Yoast SEO plugin v27.3 - https:\/\/yoast.com\/product\/yoast-seo-wordpress\/ -->\n<title>Oplysninger om cookies - Nordia Law<\/title>\n<meta name=\"description\" content=\"Disse cookieoplysninger forklarer, hvordan vores websted (nordialaw.com) bruger cookies til at genkende dig.\" \/>\n<meta name=\"robots\" content=\"index, follow, max-snippet:-1, max-image-preview:large, max-video-preview:-1\" \/>\n<link rel=\"canonical\" href=\"https:\/\/nordialaw.com\/da\/firmaet\/cookies-information\/\" \/>\n<meta property=\"og:locale\" content=\"da_DK\" \/>\n<meta property=\"og:type\" content=\"article\" \/>\n<meta property=\"og:title\" content=\"Oplysninger om cookies - Nordia Law\" \/>\n<meta property=\"og:description\" content=\"Disse cookieoplysninger forklarer, hvordan vores websted (nordialaw.com) bruger cookies til at genkende dig.\" \/>\n<meta property=\"og:url\" content=\"https:\/\/nordialaw.com\/da\/firmaet\/cookies-information\/\" \/>\n<meta property=\"og:site_name\" content=\"Nordia Law\" \/>\n<meta property=\"article:modified_time\" content=\"2025-10-06T13:15:45+00:00\" \/>\n<meta property=\"og:image\" content=\"https:\/\/nordialaw.com\/wp-content\/uploads\/2022\/02\/AdobeStock_375893262-scaled-e1645547062424.jpeg\" \/>\n\t<meta property=\"og:image:width\" content=\"2560\" \/>\n\t<meta property=\"og:image:height\" content=\"1696\" \/>\n\t<meta property=\"og:image:type\" content=\"image\/jpeg\" \/>\n<meta name=\"twitter:card\" content=\"summary_large_image\" \/>\n<meta name=\"twitter:label1\" content=\"Estimeret l\u00e6setid\" \/>\n\t<meta name=\"twitter:data1\" content=\"3 minutter\" \/>\n<script type=\"application\/ld+json\" class=\"yoast-schema-graph\">{\"@context\":\"https:\\\/\\\/schema.org\",\"@graph\":[{\"@type\":\"WebPage\",\"@id\":\"https:\\\/\\\/nordialaw.com\\\/da\\\/firmaet\\\/cookies-information\\\/\",\"url\":\"https:\\\/\\\/nordialaw.com\\\/da\\\/firmaet\\\/cookies-information\\\/\",\"name\":\"Oplysninger om cookies - Nordia Law\",\"isPartOf\":{\"@id\":\"https:\\\/\\\/nordialaw.com\\\/#website\"},\"primaryImageOfPage\":{\"@id\":\"https:\\\/\\\/nordialaw.com\\\/da\\\/firmaet\\\/cookies-information\\\/#primaryimage\"},\"image\":{\"@id\":\"https:\\\/\\\/nordialaw.com\\\/da\\\/firmaet\\\/cookies-information\\\/#primaryimage\"},\"thumbnailUrl\":\"https:\\\/\\\/nordialaw.com\\\/wp-content\\\/uploads\\\/2022\\\/02\\\/AdobeStock_375893262-scaled-e1645547062424.jpeg\",\"datePublished\":\"2022-06-09T07:33:41+00:00\",\"dateModified\":\"2025-10-06T13:15:45+00:00\",\"description\":\"Disse cookieoplysninger forklarer, hvordan vores websted (nordialaw.com) bruger cookies til at genkende dig.\",\"breadcrumb\":{\"@id\":\"https:\\\/\\\/nordialaw.com\\\/da\\\/firmaet\\\/cookies-information\\\/#breadcrumb\"},\"inLanguage\":\"da-DK\",\"potentialAction\":[{\"@type\":\"ReadAction\",\"target\":[\"https:\\\/\\\/nordialaw.com\\\/da\\\/firmaet\\\/cookies-information\\\/\"]}]},{\"@type\":\"ImageObject\",\"inLanguage\":\"da-DK\",\"@id\":\"https:\\\/\\\/nordialaw.com\\\/da\\\/firmaet\\\/cookies-information\\\/#primaryimage\",\"url\":\"https:\\\/\\\/nordialaw.com\\\/wp-content\\\/uploads\\\/2022\\\/02\\\/AdobeStock_375893262-scaled-e1645547062424.jpeg\",\"contentUrl\":\"https:\\\/\\\/nordialaw.com\\\/wp-content\\\/uploads\\\/2022\\\/02\\\/AdobeStock_375893262-scaled-e1645547062424.jpeg\",\"width\":2560,\"height\":1696,\"caption\":\"Blue grungy background or texture\"},{\"@type\":\"BreadcrumbList\",\"@id\":\"https:\\\/\\\/nordialaw.com\\\/da\\\/firmaet\\\/cookies-information\\\/#breadcrumb\",\"itemListElement\":[{\"@type\":\"ListItem\",\"position\":1,\"name\":\"Home\",\"item\":\"https:\\\/\\\/nordialaw.com\\\/da\\\/\"},{\"@type\":\"ListItem\",\"position\":2,\"name\":\"Firmaet\",\"item\":\"https:\\\/\\\/nordialaw.com\\\/da\\\/firmaet\\\/\"},{\"@type\":\"ListItem\",\"position\":3,\"name\":\"Oplysninger om cookies\"}]},{\"@type\":\"WebSite\",\"@id\":\"https:\\\/\\\/nordialaw.com\\\/#website\",\"url\":\"https:\\\/\\\/nordialaw.com\\\/\",\"name\":\"Nordia Law\",\"description\":\"\",\"publisher\":{\"@id\":\"https:\\\/\\\/nordialaw.com\\\/#organization\"},\"potentialAction\":[{\"@type\":\"SearchAction\",\"target\":{\"@type\":\"EntryPoint\",\"urlTemplate\":\"https:\\\/\\\/nordialaw.com\\\/?s={search_term_string}\"},\"query-input\":{\"@type\":\"PropertyValueSpecification\",\"valueRequired\":true,\"valueName\":\"search_term_string\"}}],\"inLanguage\":\"da-DK\"},{\"@type\":\"Organization\",\"@id\":\"https:\\\/\\\/nordialaw.com\\\/#organization\",\"name\":\"Nordia Law\",\"url\":\"https:\\\/\\\/nordialaw.com\\\/\",\"logo\":{\"@type\":\"ImageObject\",\"inLanguage\":\"da-DK\",\"@id\":\"https:\\\/\\\/nordialaw.com\\\/#\\\/schema\\\/logo\\\/image\\\/\",\"url\":\"https:\\\/\\\/nordialaw.com\\\/wp-content\\\/uploads\\\/2021\\\/09\\\/Layer-1.svg\",\"contentUrl\":\"https:\\\/\\\/nordialaw.com\\\/wp-content\\\/uploads\\\/2021\\\/09\\\/Layer-1.svg\",\"width\":197,\"height\":45,\"caption\":\"Nordia Law\"},\"image\":{\"@id\":\"https:\\\/\\\/nordialaw.com\\\/#\\\/schema\\\/logo\\\/image\\\/\"}}]}<\/script>\n<!-- \/ Yoast SEO plugin. -->","yoast_head_json":{"title":"Oplysninger om cookies - Nordia Law","description":"Disse cookieoplysninger forklarer, hvordan vores websted (nordialaw.com) bruger cookies til at genkende dig.","robots":{"index":"index","follow":"follow","max-snippet":"max-snippet:-1","max-image-preview":"max-image-preview:large","max-video-preview":"max-video-preview:-1"},"canonical":"https:\/\/nordialaw.com\/da\/firmaet\/cookies-information\/","og_locale":"da_DK","og_type":"article","og_title":"Oplysninger om cookies - Nordia Law","og_description":"Disse cookieoplysninger forklarer, hvordan vores websted (nordialaw.com) bruger cookies til at genkende dig.","og_url":"https:\/\/nordialaw.com\/da\/firmaet\/cookies-information\/","og_site_name":"Nordia Law","article_modified_time":"2025-10-06T13:15:45+00:00","og_image":[{"width":2560,"height":1696,"url":"https:\/\/nordialaw.com\/wp-content\/uploads\/2022\/02\/AdobeStock_375893262-scaled-e1645547062424.jpeg","type":"image\/jpeg"}],"twitter_card":"summary_large_image","twitter_misc":{"Estimeret l\u00e6setid":"3 minutter"},"schema":{"@context":"https:\/\/schema.org","@graph":[{"@type":"WebPage","@id":"https:\/\/nordialaw.com\/da\/firmaet\/cookies-information\/","url":"https:\/\/nordialaw.com\/da\/firmaet\/cookies-information\/","name":"Oplysninger om cookies - Nordia Law","isPartOf":{"@id":"https:\/\/nordialaw.com\/#website"},"primaryImageOfPage":{"@id":"https:\/\/nordialaw.com\/da\/firmaet\/cookies-information\/#primaryimage"},"image":{"@id":"https:\/\/nordialaw.com\/da\/firmaet\/cookies-information\/#primaryimage"},"thumbnailUrl":"https:\/\/nordialaw.com\/wp-content\/uploads\/2022\/02\/AdobeStock_375893262-scaled-e1645547062424.jpeg","datePublished":"2022-06-09T07:33:41+00:00","dateModified":"2025-10-06T13:15:45+00:00","description":"Disse cookieoplysninger forklarer, hvordan vores websted (nordialaw.com) bruger cookies til at genkende dig.","breadcrumb":{"@id":"https:\/\/nordialaw.com\/da\/firmaet\/cookies-information\/#breadcrumb"},"inLanguage":"da-DK","potentialAction":[{"@type":"ReadAction","target":["https:\/\/nordialaw.com\/da\/firmaet\/cookies-information\/"]}]},{"@type":"ImageObject","inLanguage":"da-DK","@id":"https:\/\/nordialaw.com\/da\/firmaet\/cookies-information\/#primaryimage","url":"https:\/\/nordialaw.com\/wp-content\/uploads\/2022\/02\/AdobeStock_375893262-scaled-e1645547062424.jpeg","contentUrl":"https:\/\/nordialaw.com\/wp-content\/uploads\/2022\/02\/AdobeStock_375893262-scaled-e1645547062424.jpeg","width":2560,"height":1696,"caption":"Blue grungy background or texture"},{"@type":"BreadcrumbList","@id":"https:\/\/nordialaw.com\/da\/firmaet\/cookies-information\/#breadcrumb","itemListElement":[{"@type":"ListItem","position":1,"name":"Home","item":"https:\/\/nordialaw.com\/da\/"},{"@type":"ListItem","position":2,"name":"Firmaet","item":"https:\/\/nordialaw.com\/da\/firmaet\/"},{"@type":"ListItem","position":3,"name":"Oplysninger om cookies"}]},{"@type":"WebSite","@id":"https:\/\/nordialaw.com\/#website","url":"https:\/\/nordialaw.com\/","name":"Nordia Law","description":"","publisher":{"@id":"https:\/\/nordialaw.com\/#organization"},"potentialAction":[{"@type":"SearchAction","target":{"@type":"EntryPoint","urlTemplate":"https:\/\/nordialaw.com\/?s={search_term_string}"},"query-input":{"@type":"PropertyValueSpecification","valueRequired":true,"valueName":"search_term_string"}}],"inLanguage":"da-DK"},{"@type":"Organization","@id":"https:\/\/nordialaw.com\/#organization","name":"Nordia Law","url":"https:\/\/nordialaw.com\/","logo":{"@type":"ImageObject","inLanguage":"da-DK","@id":"https:\/\/nordialaw.com\/#\/schema\/logo\/image\/","url":"https:\/\/nordialaw.com\/wp-content\/uploads\/2021\/09\/Layer-1.svg","contentUrl":"https:\/\/nordialaw.com\/wp-content\/uploads\/2021\/09\/Layer-1.svg","width":197,"height":45,"caption":"Nordia Law"},"image":{"@id":"https:\/\/nordialaw.com\/#\/schema\/logo\/image\/"}}]}},"_links":{"self":[{"href":"https:\/\/nordialaw.com\/da\/wp-json\/wp\/v2\/pages\/11378","targetHints":{"allow":["GET"]}}],"collection":[{"href":"https:\/\/nordialaw.com\/da\/wp-json\/wp\/v2\/pages"}],"about":[{"href":"https:\/\/nordialaw.com\/da\/wp-json\/wp\/v2\/types\/page"}],"author":[{"embeddable":true,"href":"https:\/\/nordialaw.com\/da\/wp-json\/wp\/v2\/users\/8"}],"replies":[{"embeddable":true,"href":"https:\/\/nordialaw.com\/da\/wp-json\/wp\/v2\/comments?post=11378"}],"version-history":[{"count":10,"href":"https:\/\/nordialaw.com\/da\/wp-json\/wp\/v2\/pages\/11378\/revisions"}],"predecessor-version":[{"id":18713,"href":"https:\/\/nordialaw.com\/da\/wp-json\/wp\/v2\/pages\/11378\/revisions\/18713"}],"up":[{"embeddable":true,"href":"https:\/\/nordialaw.com\/da\/wp-json\/wp\/v2\/pages\/6665"}],"wp:featuredmedia":[{"embeddable":true,"href":"https:\/\/nordialaw.com\/da\/wp-json\/wp\/v2\/media\/7345"}],"wp:attachment":[{"href":"https:\/\/nordialaw.com\/da\/wp-json\/wp\/v2\/media?parent=11378"}],"curies":[{"name":"wp","href":"https:\/\/api.w.org\/{rel}","templated":true}]}}