{"id":1355,"date":"2021-10-13T13:09:35","date_gmt":"2021-10-13T18:09:35","guid":{"rendered":"https:\/\/nordialaw.dev.kodeks.no\/people-page\/"},"modified":"2022-03-04T10:13:56","modified_gmt":"2022-03-04T15:13:56","slug":"medarbejdere","status":"publish","type":"page","link":"https:\/\/nordialaw.com\/da\/medarbejdere\/","title":{"rendered":"Medarbejdere"},"content":{"rendered":"<div class=\"title-excerpt\">\n\t        <h1 class=\"title-excerpt__title\">Medarbejdere<\/h1>\n\t\n\t<\/div>\n\n\n<p><\/p>\n\n\n    <section class=\"image-text \">\n        <!--\t--><!-- -->\n        <div class=\"image-text__container grid-container\">\n\t\t\t\n\t\t\t                <div class=\"image-text__content \"><p style=\"text-align: center\">Vores team best\u00e5r af engagerede og l\u00f8sningsorienterede advokater, og tonen hos os er uformel. Tilf\u00f8j stor juridisk ekspertise, erfaring og vilje til at arbejde h\u00e5rdt for jeres sag, s\u00e5 har I kernen i vores kultur<\/p>\n<p>&nbsp;<\/p>\n<\/div>\n\t\t\t        <\/div>\n    <\/section>\n","protected":false},"excerpt":{"rendered":"","protected":false},"author":6,"featured_media":0,"parent":0,"menu_order":0,"comment_status":"closed","ping_status":"closed","template":"templates\/template-people.php","meta":{"_acf_changed":false,"content-type":"","footnotes":""},"class_list":["post-1355","page","type-page","status-publish","hentry"],"acf":[],"yoast_head":"<!-- This site is optimized with the Yoast SEO plugin v27.4 - https:\/\/yoast.com\/product\/yoast-seo-wordpress\/ -->\n<title>Medarbejdere - Nordia Law<\/title>\n<meta name=\"robots\" content=\"index, follow, max-snippet:-1, max-image-preview:large, max-video-preview:-1\" \/>\n<link rel=\"canonical\" href=\"https:\/\/nordialaw.com\/da\/medarbejdere\/\" \/>\n<meta property=\"og:locale\" content=\"da_DK\" \/>\n<meta property=\"og:type\" content=\"article\" \/>\n<meta property=\"og:title\" content=\"Medarbejdere - Nordia Law\" \/>\n<meta property=\"og:url\" content=\"https:\/\/nordialaw.com\/da\/medarbejdere\/\" \/>\n<meta property=\"og:site_name\" content=\"Nordia Law\" \/>\n<meta property=\"article:modified_time\" content=\"2022-03-04T15:13:56+00:00\" \/>\n<meta name=\"twitter:card\" content=\"summary_large_image\" \/>\n<script type=\"application\/ld+json\" class=\"yoast-schema-graph\">{\"@context\":\"https:\\\/\\\/schema.org\",\"@graph\":[{\"@type\":\"WebPage\",\"@id\":\"https:\\\/\\\/nordialaw.com\\\/da\\\/medarbejdere\\\/\",\"url\":\"https:\\\/\\\/nordialaw.com\\\/da\\\/medarbejdere\\\/\",\"name\":\"Medarbejdere - Nordia Law\",\"isPartOf\":{\"@id\":\"https:\\\/\\\/nordialaw.com\\\/#website\"},\"datePublished\":\"2021-10-13T18:09:35+00:00\",\"dateModified\":\"2022-03-04T15:13:56+00:00\",\"breadcrumb\":{\"@id\":\"https:\\\/\\\/nordialaw.com\\\/da\\\/medarbejdere\\\/#breadcrumb\"},\"inLanguage\":\"da-DK\",\"potentialAction\":[{\"@type\":\"ReadAction\",\"target\":[\"https:\\\/\\\/nordialaw.com\\\/da\\\/medarbejdere\\\/\"]}]},{\"@type\":\"BreadcrumbList\",\"@id\":\"https:\\\/\\\/nordialaw.com\\\/da\\\/medarbejdere\\\/#breadcrumb\",\"itemListElement\":[{\"@type\":\"ListItem\",\"position\":1,\"name\":\"Home\",\"item\":\"https:\\\/\\\/nordialaw.com\\\/da\\\/\"},{\"@type\":\"ListItem\",\"position\":2,\"name\":\"Medarbejdere\"}]},{\"@type\":\"WebSite\",\"@id\":\"https:\\\/\\\/nordialaw.com\\\/#website\",\"url\":\"https:\\\/\\\/nordialaw.com\\\/\",\"name\":\"Nordia Law\",\"description\":\"\",\"publisher\":{\"@id\":\"https:\\\/\\\/nordialaw.com\\\/#organization\"},\"potentialAction\":[{\"@type\":\"SearchAction\",\"target\":{\"@type\":\"EntryPoint\",\"urlTemplate\":\"https:\\\/\\\/nordialaw.com\\\/?s={search_term_string}\"},\"query-input\":{\"@type\":\"PropertyValueSpecification\",\"valueRequired\":true,\"valueName\":\"search_term_string\"}}],\"inLanguage\":\"da-DK\"},{\"@type\":\"Organization\",\"@id\":\"https:\\\/\\\/nordialaw.com\\\/#organization\",\"name\":\"Nordia Law\",\"url\":\"https:\\\/\\\/nordialaw.com\\\/\",\"logo\":{\"@type\":\"ImageObject\",\"inLanguage\":\"da-DK\",\"@id\":\"https:\\\/\\\/nordialaw.com\\\/#\\\/schema\\\/logo\\\/image\\\/\",\"url\":\"https:\\\/\\\/nordialaw.com\\\/wp-content\\\/uploads\\\/2021\\\/09\\\/Layer-1.svg\",\"contentUrl\":\"https:\\\/\\\/nordialaw.com\\\/wp-content\\\/uploads\\\/2021\\\/09\\\/Layer-1.svg\",\"width\":197,\"height\":45,\"caption\":\"Nordia Law\"},\"image\":{\"@id\":\"https:\\\/\\\/nordialaw.com\\\/#\\\/schema\\\/logo\\\/image\\\/\"}}]}<\/script>\n<!-- \/ Yoast SEO plugin. -->","yoast_head_json":{"title":"Medarbejdere - Nordia Law","robots":{"index":"index","follow":"follow","max-snippet":"max-snippet:-1","max-image-preview":"max-image-preview:large","max-video-preview":"max-video-preview:-1"},"canonical":"https:\/\/nordialaw.com\/da\/medarbejdere\/","og_locale":"da_DK","og_type":"article","og_title":"Medarbejdere - Nordia Law","og_url":"https:\/\/nordialaw.com\/da\/medarbejdere\/","og_site_name":"Nordia Law","article_modified_time":"2022-03-04T15:13:56+00:00","twitter_card":"summary_large_image","schema":{"@context":"https:\/\/schema.org","@graph":[{"@type":"WebPage","@id":"https:\/\/nordialaw.com\/da\/medarbejdere\/","url":"https:\/\/nordialaw.com\/da\/medarbejdere\/","name":"Medarbejdere - Nordia Law","isPartOf":{"@id":"https:\/\/nordialaw.com\/#website"},"datePublished":"2021-10-13T18:09:35+00:00","dateModified":"2022-03-04T15:13:56+00:00","breadcrumb":{"@id":"https:\/\/nordialaw.com\/da\/medarbejdere\/#breadcrumb"},"inLanguage":"da-DK","potentialAction":[{"@type":"ReadAction","target":["https:\/\/nordialaw.com\/da\/medarbejdere\/"]}]},{"@type":"BreadcrumbList","@id":"https:\/\/nordialaw.com\/da\/medarbejdere\/#breadcrumb","itemListElement":[{"@type":"ListItem","position":1,"name":"Home","item":"https:\/\/nordialaw.com\/da\/"},{"@type":"ListItem","position":2,"name":"Medarbejdere"}]},{"@type":"WebSite","@id":"https:\/\/nordialaw.com\/#website","url":"https:\/\/nordialaw.com\/","name":"Nordia Law","description":"","publisher":{"@id":"https:\/\/nordialaw.com\/#organization"},"potentialAction":[{"@type":"SearchAction","target":{"@type":"EntryPoint","urlTemplate":"https:\/\/nordialaw.com\/?s={search_term_string}"},"query-input":{"@type":"PropertyValueSpecification","valueRequired":true,"valueName":"search_term_string"}}],"inLanguage":"da-DK"},{"@type":"Organization","@id":"https:\/\/nordialaw.com\/#organization","name":"Nordia Law","url":"https:\/\/nordialaw.com\/","logo":{"@type":"ImageObject","inLanguage":"da-DK","@id":"https:\/\/nordialaw.com\/#\/schema\/logo\/image\/","url":"https:\/\/nordialaw.com\/wp-content\/uploads\/2021\/09\/Layer-1.svg","contentUrl":"https:\/\/nordialaw.com\/wp-content\/uploads\/2021\/09\/Layer-1.svg","width":197,"height":45,"caption":"Nordia Law"},"image":{"@id":"https:\/\/nordialaw.com\/#\/schema\/logo\/image\/"}}]}},"_links":{"self":[{"href":"https:\/\/nordialaw.com\/da\/wp-json\/wp\/v2\/pages\/1355","targetHints":{"allow":["GET"]}}],"collection":[{"href":"https:\/\/nordialaw.com\/da\/wp-json\/wp\/v2\/pages"}],"about":[{"href":"https:\/\/nordialaw.com\/da\/wp-json\/wp\/v2\/types\/page"}],"author":[{"embeddable":true,"href":"https:\/\/nordialaw.com\/da\/wp-json\/wp\/v2\/users\/6"}],"replies":[{"embeddable":true,"href":"https:\/\/nordialaw.com\/da\/wp-json\/wp\/v2\/comments?post=1355"}],"version-history":[{"count":7,"href":"https:\/\/nordialaw.com\/da\/wp-json\/wp\/v2\/pages\/1355\/revisions"}],"predecessor-version":[{"id":8340,"href":"https:\/\/nordialaw.com\/da\/wp-json\/wp\/v2\/pages\/1355\/revisions\/8340"}],"wp:attachment":[{"href":"https:\/\/nordialaw.com\/da\/wp-json\/wp\/v2\/media?parent=1355"}],"curies":[{"name":"wp","href":"https:\/\/api.w.org\/{rel}","templated":true}]}}