{"id":11368,"date":"2022-06-09T04:49:57","date_gmt":"2022-06-09T09:49:57","guid":{"rendered":"https:\/\/nordialaw.com\/?page_id=11368"},"modified":"2025-12-09T10:28:46","modified_gmt":"2025-12-09T10:28:46","slug":"privacy-policy","status":"publish","type":"page","link":"https:\/\/nordialaw.com\/fi\/tietoa-meista\/privacy-policy\/","title":{"rendered":"Tietosuojaseloste"},"content":{"rendered":"<div class=\"title-excerpt\">\n\t        <h1 class=\"title-excerpt__title\">Tietosuojaseloste<\/h1>\n\t\n\t<\/div>\n\n    <section class=\"image-text \">\n        <!--\t--><!-- -->\n        <div class=\"image-text__container grid-container\">\n\t\t\t\n\t\t\t                <div class=\"image-text__content \"><p><em>Viimeisin p\u00e4ivitys:<\/em> [2025-08-20]<\/p>\n<h6><strong>1. Johdanto<\/strong><\/h6>\n<p>NORDIA Law:ssa henkil\u00f6kohtainen yksityisyytesi on meille eritt\u00e4in t\u00e4rke\u00e4\u00e4. K\u00e4sittelemme henkil\u00f6tietojasi aina kunnioittavasti ja yleisen tietosuoja-asetuksen (GDPR), muun sovellettavan lains\u00e4\u00e4d\u00e4nn\u00f6n sek\u00e4 juristin ty\u00f6h\u00f6n sovellettavien erityisten ammattis\u00e4\u00e4nt\u00f6jen mukaisesti. T\u00e4m\u00e4n tietosuojaselosteen tarkoituksena on antaa sinulle selke\u00e4 ja l\u00e4pin\u00e4kyv\u00e4 selvitys siit\u00e4, miten ker\u00e4\u00e4mme, k\u00e4yt\u00e4mme, s\u00e4ilyt\u00e4mme ja suojaamme henkil\u00f6tietojasi, sek\u00e4 selitt\u00e4\u00e4 sinulle oikeutesi tietojen kohteena olevana henkil\u00f6n\u00e4.<\/p>\n<h6><strong>2. Rekisterinpit\u00e4j\u00e4<\/strong><\/h6>\n<p>NORDIA Law toimii rekisterinpit\u00e4j\u00e4n\u00e4 ja vastaa henkil\u00f6tietojen k\u00e4sittelyst\u00e4 toimintamme puitteissa. Voit aina ottaa meihin yhteytt\u00e4, jos sinulla on kysytt\u00e4v\u00e4\u00e4 henkil\u00f6tietojesi k\u00e4sittelyst\u00e4. Yhteystietomme ovat alla.<\/p>\n<h6><strong>3. Miten ja mit\u00e4 henkil\u00f6tietoja k\u00e4sittelemme<\/strong><\/h6>\n<p>K\u00e4sittelem\u00e4mme henkil\u00f6tiedot riippuvat suhteestasi meihin. Jos olet asiakas, voimme k\u00e4sitell\u00e4 tietoja, kuten nimesi, henkil\u00f6tunnuksesi, osoitteesi, yhteystietosi, taloudelliset tietosi ja muut tiedot, jotka ovat tarpeen teht\u00e4v\u00e4mme suorittamiseksi. T\u00e4h\u00e4n voi sis\u00e4lty\u00e4 arkaluonteisia henkil\u00f6tietoja, joita tarvitaan sinun etujesi turvaamiseksi tai lakis\u00e4\u00e4teisten velvoitteidemme noudattamiseksi. Jos olet vastapuoli, todistaja, liikekumppani tai viranomaisen edustaja, voimme k\u00e4sitell\u00e4 vastaavia tietoja siin\u00e4 laajuudessa kuin se on tarpeen palveluidemme suorittamiseksi tai lakis\u00e4\u00e4teisten vaatimusten noudattamiseksi.<\/p>\n<p>Ker\u00e4\u00e4mme henkil\u00f6tietoja p\u00e4\u00e4asiassa suoraan sinulta, mutta voimme hankkia lis\u00e4tietoja my\u00f6s julkisista rekistereist\u00e4, viranomaisilta, pankeilta, vakuutusyhti\u00f6ilt\u00e4, luottotietoyhti\u00f6ilt\u00e4, vastapuolilta ja muilta asiaankuuluvilta kolmansilta osapuolilta. Kun vierailet verkkosivustollamme, voimme my\u00f6s k\u00e4sitell\u00e4 teknisi\u00e4 tietoja, kuten IP-osoitteita ja ev\u00e4stetietoja.<\/p>\n<h6><strong>4. Tarkoitukset ja oikeusperusteet\u00a0 \u00a0 \u00a0 \u00a0 \u00a0 \u00a0 \u00a0 \u00a0 \u00a0 \u00a0 \u00a0 \u00a0 \u00a0 \u00a0 \u00a0 \u00a0 \u00a0 \u00a0 \u00a0 \u00a0 \u00a0 \u00a0 \u00a0 \u00a0<\/strong><\/h6>\n<p>Kaikki henkil\u00f6tietojen k\u00e4sittely tapahtuu tiettyj\u00e4 ja nimenomaisesti mainittuja tarkoituksia varten. Ensisijainen tarkoitus on suorittaa ja hallinnoida asiakastoimeksiantoja sek\u00e4 antaa oikeudellista neuvontaa kanssasi tehtyjen sopimusten mukaisesti. T\u00e4llainen k\u00e4sittely perustuu sopimukseen tai oikeutettuun etuun. Tietyiss\u00e4 tapauksissa meill\u00e4 on lakis\u00e4\u00e4teinen velvollisuus k\u00e4sitell\u00e4 henkil\u00f6tietojasi, esimerkiksi eturistiriitojen tarkastamiseksi, rahanpesulains\u00e4\u00e4d\u00e4nn\u00f6n noudattamiseksi, kirjanpitovelvoitteiden t\u00e4ytt\u00e4miseksi tai muiden pakollisten lakis\u00e4\u00e4teisten vaatimusten noudattamiseksi. Lis\u00e4ksi henkil\u00f6tietojen k\u00e4sittely ja s\u00e4ilytt\u00e4minen on tarpeen asiakassuhteiden hallinnoimiseksi. Henkil\u00f6tietoja voidaan k\u00e4ytt\u00e4\u00e4 my\u00f6s liiketoimintamme kehitt\u00e4miseen sek\u00e4 arviointiin markkina- ja riskianalyysien avulla tai alumnitoiminnan ja muun toimintamme viestinn\u00e4n j\u00e4rjest\u00e4miseen. T\u00e4llainen k\u00e4sittely perustuu oikeutettuun etuun, eik\u00e4 sit\u00e4 koskaan suoriteta tarpeettomasti.<\/p>\n<p>Poikkeustapauksissa voimme pyyt\u00e4\u00e4 suostumustasi tietyntyyppiseen k\u00e4sittelyyn, esimerkiksi markkinointitoimintaan tai arkaluonteisten henkil\u00f6tietojen erityiseen k\u00e4sittelyyn liittyen. Suostumus on aina vapaaehtoinen ja sen voi peruuttaa milloin tahansa.<\/p>\n<h6><strong>5. Tietojen s\u00e4ilytt\u00e4minen ja poistaminen<\/strong><\/h6>\n<p>Emme koskaan s\u00e4ilyt\u00e4 henkil\u00f6tietojasi pidemp\u00e4\u00e4n kuin on tarpeen. Asiakastoimeksiantojen osalta Suomen Asianajajaliiton s\u00e4\u00e4nn\u00f6t edellytt\u00e4v\u00e4t, ett\u00e4 s\u00e4ilyt\u00e4mme tietoja v\u00e4hint\u00e4\u00e4n kymmenen vuotta asian k\u00e4sittelyn p\u00e4\u00e4ttymisen j\u00e4lkeen tai pidemp\u00e4\u00e4n, jos toimeksiannon luonne sit\u00e4 vaatii. Kirjanpitoaineistoja s\u00e4ilytet\u00e4\u00e4n lain mukaan kymmenen vuotta, ja rahanpesun torjuntaa koskevan lains\u00e4\u00e4d\u00e4nn\u00f6n noudattamiseksi k\u00e4siteltyj\u00e4 tietoja viisi vuotta. Tiedot, joita ei en\u00e4\u00e4 tarvita n\u00e4ihin tai muihin selke\u00e4sti m\u00e4\u00e4riteltyihin tarkoituksiin, poistetaan, anonymisoidaan tai h\u00e4vitet\u00e4\u00e4n muulla tavalla.<\/p>\n<h6><strong>6. Henkil\u00f6tietojen luovuttaminen<\/strong><\/h6>\n<p>Luovutamme henkil\u00f6tietoja vain, kun se on tarpeen asiakkaan etujen turvaamiseksi tai lakis\u00e4\u00e4teisten velvoitteiden noudattamiseksi. T\u00e4m\u00e4 voi tarkoittaa tietojen luovuttamista kolmansille osapuolille, kuten tuomioistuimille, viranomaisille, pankeille, vakuutusyhti\u00f6ille, liikekumppaneille tai IT-palveluntarjoajille. Kun k\u00e4yt\u00e4mme palveluntarjoajia, jotka k\u00e4sittelev\u00e4t henkil\u00f6tietoja puolestamme, solmimme aina tietojenk\u00e4sittelysopimukset varmistaaksemme tietojen turvallisen ja lainmukaisen k\u00e4sittelyn.<\/p>\n<p>Pyrimme varmistamaan, ett\u00e4 kaikki henkil\u00f6tietojen k\u00e4sittely tapahtuu EU:n\/ETA:n alueella. Jos henkil\u00f6tietoja on siirrett\u00e4v\u00e4 EU:n\/ETA:n ulkopuolelle, siirto tapahtuu vain, jos vastaanottava maa varmistaa riitt\u00e4v\u00e4n suojan tason tai jos olemme toteuttaneet asianmukaiset suojatoimet, kuten Euroopan komission vakiolausekkeet.<\/p>\n<p>NORDIA Law harjoittaa liiketoimintaansa useiden toimistojen kautta Suomessa ja ulkomailla, ja henkil\u00f6tietoja voidaan jakaa n\u00e4iden toimistojen v\u00e4lill\u00e4.<\/p>\n<h6><strong>7. Turvallisuus ja luottamuksellisuus<\/strong><\/h6>\n<p>Ty\u00f6skentelemme j\u00e4rjestelm\u00e4llisesti suojellaksemme henkil\u00f6tietojasi luvattomalta k\u00e4yt\u00f6lt\u00e4, katoamiselta, v\u00e4\u00e4rink\u00e4yt\u00f6lt\u00e4 tai laittomalta paljastamiselta. P\u00e4\u00e4sy henkil\u00f6tietoihin on rajoitettu organisaatiomme valtuutetuille henkil\u00f6ille, jotka tarvitsevat p\u00e4\u00e4syn suorittaakseen teht\u00e4v\u00e4ns\u00e4, ja kaikki ty\u00f6ntekij\u00e4t ovat tiukkojen salassapitovelvoitteiden alaisia. Asianajotoimistona olemme my\u00f6s lakis\u00e4\u00e4teisen ammattisalaisuuden ja Suomen Asianajajaliiton eettisten s\u00e4\u00e4nt\u00f6jen alaisia, jotka asettavat meille tiukempia velvoitteita suojata asiakkaisiimme liittyvi\u00e4 tietoja.<\/p>\n<h6><strong>8. Muutokset tietosuojaselosteeseen<\/strong><\/h6>\n<p>Voimme p\u00e4ivitt\u00e4\u00e4 t\u00e4t\u00e4 tietosuojaselostetta vastaamaan muutoksia liiketoiminnassamme, sovellettavassa lains\u00e4\u00e4d\u00e4nn\u00f6ss\u00e4 tai s\u00e4\u00e4ntelyvaatimuksissa. Uusin versio on aina saatavilla verkkosivustollamme Nordialaw.com.<\/p>\n<h6><strong>9. Oikeutesi<\/strong><\/h6>\n<p>Rekister\u00f6ityn\u00e4 sinulla on useita oikeuksia GDPR:n nojalla. Sinulla on oikeus saada tietoja sinua koskevista henkil\u00f6tietoista, joita k\u00e4sittelemme, sek\u00e4 pyyt\u00e4\u00e4 virheellisten tietojen oikaisua, tarpeettomien tietojen poistamista ja k\u00e4sittelyn rajoittamista tietyiss\u00e4 olosuhteissa. Sinulla on my\u00f6s oikeus vastustaa oikeutetun edun perusteella teht\u00e4v\u00e4\u00e4 k\u00e4sittely\u00e4, oikeus siirt\u00e4\u00e4 tietosi j\u00e4rjestelm\u00e4st\u00e4 toiseen ja oikeus peruuttaa suostumuksesi milloin tahansa.<\/p>\n<p>Haluamme erityisesti korostaa, ett\u00e4 sinulla on oikeus tehd\u00e4 valitus valvontaviranomaiselle maassa, jossa NORDIA Law toimii, jos katsot, ett\u00e4 henkil\u00f6tietojesi k\u00e4sittely ei ole sovellettavan tietosuojalains\u00e4\u00e4d\u00e4nn\u00f6n mukaista. Lis\u00e4tietoja on alla:<\/p>\n<p><strong>Routsi<\/strong><br \/>\nIntegritetsskyddsmyndigheten:\u00a0<a href=\"https:\/\/www.imy.se\/\">www.imy.se<\/a><\/p>\n<p><strong>Tanska<\/strong><br \/>\nDatatilsynet:\u00a0<a href=\"https:\/\/www.datatilsynet.dk\/\">www.datatilsynet.dk<\/a><\/p>\n<p><strong>Norja<\/strong><br \/>\nDatatilsynet:\u00a0<a href=\"https:\/\/www.datatilsynet.no\/\">www.datatilsynet.no<\/a><\/p>\n<p><strong>Suomi<\/strong><br \/>\nTietosuojavaltuutetun toimisto:\u00a0<a href=\"https:\/\/tietosuoja.fi\/etusivu\">www.tietosuoja.fi<\/a><\/p>\n<p>Jos haluatte esitt\u00e4\u00e4 kysymyksi\u00e4 henkil\u00f6tietojenne k\u00e4sittelyst\u00e4, ottakaa rohkeasti yhteytt\u00e4 toimistoihimme. Kaikki alla luetellut toimistot toimivat teit\u00e4 koskevien henkil\u00f6tietojen rekisterinpit\u00e4jin\u00e4, kun ne k\u00e4sittelev\u00e4t henkil\u00f6tietojanne:<\/p>\n<p><strong>HELSINKI<\/strong><br \/>\nAsianajotoimisto Nordia Oy<br \/>\nEtel\u00e4esplanadi 22 A (7. krs), 00130 Helsinki, Suomi<br \/>\nPuh:\u00a0<a href=\"tel:+358942505000\">+358 9 4250 5000<\/a>, s\u00e4hk\u00f6posti:\u00a0<a href=\"mailto:helsinki@nordialaw.com\">helsinki@nordialaw.com<\/a><\/p>\n<p><strong>TUKHOLMA<\/strong><br \/>\nAdvokatfirman NORDIA<br \/>\nBox 856, 101 37 Tukholma, Ruotsi<br \/>\nPuh:\u00a0<a href=\"tel:+46856308100\">+46 8 563 08 100<\/a>, s\u00e4hk\u00f6posti:\u00a0<a href=\"mailto:stockholm@nordialaw.com\">stockholm@nordialaw.com<\/a><\/p>\n<p><strong>G\u00d6TEBORG<\/strong><br \/>\nAdvokatfirman NORDIA G\u00f6teborg<br \/>\nKungsportsavenyen 1, 411 36 G\u00f6teborg, Ruotsi<br \/>\nPuh:\u00a0<a href=\"tel:+46317783500\">+46 31 778 35 00<\/a>, s\u00e4hk\u00f6posti:\u00a0<a href=\"mailto:gbg@nordialaw.com\">gbg@nordialaw.com<\/a><\/p>\n<p><strong>K\u00d6\u00d6PENHAMINA<\/strong><br \/>\nNORDIA Advokatfirma<br \/>\n\u00d8stergade 16, 1100 K\u00f8benhavn K, Tanska<br \/>\nPuh:\u00a0<a href=\"https:\/\/nordialaw.com\/sv\/om-oss\/privacy-policy\/+4570201810\">+45 70 20 18 10<\/a>, s\u00e4hk\u00f6posti:\u00a0<a href=\"mailto:copenhagen@nordialaw.com\">copenhagen@nordialaw.com<\/a><\/p>\n<p><strong>OSLO<\/strong><br \/>\nNORDIA Law Advokatfirma AS<br \/>\nDronning Eufemias gate 8, 0191 Oslo, Norja<br \/>\nPuh:\u00a0<a href=\"tel:+4722421020\">+47 224 21 020<\/a>,\u00a0s\u00e4hk\u00f6posti:\u00a0<a href=\"mailto:oslo@nordialaw.com\">oslo@nordialaw.com<\/a><\/p>\n<\/div>\n\t\t\t        <\/div>\n    <\/section>\n","protected":false},"excerpt":{"rendered":"","protected":false},"author":8,"featured_media":7346,"parent":869,"menu_order":0,"comment_status":"closed","ping_status":"open","template":"","meta":{"_acf_changed":false,"content-type":"","footnotes":""},"class_list":["post-11368","page","type-page","status-publish","has-post-thumbnail","hentry"],"acf":[],"yoast_head":"<!-- This site is optimized with the Yoast SEO plugin v27.2 - https:\/\/yoast.com\/product\/yoast-seo-wordpress\/ -->\n<title>Tietosuojaseloste - Nordia Law<\/title>\n<meta name=\"description\" content=\"How we process your personal data? Read more about our privacy policy.\" \/>\n<meta name=\"robots\" content=\"index, follow, max-snippet:-1, max-image-preview:large, max-video-preview:-1\" \/>\n<link rel=\"canonical\" href=\"https:\/\/nordialaw.com\/fi\/tietoa-meista\/privacy-policy\/\" \/>\n<meta property=\"og:locale\" content=\"fi_FI\" \/>\n<meta property=\"og:type\" content=\"article\" \/>\n<meta property=\"og:title\" content=\"Tietosuojaseloste - Nordia Law\" \/>\n<meta property=\"og:description\" content=\"How we process your personal data? Read more about our privacy policy.\" \/>\n<meta property=\"og:url\" content=\"https:\/\/nordialaw.com\/fi\/tietoa-meista\/privacy-policy\/\" \/>\n<meta property=\"og:site_name\" content=\"Nordia Law\" \/>\n<meta property=\"article:modified_time\" content=\"2025-12-09T10:28:46+00:00\" \/>\n<meta property=\"og:image\" content=\"https:\/\/nordialaw.com\/wp-content\/uploads\/2022\/02\/AdobeStock_375893262-scaled-e1645547062424.jpeg\" \/>\n\t<meta property=\"og:image:width\" content=\"2560\" \/>\n\t<meta property=\"og:image:height\" content=\"1696\" \/>\n\t<meta property=\"og:image:type\" content=\"image\/jpeg\" \/>\n<meta name=\"twitter:card\" content=\"summary_large_image\" \/>\n<meta name=\"twitter:label1\" content=\"Arvioitu lukuaika\" \/>\n\t<meta name=\"twitter:data1\" content=\"4 minuuttia\" \/>\n<script type=\"application\/ld+json\" class=\"yoast-schema-graph\">{\"@context\":\"https:\/\/schema.org\",\"@graph\":[{\"@type\":\"WebPage\",\"@id\":\"https:\/\/nordialaw.com\/fi\/tietoa-meista\/privacy-policy\/\",\"url\":\"https:\/\/nordialaw.com\/fi\/tietoa-meista\/privacy-policy\/\",\"name\":\"Tietosuojaseloste - Nordia Law\",\"isPartOf\":{\"@id\":\"https:\/\/nordialaw.com\/#website\"},\"primaryImageOfPage\":{\"@id\":\"https:\/\/nordialaw.com\/fi\/tietoa-meista\/privacy-policy\/#primaryimage\"},\"image\":{\"@id\":\"https:\/\/nordialaw.com\/fi\/tietoa-meista\/privacy-policy\/#primaryimage\"},\"thumbnailUrl\":\"https:\/\/nordialaw.com\/wp-content\/uploads\/2022\/02\/AdobeStock_375893262-scaled-e1645547062424.jpeg\",\"datePublished\":\"2022-06-09T09:49:57+00:00\",\"dateModified\":\"2025-12-09T10:28:46+00:00\",\"description\":\"How we process your personal data? Read more about our privacy policy.\",\"breadcrumb\":{\"@id\":\"https:\/\/nordialaw.com\/fi\/tietoa-meista\/privacy-policy\/#breadcrumb\"},\"inLanguage\":\"fi\",\"potentialAction\":[{\"@type\":\"ReadAction\",\"target\":[\"https:\/\/nordialaw.com\/fi\/tietoa-meista\/privacy-policy\/\"]}]},{\"@type\":\"ImageObject\",\"inLanguage\":\"fi\",\"@id\":\"https:\/\/nordialaw.com\/fi\/tietoa-meista\/privacy-policy\/#primaryimage\",\"url\":\"https:\/\/nordialaw.com\/wp-content\/uploads\/2022\/02\/AdobeStock_375893262-scaled-e1645547062424.jpeg\",\"contentUrl\":\"https:\/\/nordialaw.com\/wp-content\/uploads\/2022\/02\/AdobeStock_375893262-scaled-e1645547062424.jpeg\",\"width\":2560,\"height\":1696,\"caption\":\"Blue grungy background or texture\"},{\"@type\":\"BreadcrumbList\",\"@id\":\"https:\/\/nordialaw.com\/fi\/tietoa-meista\/privacy-policy\/#breadcrumb\",\"itemListElement\":[{\"@type\":\"ListItem\",\"position\":1,\"name\":\"Home\",\"item\":\"https:\/\/nordialaw.com\/fi\/\"},{\"@type\":\"ListItem\",\"position\":2,\"name\":\"Tietoa meist\u00e4\",\"item\":\"https:\/\/nordialaw.com\/about-us\/\"},{\"@type\":\"ListItem\",\"position\":3,\"name\":\"Tietosuojaseloste\"}]},{\"@type\":\"WebSite\",\"@id\":\"https:\/\/nordialaw.com\/#website\",\"url\":\"https:\/\/nordialaw.com\/\",\"name\":\"Nordia Law\",\"description\":\"\",\"publisher\":{\"@id\":\"https:\/\/nordialaw.com\/#organization\"},\"potentialAction\":[{\"@type\":\"SearchAction\",\"target\":{\"@type\":\"EntryPoint\",\"urlTemplate\":\"https:\/\/nordialaw.com\/?s={search_term_string}\"},\"query-input\":{\"@type\":\"PropertyValueSpecification\",\"valueRequired\":true,\"valueName\":\"search_term_string\"}}],\"inLanguage\":\"fi\"},{\"@type\":\"Organization\",\"@id\":\"https:\/\/nordialaw.com\/#organization\",\"name\":\"Nordia Law\",\"url\":\"https:\/\/nordialaw.com\/\",\"logo\":{\"@type\":\"ImageObject\",\"inLanguage\":\"fi\",\"@id\":\"https:\/\/nordialaw.com\/#\/schema\/logo\/image\/\",\"url\":\"https:\/\/nordialaw.com\/wp-content\/uploads\/2021\/09\/Layer-1.svg\",\"contentUrl\":\"https:\/\/nordialaw.com\/wp-content\/uploads\/2021\/09\/Layer-1.svg\",\"width\":197,\"height\":45,\"caption\":\"Nordia Law\"},\"image\":{\"@id\":\"https:\/\/nordialaw.com\/#\/schema\/logo\/image\/\"}}]}<\/script>\n<!-- \/ Yoast SEO plugin. -->","yoast_head_json":{"title":"Tietosuojaseloste - Nordia Law","description":"How we process your personal data? Read more about our privacy policy.","robots":{"index":"index","follow":"follow","max-snippet":"max-snippet:-1","max-image-preview":"max-image-preview:large","max-video-preview":"max-video-preview:-1"},"canonical":"https:\/\/nordialaw.com\/fi\/tietoa-meista\/privacy-policy\/","og_locale":"fi_FI","og_type":"article","og_title":"Tietosuojaseloste - Nordia Law","og_description":"How we process your personal data? Read more about our privacy policy.","og_url":"https:\/\/nordialaw.com\/fi\/tietoa-meista\/privacy-policy\/","og_site_name":"Nordia Law","article_modified_time":"2025-12-09T10:28:46+00:00","og_image":[{"width":2560,"height":1696,"url":"https:\/\/nordialaw.com\/wp-content\/uploads\/2022\/02\/AdobeStock_375893262-scaled-e1645547062424.jpeg","type":"image\/jpeg"}],"twitter_card":"summary_large_image","twitter_misc":{"Arvioitu lukuaika":"4 minuuttia"},"schema":{"@context":"https:\/\/schema.org","@graph":[{"@type":"WebPage","@id":"https:\/\/nordialaw.com\/fi\/tietoa-meista\/privacy-policy\/","url":"https:\/\/nordialaw.com\/fi\/tietoa-meista\/privacy-policy\/","name":"Tietosuojaseloste - Nordia Law","isPartOf":{"@id":"https:\/\/nordialaw.com\/#website"},"primaryImageOfPage":{"@id":"https:\/\/nordialaw.com\/fi\/tietoa-meista\/privacy-policy\/#primaryimage"},"image":{"@id":"https:\/\/nordialaw.com\/fi\/tietoa-meista\/privacy-policy\/#primaryimage"},"thumbnailUrl":"https:\/\/nordialaw.com\/wp-content\/uploads\/2022\/02\/AdobeStock_375893262-scaled-e1645547062424.jpeg","datePublished":"2022-06-09T09:49:57+00:00","dateModified":"2025-12-09T10:28:46+00:00","description":"How we process your personal data? Read more about our privacy policy.","breadcrumb":{"@id":"https:\/\/nordialaw.com\/fi\/tietoa-meista\/privacy-policy\/#breadcrumb"},"inLanguage":"fi","potentialAction":[{"@type":"ReadAction","target":["https:\/\/nordialaw.com\/fi\/tietoa-meista\/privacy-policy\/"]}]},{"@type":"ImageObject","inLanguage":"fi","@id":"https:\/\/nordialaw.com\/fi\/tietoa-meista\/privacy-policy\/#primaryimage","url":"https:\/\/nordialaw.com\/wp-content\/uploads\/2022\/02\/AdobeStock_375893262-scaled-e1645547062424.jpeg","contentUrl":"https:\/\/nordialaw.com\/wp-content\/uploads\/2022\/02\/AdobeStock_375893262-scaled-e1645547062424.jpeg","width":2560,"height":1696,"caption":"Blue grungy background or texture"},{"@type":"BreadcrumbList","@id":"https:\/\/nordialaw.com\/fi\/tietoa-meista\/privacy-policy\/#breadcrumb","itemListElement":[{"@type":"ListItem","position":1,"name":"Home","item":"https:\/\/nordialaw.com\/fi\/"},{"@type":"ListItem","position":2,"name":"Tietoa meist\u00e4","item":"https:\/\/nordialaw.com\/about-us\/"},{"@type":"ListItem","position":3,"name":"Tietosuojaseloste"}]},{"@type":"WebSite","@id":"https:\/\/nordialaw.com\/#website","url":"https:\/\/nordialaw.com\/","name":"Nordia Law","description":"","publisher":{"@id":"https:\/\/nordialaw.com\/#organization"},"potentialAction":[{"@type":"SearchAction","target":{"@type":"EntryPoint","urlTemplate":"https:\/\/nordialaw.com\/?s={search_term_string}"},"query-input":{"@type":"PropertyValueSpecification","valueRequired":true,"valueName":"search_term_string"}}],"inLanguage":"fi"},{"@type":"Organization","@id":"https:\/\/nordialaw.com\/#organization","name":"Nordia Law","url":"https:\/\/nordialaw.com\/","logo":{"@type":"ImageObject","inLanguage":"fi","@id":"https:\/\/nordialaw.com\/#\/schema\/logo\/image\/","url":"https:\/\/nordialaw.com\/wp-content\/uploads\/2021\/09\/Layer-1.svg","contentUrl":"https:\/\/nordialaw.com\/wp-content\/uploads\/2021\/09\/Layer-1.svg","width":197,"height":45,"caption":"Nordia Law"},"image":{"@id":"https:\/\/nordialaw.com\/#\/schema\/logo\/image\/"}}]}},"_links":{"self":[{"href":"https:\/\/nordialaw.com\/fi\/wp-json\/wp\/v2\/pages\/11368","targetHints":{"allow":["GET"]}}],"collection":[{"href":"https:\/\/nordialaw.com\/fi\/wp-json\/wp\/v2\/pages"}],"about":[{"href":"https:\/\/nordialaw.com\/fi\/wp-json\/wp\/v2\/types\/page"}],"author":[{"embeddable":true,"href":"https:\/\/nordialaw.com\/fi\/wp-json\/wp\/v2\/users\/8"}],"replies":[{"embeddable":true,"href":"https:\/\/nordialaw.com\/fi\/wp-json\/wp\/v2\/comments?post=11368"}],"version-history":[{"count":7,"href":"https:\/\/nordialaw.com\/fi\/wp-json\/wp\/v2\/pages\/11368\/revisions"}],"predecessor-version":[{"id":19169,"href":"https:\/\/nordialaw.com\/fi\/wp-json\/wp\/v2\/pages\/11368\/revisions\/19169"}],"up":[{"embeddable":true,"href":"https:\/\/nordialaw.com\/fi\/wp-json\/wp\/v2\/pages\/869"}],"wp:featuredmedia":[{"embeddable":true,"href":"https:\/\/nordialaw.com\/fi\/wp-json\/wp\/v2\/media\/7346"}],"wp:attachment":[{"href":"https:\/\/nordialaw.com\/fi\/wp-json\/wp\/v2\/media?parent=11368"}],"curies":[{"name":"wp","href":"https:\/\/api.w.org\/{rel}","templated":true}]}}