{"id":11376,"date":"2022-06-09T02:33:41","date_gmt":"2022-06-09T07:33:41","guid":{"rendered":"https:\/\/nordialaw.com\/?page_id=11376"},"modified":"2025-10-06T13:12:44","modified_gmt":"2025-10-06T13:12:44","slug":"cookies-information","status":"publish","type":"page","link":"https:\/\/nordialaw.com\/fi\/tietoa-meista\/cookies-information\/","title":{"rendered":"Tietoa sivustollamme k\u00e4ytetyist\u00e4 ev\u00e4steist\u00e4"},"content":{"rendered":"<div class=\"title-excerpt\">\n\t        <h1 class=\"title-excerpt__title\">Tietoa ev\u00e4steist\u00e4<\/h1>\n\t\n\t<\/div>\n\n\n\n    <section class=\"image-text \">\n        <!--\t--><!-- -->\n        <div class=\"image-text__container grid-container\">\n\t\t\t\n\t\t\t                <div class=\"image-text__content \"><p>T\u00e4ll\u00e4 sivulla kerromme, miten verkkosivustomme (nordialaw.com) k\u00e4ytt\u00e4\u00e4 ev\u00e4steit\u00e4 tunnistamaan sinut, kun vierailet verkkosivustollamme. Kerromme, mit\u00e4 ev\u00e4steet ovat ja miksi k\u00e4yt\u00e4mme niit\u00e4, sek\u00e4 oikeuksistasi valvoa ev\u00e4steiden k\u00e4ytt\u00f6\u00e4 verkkosivustollamme.<\/p>\n<p>Ev\u00e4steet ovat pieni\u00e4 tekstitiedostoja, joita vierailemasi verkkosivustot sijoittavat tietokoneellesi. Ev\u00e4steit\u00e4 k\u00e4ytet\u00e4\u00e4n laajalti, jotta verkkosivustot toimisivat tai toimisivat tehokkaammin, sek\u00e4 antamaan erilaisia tietoja verkkosivuston omistajille. Ev\u00e4steiden k\u00e4ytt\u00f6 on tavallista useimmilla verkkosivustoilla.<\/p>\n<h1>Millaisia ev\u00e4steit\u00e4 k\u00e4yt\u00e4mme?<\/h1>\n<p>K\u00e4yt\u00e4mme ev\u00e4steit\u00e4 moneen tarkoitukseen. Jotkin ev\u00e4steet (v\u00e4ltt\u00e4m\u00e4tt\u00f6m\u00e4t ev\u00e4steet) ovat v\u00e4ltt\u00e4m\u00e4tt\u00f6mi\u00e4, jotta verkkosivustomme toimisi oikein. Muiden ev\u00e4steiden avulla voimme seurata mm. verkkosivuston k\u00e4ytt\u00e4jien kiinnostuksen kohteita. Seuraamme esimerkiksi vierailtuja sivuja, jotta tied\u00e4mme mik\u00e4 osa verkkosivustostamme on suosituin tai k\u00e4ytetyin. Kolmansien osapuolten ev\u00e4steit\u00e4 k\u00e4ytett\u00e4\u00e4n mm. markkinointia ja analytiikkaa varten.<\/p>\n<p><strong><em>V\u00e4ltt\u00e4m\u00e4tt\u00f6m\u00e4t ev\u00e4steet:<\/em><\/strong> N\u00e4m\u00e4 ev\u00e4steet ovat v\u00e4ltt\u00e4m\u00e4tt\u00f6mi\u00e4, jotta voimme tarjota sinulle verkkosivustojemme kautta saatavilla olevia palveluja.<\/p>\n<p>Cookietest: Modernizerin Cookietest tarkistaa, voiko selain k\u00e4ytt\u00e4\u00e4 sivustollamme k\u00e4ytetty\u00e4 Foundation-kehyst\u00e4.<\/p>\n<p>wordpress_test_cookie testaa, ett\u00e4 selain hyv\u00e4ksyy ev\u00e4steet. <a href=\"https:\/\/cookiedatabase.org\/cookie\/wordpress\/wordpress_test_cookie\/\">Lue lis\u00e4\u00e4.<\/a><\/p>\n<p>wp-wpmlcurrentlanguage n\u00e4ytt\u00e4\u00e4 liit\u00e4nn\u00e4isen avulla oikean kielen. <a href=\"https:\/\/wpml.org\/documentation\/support\/browser-cookies-stored-wpml\/\">Lue lis\u00e4\u00e4.<\/a><\/p>\n<p>__hs_opt_out muistaa k\u00e4ytt\u00e4j\u00e4n valinnan, jotta k\u00e4ytt\u00e4j\u00e4\u00e4 ei pyydet\u00e4 hyv\u00e4ksym\u00e4\u00e4n ev\u00e4steit\u00e4 uudelleen. T\u00e4m\u00e4 ev\u00e4ste asetetaan, kun kielt\u00e4ydyt ev\u00e4steiden k\u00e4yt\u00f6st\u00e4. Se sis\u00e4lt\u00e4\u00e4 merkkijonon &#8221;kyll\u00e4&#8221; tai &#8221;ei&#8221;. Se vanhenee 6 kuukauden kuluttua.<\/p>\n<p>__hs_do_not_track est\u00e4\u00e4 seurantakoodin l\u00e4hett\u00e4misen HubSpotille. Se sis\u00e4lt\u00e4\u00e4 merkkijonon &#8221;kyll\u00e4&#8221;. Se vanhenee 6 kuukauden kuluttua.<\/p>\n<p>__hs_initial_opt_in k\u00e4ytet\u00e4\u00e4n est\u00e4m\u00e4\u00e4n bannerin n\u00e4ytt\u00e4minen aina, kun k\u00e4vij\u00e4t selaavat sivustoa strict modessa. Se sis\u00e4lt\u00e4\u00e4 merkkijonon &#8221;kyll\u00e4&#8221; tai &#8221;ei&#8221;. Se vanhenee 7 p\u00e4iv\u00e4n kuluttua.<\/p>\n<p>__hs_cookie_cat_pref k\u00e4ytet\u00e4\u00e4n tallentamaan k\u00e4vij\u00e4n hyv\u00e4ksym\u00e4t ev\u00e4stekategoriat. Se sis\u00e4lt\u00e4\u00e4 tiedot hyv\u00e4ksytyist\u00e4 kategorioista. Se vanhenee 6 kuukauden kuluttua. <a href=\"https:\/\/knowledge.hubspot.com\/privacy-and-consent\/what-cookies-does-hubspot-set-in-a-visitor-s-browser\">Lue lis\u00e4\u00e4 n\u00e4ist\u00e4 HubSpotin asettamista ev\u00e4steist\u00e4.<\/a><\/p>\n<p>Kielivalinta (Paikallistallennus).\u00a0K\u00e4yt\u00e4mme paikallistallennusta muistaaksemme valitsemasi kielen. N\u00e4in voimme ohjata sinut tulevilla vierailuillasi automaattisesti verkkosivustomme oikealle kieliversiolle. Tallennetut tiedot eiv\u00e4t sis\u00e4ll\u00e4 henkil\u00f6tietoja, niit\u00e4 ei k\u00e4ytet\u00e4 seurantaan eik\u00e4 niit\u00e4 jaeta kolmansille osapuolille. Niit\u00e4 k\u00e4ytet\u00e4\u00e4n yksinomaan k\u00e4ytt\u00f6kokemuksesi parantamiseen varmistamalla kieliasetusten yhdenmukaisuus. T\u00e4m\u00e4 paikallistallennus on v\u00e4ltt\u00e4m\u00e4t\u00f6n verkkosivuston kielitoiminnon tarjoamiseksi ja siksi sit\u00e4 pidet\u00e4\u00e4n ehdottoman v\u00e4ltt\u00e4m\u00e4tt\u00f6m\u00e4n\u00e4.<\/p>\n<div class=\"uc-embed\" uc-embed-type=\"category-only\"><\/div>\n<div class=\"uc-embed\"><\/div>\n<p>&nbsp;<\/p>\n<h1>Ev\u00e4steiden hallinta<\/h1>\n<p>Voit hallita ja valvoa ev\u00e4steit\u00e4 ev\u00e4steasetusten kautta. Ev\u00e4steasetusten banneri sijaitsee verkkosivuston alareunassa. K\u00e4ytett\u00e4v\u00e4t ev\u00e4steet on luokiteltu edell\u00e4 mainittuihin kategorioihin. Voit lukea kustakin k\u00e4ytetyst\u00e4 ev\u00e4steest\u00e4 ja valita, mit\u00e4 ev\u00e4steit\u00e4 sallit meid\u00e4n k\u00e4ytt\u00e4v\u00e4n. Voit sallia kaikki ev\u00e4steet tai kielt\u00e4\u00e4 joidenkin ev\u00e4steiden k\u00e4yt\u00f6n mieltymystesi mukaan.<\/p>\n<p>Voit my\u00f6s hallita ja valvoa ev\u00e4steit\u00e4 selaimesi kautta, mukaan lukien niiden poistaminen selaimen historiasta (v\u00e4limuistista), kun poistut verkkosivustolta.<\/p>\n<h1>Selaimen k\u00e4ytt\u00e4minen ev\u00e4steiden hallintaan<\/h1>\n<p>Useimmilla selaimilla voit tarkastella, hallita, poistaa ja est\u00e4\u00e4 verkkosivuston ev\u00e4steit\u00e4. Jos poistat kaikki ev\u00e4steet, my\u00f6s kaikki asetuksesi poistetaan, mukaan lukien ev\u00e4steiden k\u00e4yt\u00f6n kielt\u00e4minen, sill\u00e4 t\u00e4m\u00e4 toiminto edellytt\u00e4\u00e4 ev\u00e4steen k\u00e4yt\u00f6n kielt\u00e4v\u00e4n ev\u00e4steen sijoittamista laitteeseesi. Ohjeet ev\u00e4steiden hallintaan yleisimmiss\u00e4 selaimissa on linkitetty alla:<\/p>\n<p><a href=\"https:\/\/support.google.com\/chrome\/answer\/95647\">Ev\u00e4steiden hallinta Google Chromessa.<\/a><\/p>\n<p><a href=\"https:\/\/support.mozilla.org\/en-US\/kb\/enhanced-tracking-protection-firefox-desktop\">Ev\u00e4steiden hallinta Mozilla Firefoxissa.<\/a><\/p>\n<p><a href=\"https:\/\/support.apple.com\/en-gb\/guide\/safari\/sfri11471\/mac\">Ev\u00e4steiden hallinta Safarissa.<\/a><\/p>\n<p><a href=\"https:\/\/support.microsoft.com\/en-us\/microsoft-edge\/delete-cookies-in-microsoft-edge-63947406-40ac-c3b8-57b9-2a946a29ae09\">Ev\u00e4steiden hallinta Microsoft Edgess\u00e4.<\/a><\/p>\n<p>Lis\u00e4tietoja muista selaimista ja laitetyypeist\u00e4 on osoitteessa <a href=\"http:\/\/www.aboutcookies.org\/\">http:\/\/www.aboutcookies.org\/.<\/a><\/p>\n<\/div>\n\t\t\t        <\/div>\n    <\/section>\n","protected":false},"excerpt":{"rendered":"","protected":false},"author":8,"featured_media":7346,"parent":869,"menu_order":0,"comment_status":"closed","ping_status":"open","template":"","meta":{"_acf_changed":false,"content-type":"","footnotes":""},"class_list":["post-11376","page","type-page","status-publish","has-post-thumbnail","hentry"],"acf":[],"yoast_head":"<!-- This site is optimized with the Yoast SEO plugin v27.4 - https:\/\/yoast.com\/product\/yoast-seo-wordpress\/ -->\n<title>Tietoa sivustollamme k\u00e4ytetyist\u00e4 ev\u00e4steist\u00e4 - Nordia Law<\/title>\n<meta name=\"description\" content=\"T\u00e4ll\u00e4 sivulla kerromme, miten verkkosivustomme k\u00e4ytt\u00e4\u00e4 ev\u00e4steit\u00e4 tunnistamaan sinut, kun vierailet verkkosivustollamme.\" \/>\n<meta name=\"robots\" content=\"index, follow, max-snippet:-1, max-image-preview:large, max-video-preview:-1\" \/>\n<link rel=\"canonical\" href=\"https:\/\/nordialaw.com\/fi\/tietoa-meista\/cookies-information\/\" \/>\n<meta property=\"og:locale\" content=\"fi_FI\" \/>\n<meta property=\"og:type\" content=\"article\" \/>\n<meta property=\"og:title\" content=\"Tietoa sivustollamme k\u00e4ytetyist\u00e4 ev\u00e4steist\u00e4 - Nordia Law\" \/>\n<meta property=\"og:description\" content=\"T\u00e4ll\u00e4 sivulla kerromme, miten verkkosivustomme k\u00e4ytt\u00e4\u00e4 ev\u00e4steit\u00e4 tunnistamaan sinut, kun vierailet verkkosivustollamme.\" \/>\n<meta property=\"og:url\" content=\"https:\/\/nordialaw.com\/fi\/tietoa-meista\/cookies-information\/\" \/>\n<meta property=\"og:site_name\" content=\"Nordia Law\" \/>\n<meta property=\"article:modified_time\" content=\"2025-10-06T13:12:44+00:00\" \/>\n<meta property=\"og:image\" content=\"https:\/\/nordialaw.com\/wp-content\/uploads\/2022\/02\/AdobeStock_375893262-scaled-e1645547062424.jpeg\" \/>\n\t<meta property=\"og:image:width\" content=\"2560\" \/>\n\t<meta property=\"og:image:height\" content=\"1696\" \/>\n\t<meta property=\"og:image:type\" content=\"image\/jpeg\" \/>\n<meta name=\"twitter:card\" content=\"summary_large_image\" \/>\n<meta name=\"twitter:label1\" content=\"Arvioitu lukuaika\" \/>\n\t<meta name=\"twitter:data1\" content=\"3 minuuttia\" \/>\n<script type=\"application\/ld+json\" class=\"yoast-schema-graph\">{\"@context\":\"https:\\\/\\\/schema.org\",\"@graph\":[{\"@type\":\"WebPage\",\"@id\":\"https:\\\/\\\/nordialaw.com\\\/fi\\\/tietoa-meista\\\/cookies-information\\\/\",\"url\":\"https:\\\/\\\/nordialaw.com\\\/fi\\\/tietoa-meista\\\/cookies-information\\\/\",\"name\":\"Tietoa sivustollamme k\u00e4ytetyist\u00e4 ev\u00e4steist\u00e4 - Nordia Law\",\"isPartOf\":{\"@id\":\"https:\\\/\\\/nordialaw.com\\\/#website\"},\"primaryImageOfPage\":{\"@id\":\"https:\\\/\\\/nordialaw.com\\\/fi\\\/tietoa-meista\\\/cookies-information\\\/#primaryimage\"},\"image\":{\"@id\":\"https:\\\/\\\/nordialaw.com\\\/fi\\\/tietoa-meista\\\/cookies-information\\\/#primaryimage\"},\"thumbnailUrl\":\"https:\\\/\\\/nordialaw.com\\\/wp-content\\\/uploads\\\/2022\\\/02\\\/AdobeStock_375893262-scaled-e1645547062424.jpeg\",\"datePublished\":\"2022-06-09T07:33:41+00:00\",\"dateModified\":\"2025-10-06T13:12:44+00:00\",\"description\":\"T\u00e4ll\u00e4 sivulla kerromme, miten verkkosivustomme k\u00e4ytt\u00e4\u00e4 ev\u00e4steit\u00e4 tunnistamaan sinut, kun vierailet verkkosivustollamme.\",\"breadcrumb\":{\"@id\":\"https:\\\/\\\/nordialaw.com\\\/fi\\\/tietoa-meista\\\/cookies-information\\\/#breadcrumb\"},\"inLanguage\":\"fi\",\"potentialAction\":[{\"@type\":\"ReadAction\",\"target\":[\"https:\\\/\\\/nordialaw.com\\\/fi\\\/tietoa-meista\\\/cookies-information\\\/\"]}]},{\"@type\":\"ImageObject\",\"inLanguage\":\"fi\",\"@id\":\"https:\\\/\\\/nordialaw.com\\\/fi\\\/tietoa-meista\\\/cookies-information\\\/#primaryimage\",\"url\":\"https:\\\/\\\/nordialaw.com\\\/wp-content\\\/uploads\\\/2022\\\/02\\\/AdobeStock_375893262-scaled-e1645547062424.jpeg\",\"contentUrl\":\"https:\\\/\\\/nordialaw.com\\\/wp-content\\\/uploads\\\/2022\\\/02\\\/AdobeStock_375893262-scaled-e1645547062424.jpeg\",\"width\":2560,\"height\":1696,\"caption\":\"Blue grungy background or texture\"},{\"@type\":\"BreadcrumbList\",\"@id\":\"https:\\\/\\\/nordialaw.com\\\/fi\\\/tietoa-meista\\\/cookies-information\\\/#breadcrumb\",\"itemListElement\":[{\"@type\":\"ListItem\",\"position\":1,\"name\":\"Home\",\"item\":\"https:\\\/\\\/nordialaw.com\\\/fi\\\/\"},{\"@type\":\"ListItem\",\"position\":2,\"name\":\"Tietoa meist\u00e4\",\"item\":\"https:\\\/\\\/nordialaw.com\\\/about-us\\\/\"},{\"@type\":\"ListItem\",\"position\":3,\"name\":\"Tietoa sivustollamme k\u00e4ytetyist\u00e4 ev\u00e4steist\u00e4\"}]},{\"@type\":\"WebSite\",\"@id\":\"https:\\\/\\\/nordialaw.com\\\/#website\",\"url\":\"https:\\\/\\\/nordialaw.com\\\/\",\"name\":\"Nordia Law\",\"description\":\"\",\"publisher\":{\"@id\":\"https:\\\/\\\/nordialaw.com\\\/#organization\"},\"potentialAction\":[{\"@type\":\"SearchAction\",\"target\":{\"@type\":\"EntryPoint\",\"urlTemplate\":\"https:\\\/\\\/nordialaw.com\\\/?s={search_term_string}\"},\"query-input\":{\"@type\":\"PropertyValueSpecification\",\"valueRequired\":true,\"valueName\":\"search_term_string\"}}],\"inLanguage\":\"fi\"},{\"@type\":\"Organization\",\"@id\":\"https:\\\/\\\/nordialaw.com\\\/#organization\",\"name\":\"Nordia Law\",\"url\":\"https:\\\/\\\/nordialaw.com\\\/\",\"logo\":{\"@type\":\"ImageObject\",\"inLanguage\":\"fi\",\"@id\":\"https:\\\/\\\/nordialaw.com\\\/#\\\/schema\\\/logo\\\/image\\\/\",\"url\":\"https:\\\/\\\/nordialaw.com\\\/wp-content\\\/uploads\\\/2021\\\/09\\\/Layer-1.svg\",\"contentUrl\":\"https:\\\/\\\/nordialaw.com\\\/wp-content\\\/uploads\\\/2021\\\/09\\\/Layer-1.svg\",\"width\":197,\"height\":45,\"caption\":\"Nordia Law\"},\"image\":{\"@id\":\"https:\\\/\\\/nordialaw.com\\\/#\\\/schema\\\/logo\\\/image\\\/\"}}]}<\/script>\n<!-- \/ Yoast SEO plugin. -->","yoast_head_json":{"title":"Tietoa sivustollamme k\u00e4ytetyist\u00e4 ev\u00e4steist\u00e4 - Nordia Law","description":"T\u00e4ll\u00e4 sivulla kerromme, miten verkkosivustomme k\u00e4ytt\u00e4\u00e4 ev\u00e4steit\u00e4 tunnistamaan sinut, kun vierailet verkkosivustollamme.","robots":{"index":"index","follow":"follow","max-snippet":"max-snippet:-1","max-image-preview":"max-image-preview:large","max-video-preview":"max-video-preview:-1"},"canonical":"https:\/\/nordialaw.com\/fi\/tietoa-meista\/cookies-information\/","og_locale":"fi_FI","og_type":"article","og_title":"Tietoa sivustollamme k\u00e4ytetyist\u00e4 ev\u00e4steist\u00e4 - Nordia Law","og_description":"T\u00e4ll\u00e4 sivulla kerromme, miten verkkosivustomme k\u00e4ytt\u00e4\u00e4 ev\u00e4steit\u00e4 tunnistamaan sinut, kun vierailet verkkosivustollamme.","og_url":"https:\/\/nordialaw.com\/fi\/tietoa-meista\/cookies-information\/","og_site_name":"Nordia Law","article_modified_time":"2025-10-06T13:12:44+00:00","og_image":[{"width":2560,"height":1696,"url":"https:\/\/nordialaw.com\/wp-content\/uploads\/2022\/02\/AdobeStock_375893262-scaled-e1645547062424.jpeg","type":"image\/jpeg"}],"twitter_card":"summary_large_image","twitter_misc":{"Arvioitu lukuaika":"3 minuuttia"},"schema":{"@context":"https:\/\/schema.org","@graph":[{"@type":"WebPage","@id":"https:\/\/nordialaw.com\/fi\/tietoa-meista\/cookies-information\/","url":"https:\/\/nordialaw.com\/fi\/tietoa-meista\/cookies-information\/","name":"Tietoa sivustollamme k\u00e4ytetyist\u00e4 ev\u00e4steist\u00e4 - Nordia Law","isPartOf":{"@id":"https:\/\/nordialaw.com\/#website"},"primaryImageOfPage":{"@id":"https:\/\/nordialaw.com\/fi\/tietoa-meista\/cookies-information\/#primaryimage"},"image":{"@id":"https:\/\/nordialaw.com\/fi\/tietoa-meista\/cookies-information\/#primaryimage"},"thumbnailUrl":"https:\/\/nordialaw.com\/wp-content\/uploads\/2022\/02\/AdobeStock_375893262-scaled-e1645547062424.jpeg","datePublished":"2022-06-09T07:33:41+00:00","dateModified":"2025-10-06T13:12:44+00:00","description":"T\u00e4ll\u00e4 sivulla kerromme, miten verkkosivustomme k\u00e4ytt\u00e4\u00e4 ev\u00e4steit\u00e4 tunnistamaan sinut, kun vierailet verkkosivustollamme.","breadcrumb":{"@id":"https:\/\/nordialaw.com\/fi\/tietoa-meista\/cookies-information\/#breadcrumb"},"inLanguage":"fi","potentialAction":[{"@type":"ReadAction","target":["https:\/\/nordialaw.com\/fi\/tietoa-meista\/cookies-information\/"]}]},{"@type":"ImageObject","inLanguage":"fi","@id":"https:\/\/nordialaw.com\/fi\/tietoa-meista\/cookies-information\/#primaryimage","url":"https:\/\/nordialaw.com\/wp-content\/uploads\/2022\/02\/AdobeStock_375893262-scaled-e1645547062424.jpeg","contentUrl":"https:\/\/nordialaw.com\/wp-content\/uploads\/2022\/02\/AdobeStock_375893262-scaled-e1645547062424.jpeg","width":2560,"height":1696,"caption":"Blue grungy background or texture"},{"@type":"BreadcrumbList","@id":"https:\/\/nordialaw.com\/fi\/tietoa-meista\/cookies-information\/#breadcrumb","itemListElement":[{"@type":"ListItem","position":1,"name":"Home","item":"https:\/\/nordialaw.com\/fi\/"},{"@type":"ListItem","position":2,"name":"Tietoa meist\u00e4","item":"https:\/\/nordialaw.com\/about-us\/"},{"@type":"ListItem","position":3,"name":"Tietoa sivustollamme k\u00e4ytetyist\u00e4 ev\u00e4steist\u00e4"}]},{"@type":"WebSite","@id":"https:\/\/nordialaw.com\/#website","url":"https:\/\/nordialaw.com\/","name":"Nordia Law","description":"","publisher":{"@id":"https:\/\/nordialaw.com\/#organization"},"potentialAction":[{"@type":"SearchAction","target":{"@type":"EntryPoint","urlTemplate":"https:\/\/nordialaw.com\/?s={search_term_string}"},"query-input":{"@type":"PropertyValueSpecification","valueRequired":true,"valueName":"search_term_string"}}],"inLanguage":"fi"},{"@type":"Organization","@id":"https:\/\/nordialaw.com\/#organization","name":"Nordia Law","url":"https:\/\/nordialaw.com\/","logo":{"@type":"ImageObject","inLanguage":"fi","@id":"https:\/\/nordialaw.com\/#\/schema\/logo\/image\/","url":"https:\/\/nordialaw.com\/wp-content\/uploads\/2021\/09\/Layer-1.svg","contentUrl":"https:\/\/nordialaw.com\/wp-content\/uploads\/2021\/09\/Layer-1.svg","width":197,"height":45,"caption":"Nordia Law"},"image":{"@id":"https:\/\/nordialaw.com\/#\/schema\/logo\/image\/"}}]}},"_links":{"self":[{"href":"https:\/\/nordialaw.com\/fi\/wp-json\/wp\/v2\/pages\/11376","targetHints":{"allow":["GET"]}}],"collection":[{"href":"https:\/\/nordialaw.com\/fi\/wp-json\/wp\/v2\/pages"}],"about":[{"href":"https:\/\/nordialaw.com\/fi\/wp-json\/wp\/v2\/types\/page"}],"author":[{"embeddable":true,"href":"https:\/\/nordialaw.com\/fi\/wp-json\/wp\/v2\/users\/8"}],"replies":[{"embeddable":true,"href":"https:\/\/nordialaw.com\/fi\/wp-json\/wp\/v2\/comments?post=11376"}],"version-history":[{"count":8,"href":"https:\/\/nordialaw.com\/fi\/wp-json\/wp\/v2\/pages\/11376\/revisions"}],"predecessor-version":[{"id":18712,"href":"https:\/\/nordialaw.com\/fi\/wp-json\/wp\/v2\/pages\/11376\/revisions\/18712"}],"up":[{"embeddable":true,"href":"https:\/\/nordialaw.com\/fi\/wp-json\/wp\/v2\/pages\/869"}],"wp:featuredmedia":[{"embeddable":true,"href":"https:\/\/nordialaw.com\/fi\/wp-json\/wp\/v2\/media\/7346"}],"wp:attachment":[{"href":"https:\/\/nordialaw.com\/fi\/wp-json\/wp\/v2\/media?parent=11376"}],"curies":[{"name":"wp","href":"https:\/\/api.w.org\/{rel}","templated":true}]}}