{"id":11493,"date":"2022-06-17T02:55:54","date_gmt":"2022-06-17T07:55:54","guid":{"rendered":"https:\/\/nordialaw.com\/?page_id=11493"},"modified":"2022-09-28T07:39:59","modified_gmt":"2022-09-28T07:39:59","slug":"onnistunut-yrityskauppa","status":"publish","type":"page","link":"https:\/\/nordialaw.com\/fi\/palvelut\/onnistunut-yrityskauppa\/","title":{"rendered":"Onnistunut yrityskauppa"},"content":{"rendered":"<div class=\"title-excerpt\">\n\t\n\t<\/div>\n\n<div class=\"title-excerpt\">\n\t        <h1 class=\"title-excerpt__title\">Onnistunut yrityskauppa<\/h1>\n\t\n\t<\/div>\n\n    <section class=\"image-text \">\n        <!--\t--><!-- -->\n        <div class=\"image-text__container grid-container\">\n\t\t\t\n\t\t\t                <div class=\"image-text__content \"><p>T\u00e4ss\u00e4 artikkelissa kerromme mik\u00e4 on yrityskauppa ja annamme vinkkej\u00e4 yrityksen myymiseen, yrityksen ostamiseen, yrityksen arvon m\u00e4\u00e4ritt\u00e4miseen ja yrityksen sukupolvenvaihdokseen.<\/p>\n<p>Yrityskauppa on j\u00e4rjestely, jossa ostetaan joko yrityksen osakkeet tai liiketoiminta. Yrityskauppoja tehd\u00e4\u00e4n monista eri syist\u00e4. Jotkut haluavat myyd\u00e4 yrityksens\u00e4 el\u00e4k\u00f6ityess\u00e4\u00e4n. Toisille yritt\u00e4jille yrityskaupat ja yritysten ostaminen voivat olla oleellinen osa kasvustrategiaa.<\/p>\n<p><strong>Liiketoimintakaupassa<\/strong> yhti\u00f6 myy osan tai koko liiketoimintansa ostajalle, ja kauppahinta maksetaan myyj\u00e4yritykselle. Usein ostaja saa kaupassa itselleen asiakas- ja sopimussuhteet.<\/p>\n<p><strong>Osakekaupassa<\/strong> yhti\u00f6n osakkaat myyv\u00e4t yhti\u00f6n omistamiseen oikeuttavat osakkeet ostajalle. Ostaja saa kaupassa kaikki osakkeiden omistamisen mukana tuomat oikeudet ja velvollisuudet, kuten velat ja vastuut.<\/p>\n<p>&nbsp;<\/p>\n<p><strong>1. Yrityksen myyntivalmistelut<\/strong><\/p>\n<p>Yrityksen myyminen alkaa myyntivalmisteluilla. Yrityksen kannattaa olla myyntihetkell\u00e4 kokonaisuudessaan hyv\u00e4ss\u00e4 kunnossa, sill\u00e4 se vaikuttaa yrityksen myyntihintaan ja ostajien kiinnostukseen. Yritys on helpompi ostaa, jos liiketoiminta ei ole riippuvainen nykyisest\u00e4 yritt\u00e4j\u00e4st\u00e4 ja liiketoiminta on kunnossa.<\/p>\n<p>Mik\u00e4li yrityksess\u00e4 on useampia osakkaita, kannattaa asiasta keskustella muiden osakkaiden ja hallituksen kesken. Osakeyhti\u00f6ss\u00e4 hallitus tekee tavallisesti yritysj\u00e4rjestelyj\u00e4 koskevat p\u00e4\u00e4t\u00f6kset.<\/p>\n<p>Ennen yrityksen myynti\u00e4 kannattaa varmistaa, ett\u00e4 yrityksen kaikki sopimukset, prosessit, tuotteet ja taloushallinto on huolellisesti dokumentoitu ja arkistoitu. Pohdi yrityskauppaan valmistautuessasi, mit\u00e4 asioita osaat itse ja mihin kannattaa k\u00e4ytt\u00e4\u00e4 ammattilaisen apua. \u00a0<a href=\"https:\/\/nordialaw.com\/fi\/valmistaudu-due-diligence-tarkastukseen\/\">Lue lis\u00e4\u00e4 due diligence -tarkastukseen valmistautumisesta.<\/a><\/p>\n<p>&nbsp;<\/p>\n<p><strong>2. Valmiin yrityksen ostaminen<\/strong><\/p>\n<p>Yrityskauppa ja valmiin yrityksen ostaminen on yksi vaihtoehto ryhty\u00e4 yritt\u00e4j\u00e4ksi. Kun ostat olemassa olevan yrityksen, saat samalla valmiin liikeidean, asiakaskunnan ja yrityksen maineen. Toisen yrityksen ostaminen voi my\u00f6s olla keino laajentaa jo olemassa olevan yrityksen liiketoimintaa.<\/p>\n<p>Tutustu ostettavaan yritykseen huolellisesti, kuten esimerkiksi tilinp\u00e4\u00e4t\u00f6ksiin, omaisuuteen, toimialan kilpailutilanteeseen sek\u00e4 yrityksen tulevaisuuden n\u00e4kymiin ja suunnitelmiin.<\/p>\n<p>Ostajan toimialan tuntemus sek\u00e4 kokemus yritt\u00e4j\u00e4n\u00e4 tai ty\u00f6ntekij\u00e4n\u00e4 auttavat onnistumaan yrityskaupassa.<\/p>\n<p>&nbsp;<\/p>\n<p><strong>3. Yrityksen arvon m\u00e4\u00e4ritt\u00e4minen<\/strong><\/p>\n<p>Ennen yrityskauppaa on t\u00e4rke\u00e4\u00e4 m\u00e4\u00e4ritell\u00e4 huolellisesti yrityksen arvo, mik\u00e4 voidaan tehd\u00e4 kahdella tavalla.<\/p>\n<p>Yrityksen tuottoarvo perustuu siihen, kuinka paljon yritys tulee l\u00e4hivuosina tuottamaan uuden omistajan vet\u00e4m\u00e4n\u00e4. Yrityksen tuottoarvon laskemiseen tarvitaan yrityksen realistinen tulosennuste esimerkiksi viidelt\u00e4 seuraavalta vuodelta.<\/p>\n<p>Substanssiarvoksi kutsutaan yrityksen velattoman omaisuuden arvoa. Yrityksen substanssiarvo, eli tasearvo, m\u00e4\u00e4r\u00e4ytyy yrityksen varallisuuden mukaan, kun varoista v\u00e4hennet\u00e4\u00e4n velat viimeksi p\u00e4\u00e4ttyneen tilikauden taseen mukaan. Yrityksen substanssiarvo on tavallisesti yrityksen minimihinta.<\/p>\n<p>Yrityksen arvo ei tarkoita samaa kuin kauppahinta yrityksen myyntihetkell\u00e4. Kauppahinta on myyj\u00e4n ja ostajan v\u00e4linen sopimus, joka voi vaihdella yrityksen arvon molemmin puolin. Yrityksen ostajalla ja myyj\u00e4ll\u00e4 on usein eri k\u00e4sitys yrityksen arvosta, koska he l\u00e4hestyv\u00e4t asiaa eri n\u00e4k\u00f6kulmista.<\/p>\n<p>&nbsp;<\/p>\n<p><strong>4. Yrityksen sukupolvenvaihdos<\/strong><\/p>\n<p>Yrityksen sukupolvenvaihdoksella tarkoitetaan tilannetta, jossa yrityksen omistus vaihtuu perheen tai l\u00e4hisukulaisten kesken. Sukupolvenvaihdoksen eri osa-alueisiin, kuten verotukseen, yhti\u00f6oikeuteen ja perint\u00f6oikeuteen kannattaa tutustua huolella, sill\u00e4 sukupolvenvaihdoksessa on tietyin ehdoin saatavilla erilaisia verohuojennuksia.<\/p>\n<p>Kaikkien yrityksen sukupolvenvaihdosta koskevien asiakirjojen sis\u00e4ll\u00f6t ja ehdot tulee tarkistaa. Kauppakirjan tai lahjakirjan lis\u00e4ksi my\u00f6s yhti\u00f6j\u00e4rjestys tai yhti\u00f6sopimus tulee saattaa ajan tasalle. Yhti\u00f6j\u00e4rjestyksess\u00e4 voidaan sopia esimerkiksi osakkeen lunastusoikeudesta tai voidaan turvata yrityksen omistus olemassa olevassa piiriss\u00e4, mik\u00e4li osakkaiden kesken ei ole laadittu erillist\u00e4 osakassopimusta.<\/p>\n<p><a href=\"https:\/\/nordialaw.com\/fi\/areas\/kaupalliset-sopimukset\/\">Osakassopimus kannattaa tehd\u00e4, jos yrityksell\u00e4 on useita osakkaita.<\/a> Osakassopimus on vapaaehtoinen ja -muotoinen, eli sopimuksen sis\u00e4lt\u00f6 ja rakenne riippuvat yhti\u00f6n ja osakkaiden omasta tarpeesta. Osakassopimus ottaa etuk\u00e4teen kantaa tilanteisiin, joista voi tulevaisuudessa synty\u00e4 ristiriitaa osakkaiden v\u00e4lill\u00e4.<\/p>\n<p>Useissa tapauksissa osana sukupolvenvaihdosta kannattaa p\u00e4ivitt\u00e4\u00e4 my\u00f6s testamentti, edunvalvontavaltakirja ja avioehto. Mik\u00e4li osa osakkeiden kauppahinnasta j\u00e4\u00e4 velaksi, tulee velkakirjaan kirjata mm. velan takaisinmaksuaikataulu, korko, viiv\u00e4styskorko ja velan mahdollinen vakuus.<\/p>\n<p>&nbsp;<\/p>\n<p><strong>5. Yrityskaupan j\u00e4lkeen<\/strong><\/p>\n<p>Yrityskaupan t\u00e4yt\u00e4nt\u00f6\u00f6npano tapahtuu yksinkertaisimmillaan kauppakirjojen allekirjoittamisella. Suuremmat yrityskaupat edellytt\u00e4v\u00e4t usein lis\u00e4ksi muita toimenpiteit\u00e4, kuten toimielinten, sidosryhmien ja viranomaisten hyv\u00e4ksynt\u00e4\u00e4, kauppasopimuksen allekirjoittamisen j\u00e4lkeen. Yrityskaupan yhteydess\u00e4 sovitaan usein my\u00f6s siirtym\u00e4ajasta, jonka aikana yrityksen myyj\u00e4 on uuden omistajan k\u00e4ytett\u00e4viss\u00e4. Kun yrityskauppa on toteutunut, kannattaa varmistaa, ett\u00e4 yrityksen pankki- ja vakuutuspalvelut vastaavat muuttunutta tilannettasi.<\/p>\n<p><a href=\"https:\/\/nordialaw.com\/fi\/areas\/yritysjarjestelyt-ja-transaktiot\/\">Tutustu yritysj\u00e4rjestelyihin ja -kauppoihin liittyviin palveluihimme.<\/a><\/p>\n<p><!--HubSpot Call-to-Action Code --><span id=\"hs-cta-wrapper-6a755bf9-a1a9-4729-88a2-fbf39d5dd55e\" class=\"hs-cta-wrapper\"><span id=\"hs-cta-6a755bf9-a1a9-4729-88a2-fbf39d5dd55e\" class=\"hs-cta-node hs-cta-6a755bf9-a1a9-4729-88a2-fbf39d5dd55e\"><!-- [if lte IE 8]&gt;--><\/p>\n<div id=\"hs-cta-ie-element\"><\/div>\n<p><a href=\"https:\/\/hubspot-cta-redirect-eu1-prod.s3.amazonaws.com\/cta\/redirect\/25765051\/6a755bf9-a1a9-4729-88a2-fbf39d5dd55e\"><img decoding=\"async\" id=\"hs-cta-img-6a755bf9-a1a9-4729-88a2-fbf39d5dd55e\" class=\"hs-cta-img\" style=\"border-width: 0px\" src=\"https:\/\/hubspot-no-cache-eu1-prod.s3.amazonaws.com\/cta\/default\/25765051\/6a755bf9-a1a9-4729-88a2-fbf39d5dd55e.png\" alt=\"Ota yhteytt\u00e4\" \/><\/a><\/span><\/span><!-- end HubSpot Call-to-Action Code --><\/p>\n<\/div>\n\t\t\t        <\/div>\n    <\/section>\n","protected":false},"excerpt":{"rendered":"","protected":false},"author":8,"featured_media":7346,"parent":1365,"menu_order":0,"comment_status":"closed","ping_status":"closed","template":"","meta":{"_acf_changed":false,"content-type":"","footnotes":""},"class_list":["post-11493","page","type-page","status-publish","has-post-thumbnail","hentry"],"acf":[],"yoast_head":"<!-- This site is optimized with the Yoast SEO plugin v27.2 - https:\/\/yoast.com\/product\/yoast-seo-wordpress\/ -->\n<title>Onnistunut yrityskauppa - Nordia Law<\/title>\n<meta name=\"description\" content=\"Yrityskauppa on j\u00e4rjestely, jossa ostetaan joko yrityksen osakkeet tai liiketoiminta. Lue vinkit onnistuneeseen yrityskauppaan.\" \/>\n<meta name=\"robots\" content=\"index, follow, max-snippet:-1, max-image-preview:large, max-video-preview:-1\" \/>\n<link rel=\"canonical\" href=\"https:\/\/nordialaw.com\/fi\/palvelut\/onnistunut-yrityskauppa\/\" \/>\n<meta property=\"og:locale\" content=\"fi_FI\" \/>\n<meta property=\"og:type\" content=\"article\" \/>\n<meta property=\"og:title\" content=\"Onnistunut yrityskauppa\" \/>\n<meta property=\"og:description\" content=\"Yrityskauppa on j\u00e4rjestely, jossa ostetaan joko yrityksen osakkeet tai liiketoiminta. Lue vinkit onnistuneeseen yrityskauppaan.\" \/>\n<meta property=\"og:url\" content=\"https:\/\/nordialaw.com\/fi\/palvelut\/onnistunut-yrityskauppa\/\" \/>\n<meta property=\"og:site_name\" content=\"Nordia Law\" \/>\n<meta property=\"article:modified_time\" content=\"2022-09-28T07:39:59+00:00\" \/>\n<meta property=\"og:image\" content=\"https:\/\/nordialaw.com\/wp-content\/uploads\/2022\/02\/AdobeStock_375893262-scaled-e1645547062424.jpeg\" \/>\n\t<meta property=\"og:image:width\" content=\"2560\" \/>\n\t<meta property=\"og:image:height\" content=\"1696\" \/>\n\t<meta property=\"og:image:type\" content=\"image\/jpeg\" \/>\n<meta name=\"twitter:card\" content=\"summary_large_image\" \/>\n<script type=\"application\/ld+json\" class=\"yoast-schema-graph\">{\"@context\":\"https:\/\/schema.org\",\"@graph\":[{\"@type\":\"Article\",\"@id\":\"https:\/\/nordialaw.com\/fi\/palvelut\/onnistunut-yrityskauppa\/#article\",\"isPartOf\":{\"@id\":\"https:\/\/nordialaw.com\/fi\/palvelut\/onnistunut-yrityskauppa\/\"},\"author\":{\"name\":\"Victoria Edvardsson\",\"@id\":\"https:\/\/nordialaw.com\/#\/schema\/person\/7fdf7a3028e3f19ed830918f2cd20a59\"},\"headline\":\"Onnistunut yrityskauppa\",\"datePublished\":\"2022-06-17T07:55:54+00:00\",\"dateModified\":\"2022-09-28T07:39:59+00:00\",\"mainEntityOfPage\":{\"@id\":\"https:\/\/nordialaw.com\/fi\/palvelut\/onnistunut-yrityskauppa\/\"},\"wordCount\":2,\"publisher\":{\"@id\":\"https:\/\/nordialaw.com\/#organization\"},\"image\":{\"@id\":\"https:\/\/nordialaw.com\/fi\/palvelut\/onnistunut-yrityskauppa\/#primaryimage\"},\"thumbnailUrl\":\"https:\/\/nordialaw.com\/wp-content\/uploads\/2022\/02\/AdobeStock_375893262-scaled-e1645547062424.jpeg\",\"inLanguage\":\"fi\"},{\"@type\":\"WebPage\",\"@id\":\"https:\/\/nordialaw.com\/fi\/palvelut\/onnistunut-yrityskauppa\/\",\"url\":\"https:\/\/nordialaw.com\/fi\/palvelut\/onnistunut-yrityskauppa\/\",\"name\":\"Onnistunut yrityskauppa - Nordia Law\",\"isPartOf\":{\"@id\":\"https:\/\/nordialaw.com\/#website\"},\"primaryImageOfPage\":{\"@id\":\"https:\/\/nordialaw.com\/fi\/palvelut\/onnistunut-yrityskauppa\/#primaryimage\"},\"image\":{\"@id\":\"https:\/\/nordialaw.com\/fi\/palvelut\/onnistunut-yrityskauppa\/#primaryimage\"},\"thumbnailUrl\":\"https:\/\/nordialaw.com\/wp-content\/uploads\/2022\/02\/AdobeStock_375893262-scaled-e1645547062424.jpeg\",\"datePublished\":\"2022-06-17T07:55:54+00:00\",\"dateModified\":\"2022-09-28T07:39:59+00:00\",\"description\":\"Yrityskauppa on j\u00e4rjestely, jossa ostetaan joko yrityksen osakkeet tai liiketoiminta. Lue vinkit onnistuneeseen yrityskauppaan.\",\"breadcrumb\":{\"@id\":\"https:\/\/nordialaw.com\/fi\/palvelut\/onnistunut-yrityskauppa\/#breadcrumb\"},\"inLanguage\":\"fi\",\"potentialAction\":[{\"@type\":\"ReadAction\",\"target\":[\"https:\/\/nordialaw.com\/fi\/palvelut\/onnistunut-yrityskauppa\/\"]}]},{\"@type\":\"ImageObject\",\"inLanguage\":\"fi\",\"@id\":\"https:\/\/nordialaw.com\/fi\/palvelut\/onnistunut-yrityskauppa\/#primaryimage\",\"url\":\"https:\/\/nordialaw.com\/wp-content\/uploads\/2022\/02\/AdobeStock_375893262-scaled-e1645547062424.jpeg\",\"contentUrl\":\"https:\/\/nordialaw.com\/wp-content\/uploads\/2022\/02\/AdobeStock_375893262-scaled-e1645547062424.jpeg\",\"width\":2560,\"height\":1696,\"caption\":\"Blue grungy background or texture\"},{\"@type\":\"BreadcrumbList\",\"@id\":\"https:\/\/nordialaw.com\/fi\/palvelut\/onnistunut-yrityskauppa\/#breadcrumb\",\"itemListElement\":[{\"@type\":\"ListItem\",\"position\":1,\"name\":\"Home\",\"item\":\"https:\/\/nordialaw.com\/fi\/\"},{\"@type\":\"ListItem\",\"position\":2,\"name\":\"Palvelut\",\"item\":\"https:\/\/nordialaw.com\/fi\/palvelut\/\"},{\"@type\":\"ListItem\",\"position\":3,\"name\":\"Onnistunut yrityskauppa\"}]},{\"@type\":\"WebSite\",\"@id\":\"https:\/\/nordialaw.com\/#website\",\"url\":\"https:\/\/nordialaw.com\/\",\"name\":\"Nordia Law\",\"description\":\"\",\"publisher\":{\"@id\":\"https:\/\/nordialaw.com\/#organization\"},\"potentialAction\":[{\"@type\":\"SearchAction\",\"target\":{\"@type\":\"EntryPoint\",\"urlTemplate\":\"https:\/\/nordialaw.com\/?s={search_term_string}\"},\"query-input\":{\"@type\":\"PropertyValueSpecification\",\"valueRequired\":true,\"valueName\":\"search_term_string\"}}],\"inLanguage\":\"fi\"},{\"@type\":\"Organization\",\"@id\":\"https:\/\/nordialaw.com\/#organization\",\"name\":\"Nordia Law\",\"url\":\"https:\/\/nordialaw.com\/\",\"logo\":{\"@type\":\"ImageObject\",\"inLanguage\":\"fi\",\"@id\":\"https:\/\/nordialaw.com\/#\/schema\/logo\/image\/\",\"url\":\"https:\/\/nordialaw.com\/wp-content\/uploads\/2021\/09\/Layer-1.svg\",\"contentUrl\":\"https:\/\/nordialaw.com\/wp-content\/uploads\/2021\/09\/Layer-1.svg\",\"width\":197,\"height\":45,\"caption\":\"Nordia Law\"},\"image\":{\"@id\":\"https:\/\/nordialaw.com\/#\/schema\/logo\/image\/\"}},{\"@type\":\"Person\",\"@id\":\"https:\/\/nordialaw.com\/#\/schema\/person\/7fdf7a3028e3f19ed830918f2cd20a59\",\"name\":\"Victoria Edvardsson\",\"image\":{\"@type\":\"ImageObject\",\"inLanguage\":\"fi\",\"@id\":\"https:\/\/secure.gravatar.com\/avatar\/2505c3b1db353212326c4ccd6a3d7b4b8e594eb0c8169bab785c9d0dc0f9c4d3?s=96&d=mm&r=g\",\"url\":\"https:\/\/secure.gravatar.com\/avatar\/2505c3b1db353212326c4ccd6a3d7b4b8e594eb0c8169bab785c9d0dc0f9c4d3?s=96&d=mm&r=g\",\"contentUrl\":\"https:\/\/secure.gravatar.com\/avatar\/2505c3b1db353212326c4ccd6a3d7b4b8e594eb0c8169bab785c9d0dc0f9c4d3?s=96&d=mm&r=g\",\"caption\":\"Victoria Edvardsson\"},\"sameAs\":[\"https:\/\/nordialaw.com\"]}]}<\/script>\n<!-- \/ Yoast SEO plugin. -->","yoast_head_json":{"title":"Onnistunut yrityskauppa - Nordia Law","description":"Yrityskauppa on j\u00e4rjestely, jossa ostetaan joko yrityksen osakkeet tai liiketoiminta. Lue vinkit onnistuneeseen yrityskauppaan.","robots":{"index":"index","follow":"follow","max-snippet":"max-snippet:-1","max-image-preview":"max-image-preview:large","max-video-preview":"max-video-preview:-1"},"canonical":"https:\/\/nordialaw.com\/fi\/palvelut\/onnistunut-yrityskauppa\/","og_locale":"fi_FI","og_type":"article","og_title":"Onnistunut yrityskauppa","og_description":"Yrityskauppa on j\u00e4rjestely, jossa ostetaan joko yrityksen osakkeet tai liiketoiminta. Lue vinkit onnistuneeseen yrityskauppaan.","og_url":"https:\/\/nordialaw.com\/fi\/palvelut\/onnistunut-yrityskauppa\/","og_site_name":"Nordia Law","article_modified_time":"2022-09-28T07:39:59+00:00","og_image":[{"width":2560,"height":1696,"url":"https:\/\/nordialaw.com\/wp-content\/uploads\/2022\/02\/AdobeStock_375893262-scaled-e1645547062424.jpeg","type":"image\/jpeg"}],"twitter_card":"summary_large_image","schema":{"@context":"https:\/\/schema.org","@graph":[{"@type":"Article","@id":"https:\/\/nordialaw.com\/fi\/palvelut\/onnistunut-yrityskauppa\/#article","isPartOf":{"@id":"https:\/\/nordialaw.com\/fi\/palvelut\/onnistunut-yrityskauppa\/"},"author":{"name":"Victoria Edvardsson","@id":"https:\/\/nordialaw.com\/#\/schema\/person\/7fdf7a3028e3f19ed830918f2cd20a59"},"headline":"Onnistunut yrityskauppa","datePublished":"2022-06-17T07:55:54+00:00","dateModified":"2022-09-28T07:39:59+00:00","mainEntityOfPage":{"@id":"https:\/\/nordialaw.com\/fi\/palvelut\/onnistunut-yrityskauppa\/"},"wordCount":2,"publisher":{"@id":"https:\/\/nordialaw.com\/#organization"},"image":{"@id":"https:\/\/nordialaw.com\/fi\/palvelut\/onnistunut-yrityskauppa\/#primaryimage"},"thumbnailUrl":"https:\/\/nordialaw.com\/wp-content\/uploads\/2022\/02\/AdobeStock_375893262-scaled-e1645547062424.jpeg","inLanguage":"fi"},{"@type":"WebPage","@id":"https:\/\/nordialaw.com\/fi\/palvelut\/onnistunut-yrityskauppa\/","url":"https:\/\/nordialaw.com\/fi\/palvelut\/onnistunut-yrityskauppa\/","name":"Onnistunut yrityskauppa - Nordia Law","isPartOf":{"@id":"https:\/\/nordialaw.com\/#website"},"primaryImageOfPage":{"@id":"https:\/\/nordialaw.com\/fi\/palvelut\/onnistunut-yrityskauppa\/#primaryimage"},"image":{"@id":"https:\/\/nordialaw.com\/fi\/palvelut\/onnistunut-yrityskauppa\/#primaryimage"},"thumbnailUrl":"https:\/\/nordialaw.com\/wp-content\/uploads\/2022\/02\/AdobeStock_375893262-scaled-e1645547062424.jpeg","datePublished":"2022-06-17T07:55:54+00:00","dateModified":"2022-09-28T07:39:59+00:00","description":"Yrityskauppa on j\u00e4rjestely, jossa ostetaan joko yrityksen osakkeet tai liiketoiminta. Lue vinkit onnistuneeseen yrityskauppaan.","breadcrumb":{"@id":"https:\/\/nordialaw.com\/fi\/palvelut\/onnistunut-yrityskauppa\/#breadcrumb"},"inLanguage":"fi","potentialAction":[{"@type":"ReadAction","target":["https:\/\/nordialaw.com\/fi\/palvelut\/onnistunut-yrityskauppa\/"]}]},{"@type":"ImageObject","inLanguage":"fi","@id":"https:\/\/nordialaw.com\/fi\/palvelut\/onnistunut-yrityskauppa\/#primaryimage","url":"https:\/\/nordialaw.com\/wp-content\/uploads\/2022\/02\/AdobeStock_375893262-scaled-e1645547062424.jpeg","contentUrl":"https:\/\/nordialaw.com\/wp-content\/uploads\/2022\/02\/AdobeStock_375893262-scaled-e1645547062424.jpeg","width":2560,"height":1696,"caption":"Blue grungy background or texture"},{"@type":"BreadcrumbList","@id":"https:\/\/nordialaw.com\/fi\/palvelut\/onnistunut-yrityskauppa\/#breadcrumb","itemListElement":[{"@type":"ListItem","position":1,"name":"Home","item":"https:\/\/nordialaw.com\/fi\/"},{"@type":"ListItem","position":2,"name":"Palvelut","item":"https:\/\/nordialaw.com\/fi\/palvelut\/"},{"@type":"ListItem","position":3,"name":"Onnistunut yrityskauppa"}]},{"@type":"WebSite","@id":"https:\/\/nordialaw.com\/#website","url":"https:\/\/nordialaw.com\/","name":"Nordia Law","description":"","publisher":{"@id":"https:\/\/nordialaw.com\/#organization"},"potentialAction":[{"@type":"SearchAction","target":{"@type":"EntryPoint","urlTemplate":"https:\/\/nordialaw.com\/?s={search_term_string}"},"query-input":{"@type":"PropertyValueSpecification","valueRequired":true,"valueName":"search_term_string"}}],"inLanguage":"fi"},{"@type":"Organization","@id":"https:\/\/nordialaw.com\/#organization","name":"Nordia Law","url":"https:\/\/nordialaw.com\/","logo":{"@type":"ImageObject","inLanguage":"fi","@id":"https:\/\/nordialaw.com\/#\/schema\/logo\/image\/","url":"https:\/\/nordialaw.com\/wp-content\/uploads\/2021\/09\/Layer-1.svg","contentUrl":"https:\/\/nordialaw.com\/wp-content\/uploads\/2021\/09\/Layer-1.svg","width":197,"height":45,"caption":"Nordia Law"},"image":{"@id":"https:\/\/nordialaw.com\/#\/schema\/logo\/image\/"}},{"@type":"Person","@id":"https:\/\/nordialaw.com\/#\/schema\/person\/7fdf7a3028e3f19ed830918f2cd20a59","name":"Victoria Edvardsson","image":{"@type":"ImageObject","inLanguage":"fi","@id":"https:\/\/secure.gravatar.com\/avatar\/2505c3b1db353212326c4ccd6a3d7b4b8e594eb0c8169bab785c9d0dc0f9c4d3?s=96&d=mm&r=g","url":"https:\/\/secure.gravatar.com\/avatar\/2505c3b1db353212326c4ccd6a3d7b4b8e594eb0c8169bab785c9d0dc0f9c4d3?s=96&d=mm&r=g","contentUrl":"https:\/\/secure.gravatar.com\/avatar\/2505c3b1db353212326c4ccd6a3d7b4b8e594eb0c8169bab785c9d0dc0f9c4d3?s=96&d=mm&r=g","caption":"Victoria Edvardsson"},"sameAs":["https:\/\/nordialaw.com"]}]}},"_links":{"self":[{"href":"https:\/\/nordialaw.com\/fi\/wp-json\/wp\/v2\/pages\/11493","targetHints":{"allow":["GET"]}}],"collection":[{"href":"https:\/\/nordialaw.com\/fi\/wp-json\/wp\/v2\/pages"}],"about":[{"href":"https:\/\/nordialaw.com\/fi\/wp-json\/wp\/v2\/types\/page"}],"author":[{"embeddable":true,"href":"https:\/\/nordialaw.com\/fi\/wp-json\/wp\/v2\/users\/8"}],"replies":[{"embeddable":true,"href":"https:\/\/nordialaw.com\/fi\/wp-json\/wp\/v2\/comments?post=11493"}],"version-history":[{"count":10,"href":"https:\/\/nordialaw.com\/fi\/wp-json\/wp\/v2\/pages\/11493\/revisions"}],"predecessor-version":[{"id":12120,"href":"https:\/\/nordialaw.com\/fi\/wp-json\/wp\/v2\/pages\/11493\/revisions\/12120"}],"up":[{"embeddable":true,"href":"https:\/\/nordialaw.com\/fi\/wp-json\/wp\/v2\/pages\/1365"}],"wp:featuredmedia":[{"embeddable":true,"href":"https:\/\/nordialaw.com\/fi\/wp-json\/wp\/v2\/media\/7346"}],"wp:attachment":[{"href":"https:\/\/nordialaw.com\/fi\/wp-json\/wp\/v2\/media?parent=11493"}],"curies":[{"name":"wp","href":"https:\/\/api.w.org\/{rel}","templated":true}]}}