{"id":12247,"date":"2022-10-10T10:27:10","date_gmt":"2022-10-10T10:27:10","guid":{"rendered":"https:\/\/nordialaw.com\/?page_id=12247"},"modified":"2022-10-25T09:23:26","modified_gmt":"2022-10-25T09:23:26","slug":"startup","status":"publish","type":"page","link":"https:\/\/nordialaw.com\/fi\/palvelut\/startup\/","title":{"rendered":"Palvelumme startup-yrityksille"},"content":{"rendered":"<div class=\"title-excerpt\">\n\t\n\t<\/div>\n\n<div class=\"title-excerpt\">\n\t        <h1 class=\"title-excerpt__title\">Palvelumme startup-yrityksille<\/h1>\n\t\n\t<\/div>\n\n    <section class=\"image-text \">\n        <!--\t--><!-- -->\n        <div class=\"image-text__container grid-container\">\n\t\t\t\n\t\t\t                <div class=\"image-text__content \"><blockquote>\n<h1>Tarjouksemme alkuvaiheen startup-yrityksille ensimm\u00e4iseen toimeksiantoon<\/h1>\n<p><strong>Yrityksen perustaminen ilman v\u00e4litt\u00f6mi\u00e4 oikeudellisia kustannuksia<\/strong><\/p>\n<p>Jos sinulla on loistava idea, mutta et ole viel\u00e4 saanut riitt\u00e4v\u00e4sti rahoitusta, autamme sinua yrityksen perustamisessa ja laadimme sinulle osakassopimuksen.<\/p>\n<p>Jos olet jo perustanut yrityksesi, mutta etsit viel\u00e4 rahoitusta, laadimme sinulle yrityksen alkuvaiheen t\u00e4rkeimm\u00e4t dokumentit, kuten esimerkiksi yleiset sopimusehdot, k\u00e4ytt\u00f6ehdot, rekisteriselosteen tai ty\u00f6sopimuksen.<\/p>\n<p><strong>Laskutamme ty\u00f6n vasta ensimm\u00e4isen rahoituskierroksen j\u00e4lkeen.<\/strong><\/p>\n<p><!--HubSpot Call-to-Action Code --><span id=\"hs-cta-wrapper-6a755bf9-a1a9-4729-88a2-fbf39d5dd55e\" class=\"hs-cta-wrapper\"><span id=\"hs-cta-6a755bf9-a1a9-4729-88a2-fbf39d5dd55e\" class=\"hs-cta-node hs-cta-6a755bf9-a1a9-4729-88a2-fbf39d5dd55e\"><!-- [if lte IE 8]&gt;--><\/span><\/span><\/p>\n<div id=\"hs-cta-ie-element\"><\/div>\n<p><a href=\"https:\/\/hubspot-cta-redirect-eu1-prod.s3.amazonaws.com\/cta\/redirect\/25765051\/6a755bf9-a1a9-4729-88a2-fbf39d5dd55e\"><img decoding=\"async\" id=\"hs-cta-img-6a755bf9-a1a9-4729-88a2-fbf39d5dd55e\" class=\"hs-cta-img\" style=\"border-width: 0px\" src=\"https:\/\/hubspot-no-cache-eu1-prod.s3.amazonaws.com\/cta\/default\/25765051\/6a755bf9-a1a9-4729-88a2-fbf39d5dd55e.png\" alt=\"Ota yhteytt\u00e4\" \/><\/a><!-- end HubSpot Call-to-Action Code --><\/p><\/blockquote>\n<p>&nbsp;<\/p>\n<p>&nbsp;<\/p>\n<h1>Oikeudellista neuvontaa yrityksesi kaikkiin vaiheisiin<\/h1>\n<p><strong>Yrityksen perustaminen ja omistussuhteiden sopiminen<\/strong><\/p>\n<p>Autamme sinua yrityksen perustamisessa ja rekister\u00f6inniss\u00e4, yhti\u00f6j\u00e4rjestyksen ja muiden asiakirjojen, kuten osakassopimuksen laatimisessa. Neuvomme ja opastamme sinua kaikissa asioissa, jotka sinun tulisi tiet\u00e4\u00e4 yrityst\u00e4 perustettaessa.<\/p>\n<p><strong>Immateriaalioikeudet<\/strong><\/p>\n<p>Autamme sinua ymm\u00e4rt\u00e4m\u00e4\u00e4n, mitk\u00e4 ovat keskeisimm\u00e4t tavaramerkkisi ja tekij\u00e4noikeutesi ja miten ne kannattaa suojata. Varmistamme my\u00f6s, ett\u00e4 sinulla on kaikki tarvittavat oikeudet ja lisenssit ideoidesi, suunnittelusi ja innovaatioidesi suojaamiseen.<\/p>\n<p><strong>Ty\u00f6oikeus<\/strong><\/p>\n<p>Autamme sinua kaikissa ty\u00f6ntekij\u00f6ihin liittyviss\u00e4 asioissa, kuten asianmukaisten ty\u00f6sopimusten, kannustinj\u00e4rjestelmien ja vakiok\u00e4yt\u00e4nt\u00f6jen laatimisessa. Neuvomme my\u00f6s ty\u00f6nantajavelvoitteiden t\u00e4ytt\u00e4misess\u00e4.<\/p>\n<p><strong>Kaupalliset sopimukset ja liiketoiminnan harjoittaminen<\/strong><\/p>\n<p>Autamme sinua erilaisten kaupallisten sopimusten laatimisessa ja neuvottelemisessa sek\u00e4 muissa yrityksen p\u00e4ivitt\u00e4isiss\u00e4 oikeudellisissa tarpeissa.<\/p>\n<p><strong>Liiketoiminnan rahoitus<\/strong><\/p>\n<p>Autamme sinua ymm\u00e4rt\u00e4m\u00e4\u00e4n erilaisia rahoitusmenetelmi\u00e4, neuvottelemaan erilaisten sijoittajien kanssa ja laatimaan tarvittavat asiakirjat. Autamme my\u00f6s datahuoneen perustamisessa ja due diligence -prosessien hoitamisessa.<\/p>\n<p><strong>Yrityskaupat ja sulautumiset<\/strong><\/p>\n<p>Autamme sinua yrityksen myyntiin, ostoon, rahoituskierrokseen tai p\u00f6rssilistautumiseen liittyviss\u00e4 neuvotteluissa ja tarvittavien sopimusten ja asiakirjojen laatimisessa.<\/p>\n<h1>Miksi NORDIA Law?<\/h1>\n<p>Olemme pohjoismainen asianajotoimisto ja henkil\u00f6st\u00f6mme koostuu nykyaikaisista ja mutkattomista juristeista ja asianajajista. Toimistomme sijaitsevat Suomessa, Ruotsissa, Norjassa ja Tanskassa. Palveluihimme kuuluvat mm. yhti\u00f6oikeuteen, yrityskauppoihin, sopimusoikeuteen ja riitojen ratkaisuun liittyv\u00e4t asiat.<\/p>\n<p>Neuvomme yrityksi\u00e4 ja p\u00e4\u00e4omasijoittajia sijoitusj\u00e4rjestelyiss\u00e4, yritysostoissa, due diligence -tarkastuksissa, sopimusneuvotteluissa ja s\u00e4\u00e4ntelyyn liittyviss\u00e4 kysymyksiss\u00e4. Meill\u00e4 on vahva osaaminen erityisesti pienten ja keskisuurten yrityskauppojen ja rahoituskierrosten hoitamisesta. Asiakkaamme ovat sek\u00e4 paikallisia ett\u00e4 kansainv\u00e4lisi\u00e4 yrityksi\u00e4 aina startup-yrityksist\u00e4 suuriin kansainv\u00e4lisiin yrityksiin.<\/p>\n<p>Tiimimme hoitaa usein teknologiaan liittyvi\u00e4 liiketoimia, riita-asioita, ulkoistamisj\u00e4rjestelyj\u00e4, lisensointeja sek\u00e4 monimutkaisia kehitys- ja jakelusopimuksia. Tiimimme on tunnettu laajasta kokemuksestaan teknologia- ja pelialan asiakkaiden edustajana.<\/p>\n<p>Kilpailuetumme suurempiin asianajotoimistoihin verrattuna on ketteryytemme. Meill\u00e4 toimeksiantoasi hoitavat juristit, joilla on laaja kokemus kyseisest\u00e4 oikeudenalasta. Pid\u00e4mme tiimimme pienen\u00e4 ja toimimme tavalla, jota on vaikea p\u00e4ihitt\u00e4\u00e4 tehokkuuden, kustannusten ja laadun suhteen.<\/p>\n<p><a href=\"https:\/\/nordialaw.com\/fi\/case-yrityskauppa-savage\/\">Lue, mit\u00e4 asiakkaamme meist\u00e4 sanovat.<\/a><\/p>\n<\/div>\n\t\t\t        <\/div>\n    <\/section>\n","protected":false},"excerpt":{"rendered":"","protected":false},"author":8,"featured_media":12008,"parent":1365,"menu_order":0,"comment_status":"closed","ping_status":"closed","template":"","meta":{"_acf_changed":false,"content-type":"landing-page","footnotes":""},"class_list":["post-12247","page","type-page","status-publish","has-post-thumbnail","hentry"],"acf":[],"yoast_head":"<!-- This site is optimized with the Yoast SEO plugin v27.3 - https:\/\/yoast.com\/product\/yoast-seo-wordpress\/ -->\n<title>Palvelumme startup-yrityksille - Nordia Law<\/title>\n<meta name=\"description\" content=\"Oikeudellinen neuvonantajasi yrityksesi kaikissa vaiheissa \u2013 aina yrityksen perustamisesta sen myymiseen ja kaikkeen silt\u00e4 v\u00e4lilt\u00e4.\" \/>\n<meta name=\"robots\" content=\"index, follow, max-snippet:-1, max-image-preview:large, max-video-preview:-1\" \/>\n<link rel=\"canonical\" href=\"https:\/\/nordialaw.com\/practice-areas\/startups\/\" \/>\n<meta property=\"og:locale\" content=\"fi_FI\" \/>\n<meta property=\"og:type\" content=\"article\" \/>\n<meta property=\"og:title\" content=\"Palvelumme startup-yrityksille - Nordia Law\" \/>\n<meta property=\"og:description\" content=\"Oikeudellinen neuvonantajasi yrityksesi kaikissa vaiheissa \u2013 aina yrityksen perustamisesta sen myymiseen ja kaikkeen silt\u00e4 v\u00e4lilt\u00e4.\" \/>\n<meta property=\"og:url\" content=\"https:\/\/nordialaw.com\/practice-areas\/startups\/\" \/>\n<meta property=\"og:site_name\" content=\"Nordia Law\" \/>\n<meta property=\"article:modified_time\" content=\"2022-10-25T09:23:26+00:00\" \/>\n<meta property=\"og:image\" content=\"https:\/\/nordialaw.com\/wp-content\/uploads\/2022\/09\/Feature-image-gaming.png\" \/>\n\t<meta property=\"og:image:width\" content=\"402\" \/>\n\t<meta property=\"og:image:height\" content=\"283\" \/>\n\t<meta property=\"og:image:type\" content=\"image\/png\" \/>\n<meta name=\"twitter:card\" content=\"summary_large_image\" \/>\n<script type=\"application\/ld+json\" class=\"yoast-schema-graph\">{\"@context\":\"https:\\\/\\\/schema.org\",\"@graph\":[{\"@type\":\"WebPage\",\"@id\":\"https:\\\/\\\/nordialaw.com\\\/practice-areas\\\/startups\\\/\",\"url\":\"https:\\\/\\\/nordialaw.com\\\/practice-areas\\\/startups\\\/\",\"name\":\"Palvelumme startup-yrityksille - Nordia Law\",\"isPartOf\":{\"@id\":\"https:\\\/\\\/nordialaw.com\\\/#website\"},\"primaryImageOfPage\":{\"@id\":\"https:\\\/\\\/nordialaw.com\\\/practice-areas\\\/startups\\\/#primaryimage\"},\"image\":{\"@id\":\"https:\\\/\\\/nordialaw.com\\\/practice-areas\\\/startups\\\/#primaryimage\"},\"thumbnailUrl\":\"https:\\\/\\\/nordialaw.com\\\/wp-content\\\/uploads\\\/2022\\\/09\\\/Feature-image-gaming.png\",\"datePublished\":\"2022-10-10T10:27:10+00:00\",\"dateModified\":\"2022-10-25T09:23:26+00:00\",\"description\":\"Oikeudellinen neuvonantajasi yrityksesi kaikissa vaiheissa \u2013 aina yrityksen perustamisesta sen myymiseen ja kaikkeen silt\u00e4 v\u00e4lilt\u00e4.\",\"breadcrumb\":{\"@id\":\"https:\\\/\\\/nordialaw.com\\\/practice-areas\\\/startups\\\/#breadcrumb\"},\"inLanguage\":\"fi\",\"potentialAction\":[{\"@type\":\"ReadAction\",\"target\":[\"https:\\\/\\\/nordialaw.com\\\/practice-areas\\\/startups\\\/\"]}]},{\"@type\":\"ImageObject\",\"inLanguage\":\"fi\",\"@id\":\"https:\\\/\\\/nordialaw.com\\\/practice-areas\\\/startups\\\/#primaryimage\",\"url\":\"https:\\\/\\\/nordialaw.com\\\/wp-content\\\/uploads\\\/2022\\\/09\\\/Feature-image-gaming.png\",\"contentUrl\":\"https:\\\/\\\/nordialaw.com\\\/wp-content\\\/uploads\\\/2022\\\/09\\\/Feature-image-gaming.png\",\"width\":402,\"height\":283,\"caption\":\"Portrait of a developer.\"},{\"@type\":\"BreadcrumbList\",\"@id\":\"https:\\\/\\\/nordialaw.com\\\/practice-areas\\\/startups\\\/#breadcrumb\",\"itemListElement\":[{\"@type\":\"ListItem\",\"position\":1,\"name\":\"Home\",\"item\":\"https:\\\/\\\/nordialaw.com\\\/fi\\\/\"},{\"@type\":\"ListItem\",\"position\":2,\"name\":\"Palvelut\",\"item\":\"https:\\\/\\\/nordialaw.com\\\/fi\\\/palvelut\\\/\"},{\"@type\":\"ListItem\",\"position\":3,\"name\":\"Palvelumme startup-yrityksille\"}]},{\"@type\":\"WebSite\",\"@id\":\"https:\\\/\\\/nordialaw.com\\\/#website\",\"url\":\"https:\\\/\\\/nordialaw.com\\\/\",\"name\":\"Nordia Law\",\"description\":\"\",\"publisher\":{\"@id\":\"https:\\\/\\\/nordialaw.com\\\/#organization\"},\"potentialAction\":[{\"@type\":\"SearchAction\",\"target\":{\"@type\":\"EntryPoint\",\"urlTemplate\":\"https:\\\/\\\/nordialaw.com\\\/?s={search_term_string}\"},\"query-input\":{\"@type\":\"PropertyValueSpecification\",\"valueRequired\":true,\"valueName\":\"search_term_string\"}}],\"inLanguage\":\"fi\"},{\"@type\":\"Organization\",\"@id\":\"https:\\\/\\\/nordialaw.com\\\/#organization\",\"name\":\"Nordia Law\",\"url\":\"https:\\\/\\\/nordialaw.com\\\/\",\"logo\":{\"@type\":\"ImageObject\",\"inLanguage\":\"fi\",\"@id\":\"https:\\\/\\\/nordialaw.com\\\/#\\\/schema\\\/logo\\\/image\\\/\",\"url\":\"https:\\\/\\\/nordialaw.com\\\/wp-content\\\/uploads\\\/2021\\\/09\\\/Layer-1.svg\",\"contentUrl\":\"https:\\\/\\\/nordialaw.com\\\/wp-content\\\/uploads\\\/2021\\\/09\\\/Layer-1.svg\",\"width\":197,\"height\":45,\"caption\":\"Nordia Law\"},\"image\":{\"@id\":\"https:\\\/\\\/nordialaw.com\\\/#\\\/schema\\\/logo\\\/image\\\/\"}}]}<\/script>\n<!-- \/ Yoast SEO plugin. -->","yoast_head_json":{"title":"Palvelumme startup-yrityksille - Nordia Law","description":"Oikeudellinen neuvonantajasi yrityksesi kaikissa vaiheissa \u2013 aina yrityksen perustamisesta sen myymiseen ja kaikkeen silt\u00e4 v\u00e4lilt\u00e4.","robots":{"index":"index","follow":"follow","max-snippet":"max-snippet:-1","max-image-preview":"max-image-preview:large","max-video-preview":"max-video-preview:-1"},"canonical":"https:\/\/nordialaw.com\/practice-areas\/startups\/","og_locale":"fi_FI","og_type":"article","og_title":"Palvelumme startup-yrityksille - Nordia Law","og_description":"Oikeudellinen neuvonantajasi yrityksesi kaikissa vaiheissa \u2013 aina yrityksen perustamisesta sen myymiseen ja kaikkeen silt\u00e4 v\u00e4lilt\u00e4.","og_url":"https:\/\/nordialaw.com\/practice-areas\/startups\/","og_site_name":"Nordia Law","article_modified_time":"2022-10-25T09:23:26+00:00","og_image":[{"width":402,"height":283,"url":"https:\/\/nordialaw.com\/wp-content\/uploads\/2022\/09\/Feature-image-gaming.png","type":"image\/png"}],"twitter_card":"summary_large_image","schema":{"@context":"https:\/\/schema.org","@graph":[{"@type":"WebPage","@id":"https:\/\/nordialaw.com\/practice-areas\/startups\/","url":"https:\/\/nordialaw.com\/practice-areas\/startups\/","name":"Palvelumme startup-yrityksille - Nordia Law","isPartOf":{"@id":"https:\/\/nordialaw.com\/#website"},"primaryImageOfPage":{"@id":"https:\/\/nordialaw.com\/practice-areas\/startups\/#primaryimage"},"image":{"@id":"https:\/\/nordialaw.com\/practice-areas\/startups\/#primaryimage"},"thumbnailUrl":"https:\/\/nordialaw.com\/wp-content\/uploads\/2022\/09\/Feature-image-gaming.png","datePublished":"2022-10-10T10:27:10+00:00","dateModified":"2022-10-25T09:23:26+00:00","description":"Oikeudellinen neuvonantajasi yrityksesi kaikissa vaiheissa \u2013 aina yrityksen perustamisesta sen myymiseen ja kaikkeen silt\u00e4 v\u00e4lilt\u00e4.","breadcrumb":{"@id":"https:\/\/nordialaw.com\/practice-areas\/startups\/#breadcrumb"},"inLanguage":"fi","potentialAction":[{"@type":"ReadAction","target":["https:\/\/nordialaw.com\/practice-areas\/startups\/"]}]},{"@type":"ImageObject","inLanguage":"fi","@id":"https:\/\/nordialaw.com\/practice-areas\/startups\/#primaryimage","url":"https:\/\/nordialaw.com\/wp-content\/uploads\/2022\/09\/Feature-image-gaming.png","contentUrl":"https:\/\/nordialaw.com\/wp-content\/uploads\/2022\/09\/Feature-image-gaming.png","width":402,"height":283,"caption":"Portrait of a developer."},{"@type":"BreadcrumbList","@id":"https:\/\/nordialaw.com\/practice-areas\/startups\/#breadcrumb","itemListElement":[{"@type":"ListItem","position":1,"name":"Home","item":"https:\/\/nordialaw.com\/fi\/"},{"@type":"ListItem","position":2,"name":"Palvelut","item":"https:\/\/nordialaw.com\/fi\/palvelut\/"},{"@type":"ListItem","position":3,"name":"Palvelumme startup-yrityksille"}]},{"@type":"WebSite","@id":"https:\/\/nordialaw.com\/#website","url":"https:\/\/nordialaw.com\/","name":"Nordia Law","description":"","publisher":{"@id":"https:\/\/nordialaw.com\/#organization"},"potentialAction":[{"@type":"SearchAction","target":{"@type":"EntryPoint","urlTemplate":"https:\/\/nordialaw.com\/?s={search_term_string}"},"query-input":{"@type":"PropertyValueSpecification","valueRequired":true,"valueName":"search_term_string"}}],"inLanguage":"fi"},{"@type":"Organization","@id":"https:\/\/nordialaw.com\/#organization","name":"Nordia Law","url":"https:\/\/nordialaw.com\/","logo":{"@type":"ImageObject","inLanguage":"fi","@id":"https:\/\/nordialaw.com\/#\/schema\/logo\/image\/","url":"https:\/\/nordialaw.com\/wp-content\/uploads\/2021\/09\/Layer-1.svg","contentUrl":"https:\/\/nordialaw.com\/wp-content\/uploads\/2021\/09\/Layer-1.svg","width":197,"height":45,"caption":"Nordia Law"},"image":{"@id":"https:\/\/nordialaw.com\/#\/schema\/logo\/image\/"}}]}},"_links":{"self":[{"href":"https:\/\/nordialaw.com\/fi\/wp-json\/wp\/v2\/pages\/12247","targetHints":{"allow":["GET"]}}],"collection":[{"href":"https:\/\/nordialaw.com\/fi\/wp-json\/wp\/v2\/pages"}],"about":[{"href":"https:\/\/nordialaw.com\/fi\/wp-json\/wp\/v2\/types\/page"}],"author":[{"embeddable":true,"href":"https:\/\/nordialaw.com\/fi\/wp-json\/wp\/v2\/users\/8"}],"replies":[{"embeddable":true,"href":"https:\/\/nordialaw.com\/fi\/wp-json\/wp\/v2\/comments?post=12247"}],"version-history":[{"count":9,"href":"https:\/\/nordialaw.com\/fi\/wp-json\/wp\/v2\/pages\/12247\/revisions"}],"predecessor-version":[{"id":12361,"href":"https:\/\/nordialaw.com\/fi\/wp-json\/wp\/v2\/pages\/12247\/revisions\/12361"}],"up":[{"embeddable":true,"href":"https:\/\/nordialaw.com\/fi\/wp-json\/wp\/v2\/pages\/1365"}],"wp:featuredmedia":[{"embeddable":true,"href":"https:\/\/nordialaw.com\/fi\/wp-json\/wp\/v2\/media\/12008"}],"wp:attachment":[{"href":"https:\/\/nordialaw.com\/fi\/wp-json\/wp\/v2\/media?parent=12247"}],"curies":[{"name":"wp","href":"https:\/\/api.w.org\/{rel}","templated":true}]}}