{"id":12296,"date":"2022-10-13T11:40:35","date_gmt":"2022-10-13T11:40:35","guid":{"rendered":"https:\/\/nordialaw.com\/?page_id=12296"},"modified":"2022-10-25T09:32:18","modified_gmt":"2022-10-25T09:32:18","slug":"sijoittajille","status":"publish","type":"page","link":"https:\/\/nordialaw.com\/fi\/palvelut\/sijoittajille\/","title":{"rendered":"Palvelumme sijoittajille"},"content":{"rendered":"<div class=\"title-excerpt\">\n\t        <h1 class=\"title-excerpt__title\">Palvelumme sijoittajille<\/h1>\n\t\n\t<\/div>\n\n    <section class=\"image-text \">\n        <!--\t--><!-- -->\n        <div class=\"image-text__container grid-container\">\n\t\t\t\n\t\t\t                <div class=\"image-text__content \"><p>Toimimme sijoittajien ja p\u00e4\u00e4omasijoittajien oikeudellisena neuvonantajana liiketoimien ja rahoituskierrosten eri vaiheissa. Avustamme yrityskaupan, rahoituskierroksen ja v\u00e4hemmist\u00f6sijoituksen suunnittelussa, <a href=\"https:\/\/nordialaw.com\/fi\/valmistaudu-due-diligence-tarkastukseen\/\">due diligence -tarkastuksessa<\/a> ja aiesopimuksen sek\u00e4 yrityskauppasopimuksen laatimisessa. Neuvomme my\u00f6s yrityskaupan j\u00e4lkeisiss\u00e4 vaiheissa ja hoidamme tarvittavat ilmoitukset viranomaisille.<\/p>\n<ul>\n<li>Suoritamme oikeudellisen due diligence -tarkastuksen yrityksest\u00e4, johon aiot sijoittaa.<\/li>\n<li>Laadimme tai tarkistamme tarvittavat oikeudelliset asiakirjat.<\/li>\n<li>Neuvomme sinua ennen sijoituskierrosta ja sen aikana.<\/li>\n<li>Neuvottelemme yhdess\u00e4 kanssasi tai puolestasi yrityksen kanssa, johon aiot sijoittaa.<\/li>\n<\/ul>\n<p>&nbsp;<\/p>\n<h1>Oletko sijoittamassa pohjoismaiseen yritykseen tai ulkomailla sijaitsevaan yritykseen Pohjoismaista?<\/h1>\n<p>Tunnemme sek\u00e4 pohjoismaisen ett\u00e4 kansainv\u00e4lisen lains\u00e4\u00e4d\u00e4nn\u00f6n ja voimme neuvoa sinua niiden v\u00e4lisiss\u00e4 eroissa. <a href=\"https:\/\/nordialaw.com\/fi\/tietoa-meista\/international-memberships\/\">Tarpeistasi riippuen voimme hy\u00f6dynt\u00e4\u00e4 my\u00f6s kansainv\u00e4list\u00e4 asianajotoimistojen verkostoa.<\/a><\/p>\n<p><!--HubSpot Call-to-Action Code --><span id=\"hs-cta-wrapper-6a755bf9-a1a9-4729-88a2-fbf39d5dd55e\" class=\"hs-cta-wrapper\"><span id=\"hs-cta-6a755bf9-a1a9-4729-88a2-fbf39d5dd55e\" class=\"hs-cta-node hs-cta-6a755bf9-a1a9-4729-88a2-fbf39d5dd55e\"><!-- [if lte IE 8]&gt;--><\/span><\/span><\/p>\n<div id=\"hs-cta-ie-element\"><\/div>\n<p><a href=\"https:\/\/hubspot-cta-redirect-eu1-prod.s3.amazonaws.com\/cta\/redirect\/25765051\/6a755bf9-a1a9-4729-88a2-fbf39d5dd55e\"><img decoding=\"async\" id=\"hs-cta-img-6a755bf9-a1a9-4729-88a2-fbf39d5dd55e\" class=\"hs-cta-img\" style=\"border-width: 0px\" src=\"https:\/\/hubspot-no-cache-eu1-prod.s3.amazonaws.com\/cta\/default\/25765051\/6a755bf9-a1a9-4729-88a2-fbf39d5dd55e.png\" alt=\"Ota yhteytt\u00e4\" \/><\/a><!-- end HubSpot Call-to-Action Code --><\/p>\n<p>&nbsp;<\/p>\n<h1>Miksi NORDIA Law?<\/h1>\n<p>Olemme pohjoismainen asianajotoimisto ja henkil\u00f6st\u00f6mme koostuu nykyaikaisista ja mutkattomista juristeista ja asianajajista. Toimistomme sijaitsevat Suomessa, Ruotsissa, Norjassa ja Tanskassa. Palveluihimme kuuluvat mm. yhti\u00f6oikeuteen, yrityskauppoihin, sopimusoikeuteen, immateriaalioikeuteen ja riitojen ratkaisuun liittyv\u00e4t asiat.<\/p>\n<p>Neuvomme yrityksi\u00e4 ja p\u00e4\u00e4omasijoittajia sijoitusj\u00e4rjestelyiss\u00e4, yritysostoissa, due diligence -tarkastuksissa, sopimusneuvotteluissa ja s\u00e4\u00e4ntelyyn liittyviss\u00e4 kysymyksiss\u00e4. Meill\u00e4 on vahva osaaminen erityisesti pienten ja keskisuurten yrityskauppojen ja rahoituskierrosten hoitamisesta. Asiakkaamme ovat sek\u00e4 paikallisia ett\u00e4 kansainv\u00e4lisi\u00e4 yrityksi\u00e4 aina startup-yrityksist\u00e4 suuriin kansainv\u00e4lisiin yrityksiin.<\/p>\n<p>Kilpailuetumme suurempiin asianajotoimistoihin verrattuna on ketteryytemme. Meill\u00e4 toimeksiantoasi hoitavat juristit, joilla on laaja kokemus kyseisest\u00e4 oikeudenalasta. Pid\u00e4mme tiimimme pienen\u00e4 ja toimimme tavalla, jota on vaikea p\u00e4ihitt\u00e4\u00e4 tehokkuuden, kustannusten ja laadun suhteen.<\/p>\n<p><a href=\"https:\/\/nordialaw.com\/fi\/case-yrityskauppa-savage\/\">Lue, mit\u00e4 asiakkaamme meist\u00e4 sanovat.<\/a><\/p>\n<\/div>\n\t\t\t        <\/div>\n    <\/section>\n","protected":false},"excerpt":{"rendered":"","protected":false},"author":8,"featured_media":7346,"parent":1365,"menu_order":0,"comment_status":"closed","ping_status":"closed","template":"","meta":{"_acf_changed":false,"content-type":"landing-page","footnotes":""},"class_list":["post-12296","page","type-page","status-publish","has-post-thumbnail","hentry"],"acf":[],"yoast_head":"<!-- This site is optimized with the Yoast SEO plugin v27.2 - https:\/\/yoast.com\/product\/yoast-seo-wordpress\/ -->\n<title>Palvelumme sijoittajille - Nordia Law<\/title>\n<meta name=\"description\" content=\"Toimimme sijoittajien ja p\u00e4\u00e4omasijoittajien oikeudellisena neuvonantajana liiketoimien ja rahoituskierrosten eri vaiheissa. Lue lis\u00e4\u00e4.\" \/>\n<meta name=\"robots\" content=\"index, follow, max-snippet:-1, max-image-preview:large, max-video-preview:-1\" \/>\n<link rel=\"canonical\" href=\"https:\/\/nordialaw.com\/practice-areas\/investors\/\" \/>\n<meta property=\"og:locale\" content=\"fi_FI\" \/>\n<meta property=\"og:type\" content=\"article\" \/>\n<meta property=\"og:title\" content=\"Palvelumme sijoittajille - Nordia Law\" \/>\n<meta property=\"og:description\" content=\"Toimimme sijoittajien ja p\u00e4\u00e4omasijoittajien oikeudellisena neuvonantajana liiketoimien ja rahoituskierrosten eri vaiheissa. Lue lis\u00e4\u00e4.\" \/>\n<meta property=\"og:url\" content=\"https:\/\/nordialaw.com\/practice-areas\/investors\/\" \/>\n<meta property=\"og:site_name\" content=\"Nordia Law\" \/>\n<meta property=\"article:modified_time\" content=\"2022-10-25T09:32:18+00:00\" \/>\n<meta property=\"og:image\" content=\"https:\/\/nordialaw.com\/wp-content\/uploads\/2022\/02\/AdobeStock_375893262-scaled-e1645547062424.jpeg\" \/>\n\t<meta property=\"og:image:width\" content=\"2560\" \/>\n\t<meta property=\"og:image:height\" content=\"1696\" \/>\n\t<meta property=\"og:image:type\" content=\"image\/jpeg\" \/>\n<meta name=\"twitter:card\" content=\"summary_large_image\" \/>\n<script type=\"application\/ld+json\" class=\"yoast-schema-graph\">{\"@context\":\"https:\/\/schema.org\",\"@graph\":[{\"@type\":\"WebPage\",\"@id\":\"https:\/\/nordialaw.com\/practice-areas\/investors\/\",\"url\":\"https:\/\/nordialaw.com\/practice-areas\/investors\/\",\"name\":\"Palvelumme sijoittajille - Nordia Law\",\"isPartOf\":{\"@id\":\"https:\/\/nordialaw.com\/#website\"},\"primaryImageOfPage\":{\"@id\":\"https:\/\/nordialaw.com\/practice-areas\/investors\/#primaryimage\"},\"image\":{\"@id\":\"https:\/\/nordialaw.com\/practice-areas\/investors\/#primaryimage\"},\"thumbnailUrl\":\"https:\/\/nordialaw.com\/wp-content\/uploads\/2022\/02\/AdobeStock_375893262-scaled-e1645547062424.jpeg\",\"datePublished\":\"2022-10-13T11:40:35+00:00\",\"dateModified\":\"2022-10-25T09:32:18+00:00\",\"description\":\"Toimimme sijoittajien ja p\u00e4\u00e4omasijoittajien oikeudellisena neuvonantajana liiketoimien ja rahoituskierrosten eri vaiheissa. Lue lis\u00e4\u00e4.\",\"breadcrumb\":{\"@id\":\"https:\/\/nordialaw.com\/practice-areas\/investors\/#breadcrumb\"},\"inLanguage\":\"fi\",\"potentialAction\":[{\"@type\":\"ReadAction\",\"target\":[\"https:\/\/nordialaw.com\/practice-areas\/investors\/\"]}]},{\"@type\":\"ImageObject\",\"inLanguage\":\"fi\",\"@id\":\"https:\/\/nordialaw.com\/practice-areas\/investors\/#primaryimage\",\"url\":\"https:\/\/nordialaw.com\/wp-content\/uploads\/2022\/02\/AdobeStock_375893262-scaled-e1645547062424.jpeg\",\"contentUrl\":\"https:\/\/nordialaw.com\/wp-content\/uploads\/2022\/02\/AdobeStock_375893262-scaled-e1645547062424.jpeg\",\"width\":2560,\"height\":1696,\"caption\":\"Blue grungy background or texture\"},{\"@type\":\"BreadcrumbList\",\"@id\":\"https:\/\/nordialaw.com\/practice-areas\/investors\/#breadcrumb\",\"itemListElement\":[{\"@type\":\"ListItem\",\"position\":1,\"name\":\"Home\",\"item\":\"https:\/\/nordialaw.com\/fi\/\"},{\"@type\":\"ListItem\",\"position\":2,\"name\":\"Palvelut\",\"item\":\"https:\/\/nordialaw.com\/fi\/palvelut\/\"},{\"@type\":\"ListItem\",\"position\":3,\"name\":\"Palvelumme sijoittajille\"}]},{\"@type\":\"WebSite\",\"@id\":\"https:\/\/nordialaw.com\/#website\",\"url\":\"https:\/\/nordialaw.com\/\",\"name\":\"Nordia Law\",\"description\":\"\",\"publisher\":{\"@id\":\"https:\/\/nordialaw.com\/#organization\"},\"potentialAction\":[{\"@type\":\"SearchAction\",\"target\":{\"@type\":\"EntryPoint\",\"urlTemplate\":\"https:\/\/nordialaw.com\/?s={search_term_string}\"},\"query-input\":{\"@type\":\"PropertyValueSpecification\",\"valueRequired\":true,\"valueName\":\"search_term_string\"}}],\"inLanguage\":\"fi\"},{\"@type\":\"Organization\",\"@id\":\"https:\/\/nordialaw.com\/#organization\",\"name\":\"Nordia Law\",\"url\":\"https:\/\/nordialaw.com\/\",\"logo\":{\"@type\":\"ImageObject\",\"inLanguage\":\"fi\",\"@id\":\"https:\/\/nordialaw.com\/#\/schema\/logo\/image\/\",\"url\":\"https:\/\/nordialaw.com\/wp-content\/uploads\/2021\/09\/Layer-1.svg\",\"contentUrl\":\"https:\/\/nordialaw.com\/wp-content\/uploads\/2021\/09\/Layer-1.svg\",\"width\":197,\"height\":45,\"caption\":\"Nordia Law\"},\"image\":{\"@id\":\"https:\/\/nordialaw.com\/#\/schema\/logo\/image\/\"}}]}<\/script>\n<!-- \/ Yoast SEO plugin. -->","yoast_head_json":{"title":"Palvelumme sijoittajille - Nordia Law","description":"Toimimme sijoittajien ja p\u00e4\u00e4omasijoittajien oikeudellisena neuvonantajana liiketoimien ja rahoituskierrosten eri vaiheissa. Lue lis\u00e4\u00e4.","robots":{"index":"index","follow":"follow","max-snippet":"max-snippet:-1","max-image-preview":"max-image-preview:large","max-video-preview":"max-video-preview:-1"},"canonical":"https:\/\/nordialaw.com\/practice-areas\/investors\/","og_locale":"fi_FI","og_type":"article","og_title":"Palvelumme sijoittajille - Nordia Law","og_description":"Toimimme sijoittajien ja p\u00e4\u00e4omasijoittajien oikeudellisena neuvonantajana liiketoimien ja rahoituskierrosten eri vaiheissa. Lue lis\u00e4\u00e4.","og_url":"https:\/\/nordialaw.com\/practice-areas\/investors\/","og_site_name":"Nordia Law","article_modified_time":"2022-10-25T09:32:18+00:00","og_image":[{"width":2560,"height":1696,"url":"https:\/\/nordialaw.com\/wp-content\/uploads\/2022\/02\/AdobeStock_375893262-scaled-e1645547062424.jpeg","type":"image\/jpeg"}],"twitter_card":"summary_large_image","schema":{"@context":"https:\/\/schema.org","@graph":[{"@type":"WebPage","@id":"https:\/\/nordialaw.com\/practice-areas\/investors\/","url":"https:\/\/nordialaw.com\/practice-areas\/investors\/","name":"Palvelumme sijoittajille - Nordia Law","isPartOf":{"@id":"https:\/\/nordialaw.com\/#website"},"primaryImageOfPage":{"@id":"https:\/\/nordialaw.com\/practice-areas\/investors\/#primaryimage"},"image":{"@id":"https:\/\/nordialaw.com\/practice-areas\/investors\/#primaryimage"},"thumbnailUrl":"https:\/\/nordialaw.com\/wp-content\/uploads\/2022\/02\/AdobeStock_375893262-scaled-e1645547062424.jpeg","datePublished":"2022-10-13T11:40:35+00:00","dateModified":"2022-10-25T09:32:18+00:00","description":"Toimimme sijoittajien ja p\u00e4\u00e4omasijoittajien oikeudellisena neuvonantajana liiketoimien ja rahoituskierrosten eri vaiheissa. Lue lis\u00e4\u00e4.","breadcrumb":{"@id":"https:\/\/nordialaw.com\/practice-areas\/investors\/#breadcrumb"},"inLanguage":"fi","potentialAction":[{"@type":"ReadAction","target":["https:\/\/nordialaw.com\/practice-areas\/investors\/"]}]},{"@type":"ImageObject","inLanguage":"fi","@id":"https:\/\/nordialaw.com\/practice-areas\/investors\/#primaryimage","url":"https:\/\/nordialaw.com\/wp-content\/uploads\/2022\/02\/AdobeStock_375893262-scaled-e1645547062424.jpeg","contentUrl":"https:\/\/nordialaw.com\/wp-content\/uploads\/2022\/02\/AdobeStock_375893262-scaled-e1645547062424.jpeg","width":2560,"height":1696,"caption":"Blue grungy background or texture"},{"@type":"BreadcrumbList","@id":"https:\/\/nordialaw.com\/practice-areas\/investors\/#breadcrumb","itemListElement":[{"@type":"ListItem","position":1,"name":"Home","item":"https:\/\/nordialaw.com\/fi\/"},{"@type":"ListItem","position":2,"name":"Palvelut","item":"https:\/\/nordialaw.com\/fi\/palvelut\/"},{"@type":"ListItem","position":3,"name":"Palvelumme sijoittajille"}]},{"@type":"WebSite","@id":"https:\/\/nordialaw.com\/#website","url":"https:\/\/nordialaw.com\/","name":"Nordia Law","description":"","publisher":{"@id":"https:\/\/nordialaw.com\/#organization"},"potentialAction":[{"@type":"SearchAction","target":{"@type":"EntryPoint","urlTemplate":"https:\/\/nordialaw.com\/?s={search_term_string}"},"query-input":{"@type":"PropertyValueSpecification","valueRequired":true,"valueName":"search_term_string"}}],"inLanguage":"fi"},{"@type":"Organization","@id":"https:\/\/nordialaw.com\/#organization","name":"Nordia Law","url":"https:\/\/nordialaw.com\/","logo":{"@type":"ImageObject","inLanguage":"fi","@id":"https:\/\/nordialaw.com\/#\/schema\/logo\/image\/","url":"https:\/\/nordialaw.com\/wp-content\/uploads\/2021\/09\/Layer-1.svg","contentUrl":"https:\/\/nordialaw.com\/wp-content\/uploads\/2021\/09\/Layer-1.svg","width":197,"height":45,"caption":"Nordia Law"},"image":{"@id":"https:\/\/nordialaw.com\/#\/schema\/logo\/image\/"}}]}},"_links":{"self":[{"href":"https:\/\/nordialaw.com\/fi\/wp-json\/wp\/v2\/pages\/12296","targetHints":{"allow":["GET"]}}],"collection":[{"href":"https:\/\/nordialaw.com\/fi\/wp-json\/wp\/v2\/pages"}],"about":[{"href":"https:\/\/nordialaw.com\/fi\/wp-json\/wp\/v2\/types\/page"}],"author":[{"embeddable":true,"href":"https:\/\/nordialaw.com\/fi\/wp-json\/wp\/v2\/users\/8"}],"replies":[{"embeddable":true,"href":"https:\/\/nordialaw.com\/fi\/wp-json\/wp\/v2\/comments?post=12296"}],"version-history":[{"count":8,"href":"https:\/\/nordialaw.com\/fi\/wp-json\/wp\/v2\/pages\/12296\/revisions"}],"predecessor-version":[{"id":14468,"href":"https:\/\/nordialaw.com\/fi\/wp-json\/wp\/v2\/pages\/12296\/revisions\/14468"}],"up":[{"embeddable":true,"href":"https:\/\/nordialaw.com\/fi\/wp-json\/wp\/v2\/pages\/1365"}],"wp:featuredmedia":[{"embeddable":true,"href":"https:\/\/nordialaw.com\/fi\/wp-json\/wp\/v2\/media\/7346"}],"wp:attachment":[{"href":"https:\/\/nordialaw.com\/fi\/wp-json\/wp\/v2\/media?parent=12296"}],"curies":[{"name":"wp","href":"https:\/\/api.w.org\/{rel}","templated":true}]}}