{"id":1357,"date":"2021-10-13T13:09:44","date_gmt":"2021-10-13T18:09:44","guid":{"rendered":"https:\/\/nordialaw.dev.kodeks.no\/people-page\/"},"modified":"2022-05-04T06:53:32","modified_gmt":"2022-05-04T11:53:32","slug":"henkilosto","status":"publish","type":"page","link":"https:\/\/nordialaw.com\/fi\/henkilosto\/","title":{"rendered":"Henkil\u00f6st\u00f6"},"content":{"rendered":"<div class=\"title-excerpt\">\n\t        <h1 class=\"title-excerpt__title\">Henkil\u00f6st\u00f6<\/h1>\n\t\n\t<\/div>\n\n\n<p><\/p>\n\n\n    <section class=\"image-text \">\n        <!--\t--><!-- -->\n        <div class=\"image-text__container grid-container\">\n\t\t\t\n\t\t\t                <div class=\"image-text__content \"><p style=\"text-align: center\">Henkil\u00f6st\u00f6mme koostuu dynaamisista, mutkattomista ja helposti l\u00e4hestytt\u00e4vist\u00e4 asianajajista, juristeista ja avustavista henkil\u00f6ist\u00e4. Korkeatasoinen juridinen osaaminen, pitk\u00e4aikainen kokemus alalta ja halu ty\u00f6skennell\u00e4 juuri sinun hyv\u00e4ksesi, ovat yrityskulttuurimme ytimess\u00e4. Alla olevan hakutoiminnon avulla voit etsi\u00e4 henkil\u00f6it\u00e4mme toimistojen, palveluiden tai henkil\u00f6n nimen mukaan.<\/p>\n<p>&nbsp;<\/p>\n<\/div>\n\t\t\t        <\/div>\n    <\/section>\n","protected":false},"excerpt":{"rendered":"","protected":false},"author":6,"featured_media":0,"parent":0,"menu_order":0,"comment_status":"closed","ping_status":"closed","template":"templates\/template-people.php","meta":{"_acf_changed":false,"content-type":"","footnotes":""},"class_list":["post-1357","page","type-page","status-publish","hentry"],"acf":[],"yoast_head":"<!-- This site is optimized with the Yoast SEO plugin v27.3 - https:\/\/yoast.com\/product\/yoast-seo-wordpress\/ -->\n<title>Henkil\u00f6st\u00f6 - Nordia Law<\/title>\n<meta name=\"description\" content=\"Henkil\u00f6st\u00f6mme koostuu mutkattomista asianajajista, juristeista ja avustavista henkil\u00f6ist\u00e4.\" \/>\n<meta name=\"robots\" content=\"index, follow, max-snippet:-1, max-image-preview:large, max-video-preview:-1\" \/>\n<link rel=\"canonical\" href=\"https:\/\/nordialaw.com\/our-people\/\" \/>\n<meta property=\"og:locale\" content=\"fi_FI\" \/>\n<meta property=\"og:type\" content=\"article\" \/>\n<meta property=\"og:title\" content=\"Henkil\u00f6st\u00f6 - Nordia Law\" \/>\n<meta property=\"og:description\" content=\"Henkil\u00f6st\u00f6mme koostuu mutkattomista asianajajista, juristeista ja avustavista henkil\u00f6ist\u00e4.\" \/>\n<meta property=\"og:url\" content=\"https:\/\/nordialaw.com\/our-people\/\" \/>\n<meta property=\"og:site_name\" content=\"Nordia Law\" \/>\n<meta property=\"article:modified_time\" content=\"2022-05-04T11:53:32+00:00\" \/>\n<meta name=\"twitter:card\" content=\"summary_large_image\" \/>\n<script type=\"application\/ld+json\" class=\"yoast-schema-graph\">{\"@context\":\"https:\\\/\\\/schema.org\",\"@graph\":[{\"@type\":\"WebPage\",\"@id\":\"https:\\\/\\\/nordialaw.com\\\/our-people\\\/\",\"url\":\"https:\\\/\\\/nordialaw.com\\\/our-people\\\/\",\"name\":\"Henkil\u00f6st\u00f6 - Nordia Law\",\"isPartOf\":{\"@id\":\"https:\\\/\\\/nordialaw.com\\\/#website\"},\"datePublished\":\"2021-10-13T18:09:44+00:00\",\"dateModified\":\"2022-05-04T11:53:32+00:00\",\"description\":\"Henkil\u00f6st\u00f6mme koostuu mutkattomista asianajajista, juristeista ja avustavista henkil\u00f6ist\u00e4.\",\"breadcrumb\":{\"@id\":\"https:\\\/\\\/nordialaw.com\\\/our-people\\\/#breadcrumb\"},\"inLanguage\":\"fi\",\"potentialAction\":[{\"@type\":\"ReadAction\",\"target\":[\"https:\\\/\\\/nordialaw.com\\\/our-people\\\/\"]}]},{\"@type\":\"BreadcrumbList\",\"@id\":\"https:\\\/\\\/nordialaw.com\\\/our-people\\\/#breadcrumb\",\"itemListElement\":[{\"@type\":\"ListItem\",\"position\":1,\"name\":\"Home\",\"item\":\"https:\\\/\\\/nordialaw.com\\\/fi\\\/\"},{\"@type\":\"ListItem\",\"position\":2,\"name\":\"Henkil\u00f6st\u00f6\"}]},{\"@type\":\"WebSite\",\"@id\":\"https:\\\/\\\/nordialaw.com\\\/#website\",\"url\":\"https:\\\/\\\/nordialaw.com\\\/\",\"name\":\"Nordia Law\",\"description\":\"\",\"publisher\":{\"@id\":\"https:\\\/\\\/nordialaw.com\\\/#organization\"},\"potentialAction\":[{\"@type\":\"SearchAction\",\"target\":{\"@type\":\"EntryPoint\",\"urlTemplate\":\"https:\\\/\\\/nordialaw.com\\\/?s={search_term_string}\"},\"query-input\":{\"@type\":\"PropertyValueSpecification\",\"valueRequired\":true,\"valueName\":\"search_term_string\"}}],\"inLanguage\":\"fi\"},{\"@type\":\"Organization\",\"@id\":\"https:\\\/\\\/nordialaw.com\\\/#organization\",\"name\":\"Nordia Law\",\"url\":\"https:\\\/\\\/nordialaw.com\\\/\",\"logo\":{\"@type\":\"ImageObject\",\"inLanguage\":\"fi\",\"@id\":\"https:\\\/\\\/nordialaw.com\\\/#\\\/schema\\\/logo\\\/image\\\/\",\"url\":\"https:\\\/\\\/nordialaw.com\\\/wp-content\\\/uploads\\\/2021\\\/09\\\/Layer-1.svg\",\"contentUrl\":\"https:\\\/\\\/nordialaw.com\\\/wp-content\\\/uploads\\\/2021\\\/09\\\/Layer-1.svg\",\"width\":197,\"height\":45,\"caption\":\"Nordia Law\"},\"image\":{\"@id\":\"https:\\\/\\\/nordialaw.com\\\/#\\\/schema\\\/logo\\\/image\\\/\"}}]}<\/script>\n<!-- \/ Yoast SEO plugin. -->","yoast_head_json":{"title":"Henkil\u00f6st\u00f6 - Nordia Law","description":"Henkil\u00f6st\u00f6mme koostuu mutkattomista asianajajista, juristeista ja avustavista henkil\u00f6ist\u00e4.","robots":{"index":"index","follow":"follow","max-snippet":"max-snippet:-1","max-image-preview":"max-image-preview:large","max-video-preview":"max-video-preview:-1"},"canonical":"https:\/\/nordialaw.com\/our-people\/","og_locale":"fi_FI","og_type":"article","og_title":"Henkil\u00f6st\u00f6 - Nordia Law","og_description":"Henkil\u00f6st\u00f6mme koostuu mutkattomista asianajajista, juristeista ja avustavista henkil\u00f6ist\u00e4.","og_url":"https:\/\/nordialaw.com\/our-people\/","og_site_name":"Nordia Law","article_modified_time":"2022-05-04T11:53:32+00:00","twitter_card":"summary_large_image","schema":{"@context":"https:\/\/schema.org","@graph":[{"@type":"WebPage","@id":"https:\/\/nordialaw.com\/our-people\/","url":"https:\/\/nordialaw.com\/our-people\/","name":"Henkil\u00f6st\u00f6 - Nordia Law","isPartOf":{"@id":"https:\/\/nordialaw.com\/#website"},"datePublished":"2021-10-13T18:09:44+00:00","dateModified":"2022-05-04T11:53:32+00:00","description":"Henkil\u00f6st\u00f6mme koostuu mutkattomista asianajajista, juristeista ja avustavista henkil\u00f6ist\u00e4.","breadcrumb":{"@id":"https:\/\/nordialaw.com\/our-people\/#breadcrumb"},"inLanguage":"fi","potentialAction":[{"@type":"ReadAction","target":["https:\/\/nordialaw.com\/our-people\/"]}]},{"@type":"BreadcrumbList","@id":"https:\/\/nordialaw.com\/our-people\/#breadcrumb","itemListElement":[{"@type":"ListItem","position":1,"name":"Home","item":"https:\/\/nordialaw.com\/fi\/"},{"@type":"ListItem","position":2,"name":"Henkil\u00f6st\u00f6"}]},{"@type":"WebSite","@id":"https:\/\/nordialaw.com\/#website","url":"https:\/\/nordialaw.com\/","name":"Nordia Law","description":"","publisher":{"@id":"https:\/\/nordialaw.com\/#organization"},"potentialAction":[{"@type":"SearchAction","target":{"@type":"EntryPoint","urlTemplate":"https:\/\/nordialaw.com\/?s={search_term_string}"},"query-input":{"@type":"PropertyValueSpecification","valueRequired":true,"valueName":"search_term_string"}}],"inLanguage":"fi"},{"@type":"Organization","@id":"https:\/\/nordialaw.com\/#organization","name":"Nordia Law","url":"https:\/\/nordialaw.com\/","logo":{"@type":"ImageObject","inLanguage":"fi","@id":"https:\/\/nordialaw.com\/#\/schema\/logo\/image\/","url":"https:\/\/nordialaw.com\/wp-content\/uploads\/2021\/09\/Layer-1.svg","contentUrl":"https:\/\/nordialaw.com\/wp-content\/uploads\/2021\/09\/Layer-1.svg","width":197,"height":45,"caption":"Nordia Law"},"image":{"@id":"https:\/\/nordialaw.com\/#\/schema\/logo\/image\/"}}]}},"_links":{"self":[{"href":"https:\/\/nordialaw.com\/fi\/wp-json\/wp\/v2\/pages\/1357","targetHints":{"allow":["GET"]}}],"collection":[{"href":"https:\/\/nordialaw.com\/fi\/wp-json\/wp\/v2\/pages"}],"about":[{"href":"https:\/\/nordialaw.com\/fi\/wp-json\/wp\/v2\/types\/page"}],"author":[{"embeddable":true,"href":"https:\/\/nordialaw.com\/fi\/wp-json\/wp\/v2\/users\/6"}],"replies":[{"embeddable":true,"href":"https:\/\/nordialaw.com\/fi\/wp-json\/wp\/v2\/comments?post=1357"}],"version-history":[{"count":9,"href":"https:\/\/nordialaw.com\/fi\/wp-json\/wp\/v2\/pages\/1357\/revisions"}],"predecessor-version":[{"id":11053,"href":"https:\/\/nordialaw.com\/fi\/wp-json\/wp\/v2\/pages\/1357\/revisions\/11053"}],"wp:attachment":[{"href":"https:\/\/nordialaw.com\/fi\/wp-json\/wp\/v2\/media?parent=1357"}],"curies":[{"name":"wp","href":"https:\/\/api.w.org\/{rel}","templated":true}]}}