{"id":1365,"date":"2021-10-13T13:10:27","date_gmt":"2021-10-13T18:10:27","guid":{"rendered":"https:\/\/nordialaw.dev.kodeks.no\/practice-areas\/"},"modified":"2023-06-29T11:58:16","modified_gmt":"2023-06-29T11:58:16","slug":"palvelut","status":"publish","type":"page","link":"https:\/\/nordialaw.com\/fi\/palvelut\/","title":{"rendered":"Palvelut"},"content":{"rendered":"<div class=\"title-excerpt\">\n\t        <h1 class=\"title-excerpt__title\">Palvelut<\/h1>\n\t\n\t<\/div>\n\n\n<p><\/p>\n\n\n    <section class=\"image-text \">\n        <!--\t--><!-- -->\n        <div class=\"image-text__container grid-container\">\n\t\t\t\n\t\t\t                <div class=\"image-text__content \"><p style=\"text-align: center\">NORDIA Law on Pohjoismainen asianajotoimisto.<\/p>\n<p style=\"text-align: center\">Autamme sinua ja yrityst\u00e4si menestym\u00e4\u00e4n kansainv\u00e4lisess\u00e4 ymp\u00e4rist\u00f6ss\u00e4, jossa oikeudelliset vaatimukset ja s\u00e4\u00e4ntely muuttuvat jatkuvasti. Olemme mutkaton ja moderni kumppani p\u00e4ivitt\u00e4isen liiketoiminnan oikeudellisiin haasteisiin.<\/p>\n<p>&nbsp;<\/p>\n<\/div>\n\t\t\t        <\/div>\n    <\/section>\n","protected":false},"excerpt":{"rendered":"","protected":false},"author":6,"featured_media":0,"parent":0,"menu_order":0,"comment_status":"closed","ping_status":"closed","template":"templates\/template-areas.php","meta":{"_acf_changed":false,"content-type":"","footnotes":""},"class_list":["post-1365","page","type-page","status-publish","hentry"],"acf":[],"yoast_head":"<!-- This site is optimized with the Yoast SEO plugin v27.3 - https:\/\/yoast.com\/product\/yoast-seo-wordpress\/ -->\n<title>Palvelut - Nordia Law<\/title>\n<meta name=\"description\" content=\"Olemme moderni ja suoraviivainen kumppani p\u00e4ivitt\u00e4isess\u00e4 liiketoiminnassa ja yhti\u00f6oikeuteen liittyviss\u00e4 asioissa.\" \/>\n<meta name=\"robots\" content=\"index, follow, max-snippet:-1, max-image-preview:large, max-video-preview:-1\" \/>\n<link rel=\"canonical\" href=\"https:\/\/nordialaw.com\/fi\/palvelut\/\" \/>\n<meta property=\"og:locale\" content=\"fi_FI\" \/>\n<meta property=\"og:type\" content=\"article\" \/>\n<meta property=\"og:title\" content=\"Palvelut - Nordia Law\" \/>\n<meta property=\"og:description\" content=\"Olemme moderni ja suoraviivainen kumppani p\u00e4ivitt\u00e4isess\u00e4 liiketoiminnassa ja yhti\u00f6oikeuteen liittyviss\u00e4 asioissa.\" \/>\n<meta property=\"og:url\" content=\"https:\/\/nordialaw.com\/fi\/palvelut\/\" \/>\n<meta property=\"og:site_name\" content=\"Nordia Law\" \/>\n<meta property=\"article:modified_time\" content=\"2023-06-29T11:58:16+00:00\" \/>\n<meta name=\"twitter:card\" content=\"summary_large_image\" \/>\n<script type=\"application\/ld+json\" class=\"yoast-schema-graph\">{\"@context\":\"https:\\\/\\\/schema.org\",\"@graph\":[{\"@type\":\"WebPage\",\"@id\":\"https:\\\/\\\/nordialaw.com\\\/fi\\\/palvelut\\\/\",\"url\":\"https:\\\/\\\/nordialaw.com\\\/fi\\\/palvelut\\\/\",\"name\":\"Palvelut - Nordia Law\",\"isPartOf\":{\"@id\":\"https:\\\/\\\/nordialaw.com\\\/#website\"},\"datePublished\":\"2021-10-13T18:10:27+00:00\",\"dateModified\":\"2023-06-29T11:58:16+00:00\",\"description\":\"Olemme moderni ja suoraviivainen kumppani p\u00e4ivitt\u00e4isess\u00e4 liiketoiminnassa ja yhti\u00f6oikeuteen liittyviss\u00e4 asioissa.\",\"breadcrumb\":{\"@id\":\"https:\\\/\\\/nordialaw.com\\\/fi\\\/palvelut\\\/#breadcrumb\"},\"inLanguage\":\"fi\",\"potentialAction\":[{\"@type\":\"ReadAction\",\"target\":[\"https:\\\/\\\/nordialaw.com\\\/fi\\\/palvelut\\\/\"]}]},{\"@type\":\"BreadcrumbList\",\"@id\":\"https:\\\/\\\/nordialaw.com\\\/fi\\\/palvelut\\\/#breadcrumb\",\"itemListElement\":[{\"@type\":\"ListItem\",\"position\":1,\"name\":\"Home\",\"item\":\"https:\\\/\\\/nordialaw.com\\\/fi\\\/\"},{\"@type\":\"ListItem\",\"position\":2,\"name\":\"Palvelut\"}]},{\"@type\":\"WebSite\",\"@id\":\"https:\\\/\\\/nordialaw.com\\\/#website\",\"url\":\"https:\\\/\\\/nordialaw.com\\\/\",\"name\":\"Nordia Law\",\"description\":\"\",\"publisher\":{\"@id\":\"https:\\\/\\\/nordialaw.com\\\/#organization\"},\"potentialAction\":[{\"@type\":\"SearchAction\",\"target\":{\"@type\":\"EntryPoint\",\"urlTemplate\":\"https:\\\/\\\/nordialaw.com\\\/?s={search_term_string}\"},\"query-input\":{\"@type\":\"PropertyValueSpecification\",\"valueRequired\":true,\"valueName\":\"search_term_string\"}}],\"inLanguage\":\"fi\"},{\"@type\":\"Organization\",\"@id\":\"https:\\\/\\\/nordialaw.com\\\/#organization\",\"name\":\"Nordia Law\",\"url\":\"https:\\\/\\\/nordialaw.com\\\/\",\"logo\":{\"@type\":\"ImageObject\",\"inLanguage\":\"fi\",\"@id\":\"https:\\\/\\\/nordialaw.com\\\/#\\\/schema\\\/logo\\\/image\\\/\",\"url\":\"https:\\\/\\\/nordialaw.com\\\/wp-content\\\/uploads\\\/2021\\\/09\\\/Layer-1.svg\",\"contentUrl\":\"https:\\\/\\\/nordialaw.com\\\/wp-content\\\/uploads\\\/2021\\\/09\\\/Layer-1.svg\",\"width\":197,\"height\":45,\"caption\":\"Nordia Law\"},\"image\":{\"@id\":\"https:\\\/\\\/nordialaw.com\\\/#\\\/schema\\\/logo\\\/image\\\/\"}}]}<\/script>\n<!-- \/ Yoast SEO plugin. -->","yoast_head_json":{"title":"Palvelut - Nordia Law","description":"Olemme moderni ja suoraviivainen kumppani p\u00e4ivitt\u00e4isess\u00e4 liiketoiminnassa ja yhti\u00f6oikeuteen liittyviss\u00e4 asioissa.","robots":{"index":"index","follow":"follow","max-snippet":"max-snippet:-1","max-image-preview":"max-image-preview:large","max-video-preview":"max-video-preview:-1"},"canonical":"https:\/\/nordialaw.com\/fi\/palvelut\/","og_locale":"fi_FI","og_type":"article","og_title":"Palvelut - Nordia Law","og_description":"Olemme moderni ja suoraviivainen kumppani p\u00e4ivitt\u00e4isess\u00e4 liiketoiminnassa ja yhti\u00f6oikeuteen liittyviss\u00e4 asioissa.","og_url":"https:\/\/nordialaw.com\/fi\/palvelut\/","og_site_name":"Nordia Law","article_modified_time":"2023-06-29T11:58:16+00:00","twitter_card":"summary_large_image","schema":{"@context":"https:\/\/schema.org","@graph":[{"@type":"WebPage","@id":"https:\/\/nordialaw.com\/fi\/palvelut\/","url":"https:\/\/nordialaw.com\/fi\/palvelut\/","name":"Palvelut - Nordia Law","isPartOf":{"@id":"https:\/\/nordialaw.com\/#website"},"datePublished":"2021-10-13T18:10:27+00:00","dateModified":"2023-06-29T11:58:16+00:00","description":"Olemme moderni ja suoraviivainen kumppani p\u00e4ivitt\u00e4isess\u00e4 liiketoiminnassa ja yhti\u00f6oikeuteen liittyviss\u00e4 asioissa.","breadcrumb":{"@id":"https:\/\/nordialaw.com\/fi\/palvelut\/#breadcrumb"},"inLanguage":"fi","potentialAction":[{"@type":"ReadAction","target":["https:\/\/nordialaw.com\/fi\/palvelut\/"]}]},{"@type":"BreadcrumbList","@id":"https:\/\/nordialaw.com\/fi\/palvelut\/#breadcrumb","itemListElement":[{"@type":"ListItem","position":1,"name":"Home","item":"https:\/\/nordialaw.com\/fi\/"},{"@type":"ListItem","position":2,"name":"Palvelut"}]},{"@type":"WebSite","@id":"https:\/\/nordialaw.com\/#website","url":"https:\/\/nordialaw.com\/","name":"Nordia Law","description":"","publisher":{"@id":"https:\/\/nordialaw.com\/#organization"},"potentialAction":[{"@type":"SearchAction","target":{"@type":"EntryPoint","urlTemplate":"https:\/\/nordialaw.com\/?s={search_term_string}"},"query-input":{"@type":"PropertyValueSpecification","valueRequired":true,"valueName":"search_term_string"}}],"inLanguage":"fi"},{"@type":"Organization","@id":"https:\/\/nordialaw.com\/#organization","name":"Nordia Law","url":"https:\/\/nordialaw.com\/","logo":{"@type":"ImageObject","inLanguage":"fi","@id":"https:\/\/nordialaw.com\/#\/schema\/logo\/image\/","url":"https:\/\/nordialaw.com\/wp-content\/uploads\/2021\/09\/Layer-1.svg","contentUrl":"https:\/\/nordialaw.com\/wp-content\/uploads\/2021\/09\/Layer-1.svg","width":197,"height":45,"caption":"Nordia Law"},"image":{"@id":"https:\/\/nordialaw.com\/#\/schema\/logo\/image\/"}}]}},"_links":{"self":[{"href":"https:\/\/nordialaw.com\/fi\/wp-json\/wp\/v2\/pages\/1365","targetHints":{"allow":["GET"]}}],"collection":[{"href":"https:\/\/nordialaw.com\/fi\/wp-json\/wp\/v2\/pages"}],"about":[{"href":"https:\/\/nordialaw.com\/fi\/wp-json\/wp\/v2\/types\/page"}],"author":[{"embeddable":true,"href":"https:\/\/nordialaw.com\/fi\/wp-json\/wp\/v2\/users\/6"}],"replies":[{"embeddable":true,"href":"https:\/\/nordialaw.com\/fi\/wp-json\/wp\/v2\/comments?post=1365"}],"version-history":[{"count":9,"href":"https:\/\/nordialaw.com\/fi\/wp-json\/wp\/v2\/pages\/1365\/revisions"}],"predecessor-version":[{"id":14245,"href":"https:\/\/nordialaw.com\/fi\/wp-json\/wp\/v2\/pages\/1365\/revisions\/14245"}],"wp:attachment":[{"href":"https:\/\/nordialaw.com\/fi\/wp-json\/wp\/v2\/media?parent=1365"}],"curies":[{"name":"wp","href":"https:\/\/api.w.org\/{rel}","templated":true}]}}