{"id":1388,"date":"2021-10-05T03:00:16","date_gmt":"2021-10-05T08:00:16","guid":{"rendered":"https:\/\/nordialaw.dev.kodeks.no\/terms-and-conditions\/"},"modified":"2025-12-09T10:34:02","modified_gmt":"2025-12-09T10:34:02","slug":"terms-and-conditions","status":"publish","type":"page","link":"https:\/\/nordialaw.com\/fi\/terms-and-conditions\/","title":{"rendered":"Yleiset ehdot ja tietosuojak\u00e4yt\u00e4nt\u00f6"},"content":{"rendered":"<div class=\"title-excerpt\">\n\t        <h1 class=\"title-excerpt__title\">Yleiset ehdot ja tietosuojak\u00e4yt\u00e4nt\u00f6<\/h1>\n\t\n\t<\/div>\n\n    <section class=\"image-text \">\n        <!--\t--><!-- -->\n        <div class=\"image-text__container grid-container\">\n\t\t\t\n\t\t\t                <div class=\"image-text__content \"><p>&nbsp;<\/p>\n<p style=\"text-align: center\">Alla NORDIA Law:n yleiset sopimusehdot eri kielill\u00e4.<\/p>\n<p style=\"text-align: center\">Englanniksi: <strong><a href=\"https:\/\/nordialaw.com\/wp-content\/uploads\/2024\/10\/NORDIA-Law-General-terms-and-conditions-03.04.24-English-version.pdf\" target=\"_blank\" rel=\"noopener\">NORDIA General Terms and Conditions<\/a><\/strong><\/p>\n<p style=\"text-align: center\">Ruotsiksi: <strong><a href=\"https:\/\/nordialaw.com\/wp-content\/uploads\/2024\/10\/NORDIA-Law-Allmanna-villkor-03.04.24-Swedish-version.pdf\" target=\"_blank\" rel=\"noopener\">NORDIA Allm\u00e4nna villkor<\/a><\/strong><\/p>\n<p style=\"text-align: center\">Norjaksi: <strong><a href=\"https:\/\/nordialaw.com\/wp-content\/uploads\/2024\/10\/NORDIA-Generelle-Vilkar-og-Betingelser-03.04.24-Norwegian-version.pdf\" target=\"_blank\" rel=\"noopener\">NORDIA Generelle Vilk\u00e5r og Betingelser<\/a><\/strong><\/p>\n<p style=\"text-align: center\">Tanskaksi: <a href=\"https:\/\/nordialaw.com\/wp-content\/uploads\/2024\/10\/NORDIA-Generelle-Vilkar-og-Betingelser-03.04.24-Danish-version.pdf\" target=\"_blank\" rel=\"noopener\"><strong>NORDIA Generelle Vilk\u00e5r og Betingelser<\/strong><\/a><\/p>\n<p style=\"text-align: center\">Suomeksi: <a href=\"https:\/\/nordialaw.com\/wp-content\/uploads\/2024\/10\/NORDIA-Law-yleiset-ehdot-03.04.24-Finnish-version.pdf\"><strong>NORDIA Law:n yleiset ehdot<\/strong><\/a><\/p>\n<p>&nbsp;<\/p>\n<p style=\"text-align: center\">Alla NORDIA Law:n tietosuoja- ja ev\u00e4stek\u00e4yt\u00e4nn\u00f6t.<\/p>\n<p style=\"text-align: center\"><a href=\"https:\/\/nordialaw.com\/fi\/tietoa-meista\/privacy-policy\/\">Tietosuojaseloste<\/a>, <a href=\"https:\/\/nordialaw.com\/about-us\/cookies-information\/\">cookies information<\/a><\/p>\n<p>&nbsp;<\/p>\n<p style=\"text-align: center\">Ota rohkeasti yhteytt\u00e4, mik\u00e4li sinulla on kysytt\u00e4v\u00e4\u00e4 yleisist\u00e4 ehdoistamme tai tietosuojak\u00e4yt\u00e4nn\u00f6st\u00e4mme.<\/p>\n<\/div>\n\t\t\t        <\/div>\n    <\/section>\n","protected":false},"excerpt":{"rendered":"","protected":false},"author":6,"featured_media":0,"parent":0,"menu_order":0,"comment_status":"closed","ping_status":"closed","template":"","meta":{"_acf_changed":false,"content-type":"","footnotes":""},"class_list":["post-1388","page","type-page","status-publish","hentry"],"acf":[],"yoast_head":"<!-- This site is optimized with the Yoast SEO plugin v27.3 - https:\/\/yoast.com\/product\/yoast-seo-wordpress\/ -->\n<title>Yleiset ehdot ja tietosuojak\u00e4yt\u00e4nt\u00f6 - Nordia Law<\/title>\n<meta name=\"description\" content=\"Tutustu yleisiin sopimusehtoihimme tai tietosuojak\u00e4yt\u00e4nt\u00f6\u00f6mme.\" \/>\n<meta name=\"robots\" content=\"index, follow, max-snippet:-1, max-image-preview:large, max-video-preview:-1\" \/>\n<link rel=\"canonical\" href=\"https:\/\/nordialaw.com\/fi\/terms-and-conditions\/\" \/>\n<meta property=\"og:locale\" content=\"fi_FI\" \/>\n<meta property=\"og:type\" content=\"article\" \/>\n<meta property=\"og:title\" content=\"Yleiset ehdot ja tietosuojak\u00e4yt\u00e4nt\u00f6 - Nordia Law\" \/>\n<meta property=\"og:description\" content=\"Tutustu yleisiin sopimusehtoihimme tai tietosuojak\u00e4yt\u00e4nt\u00f6\u00f6mme.\" \/>\n<meta property=\"og:url\" content=\"https:\/\/nordialaw.com\/fi\/terms-and-conditions\/\" \/>\n<meta property=\"og:site_name\" content=\"Nordia Law\" \/>\n<meta property=\"article:modified_time\" content=\"2025-12-09T10:34:02+00:00\" \/>\n<meta name=\"twitter:card\" content=\"summary_large_image\" \/>\n<meta name=\"twitter:label1\" content=\"Arvioitu lukuaika\" \/>\n\t<meta name=\"twitter:data1\" content=\"1 minuutti\" \/>\n<script type=\"application\/ld+json\" class=\"yoast-schema-graph\">{\"@context\":\"https:\\\/\\\/schema.org\",\"@graph\":[{\"@type\":\"WebPage\",\"@id\":\"https:\\\/\\\/nordialaw.com\\\/fi\\\/terms-and-conditions\\\/\",\"url\":\"https:\\\/\\\/nordialaw.com\\\/fi\\\/terms-and-conditions\\\/\",\"name\":\"Yleiset ehdot ja tietosuojak\u00e4yt\u00e4nt\u00f6 - Nordia Law\",\"isPartOf\":{\"@id\":\"https:\\\/\\\/nordialaw.com\\\/#website\"},\"datePublished\":\"2021-10-05T08:00:16+00:00\",\"dateModified\":\"2025-12-09T10:34:02+00:00\",\"description\":\"Tutustu yleisiin sopimusehtoihimme tai tietosuojak\u00e4yt\u00e4nt\u00f6\u00f6mme.\",\"breadcrumb\":{\"@id\":\"https:\\\/\\\/nordialaw.com\\\/fi\\\/terms-and-conditions\\\/#breadcrumb\"},\"inLanguage\":\"fi\",\"potentialAction\":[{\"@type\":\"ReadAction\",\"target\":[\"https:\\\/\\\/nordialaw.com\\\/fi\\\/terms-and-conditions\\\/\"]}]},{\"@type\":\"BreadcrumbList\",\"@id\":\"https:\\\/\\\/nordialaw.com\\\/fi\\\/terms-and-conditions\\\/#breadcrumb\",\"itemListElement\":[{\"@type\":\"ListItem\",\"position\":1,\"name\":\"Home\",\"item\":\"https:\\\/\\\/nordialaw.com\\\/fi\\\/\"},{\"@type\":\"ListItem\",\"position\":2,\"name\":\"Yleiset ehdot ja tietosuojak\u00e4yt\u00e4nt\u00f6\"}]},{\"@type\":\"WebSite\",\"@id\":\"https:\\\/\\\/nordialaw.com\\\/#website\",\"url\":\"https:\\\/\\\/nordialaw.com\\\/\",\"name\":\"Nordia Law\",\"description\":\"\",\"publisher\":{\"@id\":\"https:\\\/\\\/nordialaw.com\\\/#organization\"},\"potentialAction\":[{\"@type\":\"SearchAction\",\"target\":{\"@type\":\"EntryPoint\",\"urlTemplate\":\"https:\\\/\\\/nordialaw.com\\\/?s={search_term_string}\"},\"query-input\":{\"@type\":\"PropertyValueSpecification\",\"valueRequired\":true,\"valueName\":\"search_term_string\"}}],\"inLanguage\":\"fi\"},{\"@type\":\"Organization\",\"@id\":\"https:\\\/\\\/nordialaw.com\\\/#organization\",\"name\":\"Nordia Law\",\"url\":\"https:\\\/\\\/nordialaw.com\\\/\",\"logo\":{\"@type\":\"ImageObject\",\"inLanguage\":\"fi\",\"@id\":\"https:\\\/\\\/nordialaw.com\\\/#\\\/schema\\\/logo\\\/image\\\/\",\"url\":\"https:\\\/\\\/nordialaw.com\\\/wp-content\\\/uploads\\\/2021\\\/09\\\/Layer-1.svg\",\"contentUrl\":\"https:\\\/\\\/nordialaw.com\\\/wp-content\\\/uploads\\\/2021\\\/09\\\/Layer-1.svg\",\"width\":197,\"height\":45,\"caption\":\"Nordia Law\"},\"image\":{\"@id\":\"https:\\\/\\\/nordialaw.com\\\/#\\\/schema\\\/logo\\\/image\\\/\"}}]}<\/script>\n<!-- \/ Yoast SEO plugin. -->","yoast_head_json":{"title":"Yleiset ehdot ja tietosuojak\u00e4yt\u00e4nt\u00f6 - Nordia Law","description":"Tutustu yleisiin sopimusehtoihimme tai tietosuojak\u00e4yt\u00e4nt\u00f6\u00f6mme.","robots":{"index":"index","follow":"follow","max-snippet":"max-snippet:-1","max-image-preview":"max-image-preview:large","max-video-preview":"max-video-preview:-1"},"canonical":"https:\/\/nordialaw.com\/fi\/terms-and-conditions\/","og_locale":"fi_FI","og_type":"article","og_title":"Yleiset ehdot ja tietosuojak\u00e4yt\u00e4nt\u00f6 - Nordia Law","og_description":"Tutustu yleisiin sopimusehtoihimme tai tietosuojak\u00e4yt\u00e4nt\u00f6\u00f6mme.","og_url":"https:\/\/nordialaw.com\/fi\/terms-and-conditions\/","og_site_name":"Nordia Law","article_modified_time":"2025-12-09T10:34:02+00:00","twitter_card":"summary_large_image","twitter_misc":{"Arvioitu lukuaika":"1 minuutti"},"schema":{"@context":"https:\/\/schema.org","@graph":[{"@type":"WebPage","@id":"https:\/\/nordialaw.com\/fi\/terms-and-conditions\/","url":"https:\/\/nordialaw.com\/fi\/terms-and-conditions\/","name":"Yleiset ehdot ja tietosuojak\u00e4yt\u00e4nt\u00f6 - Nordia Law","isPartOf":{"@id":"https:\/\/nordialaw.com\/#website"},"datePublished":"2021-10-05T08:00:16+00:00","dateModified":"2025-12-09T10:34:02+00:00","description":"Tutustu yleisiin sopimusehtoihimme tai tietosuojak\u00e4yt\u00e4nt\u00f6\u00f6mme.","breadcrumb":{"@id":"https:\/\/nordialaw.com\/fi\/terms-and-conditions\/#breadcrumb"},"inLanguage":"fi","potentialAction":[{"@type":"ReadAction","target":["https:\/\/nordialaw.com\/fi\/terms-and-conditions\/"]}]},{"@type":"BreadcrumbList","@id":"https:\/\/nordialaw.com\/fi\/terms-and-conditions\/#breadcrumb","itemListElement":[{"@type":"ListItem","position":1,"name":"Home","item":"https:\/\/nordialaw.com\/fi\/"},{"@type":"ListItem","position":2,"name":"Yleiset ehdot ja tietosuojak\u00e4yt\u00e4nt\u00f6"}]},{"@type":"WebSite","@id":"https:\/\/nordialaw.com\/#website","url":"https:\/\/nordialaw.com\/","name":"Nordia Law","description":"","publisher":{"@id":"https:\/\/nordialaw.com\/#organization"},"potentialAction":[{"@type":"SearchAction","target":{"@type":"EntryPoint","urlTemplate":"https:\/\/nordialaw.com\/?s={search_term_string}"},"query-input":{"@type":"PropertyValueSpecification","valueRequired":true,"valueName":"search_term_string"}}],"inLanguage":"fi"},{"@type":"Organization","@id":"https:\/\/nordialaw.com\/#organization","name":"Nordia Law","url":"https:\/\/nordialaw.com\/","logo":{"@type":"ImageObject","inLanguage":"fi","@id":"https:\/\/nordialaw.com\/#\/schema\/logo\/image\/","url":"https:\/\/nordialaw.com\/wp-content\/uploads\/2021\/09\/Layer-1.svg","contentUrl":"https:\/\/nordialaw.com\/wp-content\/uploads\/2021\/09\/Layer-1.svg","width":197,"height":45,"caption":"Nordia Law"},"image":{"@id":"https:\/\/nordialaw.com\/#\/schema\/logo\/image\/"}}]}},"_links":{"self":[{"href":"https:\/\/nordialaw.com\/fi\/wp-json\/wp\/v2\/pages\/1388","targetHints":{"allow":["GET"]}}],"collection":[{"href":"https:\/\/nordialaw.com\/fi\/wp-json\/wp\/v2\/pages"}],"about":[{"href":"https:\/\/nordialaw.com\/fi\/wp-json\/wp\/v2\/types\/page"}],"author":[{"embeddable":true,"href":"https:\/\/nordialaw.com\/fi\/wp-json\/wp\/v2\/users\/6"}],"replies":[{"embeddable":true,"href":"https:\/\/nordialaw.com\/fi\/wp-json\/wp\/v2\/comments?post=1388"}],"version-history":[{"count":9,"href":"https:\/\/nordialaw.com\/fi\/wp-json\/wp\/v2\/pages\/1388\/revisions"}],"predecessor-version":[{"id":19171,"href":"https:\/\/nordialaw.com\/fi\/wp-json\/wp\/v2\/pages\/1388\/revisions\/19171"}],"wp:attachment":[{"href":"https:\/\/nordialaw.com\/fi\/wp-json\/wp\/v2\/media?parent=1388"}],"curies":[{"name":"wp","href":"https:\/\/api.w.org\/{rel}","templated":true}]}}