{"id":14246,"date":"2023-07-05T11:03:52","date_gmt":"2023-07-05T11:03:52","guid":{"rendered":"https:\/\/nordialaw.com\/?page_id=14246"},"modified":"2024-01-02T11:29:47","modified_gmt":"2024-01-02T11:29:47","slug":"kampanja","status":"publish","type":"page","link":"https:\/\/nordialaw.com\/fi\/palvelut\/kampanja\/","title":{"rendered":""},"content":{"rendered":"<div class=\"title-excerpt\">\n\t        <h1 class=\"title-excerpt__title\">NORDIA Law<\/h1>\n\t\n\t<\/div>\n\n    <section class=\"image-text \">\n        <!--\t--><!-- -->\n        <div class=\"image-text__container grid-container\">\n\t\t\t\n\t\t\t                <div class=\"image-text__content \"><p>Autamme sinua ja yrityst\u00e4si menestym\u00e4\u00e4n kansainv\u00e4lisess\u00e4 ymp\u00e4rist\u00f6ss\u00e4, jossa oikeudelliset vaatimukset ja s\u00e4\u00e4ntely muuttuvat jatkuvasti. Olemme Pohjoismainen asianajotoimisto \u2013 mutkaton ja moderni kumppani p\u00e4ivitt\u00e4isen liiketoiminnan oikeudellisiin haasteisiin.<\/p>\n<p>Kilpailuetumme suurempiin asianajotoimistoihin verrattuna on ketteryytemme. Pid\u00e4mme tiimimme pienen\u00e4 ja toimimme tavalla, jota on vaikea p\u00e4ihitt\u00e4\u00e4 tehokkuuden, kustannusten ja laadun suhteen.<\/p>\n<p><!--HubSpot Call-to-Action Code --><span id=\"hs-cta-wrapper-6a755bf9-a1a9-4729-88a2-fbf39d5dd55e\" class=\"hs-cta-wrapper\"><span id=\"hs-cta-6a755bf9-a1a9-4729-88a2-fbf39d5dd55e\" class=\"hs-cta-node hs-cta-6a755bf9-a1a9-4729-88a2-fbf39d5dd55e\"><!-- [if lte IE 8]&gt;--><\/span><\/span><\/p>\n<div id=\"hs-cta-ie-element\"><\/div>\n<p><a href=\"https:\/\/hubspot-cta-redirect-eu1-prod.s3.amazonaws.com\/cta\/redirect\/25765051\/6a755bf9-a1a9-4729-88a2-fbf39d5dd55e\"><img decoding=\"async\" id=\"hs-cta-img-6a755bf9-a1a9-4729-88a2-fbf39d5dd55e\" class=\"hs-cta-img aligncenter\" style=\"border-width: 0px\" src=\"https:\/\/hubspot-no-cache-eu1-prod.s3.amazonaws.com\/cta\/default\/25765051\/6a755bf9-a1a9-4729-88a2-fbf39d5dd55e.png\" alt=\"Ota yhteytt\u00e4\" \/><\/a><!-- end HubSpot Call-to-Action Code --><\/p>\n<p>&nbsp;<\/p>\n<\/div>\n\t\t\t        <\/div>\n    <\/section>\n\n\n    <section class=\"image-text \">\n        <!--\t--><!-- -->\n        <div class=\"image-text__container grid-container\">\n\t\t\t\n\t\t\t                <div class=\"image-text__content \"><div class=\"cell\">\n<div class=\"grid-x grid-margin-x areas__grid\">\n<div class=\"cell large-4 medium-6 areas__cell \">\n<div class=\"areas__title-area\"><a class=\"areas__link\" title=\"Permalink to Yhti\u00f6oikeus\" href=\"https:\/\/nordialaw.com\/fi\/areas\/yhtiooikeus\/\" rel=\"bookmark\"><br \/>\n<\/a><br \/>\nYhti\u00f6oikeus<\/div>\n<\/div>\n<div class=\"cell large-4 medium-6 areas__cell \">\n<div class=\"areas__title-area\"><a class=\"areas__link\" title=\"Permalink to Yrityskaupat ja -j\u00e4rjestelyt\" href=\"https:\/\/nordialaw.com\/fi\/areas\/yrityskaupat\/\" rel=\"bookmark\"><br \/>\n<\/a><br \/>\nYrityskaupat ja -j\u00e4rjestelyt<\/div>\n<\/div>\n<div class=\"cell large-4 medium-6 areas__cell \">\n<div class=\"areas__title-area\"><a class=\"areas__link\" title=\"Permalink to Kaupalliset sopimukset\" href=\"https:\/\/nordialaw.com\/fi\/areas\/kaupalliset-sopimukset\/\" rel=\"bookmark\"><br \/>\n<\/a><br \/>\nSopimusoikeus<\/div>\n<\/div>\n<div class=\"cell large-4 medium-6 areas__cell \">\n<div class=\"areas__title-area\"><a class=\"areas__link\" title=\"Permalink to Immateriaalioikeudet\" href=\"https:\/\/nordialaw.com\/fi\/areas\/immateriaalioikeudet\/\" rel=\"bookmark\"><br \/>\n<\/a><br \/>\nImmateriaalioikeus<\/div>\n<\/div>\n<div class=\"cell large-4 medium-6 areas__cell \">\n<div class=\"areas__title-area\"><a class=\"areas__link\" title=\"Permalink to Riitojen ratkaisu\" href=\"https:\/\/nordialaw.com\/fi\/areas\/riitojen-ratkaisu\/\" rel=\"bookmark\"><br \/>\n<\/a><br \/>\nRiitojen ratkaisu<\/div>\n<\/div>\n<div class=\"cell large-4 medium-6 areas__cell \">\n<div class=\"areas__title-area\"><a class=\"areas__link\" title=\"Permalink to Teknologia- ja peliala\" href=\"https:\/\/nordialaw.com\/fi\/areas\/teknologia-ja-peliala\/\" rel=\"bookmark\"><br \/>\n<\/a><br \/>\nTeknologia- ja peliala<\/div>\n<\/div>\n<div class=\"cell large-4 medium-6 areas__cell \">\n<div class=\"areas__title-area\"><a class=\"areas__link\" title=\"Permalink to Ty\u00f6oikeus\" href=\"https:\/\/nordialaw.com\/fi\/areas\/tyooikeus\/\" rel=\"bookmark\"><br \/>\n<\/a><br \/>\nTy\u00f6oikeus<\/div>\n<\/div>\n<div class=\"cell large-4 medium-6 areas__cell \">\n<div class=\"areas__title-area\"><a class=\"areas__link\" title=\"Permalink to Valkokaulusrikollisuus\" href=\"https:\/\/nordialaw.com\/fi\/areas\/valkokaulusrikollisuus\/\" rel=\"bookmark\"><br \/>\n<\/a><br \/>\nTalousrikosasiat<\/div>\n<\/div>\n<div class=\"cell large-4 medium-6 areas__cell \">\n<div class=\"areas__title-area\"><a class=\"areas__link\" title=\"Permalink to Vakuutus- ja vahingonkorvausoikeus\" href=\"https:\/\/nordialaw.com\/fi\/areas\/vakuutus-ja-vahingonkorvausoikeus\/\" rel=\"bookmark\"><br \/>\n<\/a><br \/>\nVahingonkorvausoikeus<\/div>\n<div><\/div>\n<\/div>\n<\/div>\n<\/div>\n<p>&nbsp;<\/p>\n<\/div>\n\t\t\t        <\/div>\n    <\/section>\n\n\n    <section class=\"image-text \">\n        <!--\t--><!-- -->\n        <div class=\"image-text__container grid-container\">\n\t\t\t\n\t\t\t                <div class=\"image-text__content \"><h6>Aiheeseen liittyv\u00e4\u00e4<\/h6>\n<div class=\"cell\">\n<div class=\"grid-x grid-margin-x areas__grid align-center\">\n<p><a href=\"https:\/\/nordialaw.com\/fi\/ajankohtaista-hallitustyo\/\"><img loading=\"lazy\" decoding=\"async\" class=\"alignnone size-full wp-image-14340\" src=\"https:\/\/nordialaw.com\/wp-content\/uploads\/2023\/06\/300x200-hallitustyoskentely.jpg\" alt=\"Hallitustyoskentely\" width=\"300\" height=\"200\" \/><\/a><\/p>\n<p><a href=\"https:\/\/nordialaw.com\/fi\/ajankohtaista-osakeanti\/\"><img loading=\"lazy\" decoding=\"async\" class=\"alignnone size-full wp-image-14381\" src=\"https:\/\/nordialaw.com\/wp-content\/uploads\/2023\/06\/300x200-osakeanti.jpg\" alt=\"Osakeanti\" width=\"300\" height=\"200\" \/><\/a><\/p>\n<p><a href=\"https:\/\/nordialaw.com\/fi\/ajankohtaista-yhtiokokous\/\"><img loading=\"lazy\" decoding=\"async\" class=\"alignnone size-full wp-image-14345\" src=\"https:\/\/nordialaw.com\/wp-content\/uploads\/2023\/06\/300x200-yhtiokokous.jpg\" alt=\"Yhtiokokous\" width=\"300\" height=\"200\" \/><\/a><\/p>\n<p><a href=\"https:\/\/nordialaw.com\/fi\/ajankohtaista-sulautuminen\/\"><img loading=\"lazy\" decoding=\"async\" class=\"alignnone size-full wp-image-14386\" src=\"https:\/\/nordialaw.com\/wp-content\/uploads\/2023\/06\/300x200-sulautuminen.jpg\" alt=\"Sulautuminen\" width=\"300\" height=\"200\" \/><\/a><\/p>\n<p><a href=\"https:\/\/nordialaw.com\/fi\/ajankohtaista-immateriaalioikeuksien-suojaaminen\/\"><img loading=\"lazy\" decoding=\"async\" class=\"alignnone size-full wp-image-14350\" src=\"https:\/\/nordialaw.com\/wp-content\/uploads\/2023\/06\/immateriaalioikeudet-300x200-1.jpg\" alt=\"Immateriaalioikeuksien suojaaminen\" width=\"300\" height=\"200\" \/><\/a><\/p>\n<p><a href=\"https:\/\/nordialaw.com\/fi\/valmistaudu-due-diligence-tarkastukseen\/\"><img loading=\"lazy\" decoding=\"async\" class=\"alignnone size-full wp-image-14361\" src=\"https:\/\/nordialaw.com\/wp-content\/uploads\/2023\/06\/300x200-due-diligence.jpg\" alt=\"Due diligence\" width=\"300\" height=\"200\" \/><\/a><\/p>\n<p><a href=\"https:\/\/nordialaw.com\/fi\/ajankohtaista-osakekauppa-liiketoimintakauppa\/\"><img loading=\"lazy\" decoding=\"async\" class=\"alignnone size-full wp-image-14371\" src=\"https:\/\/nordialaw.com\/wp-content\/uploads\/2023\/06\/300x200-liiketoimintakauppa.jpg\" alt=\"Liiketoimintakauppa\" width=\"300\" height=\"200\" \/><\/a><\/p>\n<p><a href=\"https:\/\/nordialaw.com\/fi\/ajankohtaista-haaste-riita-asiassa\/\"><img loading=\"lazy\" decoding=\"async\" class=\"alignnone size-full wp-image-14366\" src=\"https:\/\/nordialaw.com\/wp-content\/uploads\/2023\/06\/300x200-haaste.jpg\" alt=\"Haaste riita-asiassa\" width=\"300\" height=\"200\" \/><\/a><\/p>\n<p><a href=\"https:\/\/nordialaw.com\/fi\/doing-business-in-the-nordic-region\/\"><img loading=\"lazy\" decoding=\"async\" class=\"alignnone size-full wp-image-14376\" src=\"https:\/\/nordialaw.com\/wp-content\/uploads\/2023\/06\/300x200-liiketoiminta-pohjoismaissa.jpg\" alt=\"Liiketoiminta pohjoismaissa\" width=\"300\" height=\"200\" \/><\/a><\/p>\n<\/div>\n<\/div>\n<\/div>\n\t\t\t        <\/div>\n    <\/section>\n\n\n    <section class=\"image-text \">\n        <!--\t--><!-- -->\n        <div class=\"image-text__container grid-container\">\n\t\t\t\n\t\t\t                <div class=\"image-text__content \"><div class=\" areas-single__post\">\n<div class=\" areas-single__contact-list \">Yhteystiedot<\/div>\n<div class=\"grid-x grid-margin-x\">\n<p><!-- BEGIN of Custom Post People --><\/p>\n<article id=\"post-8799\" class=\"cell large-3 medium-4 small-6 text-center preview preview--people helsinki-fi pankki-ja-rahoitusala-seka-paaomamarkkinat yhtiooikeus riitojen-ratkaisu immateriaalioikeudet media-urheilu-ja-viihde yrityskaupat kiinteistot-ja-rakentaminen teknologia-ja-peliala\">\n<div class=\" people-container__item-img \">&lt;!&#8211; <a class=\"modal-ajax\" data-fancybox=\"\"><!--\" title=\"--><br \/>\n<!--\"&gt;--><br \/>\n<\/a><img decoding=\"async\" class=\"people-container__img\" src=\"\/\/www.w3.org\/2000\/svg'%20viewBox='0%200%201%201'%3E%3C\/svg%3E\" alt=\"\" data-lazy-src=\"https:\/\/nordialaw.com\/wp-content\/uploads\/2021\/12\/MK.svg\" \/><img decoding=\"async\" class=\"people-container__img\" src=\"https:\/\/nordialaw.com\/wp-content\/uploads\/2021\/12\/MK.svg\" alt=\"\" \/><\/div>\n<div class=\"preview--people__title\">Matti Kari<\/div>\n<div class=\"people-single__position\">Asianajaja, Osakas<\/div>\n<div class=\"areas-single__office\">\n<div class=\"\">Helsinki<\/div>\n<\/div>\n<\/article>\n<p><!-- END of Custom Post People --><br \/>\n<!-- BEGIN of Custom Post People --><\/p>\n<article id=\"post-8949\" class=\"cell large-3 medium-4 small-6 text-center preview preview--people helsinki-fi yhtiooikeus riitojen-ratkaisu immateriaalioikeudet media-urheilu-ja-viihde vakuutus-ja-vahingonkorvausoikeus teknologia-ja-peliala\">\n<div class=\" people-container__item-img \">&lt;!&#8211; <a class=\"modal-ajax\" data-fancybox=\"\"><!--\" title=\"--><br \/>\n<!--\"&gt;--><br \/>\n<\/a><img decoding=\"async\" class=\"people-container__img\" src=\"\/\/www.w3.org\/2000\/svg'%20viewBox='0%200%201%201'%3E%3C\/svg%3E\" alt=\"\" data-lazy-src=\"https:\/\/nordialaw.com\/wp-content\/uploads\/2021\/12\/TS.svg\" \/><img decoding=\"async\" class=\"people-container__img\" src=\"https:\/\/nordialaw.com\/wp-content\/uploads\/2021\/12\/TS.svg\" alt=\"\" \/><\/div>\n<div class=\"preview--people__title\">Timo Skurnik<\/div>\n<div class=\"people-single__position\">Asianajaja, Osakas<\/div>\n<div class=\"areas-single__office\">\n<div class=\"\">Helsinki<\/div>\n<\/div>\n<\/article>\n<p><!-- END of Custom Post People --><br \/>\n<!-- BEGIN of Custom Post People --><\/p>\n<article id=\"post-8495\" class=\"cell large-3 medium-4 small-6 text-center preview preview--people helsinki-fi pankki-ja-rahoitusala-seka-paaomamarkkinat yhtiooikeus riitojen-ratkaisu yrityskaupat kiinteistot-ja-rakentaminen valkokaulusrikollisuus insolvenssi-ja-uudelleenjarjestelyt yksityishenkilot-ja-omistajapalvelut\">\n<div class=\" people-container__item-img \">&lt;!&#8211; <a class=\"modal-ajax\" data-fancybox=\"\"><!--\" title=\"--><br \/>\n<!--\"&gt;--><br \/>\n<\/a><img decoding=\"async\" class=\"people-container__img\" src=\"\/\/www.w3.org\/2000\/svg'%20viewBox='0%200%201%201'%3E%3C\/svg%3E\" alt=\"\" data-lazy-src=\"https:\/\/nordialaw.com\/wp-content\/uploads\/2021\/12\/AH.svg\" \/><img decoding=\"async\" class=\"people-container__img\" src=\"https:\/\/nordialaw.com\/wp-content\/uploads\/2021\/12\/AH.svg\" alt=\"\" \/><\/div>\n<div class=\"preview--people__title\">Antti Hannula<\/div>\n<div class=\"people-single__position\">Asianajaja, Osakas<\/div>\n<div class=\"areas-single__office\">\n<div class=\"\">Helsinki<\/div>\n<\/div>\n<\/article>\n<p><!-- END of Custom Post People --><\/p>\n<p><!-- BEGIN of Custom Post People --><\/p>\n<article id=\"post-8470\" class=\"cell large-3 medium-4 small-6 text-center preview preview--people helsinki-fi yhtiooikeus tyooikeus yrityskaupat\">\n<div class=\" people-container__item-img \">&lt;!&#8211; <a class=\"modal-ajax\" data-fancybox=\"\"><!--\" title=\"--><br \/>\n<!--\"&gt;--><br \/>\n<\/a><img decoding=\"async\" class=\"people-container__img\" src=\"\/\/www.w3.org\/2000\/svg'%20viewBox='0%200%201%201'%3E%3C\/svg%3E\" alt=\"\" data-lazy-src=\"https:\/\/nordialaw.com\/wp-content\/uploads\/2022\/01\/AM.svg\" \/><img decoding=\"async\" class=\"people-container__img\" src=\"https:\/\/nordialaw.com\/wp-content\/uploads\/2022\/01\/AM.svg\" alt=\"\"><\/div>\n<div class=\"preview--people__title\">Annamari M\u00e4nnikk\u00f6<\/div>\n<div class=\"people-single__position\">Asianajaja, Osakas<\/div>\n<div class=\"areas-single__office\">\n<div class=\"\">Helsinki<\/div>\n<\/div>\n<\/article>\n<p><!-- END of Custom Post People --><\/p>\n<p><!-- BEGIN of Custom Post People --><\/p>\n<article id=\"post-8901\" class=\"cell large-3 medium-4 small-6 text-center preview preview--people helsinki-fi immateriaalioikeudet riitojen-ratkaisu valkokaulusrikollisuus tyooikeus vakuutus-ja-vahingonkorvausoikeus yhtiooikeus\">\n<div class=\" people-container__item-img \">&lt;!&#8211; <a class=\"modal-ajax\" data-fancybox=\"\"><!--\" title=\"--><br \/>\n<!--\"&gt;--><br \/>\n<\/a><img decoding=\"async\" class=\"people-container__img\" src=\"\/\/www.w3.org\/2000\/svg'%20viewBox='0%200%201%201'%3E%3C\/svg%3E\" alt=\"\" data-lazy-src=\"https:\/\/nordialaw.com\/wp-content\/uploads\/2021\/12\/PR.svg\" \/><img decoding=\"async\" class=\"people-container__img\" src=\"https:\/\/nordialaw.com\/wp-content\/uploads\/2021\/12\/PR.svg\" alt=\"\" \/><\/div>\n<div class=\"preview--people__title\">Pinja Hoffrichter<\/div>\n<div class=\"people-single__position\">Asianajaja, Osakas<\/div>\n<div class=\"areas-single__office\">\n<div class=\"\">Helsinki<\/div>\n<\/div>\n<\/article>\n<p><!-- END of Custom Post People --><br \/>\n<!-- BEGIN of Custom Post People --><\/p>\n<article id=\"post-11757\" class=\"cell large-3 medium-4 small-6 text-center preview preview--people helsinki-fi yhtiooikeus yrityskaupat tyooikeus\">\n<div class=\" people-container__item-img \">&lt;!&#8211; <a class=\"modal-ajax\" data-fancybox=\"\"><!--\" title=\"--><br \/>\n<!--\"&gt;--><br \/>\n<\/a><img decoding=\"async\" class=\"people-container__img\" src=\"\/\/www.w3.org\/2000\/svg'%20viewBox='0%200%201%201'%3E%3C\/svg%3E\" alt=\"\" data-lazy-src=\"https:\/\/nordialaw.com\/wp-content\/uploads\/2022\/08\/Henrietta-Remander-scaled-1.jpg\" \/><img decoding=\"async\" class=\"people-container__img\" src=\"https:\/\/nordialaw.com\/wp-content\/uploads\/2022\/08\/Henrietta-Remander-scaled-1.jpg\" alt=\"\" \/><\/div>\n<div class=\"preview--people__title\">Henrietta Remander<\/div>\n<div class=\"people-single__position\">Asianajaja, Senior Associate<\/div>\n<div class=\"areas-single__office\">\n<div class=\"\">Helsinki<\/div>\n<\/div>\n<\/article>\n<p><!-- END of Custom Post People --><br \/>\n<!-- BEGIN of Custom Post People --><\/p>\n<article id=\"post-8972\" class=\"cell large-3 medium-4 small-6 text-center preview preview--people helsinki-fi yhtiooikeus yrityskaupat immateriaalioikeudet kaupalliset-sopimukset teknologia-ja-peliala\">\n<div class=\" people-container__item-img \">&lt;!&#8211; <a class=\"modal-ajax\" data-fancybox=\"\"><!--\" title=\"--><br \/>\n<!--\"&gt;--><br \/>\n<\/a><img decoding=\"async\" class=\"people-container__img\" src=\"\/\/www.w3.org\/2000\/svg'%20viewBox='0%200%201%201'%3E%3C\/svg%3E\" alt=\"\" data-lazy-src=\"https:\/\/nordialaw.com\/wp-content\/uploads\/2021\/12\/TP.svg\" \/><img decoding=\"async\" class=\"people-container__img\" src=\"https:\/\/nordialaw.com\/wp-content\/uploads\/2021\/12\/TP.svg\" alt=\"\" \/><\/div>\n<div class=\"preview--people__title\">Tuomas Pelkonen<\/div>\n<div class=\"people-single__position\">Senior Associate<\/div>\n<div class=\"areas-single__office\">\n<div class=\"\">Helsinki<\/div>\n<\/div>\n<\/article>\n<p><!-- END of Custom Post People --><br \/>\n<!-- BEGIN of Custom Post People --><\/p>\n<article id=\"post-8861\" class=\"cell large-3 medium-4 small-6 text-center preview preview--people helsinki-fi kiinteistot-ja-rakentaminen kaupalliset-sopimukset yhtiooikeus\">\n<div class=\" people-container__item-img \">&lt;!&#8211; <a class=\"modal-ajax\" data-fancybox=\"\"><!--\" title=\"--><br \/>\n<!--\"&gt;--><br \/>\n<\/a><img decoding=\"async\" class=\"people-container__img\" src=\"\/\/www.w3.org\/2000\/svg'%20viewBox='0%200%201%201'%3E%3C\/svg%3E\" alt=\"\" data-lazy-src=\"https:\/\/nordialaw.com\/wp-content\/uploads\/2021\/12\/NV.svg\" \/><img decoding=\"async\" class=\"people-container__img\" src=\"https:\/\/nordialaw.com\/wp-content\/uploads\/2021\/12\/NV.svg\" alt=\"\" \/><\/div>\n<div class=\"preview--people__title\">Niklas Virtanen<\/div>\n<div class=\"people-single__position\">Associate<\/div>\n<div class=\"areas-single__office\">\n<div class=\"\">Helsinki<\/div>\n<\/div>\n<\/article>\n<p><!-- END of Custom Post People --><\/p>\n<\/div>\n<\/div>\n<\/div>\n\t\t\t        <\/div>\n    <\/section>\n","protected":false},"excerpt":{"rendered":"","protected":false},"author":8,"featured_media":0,"parent":1365,"menu_order":0,"comment_status":"closed","ping_status":"closed","template":"templates\/template-full.php","meta":{"_acf_changed":false,"content-type":"","footnotes":""},"class_list":["post-14246","page","type-page","status-publish","hentry"],"acf":[],"yoast_head":"<!-- This site is optimized with the Yoast SEO plugin v27.4 - https:\/\/yoast.com\/product\/yoast-seo-wordpress\/ -->\n<title>Nordia Law<\/title>\n<meta name=\"description\" content=\"Autamme sinua ja yrityst\u00e4si menestym\u00e4\u00e4n kansainv\u00e4lisess\u00e4 ymp\u00e4rist\u00f6ss\u00e4, jossa oikeudelliset vaatimukset ja s\u00e4\u00e4ntely muuttuvat jatkuvasti.\" \/>\n<meta name=\"robots\" content=\"index, follow, max-snippet:-1, max-image-preview:large, max-video-preview:-1\" \/>\n<link rel=\"canonical\" href=\"https:\/\/nordialaw.com\/fi\/palvelut\/kampanja\/\" \/>\n<meta property=\"og:locale\" content=\"fi_FI\" \/>\n<meta property=\"og:type\" content=\"article\" \/>\n<meta property=\"og:title\" content=\"Nordia Law\" \/>\n<meta property=\"og:description\" content=\"Autamme sinua ja yrityst\u00e4si menestym\u00e4\u00e4n kansainv\u00e4lisess\u00e4 ymp\u00e4rist\u00f6ss\u00e4, jossa oikeudelliset vaatimukset ja s\u00e4\u00e4ntely muuttuvat jatkuvasti.\" \/>\n<meta property=\"og:url\" content=\"https:\/\/nordialaw.com\/fi\/palvelut\/kampanja\/\" \/>\n<meta property=\"og:site_name\" content=\"Nordia Law\" \/>\n<meta property=\"article:modified_time\" content=\"2024-01-02T11:29:47+00:00\" \/>\n<meta name=\"twitter:card\" content=\"summary_large_image\" \/>\n<meta name=\"twitter:label1\" content=\"Arvioitu lukuaika\" \/>\n\t<meta name=\"twitter:data1\" content=\"6 minuuttia\" \/>\n<script type=\"application\/ld+json\" class=\"yoast-schema-graph\">{\"@context\":\"https:\\\/\\\/schema.org\",\"@graph\":[{\"@type\":\"WebPage\",\"@id\":\"https:\\\/\\\/nordialaw.com\\\/fi\\\/palvelut\\\/kampanja\\\/\",\"url\":\"https:\\\/\\\/nordialaw.com\\\/fi\\\/palvelut\\\/kampanja\\\/\",\"name\":\"Nordia Law\",\"isPartOf\":{\"@id\":\"https:\\\/\\\/nordialaw.com\\\/#website\"},\"datePublished\":\"2023-07-05T11:03:52+00:00\",\"dateModified\":\"2024-01-02T11:29:47+00:00\",\"description\":\"Autamme sinua ja yrityst\u00e4si menestym\u00e4\u00e4n kansainv\u00e4lisess\u00e4 ymp\u00e4rist\u00f6ss\u00e4, jossa oikeudelliset vaatimukset ja s\u00e4\u00e4ntely muuttuvat jatkuvasti.\",\"breadcrumb\":{\"@id\":\"https:\\\/\\\/nordialaw.com\\\/fi\\\/palvelut\\\/kampanja\\\/#breadcrumb\"},\"inLanguage\":\"fi\",\"potentialAction\":[{\"@type\":\"ReadAction\",\"target\":[\"https:\\\/\\\/nordialaw.com\\\/fi\\\/palvelut\\\/kampanja\\\/\"]}]},{\"@type\":\"BreadcrumbList\",\"@id\":\"https:\\\/\\\/nordialaw.com\\\/fi\\\/palvelut\\\/kampanja\\\/#breadcrumb\",\"itemListElement\":[{\"@type\":\"ListItem\",\"position\":1,\"name\":\"Home\",\"item\":\"https:\\\/\\\/nordialaw.com\\\/fi\\\/\"},{\"@type\":\"ListItem\",\"position\":2,\"name\":\"Palvelut\",\"item\":\"https:\\\/\\\/nordialaw.com\\\/fi\\\/palvelut\\\/\"}]},{\"@type\":\"WebSite\",\"@id\":\"https:\\\/\\\/nordialaw.com\\\/#website\",\"url\":\"https:\\\/\\\/nordialaw.com\\\/\",\"name\":\"Nordia Law\",\"description\":\"\",\"publisher\":{\"@id\":\"https:\\\/\\\/nordialaw.com\\\/#organization\"},\"potentialAction\":[{\"@type\":\"SearchAction\",\"target\":{\"@type\":\"EntryPoint\",\"urlTemplate\":\"https:\\\/\\\/nordialaw.com\\\/?s={search_term_string}\"},\"query-input\":{\"@type\":\"PropertyValueSpecification\",\"valueRequired\":true,\"valueName\":\"search_term_string\"}}],\"inLanguage\":\"fi\"},{\"@type\":\"Organization\",\"@id\":\"https:\\\/\\\/nordialaw.com\\\/#organization\",\"name\":\"Nordia Law\",\"url\":\"https:\\\/\\\/nordialaw.com\\\/\",\"logo\":{\"@type\":\"ImageObject\",\"inLanguage\":\"fi\",\"@id\":\"https:\\\/\\\/nordialaw.com\\\/#\\\/schema\\\/logo\\\/image\\\/\",\"url\":\"https:\\\/\\\/nordialaw.com\\\/wp-content\\\/uploads\\\/2021\\\/09\\\/Layer-1.svg\",\"contentUrl\":\"https:\\\/\\\/nordialaw.com\\\/wp-content\\\/uploads\\\/2021\\\/09\\\/Layer-1.svg\",\"width\":197,\"height\":45,\"caption\":\"Nordia Law\"},\"image\":{\"@id\":\"https:\\\/\\\/nordialaw.com\\\/#\\\/schema\\\/logo\\\/image\\\/\"}}]}<\/script>\n<!-- \/ Yoast SEO plugin. -->","yoast_head_json":{"title":"Nordia Law","description":"Autamme sinua ja yrityst\u00e4si menestym\u00e4\u00e4n kansainv\u00e4lisess\u00e4 ymp\u00e4rist\u00f6ss\u00e4, jossa oikeudelliset vaatimukset ja s\u00e4\u00e4ntely muuttuvat jatkuvasti.","robots":{"index":"index","follow":"follow","max-snippet":"max-snippet:-1","max-image-preview":"max-image-preview:large","max-video-preview":"max-video-preview:-1"},"canonical":"https:\/\/nordialaw.com\/fi\/palvelut\/kampanja\/","og_locale":"fi_FI","og_type":"article","og_title":"Nordia Law","og_description":"Autamme sinua ja yrityst\u00e4si menestym\u00e4\u00e4n kansainv\u00e4lisess\u00e4 ymp\u00e4rist\u00f6ss\u00e4, jossa oikeudelliset vaatimukset ja s\u00e4\u00e4ntely muuttuvat jatkuvasti.","og_url":"https:\/\/nordialaw.com\/fi\/palvelut\/kampanja\/","og_site_name":"Nordia Law","article_modified_time":"2024-01-02T11:29:47+00:00","twitter_card":"summary_large_image","twitter_misc":{"Arvioitu lukuaika":"6 minuuttia"},"schema":{"@context":"https:\/\/schema.org","@graph":[{"@type":"WebPage","@id":"https:\/\/nordialaw.com\/fi\/palvelut\/kampanja\/","url":"https:\/\/nordialaw.com\/fi\/palvelut\/kampanja\/","name":"Nordia Law","isPartOf":{"@id":"https:\/\/nordialaw.com\/#website"},"datePublished":"2023-07-05T11:03:52+00:00","dateModified":"2024-01-02T11:29:47+00:00","description":"Autamme sinua ja yrityst\u00e4si menestym\u00e4\u00e4n kansainv\u00e4lisess\u00e4 ymp\u00e4rist\u00f6ss\u00e4, jossa oikeudelliset vaatimukset ja s\u00e4\u00e4ntely muuttuvat jatkuvasti.","breadcrumb":{"@id":"https:\/\/nordialaw.com\/fi\/palvelut\/kampanja\/#breadcrumb"},"inLanguage":"fi","potentialAction":[{"@type":"ReadAction","target":["https:\/\/nordialaw.com\/fi\/palvelut\/kampanja\/"]}]},{"@type":"BreadcrumbList","@id":"https:\/\/nordialaw.com\/fi\/palvelut\/kampanja\/#breadcrumb","itemListElement":[{"@type":"ListItem","position":1,"name":"Home","item":"https:\/\/nordialaw.com\/fi\/"},{"@type":"ListItem","position":2,"name":"Palvelut","item":"https:\/\/nordialaw.com\/fi\/palvelut\/"}]},{"@type":"WebSite","@id":"https:\/\/nordialaw.com\/#website","url":"https:\/\/nordialaw.com\/","name":"Nordia Law","description":"","publisher":{"@id":"https:\/\/nordialaw.com\/#organization"},"potentialAction":[{"@type":"SearchAction","target":{"@type":"EntryPoint","urlTemplate":"https:\/\/nordialaw.com\/?s={search_term_string}"},"query-input":{"@type":"PropertyValueSpecification","valueRequired":true,"valueName":"search_term_string"}}],"inLanguage":"fi"},{"@type":"Organization","@id":"https:\/\/nordialaw.com\/#organization","name":"Nordia Law","url":"https:\/\/nordialaw.com\/","logo":{"@type":"ImageObject","inLanguage":"fi","@id":"https:\/\/nordialaw.com\/#\/schema\/logo\/image\/","url":"https:\/\/nordialaw.com\/wp-content\/uploads\/2021\/09\/Layer-1.svg","contentUrl":"https:\/\/nordialaw.com\/wp-content\/uploads\/2021\/09\/Layer-1.svg","width":197,"height":45,"caption":"Nordia Law"},"image":{"@id":"https:\/\/nordialaw.com\/#\/schema\/logo\/image\/"}}]}},"_links":{"self":[{"href":"https:\/\/nordialaw.com\/fi\/wp-json\/wp\/v2\/pages\/14246","targetHints":{"allow":["GET"]}}],"collection":[{"href":"https:\/\/nordialaw.com\/fi\/wp-json\/wp\/v2\/pages"}],"about":[{"href":"https:\/\/nordialaw.com\/fi\/wp-json\/wp\/v2\/types\/page"}],"author":[{"embeddable":true,"href":"https:\/\/nordialaw.com\/fi\/wp-json\/wp\/v2\/users\/8"}],"replies":[{"embeddable":true,"href":"https:\/\/nordialaw.com\/fi\/wp-json\/wp\/v2\/comments?post=14246"}],"version-history":[{"count":9,"href":"https:\/\/nordialaw.com\/fi\/wp-json\/wp\/v2\/pages\/14246\/revisions"}],"predecessor-version":[{"id":15950,"href":"https:\/\/nordialaw.com\/fi\/wp-json\/wp\/v2\/pages\/14246\/revisions\/15950"}],"up":[{"embeddable":true,"href":"https:\/\/nordialaw.com\/fi\/wp-json\/wp\/v2\/pages\/1365"}],"wp:attachment":[{"href":"https:\/\/nordialaw.com\/fi\/wp-json\/wp\/v2\/media?parent=14246"}],"curies":[{"name":"wp","href":"https:\/\/api.w.org\/{rel}","templated":true}]}}