{"id":6565,"date":"2022-01-12T09:08:32","date_gmt":"2022-01-12T14:08:32","guid":{"rendered":"https:\/\/nordialaw.dev.kodeks.no\/tietoa-meista\/international-memberships\/"},"modified":"2024-06-10T12:00:10","modified_gmt":"2024-06-10T12:00:10","slug":"international-networks","status":"publish","type":"page","link":"https:\/\/nordialaw.com\/fi\/tietoa-meista\/international-networks\/","title":{"rendered":"Kansainv\u00e4linen verkosto"},"content":{"rendered":"<div class=\"title-excerpt\">\n\t        <h1 class=\"title-excerpt__title\">Kansainv\u00e4linen verkosto<\/h1>\n\t\n\t<\/div>\n\n    <section class=\"image-text \">\n        <!--\t--><!-- -->\n        <div class=\"image-text__container grid-container\">\n\t\t\t\n\t\t\t                <div class=\"image-text__content \"><p><a href=\"https:\/\/laworld.com\/\" target=\"_blank\" rel=\"noopener\"><img loading=\"lazy\" decoding=\"async\" class=\"size-medium wp-image-5962 aligncenter\" src=\"https:\/\/nordialaw.com\/wp-content\/uploads\/2022\/01\/LAWorld-300x187.jpg\" alt=\"\" width=\"300\" height=\"187\" \/><\/a><\/p>\n<p><strong><a href=\"https:\/\/laworld.com\/\" target=\"_blank\" rel=\"noopener\">LAWorld-verkosto<\/a><\/strong><\/p>\n<p style=\"text-align: left\">LAWorld on 57 itsen\u00e4isen, keskikokoisen asianajotoimiston kansainv\u00e4linen verkosto, jossa on yli 1350 asianajajaa, 100 kaupungissa ymp\u00e4ri maailman. LAWorld on kustannustehokas ja riippumaton vaihtoehto isoille kansainv\u00e4lisille lakitoimistoille, ja tarjoaa verkostoonsa kuuluvien asianajotoimistojen avulla laadukasta oikeudellista neuvontaa kaikkialla maailmassa.<\/p>\n<p style=\"text-align: left\">NORDIA Law on kuulunut LAWorld-verkostoon vuodesta 2012 alkaen. Yhteisty\u00f6n ansiosta asiakkaillamme on tarvittaessa k\u00e4yt\u00f6ss\u00e4\u00e4n laaja kansainv\u00e4linen verkosto liikejuridiikan huippuosaajia, joista monien kanssa meill\u00e4 on eritt\u00e4in hyv\u00e4t henkil\u00f6kohtaiset suhteet.<\/p>\n<p>Hoidamme laaja-alaisesti kansainv\u00e4liseen liikejuridiikkaan liittyvi\u00e4 toimeksiantoja. Ota rohkeasti yhteytt\u00e4, mik\u00e4li tarvitset apua kansainv\u00e4lisiss\u00e4 asioissa.<\/p>\n<p><!--HubSpot Call-to-Action Code --><span id=\"hs-cta-wrapper-6a755bf9-a1a9-4729-88a2-fbf39d5dd55e\" class=\"hs-cta-wrapper\"><span id=\"hs-cta-6a755bf9-a1a9-4729-88a2-fbf39d5dd55e\" class=\"hs-cta-node hs-cta-6a755bf9-a1a9-4729-88a2-fbf39d5dd55e\"><!-- [if lte IE 8]&gt;--><\/span><\/span><\/p>\n<div id=\"hs-cta-ie-element\"><\/div>\n<p><a href=\"https:\/\/hubspot-cta-redirect-eu1-prod.s3.amazonaws.com\/cta\/redirect\/25765051\/6a755bf9-a1a9-4729-88a2-fbf39d5dd55e\"><img decoding=\"async\" id=\"hs-cta-img-6a755bf9-a1a9-4729-88a2-fbf39d5dd55e\" class=\"hs-cta-img aligncenter\" style=\"border-width: 0px\" src=\"https:\/\/hubspot-no-cache-eu1-prod.s3.amazonaws.com\/cta\/default\/25765051\/6a755bf9-a1a9-4729-88a2-fbf39d5dd55e.png\" alt=\"Ota yhteytt\u00e4\" \/><\/a><!-- end HubSpot Call-to-Action Code --><\/p>\n<p>&nbsp;<\/p>\n<p>&nbsp;<\/p>\n<hr \/>\n<p>&nbsp;<\/p>\n<p style=\"text-align: left\"><img loading=\"lazy\" decoding=\"async\" class=\"size-medium wp-image-15137 aligncenter\" src=\"https:\/\/nordialaw.com\/wp-content\/uploads\/2023\/09\/DAC-Beachcroft-logotyp-300x183.png\" alt=\"\" width=\"300\" height=\"183\" srcset=\"https:\/\/nordialaw.com\/wp-content\/uploads\/2023\/09\/DAC-Beachcroft-logotyp-300x183.png 300w, https:\/\/nordialaw.com\/wp-content\/uploads\/2023\/09\/DAC-Beachcroft-logotyp.png 305w\" sizes=\"auto, (max-width: 300px) 100vw, 300px\" \/><\/p>\n<p style=\"text-align: left\"><a href=\"https:\/\/www.dacbeachcroft.com\/en\/location\/europe\/sweden-finland-and-norway\" target=\"_blank\" rel=\"noopener\"><strong>DAC Beachcroft yhteisty\u00f6<\/strong><\/a><\/p>\n<p>NORDIA Law ja DAC Beachcroft tekev\u00e4t yhteisty\u00f6t\u00e4 parantaakseen oikeudellisen neuvonnan tarjoamista yhteisille asiakkailleen, jotka toimivat p\u00e4\u00e4asiassa vakuutusalalla. Yhteisty\u00f6ll\u00e4 varmistetaan, ett\u00e4 asiakkaat saavat k\u00e4ytt\u00f6\u00f6ns\u00e4 parhaan asiantuntemuksen sek\u00e4 saumattoman ja kattavan tuen oikeudellisiin asioihin.<\/p>\n<p>DAC Beachcroft on asianajotoimistojen maailmanlaajuinen markkinajohtaja vakuutusalalla. Yhteisty\u00f6 tarjoaa NORDIA Law:lle arvokasta kattavuutta Pohjoismaiden ulkopuolella.<\/p>\n<p>&nbsp;<\/p>\n<p><!--HubSpot Call-to-Action Code --><span id=\"hs-cta-wrapper-b4e45ae1-812e-4741-9d1a-892ba5faa3ef\" class=\"hs-cta-wrapper\"><span id=\"hs-cta-b4e45ae1-812e-4741-9d1a-892ba5faa3ef\" class=\"hs-cta-node hs-cta-b4e45ae1-812e-4741-9d1a-892ba5faa3ef\"><!-- [if lte IE 8]&gt;--><\/span><\/span><\/p>\n<p><a href=\"https:\/\/hubspot-cta-redirect-eu1-prod.s3.amazonaws.com\/cta\/redirect\/25765051\/6a755bf9-a1a9-4729-88a2-fbf39d5dd55e\"><img decoding=\"async\" id=\"hs-cta-img-6a755bf9-a1a9-4729-88a2-fbf39d5dd55e\" class=\"hs-cta-img aligncenter\" style=\"border-width: 0px\" src=\"https:\/\/hubspot-no-cache-eu1-prod.s3.amazonaws.com\/cta\/default\/25765051\/6a755bf9-a1a9-4729-88a2-fbf39d5dd55e.png\" alt=\"Ota yhteytt\u00e4\" \/><\/a><!-- end HubSpot Call-to-Action Code --><\/p>\n<p>&nbsp;<\/p>\n<p>&nbsp;<\/p>\n<\/div>\n\t\t\t        <\/div>\n    <\/section>\n","protected":false},"excerpt":{"rendered":"","protected":false},"author":6,"featured_media":0,"parent":869,"menu_order":0,"comment_status":"closed","ping_status":"closed","template":"","meta":{"_acf_changed":false,"content-type":"","footnotes":""},"class_list":["post-6565","page","type-page","status-publish","hentry"],"acf":[],"yoast_head":"<!-- This site is optimized with the Yoast SEO plugin v27.2 - https:\/\/yoast.com\/product\/yoast-seo-wordpress\/ -->\n<title>Kansainv\u00e4linen verkosto - Nordia Law<\/title>\n<meta name=\"description\" content=\"LAWorld on kansainv\u00e4linen asianajotoimistojen verkosto, joka tarjoaa oikeudellista neuvontaan kaikkialla maailmassa.\" \/>\n<meta name=\"robots\" content=\"index, follow, max-snippet:-1, max-image-preview:large, max-video-preview:-1\" \/>\n<link rel=\"canonical\" href=\"https:\/\/nordialaw.com\/about-us\/international-networks\/\" \/>\n<meta property=\"og:locale\" content=\"fi_FI\" \/>\n<meta property=\"og:type\" content=\"article\" \/>\n<meta property=\"og:title\" content=\"Kansainv\u00e4linen verkosto - Nordia Law\" \/>\n<meta property=\"og:description\" content=\"LAWorld on kansainv\u00e4linen asianajotoimistojen verkosto, joka tarjoaa oikeudellista neuvontaan kaikkialla maailmassa.\" \/>\n<meta property=\"og:url\" content=\"https:\/\/nordialaw.com\/about-us\/international-networks\/\" \/>\n<meta property=\"og:site_name\" content=\"Nordia Law\" \/>\n<meta property=\"article:modified_time\" content=\"2024-06-10T12:00:10+00:00\" \/>\n<meta name=\"twitter:card\" content=\"summary_large_image\" \/>\n<meta name=\"twitter:label1\" content=\"Arvioitu lukuaika\" \/>\n\t<meta name=\"twitter:data1\" content=\"2 minuuttia\" \/>\n<script type=\"application\/ld+json\" class=\"yoast-schema-graph\">{\"@context\":\"https:\/\/schema.org\",\"@graph\":[{\"@type\":\"WebPage\",\"@id\":\"https:\/\/nordialaw.com\/about-us\/international-networks\/\",\"url\":\"https:\/\/nordialaw.com\/about-us\/international-networks\/\",\"name\":\"Kansainv\u00e4linen verkosto - Nordia Law\",\"isPartOf\":{\"@id\":\"https:\/\/nordialaw.com\/#website\"},\"datePublished\":\"2022-01-12T14:08:32+00:00\",\"dateModified\":\"2024-06-10T12:00:10+00:00\",\"description\":\"LAWorld on kansainv\u00e4linen asianajotoimistojen verkosto, joka tarjoaa oikeudellista neuvontaan kaikkialla maailmassa.\",\"breadcrumb\":{\"@id\":\"https:\/\/nordialaw.com\/about-us\/international-networks\/#breadcrumb\"},\"inLanguage\":\"fi\",\"potentialAction\":[{\"@type\":\"ReadAction\",\"target\":[\"https:\/\/nordialaw.com\/about-us\/international-networks\/\"]}]},{\"@type\":\"BreadcrumbList\",\"@id\":\"https:\/\/nordialaw.com\/about-us\/international-networks\/#breadcrumb\",\"itemListElement\":[{\"@type\":\"ListItem\",\"position\":1,\"name\":\"Home\",\"item\":\"https:\/\/nordialaw.com\/fi\/\"},{\"@type\":\"ListItem\",\"position\":2,\"name\":\"Tietoa meist\u00e4\",\"item\":\"https:\/\/nordialaw.com\/about-us\/\"},{\"@type\":\"ListItem\",\"position\":3,\"name\":\"Kansainv\u00e4linen verkosto\"}]},{\"@type\":\"WebSite\",\"@id\":\"https:\/\/nordialaw.com\/#website\",\"url\":\"https:\/\/nordialaw.com\/\",\"name\":\"Nordia Law\",\"description\":\"\",\"publisher\":{\"@id\":\"https:\/\/nordialaw.com\/#organization\"},\"potentialAction\":[{\"@type\":\"SearchAction\",\"target\":{\"@type\":\"EntryPoint\",\"urlTemplate\":\"https:\/\/nordialaw.com\/?s={search_term_string}\"},\"query-input\":{\"@type\":\"PropertyValueSpecification\",\"valueRequired\":true,\"valueName\":\"search_term_string\"}}],\"inLanguage\":\"fi\"},{\"@type\":\"Organization\",\"@id\":\"https:\/\/nordialaw.com\/#organization\",\"name\":\"Nordia Law\",\"url\":\"https:\/\/nordialaw.com\/\",\"logo\":{\"@type\":\"ImageObject\",\"inLanguage\":\"fi\",\"@id\":\"https:\/\/nordialaw.com\/#\/schema\/logo\/image\/\",\"url\":\"https:\/\/nordialaw.com\/wp-content\/uploads\/2021\/09\/Layer-1.svg\",\"contentUrl\":\"https:\/\/nordialaw.com\/wp-content\/uploads\/2021\/09\/Layer-1.svg\",\"width\":197,\"height\":45,\"caption\":\"Nordia Law\"},\"image\":{\"@id\":\"https:\/\/nordialaw.com\/#\/schema\/logo\/image\/\"}}]}<\/script>\n<!-- \/ Yoast SEO plugin. -->","yoast_head_json":{"title":"Kansainv\u00e4linen verkosto - Nordia Law","description":"LAWorld on kansainv\u00e4linen asianajotoimistojen verkosto, joka tarjoaa oikeudellista neuvontaan kaikkialla maailmassa.","robots":{"index":"index","follow":"follow","max-snippet":"max-snippet:-1","max-image-preview":"max-image-preview:large","max-video-preview":"max-video-preview:-1"},"canonical":"https:\/\/nordialaw.com\/about-us\/international-networks\/","og_locale":"fi_FI","og_type":"article","og_title":"Kansainv\u00e4linen verkosto - Nordia Law","og_description":"LAWorld on kansainv\u00e4linen asianajotoimistojen verkosto, joka tarjoaa oikeudellista neuvontaan kaikkialla maailmassa.","og_url":"https:\/\/nordialaw.com\/about-us\/international-networks\/","og_site_name":"Nordia Law","article_modified_time":"2024-06-10T12:00:10+00:00","twitter_card":"summary_large_image","twitter_misc":{"Arvioitu lukuaika":"2 minuuttia"},"schema":{"@context":"https:\/\/schema.org","@graph":[{"@type":"WebPage","@id":"https:\/\/nordialaw.com\/about-us\/international-networks\/","url":"https:\/\/nordialaw.com\/about-us\/international-networks\/","name":"Kansainv\u00e4linen verkosto - Nordia Law","isPartOf":{"@id":"https:\/\/nordialaw.com\/#website"},"datePublished":"2022-01-12T14:08:32+00:00","dateModified":"2024-06-10T12:00:10+00:00","description":"LAWorld on kansainv\u00e4linen asianajotoimistojen verkosto, joka tarjoaa oikeudellista neuvontaan kaikkialla maailmassa.","breadcrumb":{"@id":"https:\/\/nordialaw.com\/about-us\/international-networks\/#breadcrumb"},"inLanguage":"fi","potentialAction":[{"@type":"ReadAction","target":["https:\/\/nordialaw.com\/about-us\/international-networks\/"]}]},{"@type":"BreadcrumbList","@id":"https:\/\/nordialaw.com\/about-us\/international-networks\/#breadcrumb","itemListElement":[{"@type":"ListItem","position":1,"name":"Home","item":"https:\/\/nordialaw.com\/fi\/"},{"@type":"ListItem","position":2,"name":"Tietoa meist\u00e4","item":"https:\/\/nordialaw.com\/about-us\/"},{"@type":"ListItem","position":3,"name":"Kansainv\u00e4linen verkosto"}]},{"@type":"WebSite","@id":"https:\/\/nordialaw.com\/#website","url":"https:\/\/nordialaw.com\/","name":"Nordia Law","description":"","publisher":{"@id":"https:\/\/nordialaw.com\/#organization"},"potentialAction":[{"@type":"SearchAction","target":{"@type":"EntryPoint","urlTemplate":"https:\/\/nordialaw.com\/?s={search_term_string}"},"query-input":{"@type":"PropertyValueSpecification","valueRequired":true,"valueName":"search_term_string"}}],"inLanguage":"fi"},{"@type":"Organization","@id":"https:\/\/nordialaw.com\/#organization","name":"Nordia Law","url":"https:\/\/nordialaw.com\/","logo":{"@type":"ImageObject","inLanguage":"fi","@id":"https:\/\/nordialaw.com\/#\/schema\/logo\/image\/","url":"https:\/\/nordialaw.com\/wp-content\/uploads\/2021\/09\/Layer-1.svg","contentUrl":"https:\/\/nordialaw.com\/wp-content\/uploads\/2021\/09\/Layer-1.svg","width":197,"height":45,"caption":"Nordia Law"},"image":{"@id":"https:\/\/nordialaw.com\/#\/schema\/logo\/image\/"}}]}},"_links":{"self":[{"href":"https:\/\/nordialaw.com\/fi\/wp-json\/wp\/v2\/pages\/6565","targetHints":{"allow":["GET"]}}],"collection":[{"href":"https:\/\/nordialaw.com\/fi\/wp-json\/wp\/v2\/pages"}],"about":[{"href":"https:\/\/nordialaw.com\/fi\/wp-json\/wp\/v2\/types\/page"}],"author":[{"embeddable":true,"href":"https:\/\/nordialaw.com\/fi\/wp-json\/wp\/v2\/users\/6"}],"replies":[{"embeddable":true,"href":"https:\/\/nordialaw.com\/fi\/wp-json\/wp\/v2\/comments?post=6565"}],"version-history":[{"count":9,"href":"https:\/\/nordialaw.com\/fi\/wp-json\/wp\/v2\/pages\/6565\/revisions"}],"predecessor-version":[{"id":16928,"href":"https:\/\/nordialaw.com\/fi\/wp-json\/wp\/v2\/pages\/6565\/revisions\/16928"}],"up":[{"embeddable":true,"href":"https:\/\/nordialaw.com\/fi\/wp-json\/wp\/v2\/pages\/869"}],"wp:attachment":[{"href":"https:\/\/nordialaw.com\/fi\/wp-json\/wp\/v2\/media?parent=6565"}],"curies":[{"name":"wp","href":"https:\/\/api.w.org\/{rel}","templated":true}]}}