{"id":869,"date":"2021-10-12T11:09:13","date_gmt":"2021-10-12T16:09:13","guid":{"rendered":"https:\/\/nordialaw.dev.kodeks.no\/yritys\/"},"modified":"2024-06-10T11:59:02","modified_gmt":"2024-06-10T11:59:02","slug":"tietoa-meista","status":"publish","type":"page","link":"https:\/\/nordialaw.com\/fi\/tietoa-meista\/","title":{"rendered":"Tietoa meist\u00e4"},"content":{"rendered":"<div class=\"title-excerpt\">\n\t        <h1 class=\"title-excerpt__title\">Tietoa meist\u00e4<\/h1>\n\t\n\t<\/div>\n\n    <section class=\"image-text \">\n        <!--\t--><!-- -->\n        <div class=\"image-text__container grid-container\">\n\t\t\t\n\t\t\t                <div class=\"image-text__content \"><p>NORDIA Law on pohjoismainen asianajotoimisto, joka toimii Suomessa, Ruotsissa, Norjassa ja Tanskassa. Helsingin asianajotoimisto on perustettu vuonna 2001, ja vuodesta 2013 l\u00e4htien olemme toimineet nimell\u00e4 NORDIA Law.<\/p>\n<p>Vankan ja laajan <a href=\"https:\/\/nordialaw.com\/fi\/areas\/yhtiooikeus\/\">yhti\u00f6oikeuden<\/a> osaamisen lis\u00e4ksi meill\u00e4 on huippuosaamista <a href=\"https:\/\/nordialaw.com\/fi\/areas\/yrityskaupat\/\">yrityskaupoista ja -j\u00e4rjestelyist\u00e4<\/a>, <a href=\"https:\/\/nordialaw.com\/fi\/areas\/kaupalliset-sopimukset\/\">sopimusoikeudesta<\/a>, <a href=\"https:\/\/nordialaw.com\/fi\/areas\/immateriaalioikeudet\/\">immateriaalioikeudesta<\/a> sek\u00e4 <a href=\"https:\/\/nordialaw.com\/fi\/areas\/riitojen-ratkaisu\/\">riidanratkaisusta ja oikeudenk\u00e4ynneist\u00e4.<\/a><\/p>\n<p>Asiakkaamme ovat sek\u00e4 paikallisia ett\u00e4 kansainv\u00e4lisi\u00e4 yrityksi\u00e4 aina startup-yrityksist\u00e4 suuriin kansainv\u00e4lisiin yrityksiin.<\/p>\n<p>Henkil\u00f6st\u00f6mme koostuu dynaamisista, mutkattomista ja helposti l\u00e4hestytt\u00e4vist\u00e4 asianajajista, juristeista ja avustavista henkil\u00f6ist\u00e4. <a href=\"https:\/\/nordialaw.com\/fi\/henkilosto\/\">Tutustu tarkemmin juristiemme ja asianajajiemme erikoisosaamiseen.<\/a><\/p>\n<p>&nbsp;<\/p>\n<\/div>\n\t\t\t        <\/div>\n    <\/section>\n\n\n<div class=\"grid-container\">\n    <div class=\"map-items-block grid-x grid-margin-x\">\n\t\t\t\t\t                <div class=\"cell large-4 medium-12 text-center\">\n\t\t\t\t\t\t\t\t\t\t<a href=\"https:\/\/nordialaw.com\/fi\/international-networks\/\"  class=\"map-items-block__link\">\t\t\t\t\t\n\t\t\t\t\t                        <h5 class=\"map-items-block__title\">Kansainv\u00e4linen verkosto<\/h5>\n\t\t\t\t\t\n\t\t\t\t\t\t\t\t\t\t<\/a>                <\/div>\n\t\t\t                <div class=\"cell large-4 medium-12 text-center\">\n\t\t\t\t\t\t\t\t\t\t\t\t\t\t\t\n\t\t\t\t\t\n\t\t\t\t\t\t\t\t\t\t                <\/div>\n\t\t\t                <div class=\"cell large-4 medium-12 text-center\">\n\t\t\t\t\t\t\t\t\t\t<a href=\"https:\/\/nordialaw.com\/fi\/terms-and-conditions\/\"  class=\"map-items-block__link\">\t\t\t\t\t\n\t\t\t\t\t                        <h5 class=\"map-items-block__title\">Yleiset ehdot ja tietosuojak\u00e4yt\u00e4nt\u00f6<\/h5>\n\t\t\t\t\t\n\t\t\t\t\t\t\t\t\t\t<\/a>                <\/div>\n\t\t\t\t\t    <\/div>\n<\/div>","protected":false},"excerpt":{"rendered":"","protected":false},"author":6,"featured_media":0,"parent":0,"menu_order":0,"comment_status":"closed","ping_status":"closed","template":"","meta":{"_acf_changed":false,"content-type":"","footnotes":""},"class_list":["post-869","page","type-page","status-publish","hentry"],"acf":[],"yoast_head":"<!-- This site is optimized with the Yoast SEO plugin v27.3 - https:\/\/yoast.com\/product\/yoast-seo-wordpress\/ -->\n<title>Tietoa meist\u00e4 - Nordia Law<\/title>\n<meta name=\"description\" content=\"NORDIA Law on pohjoismainen asianajotoimisto, joka toimii Suomessa, Ruotsissa, Norjassa ja Tanskassa.\" \/>\n<meta name=\"robots\" content=\"index, follow, max-snippet:-1, max-image-preview:large, max-video-preview:-1\" \/>\n<link rel=\"canonical\" href=\"https:\/\/nordialaw.com\/about-us\/\" \/>\n<meta property=\"og:locale\" content=\"fi_FI\" \/>\n<meta property=\"og:type\" content=\"article\" \/>\n<meta property=\"og:title\" content=\"Tietoa meist\u00e4 - Nordia Law\" \/>\n<meta property=\"og:description\" content=\"NORDIA Law on pohjoismainen asianajotoimisto, joka toimii Suomessa, Ruotsissa, Norjassa ja Tanskassa.\" \/>\n<meta property=\"og:url\" content=\"https:\/\/nordialaw.com\/about-us\/\" \/>\n<meta property=\"og:site_name\" content=\"Nordia Law\" \/>\n<meta property=\"article:modified_time\" content=\"2024-06-10T11:59:02+00:00\" \/>\n<meta name=\"twitter:card\" content=\"summary_large_image\" \/>\n<meta name=\"twitter:label1\" content=\"Arvioitu lukuaika\" \/>\n\t<meta name=\"twitter:data1\" content=\"1 minuutti\" \/>\n<script type=\"application\/ld+json\" class=\"yoast-schema-graph\">{\"@context\":\"https:\\\/\\\/schema.org\",\"@graph\":[{\"@type\":\"WebPage\",\"@id\":\"https:\\\/\\\/nordialaw.com\\\/about-us\\\/\",\"url\":\"https:\\\/\\\/nordialaw.com\\\/about-us\\\/\",\"name\":\"Tietoa meist\u00e4 - Nordia Law\",\"isPartOf\":{\"@id\":\"https:\\\/\\\/nordialaw.com\\\/#website\"},\"datePublished\":\"2021-10-12T16:09:13+00:00\",\"dateModified\":\"2024-06-10T11:59:02+00:00\",\"description\":\"NORDIA Law on pohjoismainen asianajotoimisto, joka toimii Suomessa, Ruotsissa, Norjassa ja Tanskassa.\",\"breadcrumb\":{\"@id\":\"https:\\\/\\\/nordialaw.com\\\/about-us\\\/#breadcrumb\"},\"inLanguage\":\"fi\",\"potentialAction\":[{\"@type\":\"ReadAction\",\"target\":[\"https:\\\/\\\/nordialaw.com\\\/about-us\\\/\"]}]},{\"@type\":\"BreadcrumbList\",\"@id\":\"https:\\\/\\\/nordialaw.com\\\/about-us\\\/#breadcrumb\",\"itemListElement\":[{\"@type\":\"ListItem\",\"position\":1,\"name\":\"Home\",\"item\":\"https:\\\/\\\/nordialaw.com\\\/fi\\\/\"},{\"@type\":\"ListItem\",\"position\":2,\"name\":\"Tietoa meist\u00e4\"}]},{\"@type\":\"WebSite\",\"@id\":\"https:\\\/\\\/nordialaw.com\\\/#website\",\"url\":\"https:\\\/\\\/nordialaw.com\\\/\",\"name\":\"Nordia Law\",\"description\":\"\",\"publisher\":{\"@id\":\"https:\\\/\\\/nordialaw.com\\\/#organization\"},\"potentialAction\":[{\"@type\":\"SearchAction\",\"target\":{\"@type\":\"EntryPoint\",\"urlTemplate\":\"https:\\\/\\\/nordialaw.com\\\/?s={search_term_string}\"},\"query-input\":{\"@type\":\"PropertyValueSpecification\",\"valueRequired\":true,\"valueName\":\"search_term_string\"}}],\"inLanguage\":\"fi\"},{\"@type\":\"Organization\",\"@id\":\"https:\\\/\\\/nordialaw.com\\\/#organization\",\"name\":\"Nordia Law\",\"url\":\"https:\\\/\\\/nordialaw.com\\\/\",\"logo\":{\"@type\":\"ImageObject\",\"inLanguage\":\"fi\",\"@id\":\"https:\\\/\\\/nordialaw.com\\\/#\\\/schema\\\/logo\\\/image\\\/\",\"url\":\"https:\\\/\\\/nordialaw.com\\\/wp-content\\\/uploads\\\/2021\\\/09\\\/Layer-1.svg\",\"contentUrl\":\"https:\\\/\\\/nordialaw.com\\\/wp-content\\\/uploads\\\/2021\\\/09\\\/Layer-1.svg\",\"width\":197,\"height\":45,\"caption\":\"Nordia Law\"},\"image\":{\"@id\":\"https:\\\/\\\/nordialaw.com\\\/#\\\/schema\\\/logo\\\/image\\\/\"}}]}<\/script>\n<!-- \/ Yoast SEO plugin. -->","yoast_head_json":{"title":"Tietoa meist\u00e4 - Nordia Law","description":"NORDIA Law on pohjoismainen asianajotoimisto, joka toimii Suomessa, Ruotsissa, Norjassa ja Tanskassa.","robots":{"index":"index","follow":"follow","max-snippet":"max-snippet:-1","max-image-preview":"max-image-preview:large","max-video-preview":"max-video-preview:-1"},"canonical":"https:\/\/nordialaw.com\/about-us\/","og_locale":"fi_FI","og_type":"article","og_title":"Tietoa meist\u00e4 - Nordia Law","og_description":"NORDIA Law on pohjoismainen asianajotoimisto, joka toimii Suomessa, Ruotsissa, Norjassa ja Tanskassa.","og_url":"https:\/\/nordialaw.com\/about-us\/","og_site_name":"Nordia Law","article_modified_time":"2024-06-10T11:59:02+00:00","twitter_card":"summary_large_image","twitter_misc":{"Arvioitu lukuaika":"1 minuutti"},"schema":{"@context":"https:\/\/schema.org","@graph":[{"@type":"WebPage","@id":"https:\/\/nordialaw.com\/about-us\/","url":"https:\/\/nordialaw.com\/about-us\/","name":"Tietoa meist\u00e4 - Nordia Law","isPartOf":{"@id":"https:\/\/nordialaw.com\/#website"},"datePublished":"2021-10-12T16:09:13+00:00","dateModified":"2024-06-10T11:59:02+00:00","description":"NORDIA Law on pohjoismainen asianajotoimisto, joka toimii Suomessa, Ruotsissa, Norjassa ja Tanskassa.","breadcrumb":{"@id":"https:\/\/nordialaw.com\/about-us\/#breadcrumb"},"inLanguage":"fi","potentialAction":[{"@type":"ReadAction","target":["https:\/\/nordialaw.com\/about-us\/"]}]},{"@type":"BreadcrumbList","@id":"https:\/\/nordialaw.com\/about-us\/#breadcrumb","itemListElement":[{"@type":"ListItem","position":1,"name":"Home","item":"https:\/\/nordialaw.com\/fi\/"},{"@type":"ListItem","position":2,"name":"Tietoa meist\u00e4"}]},{"@type":"WebSite","@id":"https:\/\/nordialaw.com\/#website","url":"https:\/\/nordialaw.com\/","name":"Nordia Law","description":"","publisher":{"@id":"https:\/\/nordialaw.com\/#organization"},"potentialAction":[{"@type":"SearchAction","target":{"@type":"EntryPoint","urlTemplate":"https:\/\/nordialaw.com\/?s={search_term_string}"},"query-input":{"@type":"PropertyValueSpecification","valueRequired":true,"valueName":"search_term_string"}}],"inLanguage":"fi"},{"@type":"Organization","@id":"https:\/\/nordialaw.com\/#organization","name":"Nordia Law","url":"https:\/\/nordialaw.com\/","logo":{"@type":"ImageObject","inLanguage":"fi","@id":"https:\/\/nordialaw.com\/#\/schema\/logo\/image\/","url":"https:\/\/nordialaw.com\/wp-content\/uploads\/2021\/09\/Layer-1.svg","contentUrl":"https:\/\/nordialaw.com\/wp-content\/uploads\/2021\/09\/Layer-1.svg","width":197,"height":45,"caption":"Nordia Law"},"image":{"@id":"https:\/\/nordialaw.com\/#\/schema\/logo\/image\/"}}]}},"_links":{"self":[{"href":"https:\/\/nordialaw.com\/fi\/wp-json\/wp\/v2\/pages\/869","targetHints":{"allow":["GET"]}}],"collection":[{"href":"https:\/\/nordialaw.com\/fi\/wp-json\/wp\/v2\/pages"}],"about":[{"href":"https:\/\/nordialaw.com\/fi\/wp-json\/wp\/v2\/types\/page"}],"author":[{"embeddable":true,"href":"https:\/\/nordialaw.com\/fi\/wp-json\/wp\/v2\/users\/6"}],"replies":[{"embeddable":true,"href":"https:\/\/nordialaw.com\/fi\/wp-json\/wp\/v2\/comments?post=869"}],"version-history":[{"count":9,"href":"https:\/\/nordialaw.com\/fi\/wp-json\/wp\/v2\/pages\/869\/revisions"}],"predecessor-version":[{"id":16927,"href":"https:\/\/nordialaw.com\/fi\/wp-json\/wp\/v2\/pages\/869\/revisions\/16927"}],"wp:attachment":[{"href":"https:\/\/nordialaw.com\/fi\/wp-json\/wp\/v2\/media?parent=869"}],"curies":[{"name":"wp","href":"https:\/\/api.w.org\/{rel}","templated":true}]}}