{"id":11379,"date":"2022-06-09T02:33:41","date_gmt":"2022-06-09T07:33:41","guid":{"rendered":"https:\/\/nordialaw.com\/om-oss\/cookies-information\/"},"modified":"2025-10-06T13:10:13","modified_gmt":"2025-10-06T13:10:13","slug":"cookies-information","status":"publish","type":"page","link":"https:\/\/nordialaw.com\/no\/om-oss\/cookies-information\/","title":{"rendered":"Informasjonskapsler"},"content":{"rendered":"<div class=\"title-excerpt\">\n\t        <h1 class=\"title-excerpt__title\">Informasjon om informasjonskapsler <\/h1>\n\t\n\t<\/div>\n\n\n\n    <section class=\"image-text \">\n        <!--\t--><!-- -->\n        <div class=\"image-text__container grid-container\">\n\t\t\t\n\t\t\t                <div class=\"image-text__content \"><p>Denne informasjonskapselinformasjonen forklarer hvordan nettstedet v\u00e5rt (nordialaw.com) bruker informasjonskapsler for \u00e5 godkjenne deg b\u00e5r du bes\u00f8ker nettstedet v\u00e5rt. Den forklarer hva informasjonskapsler er og hvorfor vi bruker dem, samt dine rettigheter til \u00e5 kontrollere bruken av informasjonskapsler p\u00e5 nettstedet v\u00e5rt.<\/p>\n<p>Informasjonskapsler er sm\u00e5 tekstfiler som plasseres p\u00e5 datamaskinen din p\u00e5 nettsidene du bes\u00f8ker. De er mye brukt for \u00e5 f\u00e5 nettsider til \u00e5 fungere eller fungere mer effektivt, samt for \u00e5 gi informasjon til eierne av nettsiden. Bruk av informasjonskapsler er standard for de fleste nettsteder.<\/p>\n<h1><strong>Typer informasjonskapsler<\/strong><\/h1>\n<p>Vi bruker informasjonskapsler av flere grunner. Noen informasjonskapsler (n\u00f8dvendige informasjonskapsler) kreves for at nettstedet v\u00e5rt skal fungere som det skal. Andre informasjonskapsler lar oss spore brukernes interesser. NORDIA Law sporer for eksempel sidene du bes\u00f8ker for \u00e5 finne ut hvilken del av nettsiden v\u00e5r som er den mest popul\u00e6re eller mest brukte. Tredjeparter serverer informasjonskapsler gjennom nettsidene v\u00e5re for markedsf\u00f8ring og analyse.<\/p>\n<p><strong><em>N\u00f8dvendige informasjonskapsler<\/em><\/strong>: Disse informasjonskapslene er strengt n\u00f8dvendige for \u00e5 gi deg tjenester tilgjengelig via v\u00e5re nettsider.<\/p>\n<p>Cookietest av Modernizer sjekker om nettleseren kan kj\u00f8re Foundation-rammeverket som brukes p\u00e5 nettstedet v\u00e5rt.<\/p>\n<p>wordpress_test_cookie tester at nettleseren godtar informasjonskapsler. <a href=\"https:\/\/cookiedatabase.org\/cookie\/wordpress\/wordpress_test_cookie\/\">Les mer.<\/a><\/p>\n<p>wp-wpmlcurrentlanguage av spr\u00e5kpluginen for \u00e5 vise riktig spr\u00e5k. <a href=\"https:\/\/wpml.org\/documentation\/support\/browser-cookies-stored-wpml\/\">Les mer.<\/a><\/p>\n<p>__hs_opt_out brukes av personvernreglene for opt-in for \u00e5 huske \u00e5 ikke be den bes\u00f8kende om \u00e5 godta informasjonskapsler igjen. Denne informasjonskapselen settes n\u00e5r du velger \u00e5 velge bort informasjonskapsler. Den inneholder strengen &laquo;ja&raquo; eller &laquo;nei&raquo;. Den utl\u00f8per om 6 m\u00e5neder.<\/p>\n<p>__hs_do_not_track kan settes til \u00e5 forhindre at sporingskoden sender informasjon til HubSpot. Den inneholder strengen &laquo;ja&raquo;. Den utl\u00f8per om 6 m\u00e5neder.<\/p>\n<p>__hs_initial_opt_in brukes for \u00e5 forhindre at banneret alltid vises n\u00e5r bes\u00f8kende surfer i streng modus. Den inneholder strengen &laquo;ja&raquo; eller &laquo;nei&raquo;. Den utl\u00f8per om syv dager.<\/p>\n<p>Spr\u00e5kpreferanse (Lokal lagring). Vi bruker lokal lagring for \u00e5 huske ditt valgte spr\u00e5k. Dette gj\u00f8r at vi automatisk kan sende deg til riktig spr\u00e5kversjon av nettstedet ved fremtidige bes\u00f8k. Informasjonen som lagres inneholder ikke personopplysninger, brukes ikke til sporing, og deles ikke med tredjeparter. Den brukes utelukkende for \u00e5 forbedre din brukeropplevelse ved \u00e5 sikre konsistente spr\u00e5kinnstillinger. Dette elementet i lokal lagring er avgj\u00f8rende for \u00e5 tilby spr\u00e5kfunksjonaliteten p\u00e5 nettstedet, og anses derfor som strengt n\u00f8dvendig.<\/p>\n<div class=\"uc-embed\" uc-embed-type=\"category-only\"><\/div>\n<div class=\"uc-embed\"><\/div>\n<h1><strong>Administrere informasjonskapsler<\/strong><\/h1>\n<p>Du kan administrere og kontrollere informasjonskapsler gjennom innstillingene for informasjonskapsler. Innstillingsbanneret for informasjonskapsler er plassert nederst p\u00e5 nettstedet. Informasjonskapslene som brukes er klassifisert i kategorier som ovenfor. Du kan lese om hver informasjonskapsel som brukes og velge hvilke informasjonskapsler du lar oss bruke. Du kan tillate alle eller nekte noen av informasjonskapslene i samsvar med dine preferanser.<\/p>\n<p>Du kan ogs\u00e5 administrere og kontrollere informasjonskapsler gjennom nettleseren din, inkludert slette dem fra &laquo;nettleserloggen&raquo; (hurtigminne) n\u00e5r du forlater et nettsted.<\/p>\n<h1><strong>Bruke nettleseren din til \u00e5 kontrollere informasjonskapsler<\/strong><\/h1>\n<p>De fleste nettlesere lar deg se, administrere, slette og blokkere nettstedinformasjonskapsler. V\u00e6r oppmerksom p\u00e5 at hvis du sletter alle informasjonskapsler, vil ogs\u00e5 alle innstillingene dine bli slettet, inkludert muligheten til \u00e5 velge bort informasjonskapsler, da denne funksjonen i seg selv krever plassering av en velg-bort-informasjonskapsel p\u00e5 enheten din. Veiledning om hvordan du kontrollerer informasjonskapsler for vanlige nettlesere er lenket nedenfor:<\/p>\n<p>Hvordan kontrollere informasjonskapsler i Google Chrome.<\/p>\n<p><a href=\"https:\/\/support.google.com\/chrome\/answer\/95647\">Hvordan kontrollere informasjonskapsler i Google Chrome.<\/a><\/p>\n<p><a href=\"https:\/\/support.mozilla.org\/en-US\/kb\/enhanced-tracking-protection-firefox-desktop\">Hvordan kontrollere informasjonskapsler i Mozilla Firefox.<\/a><\/p>\n<p><a href=\"https:\/\/support.apple.com\/en-gb\/guide\/safari\/sfri11471\/mac\">Hvordan kontrollere informasjonskapsler i Safari.<\/a><\/p>\n<p><a href=\"https:\/\/support.microsoft.com\/en-us\/microsoft-edge\/delete-cookies-in-microsoft-edge-63947406-40ac-c3b8-57b9-2a946a29ae09\">Hvordan kontrollere informasjonskapsler i Microsoft Edge.<\/a><\/p>\n<p>For informasjon om flere nettlesere og enhetstyper vennligst se <a href=\"http:\/\/www.aboutcookies.org\/\">http:\/\/www.aboutcookies.org\/<\/a> eller www.cookiecentral.com\/faq\/.<\/p>\n<\/div>\n\t\t\t        <\/div>\n    <\/section>\n","protected":false},"excerpt":{"rendered":"","protected":false},"author":8,"featured_media":7347,"parent":861,"menu_order":0,"comment_status":"closed","ping_status":"open","template":"","meta":{"_acf_changed":false,"content-type":"","footnotes":""},"class_list":["post-11379","page","type-page","status-publish","has-post-thumbnail","hentry"],"acf":[],"yoast_head":"<!-- This site is optimized with the Yoast SEO plugin v27.2 - https:\/\/yoast.com\/product\/yoast-seo-wordpress\/ -->\n<title>Informasjonskapsler - Nordia Law<\/title>\n<meta name=\"description\" content=\"Denne informasjonskapselinformasjonen forklarer hvordan nettstedet v\u00e5rt bruker informasjonskapsler for \u00e5 godkjenne deg b\u00e5r du bes\u00f8ker nettstedet v\u00e5rt.\" \/>\n<meta name=\"robots\" content=\"index, follow, max-snippet:-1, max-image-preview:large, max-video-preview:-1\" \/>\n<link rel=\"canonical\" href=\"https:\/\/nordialaw.com\/no\/om-oss\/cookies-information\/\" \/>\n<meta property=\"og:locale\" content=\"nb_NO\" \/>\n<meta property=\"og:type\" content=\"article\" \/>\n<meta property=\"og:title\" content=\"Informasjonskapsler - Nordia Law\" \/>\n<meta property=\"og:description\" content=\"Denne informasjonskapselinformasjonen forklarer hvordan nettstedet v\u00e5rt bruker informasjonskapsler for \u00e5 godkjenne deg b\u00e5r du bes\u00f8ker nettstedet v\u00e5rt.\" \/>\n<meta property=\"og:url\" content=\"https:\/\/nordialaw.com\/no\/om-oss\/cookies-information\/\" \/>\n<meta property=\"og:site_name\" content=\"Nordia Law\" \/>\n<meta property=\"article:modified_time\" content=\"2025-10-06T13:10:13+00:00\" \/>\n<meta property=\"og:image\" content=\"https:\/\/nordialaw.com\/wp-content\/uploads\/2022\/02\/AdobeStock_375893262-scaled-e1645547062424.jpeg\" \/>\n\t<meta property=\"og:image:width\" content=\"2560\" \/>\n\t<meta property=\"og:image:height\" content=\"1696\" \/>\n\t<meta property=\"og:image:type\" content=\"image\/jpeg\" \/>\n<meta name=\"twitter:card\" content=\"summary_large_image\" \/>\n<meta name=\"twitter:label1\" content=\"Ansl. lesetid\" \/>\n\t<meta name=\"twitter:data1\" content=\"3 minutter\" \/>\n<script type=\"application\/ld+json\" class=\"yoast-schema-graph\">{\"@context\":\"https:\/\/schema.org\",\"@graph\":[{\"@type\":\"WebPage\",\"@id\":\"https:\/\/nordialaw.com\/no\/om-oss\/cookies-information\/\",\"url\":\"https:\/\/nordialaw.com\/no\/om-oss\/cookies-information\/\",\"name\":\"Informasjonskapsler - Nordia Law\",\"isPartOf\":{\"@id\":\"https:\/\/nordialaw.com\/#website\"},\"primaryImageOfPage\":{\"@id\":\"https:\/\/nordialaw.com\/no\/om-oss\/cookies-information\/#primaryimage\"},\"image\":{\"@id\":\"https:\/\/nordialaw.com\/no\/om-oss\/cookies-information\/#primaryimage\"},\"thumbnailUrl\":\"https:\/\/nordialaw.com\/wp-content\/uploads\/2022\/02\/AdobeStock_375893262-scaled-e1645547062424.jpeg\",\"datePublished\":\"2022-06-09T07:33:41+00:00\",\"dateModified\":\"2025-10-06T13:10:13+00:00\",\"description\":\"Denne informasjonskapselinformasjonen forklarer hvordan nettstedet v\u00e5rt bruker informasjonskapsler for \u00e5 godkjenne deg b\u00e5r du bes\u00f8ker nettstedet v\u00e5rt.\",\"breadcrumb\":{\"@id\":\"https:\/\/nordialaw.com\/no\/om-oss\/cookies-information\/#breadcrumb\"},\"inLanguage\":\"nb-NO\",\"potentialAction\":[{\"@type\":\"ReadAction\",\"target\":[\"https:\/\/nordialaw.com\/no\/om-oss\/cookies-information\/\"]}]},{\"@type\":\"ImageObject\",\"inLanguage\":\"nb-NO\",\"@id\":\"https:\/\/nordialaw.com\/no\/om-oss\/cookies-information\/#primaryimage\",\"url\":\"https:\/\/nordialaw.com\/wp-content\/uploads\/2022\/02\/AdobeStock_375893262-scaled-e1645547062424.jpeg\",\"contentUrl\":\"https:\/\/nordialaw.com\/wp-content\/uploads\/2022\/02\/AdobeStock_375893262-scaled-e1645547062424.jpeg\",\"width\":2560,\"height\":1696,\"caption\":\"Blue grungy background or texture\"},{\"@type\":\"BreadcrumbList\",\"@id\":\"https:\/\/nordialaw.com\/no\/om-oss\/cookies-information\/#breadcrumb\",\"itemListElement\":[{\"@type\":\"ListItem\",\"position\":1,\"name\":\"Home\",\"item\":\"https:\/\/nordialaw.com\/no\/\"},{\"@type\":\"ListItem\",\"position\":2,\"name\":\"Om oss\",\"item\":\"https:\/\/nordialaw.com\/no\/om-oss\/\"},{\"@type\":\"ListItem\",\"position\":3,\"name\":\"Informasjonskapsler\"}]},{\"@type\":\"WebSite\",\"@id\":\"https:\/\/nordialaw.com\/#website\",\"url\":\"https:\/\/nordialaw.com\/\",\"name\":\"Nordia Law\",\"description\":\"\",\"publisher\":{\"@id\":\"https:\/\/nordialaw.com\/#organization\"},\"potentialAction\":[{\"@type\":\"SearchAction\",\"target\":{\"@type\":\"EntryPoint\",\"urlTemplate\":\"https:\/\/nordialaw.com\/?s={search_term_string}\"},\"query-input\":{\"@type\":\"PropertyValueSpecification\",\"valueRequired\":true,\"valueName\":\"search_term_string\"}}],\"inLanguage\":\"nb-NO\"},{\"@type\":\"Organization\",\"@id\":\"https:\/\/nordialaw.com\/#organization\",\"name\":\"Nordia Law\",\"url\":\"https:\/\/nordialaw.com\/\",\"logo\":{\"@type\":\"ImageObject\",\"inLanguage\":\"nb-NO\",\"@id\":\"https:\/\/nordialaw.com\/#\/schema\/logo\/image\/\",\"url\":\"https:\/\/nordialaw.com\/wp-content\/uploads\/2021\/09\/Layer-1.svg\",\"contentUrl\":\"https:\/\/nordialaw.com\/wp-content\/uploads\/2021\/09\/Layer-1.svg\",\"width\":197,\"height\":45,\"caption\":\"Nordia Law\"},\"image\":{\"@id\":\"https:\/\/nordialaw.com\/#\/schema\/logo\/image\/\"}}]}<\/script>\n<!-- \/ Yoast SEO plugin. -->","yoast_head_json":{"title":"Informasjonskapsler - Nordia Law","description":"Denne informasjonskapselinformasjonen forklarer hvordan nettstedet v\u00e5rt bruker informasjonskapsler for \u00e5 godkjenne deg b\u00e5r du bes\u00f8ker nettstedet v\u00e5rt.","robots":{"index":"index","follow":"follow","max-snippet":"max-snippet:-1","max-image-preview":"max-image-preview:large","max-video-preview":"max-video-preview:-1"},"canonical":"https:\/\/nordialaw.com\/no\/om-oss\/cookies-information\/","og_locale":"nb_NO","og_type":"article","og_title":"Informasjonskapsler - Nordia Law","og_description":"Denne informasjonskapselinformasjonen forklarer hvordan nettstedet v\u00e5rt bruker informasjonskapsler for \u00e5 godkjenne deg b\u00e5r du bes\u00f8ker nettstedet v\u00e5rt.","og_url":"https:\/\/nordialaw.com\/no\/om-oss\/cookies-information\/","og_site_name":"Nordia Law","article_modified_time":"2025-10-06T13:10:13+00:00","og_image":[{"width":2560,"height":1696,"url":"https:\/\/nordialaw.com\/wp-content\/uploads\/2022\/02\/AdobeStock_375893262-scaled-e1645547062424.jpeg","type":"image\/jpeg"}],"twitter_card":"summary_large_image","twitter_misc":{"Ansl. lesetid":"3 minutter"},"schema":{"@context":"https:\/\/schema.org","@graph":[{"@type":"WebPage","@id":"https:\/\/nordialaw.com\/no\/om-oss\/cookies-information\/","url":"https:\/\/nordialaw.com\/no\/om-oss\/cookies-information\/","name":"Informasjonskapsler - Nordia Law","isPartOf":{"@id":"https:\/\/nordialaw.com\/#website"},"primaryImageOfPage":{"@id":"https:\/\/nordialaw.com\/no\/om-oss\/cookies-information\/#primaryimage"},"image":{"@id":"https:\/\/nordialaw.com\/no\/om-oss\/cookies-information\/#primaryimage"},"thumbnailUrl":"https:\/\/nordialaw.com\/wp-content\/uploads\/2022\/02\/AdobeStock_375893262-scaled-e1645547062424.jpeg","datePublished":"2022-06-09T07:33:41+00:00","dateModified":"2025-10-06T13:10:13+00:00","description":"Denne informasjonskapselinformasjonen forklarer hvordan nettstedet v\u00e5rt bruker informasjonskapsler for \u00e5 godkjenne deg b\u00e5r du bes\u00f8ker nettstedet v\u00e5rt.","breadcrumb":{"@id":"https:\/\/nordialaw.com\/no\/om-oss\/cookies-information\/#breadcrumb"},"inLanguage":"nb-NO","potentialAction":[{"@type":"ReadAction","target":["https:\/\/nordialaw.com\/no\/om-oss\/cookies-information\/"]}]},{"@type":"ImageObject","inLanguage":"nb-NO","@id":"https:\/\/nordialaw.com\/no\/om-oss\/cookies-information\/#primaryimage","url":"https:\/\/nordialaw.com\/wp-content\/uploads\/2022\/02\/AdobeStock_375893262-scaled-e1645547062424.jpeg","contentUrl":"https:\/\/nordialaw.com\/wp-content\/uploads\/2022\/02\/AdobeStock_375893262-scaled-e1645547062424.jpeg","width":2560,"height":1696,"caption":"Blue grungy background or texture"},{"@type":"BreadcrumbList","@id":"https:\/\/nordialaw.com\/no\/om-oss\/cookies-information\/#breadcrumb","itemListElement":[{"@type":"ListItem","position":1,"name":"Home","item":"https:\/\/nordialaw.com\/no\/"},{"@type":"ListItem","position":2,"name":"Om oss","item":"https:\/\/nordialaw.com\/no\/om-oss\/"},{"@type":"ListItem","position":3,"name":"Informasjonskapsler"}]},{"@type":"WebSite","@id":"https:\/\/nordialaw.com\/#website","url":"https:\/\/nordialaw.com\/","name":"Nordia Law","description":"","publisher":{"@id":"https:\/\/nordialaw.com\/#organization"},"potentialAction":[{"@type":"SearchAction","target":{"@type":"EntryPoint","urlTemplate":"https:\/\/nordialaw.com\/?s={search_term_string}"},"query-input":{"@type":"PropertyValueSpecification","valueRequired":true,"valueName":"search_term_string"}}],"inLanguage":"nb-NO"},{"@type":"Organization","@id":"https:\/\/nordialaw.com\/#organization","name":"Nordia Law","url":"https:\/\/nordialaw.com\/","logo":{"@type":"ImageObject","inLanguage":"nb-NO","@id":"https:\/\/nordialaw.com\/#\/schema\/logo\/image\/","url":"https:\/\/nordialaw.com\/wp-content\/uploads\/2021\/09\/Layer-1.svg","contentUrl":"https:\/\/nordialaw.com\/wp-content\/uploads\/2021\/09\/Layer-1.svg","width":197,"height":45,"caption":"Nordia Law"},"image":{"@id":"https:\/\/nordialaw.com\/#\/schema\/logo\/image\/"}}]}},"_links":{"self":[{"href":"https:\/\/nordialaw.com\/no\/wp-json\/wp\/v2\/pages\/11379","targetHints":{"allow":["GET"]}}],"collection":[{"href":"https:\/\/nordialaw.com\/no\/wp-json\/wp\/v2\/pages"}],"about":[{"href":"https:\/\/nordialaw.com\/no\/wp-json\/wp\/v2\/types\/page"}],"author":[{"embeddable":true,"href":"https:\/\/nordialaw.com\/no\/wp-json\/wp\/v2\/users\/8"}],"replies":[{"embeddable":true,"href":"https:\/\/nordialaw.com\/no\/wp-json\/wp\/v2\/comments?post=11379"}],"version-history":[{"count":9,"href":"https:\/\/nordialaw.com\/no\/wp-json\/wp\/v2\/pages\/11379\/revisions"}],"predecessor-version":[{"id":18710,"href":"https:\/\/nordialaw.com\/no\/wp-json\/wp\/v2\/pages\/11379\/revisions\/18710"}],"up":[{"embeddable":true,"href":"https:\/\/nordialaw.com\/no\/wp-json\/wp\/v2\/pages\/861"}],"wp:featuredmedia":[{"embeddable":true,"href":"https:\/\/nordialaw.com\/no\/wp-json\/wp\/v2\/media\/7347"}],"wp:attachment":[{"href":"https:\/\/nordialaw.com\/no\/wp-json\/wp\/v2\/media?parent=11379"}],"curies":[{"name":"wp","href":"https:\/\/api.w.org\/{rel}","templated":true}]}}