{"id":1344,"date":"2021-10-13T13:01:09","date_gmt":"2021-10-13T18:01:09","guid":{"rendered":"https:\/\/nordialaw.dev.kodeks.no\/home\/"},"modified":"2022-12-02T11:00:52","modified_gmt":"2022-12-02T11:00:52","slug":"nordia-law","status":"publish","type":"page","link":"https:\/\/nordialaw.com\/no\/","title":{"rendered":"Home"},"content":{"rendered":"<div class=\"hero-home-block\">\n    <div class=\"hero-home-block__oneslide\" style=\"background-image: url(https:\/\/nordialaw.com\/wp-content\/uploads\/2022\/09\/AdobeStock_468084286_v2-1024x256.jpg);\" data-no-lazy=\"1\">\n\t\t\t\t\t\t\t\t\t                    <div class=\"grid-container hero-home-block__caption\">\n                        <div class=\"grid-x grid-margin-x\">\n                            <div class=\"cell text-center\">\n                                <h2>We work within the law, \r\nnot within borders.<\/h2>\n                            <\/div>\n                        <\/div>\n                    <\/div>\n\t\t\t\t\t\t\t            <\/div>\n<\/div>\n\n\n\n\n<div class=\"grid-container\">\n    <div class=\"map-items-block grid-x grid-margin-x\">\n\t\t\t\t\t                <div class=\"cell large-4 medium-12 text-center\">\n\t\t\t\t\t\t\t\t\t\t<a href=\"https:\/\/nordialaw.com\/no\/om-oss\/\"  class=\"map-items-block__link\">\t\t\t\t\t\n\t\t\t\t\t                        <h5 class=\"map-items-block__title\">Om oss<\/h5>\n\t\t\t\t\t\n\t\t\t\t\t                        <div class=\"map-items-block__content\">V\u00e5r forretningsid\u00e9 er enkel: \u00c5 skape verdier for v\u00e5re klienter.<\/div>\n\t\t\t\t\t\t\t\t\t\t<\/a>                <\/div>\n\t\t\t                <div class=\"cell large-4 medium-12 text-center\">\n\t\t\t\t\t\t\t\t\t\t<a href=\"https:\/\/nordialaw.com\/no\/menneskene\/\"  class=\"map-items-block__link\">\t\t\t\t\t\n\t\t\t\t\t                        <h5 class=\"map-items-block__title\">Menneskene<\/h5>\n\t\t\t\t\t\n\t\t\t\t\t                        <div class=\"map-items-block__content\">V\u00e5rt team best\u00e5r av mennesker som bryr seg om deg og din business.<\/div>\n\t\t\t\t\t\t\t\t\t\t<\/a>                <\/div>\n\t\t\t                <div class=\"cell large-4 medium-12 text-center\">\n\t\t\t\t\t\t\t\t\t\t<a href=\"https:\/\/nordialaw.com\/no\/kompetanse\/\"  class=\"map-items-block__link\">\t\t\t\t\t\n\t\t\t\t\t                        <h5 class=\"map-items-block__title\">Kompetanse<\/h5>\n\t\t\t\t\t\n\t\t\t\t\t                        <div class=\"map-items-block__content\">Alle NORDIAs partnere og advokater er spesialiserte p\u00e5 ett eller flere av v\u00e5re kompetanseomr\u00e5der. <\/div>\n\t\t\t\t\t\t\t\t\t\t<\/a>                <\/div>\n\t\t\t\t\t    <\/div>\n<\/div>\n\n\n<p><\/p>\n","protected":false},"excerpt":{"rendered":"","protected":false},"author":6,"featured_media":0,"parent":0,"menu_order":0,"comment_status":"closed","ping_status":"open","template":"templates\/template-home.php","meta":{"_acf_changed":false,"content-type":"","footnotes":""},"class_list":["post-1344","page","type-page","status-publish","hentry"],"acf":[],"yoast_head":"<!-- This site is optimized with the Yoast SEO plugin v27.2 - https:\/\/yoast.com\/product\/yoast-seo-wordpress\/ -->\n<title>Home - Nordia Law<\/title>\n<meta name=\"description\" content=\"NORDIA Law is a pan-Nordic law firm. We work within the law, not within borders.\" \/>\n<meta name=\"robots\" content=\"index, follow, max-snippet:-1, max-image-preview:large, max-video-preview:-1\" \/>\n<link rel=\"canonical\" href=\"https:\/\/nordialaw.com\/no\/\" \/>\n<meta property=\"og:locale\" content=\"nb_NO\" \/>\n<meta property=\"og:type\" content=\"article\" \/>\n<meta property=\"og:title\" content=\"Home - Nordia Law\" \/>\n<meta property=\"og:description\" content=\"NORDIA Law is a pan-Nordic law firm. We work within the law, not within borders.\" \/>\n<meta property=\"og:url\" content=\"https:\/\/nordialaw.com\/no\/\" \/>\n<meta property=\"og:site_name\" content=\"Nordia Law\" \/>\n<meta property=\"article:modified_time\" content=\"2022-12-02T11:00:52+00:00\" \/>\n<meta property=\"og:image\" content=\"https:\/\/nordialaw.com\/wp-content\/uploads\/2022\/09\/AdobeStock_468084286_v2.jpg\" \/>\n\t<meta property=\"og:image:width\" content=\"2500\" \/>\n\t<meta property=\"og:image:height\" content=\"625\" \/>\n\t<meta property=\"og:image:type\" content=\"image\/jpeg\" \/>\n<meta name=\"twitter:card\" content=\"summary_large_image\" \/>\n<script type=\"application\/ld+json\" class=\"yoast-schema-graph\">{\"@context\":\"https:\/\/schema.org\",\"@graph\":[{\"@type\":\"WebPage\",\"@id\":\"https:\/\/nordialaw.com\/no\/\",\"url\":\"https:\/\/nordialaw.com\/no\/\",\"name\":\"Home - Nordia Law\",\"isPartOf\":{\"@id\":\"https:\/\/nordialaw.com\/#website\"},\"datePublished\":\"2021-10-13T18:01:09+00:00\",\"dateModified\":\"2022-12-02T11:00:52+00:00\",\"description\":\"NORDIA Law is a pan-Nordic law firm. We work within the law, not within borders.\",\"breadcrumb\":{\"@id\":\"https:\/\/nordialaw.com\/no\/#breadcrumb\"},\"inLanguage\":\"nb-NO\",\"potentialAction\":[{\"@type\":\"ReadAction\",\"target\":[\"https:\/\/nordialaw.com\/no\/\"]}]},{\"@type\":\"BreadcrumbList\",\"@id\":\"https:\/\/nordialaw.com\/no\/#breadcrumb\",\"itemListElement\":[{\"@type\":\"ListItem\",\"position\":1,\"name\":\"Home\",\"item\":\"https:\/\/nordialaw.com\/no\/\"},{\"@type\":\"ListItem\",\"position\":2,\"name\":\"Home\"}]},{\"@type\":\"WebSite\",\"@id\":\"https:\/\/nordialaw.com\/#website\",\"url\":\"https:\/\/nordialaw.com\/\",\"name\":\"Nordia Law\",\"description\":\"\",\"publisher\":{\"@id\":\"https:\/\/nordialaw.com\/#organization\"},\"potentialAction\":[{\"@type\":\"SearchAction\",\"target\":{\"@type\":\"EntryPoint\",\"urlTemplate\":\"https:\/\/nordialaw.com\/?s={search_term_string}\"},\"query-input\":{\"@type\":\"PropertyValueSpecification\",\"valueRequired\":true,\"valueName\":\"search_term_string\"}}],\"inLanguage\":\"nb-NO\"},{\"@type\":\"Organization\",\"@id\":\"https:\/\/nordialaw.com\/#organization\",\"name\":\"Nordia Law\",\"url\":\"https:\/\/nordialaw.com\/\",\"logo\":{\"@type\":\"ImageObject\",\"inLanguage\":\"nb-NO\",\"@id\":\"https:\/\/nordialaw.com\/#\/schema\/logo\/image\/\",\"url\":\"https:\/\/nordialaw.com\/wp-content\/uploads\/2021\/09\/Layer-1.svg\",\"contentUrl\":\"https:\/\/nordialaw.com\/wp-content\/uploads\/2021\/09\/Layer-1.svg\",\"width\":197,\"height\":45,\"caption\":\"Nordia Law\"},\"image\":{\"@id\":\"https:\/\/nordialaw.com\/#\/schema\/logo\/image\/\"}}]}<\/script>\n<!-- \/ Yoast SEO plugin. -->","yoast_head_json":{"title":"Home - Nordia Law","description":"NORDIA Law is a pan-Nordic law firm. We work within the law, not within borders.","robots":{"index":"index","follow":"follow","max-snippet":"max-snippet:-1","max-image-preview":"max-image-preview:large","max-video-preview":"max-video-preview:-1"},"canonical":"https:\/\/nordialaw.com\/no\/","og_locale":"nb_NO","og_type":"article","og_title":"Home - Nordia Law","og_description":"NORDIA Law is a pan-Nordic law firm. We work within the law, not within borders.","og_url":"https:\/\/nordialaw.com\/no\/","og_site_name":"Nordia Law","article_modified_time":"2022-12-02T11:00:52+00:00","og_image":[{"width":2500,"height":625,"url":"https:\/\/nordialaw.com\/wp-content\/uploads\/2022\/09\/AdobeStock_468084286_v2.jpg","type":"image\/jpeg"}],"twitter_card":"summary_large_image","schema":{"@context":"https:\/\/schema.org","@graph":[{"@type":"WebPage","@id":"https:\/\/nordialaw.com\/no\/","url":"https:\/\/nordialaw.com\/no\/","name":"Home - Nordia Law","isPartOf":{"@id":"https:\/\/nordialaw.com\/#website"},"datePublished":"2021-10-13T18:01:09+00:00","dateModified":"2022-12-02T11:00:52+00:00","description":"NORDIA Law is a pan-Nordic law firm. We work within the law, not within borders.","breadcrumb":{"@id":"https:\/\/nordialaw.com\/no\/#breadcrumb"},"inLanguage":"nb-NO","potentialAction":[{"@type":"ReadAction","target":["https:\/\/nordialaw.com\/no\/"]}]},{"@type":"BreadcrumbList","@id":"https:\/\/nordialaw.com\/no\/#breadcrumb","itemListElement":[{"@type":"ListItem","position":1,"name":"Home","item":"https:\/\/nordialaw.com\/no\/"},{"@type":"ListItem","position":2,"name":"Home"}]},{"@type":"WebSite","@id":"https:\/\/nordialaw.com\/#website","url":"https:\/\/nordialaw.com\/","name":"Nordia Law","description":"","publisher":{"@id":"https:\/\/nordialaw.com\/#organization"},"potentialAction":[{"@type":"SearchAction","target":{"@type":"EntryPoint","urlTemplate":"https:\/\/nordialaw.com\/?s={search_term_string}"},"query-input":{"@type":"PropertyValueSpecification","valueRequired":true,"valueName":"search_term_string"}}],"inLanguage":"nb-NO"},{"@type":"Organization","@id":"https:\/\/nordialaw.com\/#organization","name":"Nordia Law","url":"https:\/\/nordialaw.com\/","logo":{"@type":"ImageObject","inLanguage":"nb-NO","@id":"https:\/\/nordialaw.com\/#\/schema\/logo\/image\/","url":"https:\/\/nordialaw.com\/wp-content\/uploads\/2021\/09\/Layer-1.svg","contentUrl":"https:\/\/nordialaw.com\/wp-content\/uploads\/2021\/09\/Layer-1.svg","width":197,"height":45,"caption":"Nordia Law"},"image":{"@id":"https:\/\/nordialaw.com\/#\/schema\/logo\/image\/"}}]}},"_links":{"self":[{"href":"https:\/\/nordialaw.com\/no\/wp-json\/wp\/v2\/pages\/1344","targetHints":{"allow":["GET"]}}],"collection":[{"href":"https:\/\/nordialaw.com\/no\/wp-json\/wp\/v2\/pages"}],"about":[{"href":"https:\/\/nordialaw.com\/no\/wp-json\/wp\/v2\/types\/page"}],"author":[{"embeddable":true,"href":"https:\/\/nordialaw.com\/no\/wp-json\/wp\/v2\/users\/6"}],"replies":[{"embeddable":true,"href":"https:\/\/nordialaw.com\/no\/wp-json\/wp\/v2\/comments?post=1344"}],"version-history":[{"count":10,"href":"https:\/\/nordialaw.com\/no\/wp-json\/wp\/v2\/pages\/1344\/revisions"}],"predecessor-version":[{"id":12621,"href":"https:\/\/nordialaw.com\/no\/wp-json\/wp\/v2\/pages\/1344\/revisions\/12621"}],"wp:attachment":[{"href":"https:\/\/nordialaw.com\/no\/wp-json\/wp\/v2\/media?parent=1344"}],"curies":[{"name":"wp","href":"https:\/\/api.w.org\/{rel}","templated":true}]}}