{"id":17883,"date":"2025-04-09T07:30:24","date_gmt":"2025-04-09T07:30:24","guid":{"rendered":"https:\/\/nordialaw.com\/?page_id=17883"},"modified":"2026-03-25T12:44:20","modified_gmt":"2026-03-25T12:44:20","slug":"arverekkefolge-etter-arveloven","status":"publish","type":"page","link":"https:\/\/nordialaw.com\/no\/arverekkefolge-etter-arveloven\/","title":{"rendered":"Arverekkef\u00f8lge etter arveloven"},"content":{"rendered":"<div class=\"grid-container standard-block-spacing\" >\n    <div class=\"text-area-block grid-x grid-margin-x\">\n        <div class=\"cell large-12 medium-12\">\n\t\t\t\t\n            <h1>Arverekkef\u00f8lge etter arveloven<\/h1>\n<p>Denne siden har f\u00f8lgende innhold:<\/p>\n<ul>\n<li><a href=\"#hvem-arver-deg-etter-arveloven\">Hvem arver deg etter arveloven?<\/a><\/li>\n<li>Eksempler p\u00e5 deling av arven\n<ul>\n<li><a href=\"#avdode-etterlater-barn-og-ektefelle\"><span style=\"font-weight: 400\">Avd\u00f8de etterlater seg barn og ektefelle<\/span><\/a><\/li>\n<li><a href=\"#avdode-etterlater-foreldre-sosken\"><span style=\"font-weight: 400\">Avd\u00f8de etterlater seg kun foreldre og s\u00f8sken<\/span><\/a><\/li>\n<li><a href=\"#avdode-etterlater-ektefelle-foreldre\"><span style=\"font-weight: 400\">Avd\u00f8de etterlater seg ektefelle og foreldre<\/span><\/a><\/li>\n<\/ul>\n<\/li>\n<li><a href=\"#bli-kjent-med-advokater\">Hva kan vi gj\u00f8re for deg?<\/a><\/li>\n<\/ul>\n\n        <\/div>\n    <\/div>\n<\/div>\n\n<div class=\"grid-container small-block-spacing\"  id=\"hvem-arver-deg-etter-arveloven\" >\n    <div class=\"text-area-block grid-x grid-margin-x\">\n        <div class=\"cell large-12 medium-12\">\n\t\t\t\t\n            <h2>Hvem arver deg etter arveloven?<\/h2>\n<p><span style=\"font-weight: 400\">Hvis du ikke har opprettet testament, fordeles arven etter deg etter arveloven<\/span> <span style=\"font-weight: 400\">i en prioritert rekkef\u00f8lge av arvinger<\/span><span style=\"font-weight: 400\">, ofte omtalt som <\/span><span style=\"font-weight: 400\">arvetavlen<\/span><span style=\"font-weight: 400\">. Arvetavlen er delt inn i tre arveklasser.<\/span><\/p>\n<p><span style=\"font-weight: 400\"> Den kan illustreres s\u00e5nn: <\/span><\/p>\n\n        <\/div>\n    <\/div>\n<\/div>\n\n\n<div class=\"grid-container small-block-spacing\">\n    <div class=\"media-block grid-x grid-margin-x\">\n        <div class=\"media-wrapper cell large-12 medium-12\">\n\t\t\t\t\n                        \n                                    <div class=\"img-wrapper large\">\n                      <img loading=\"lazy\" decoding=\"async\" width=\"1226\" height=\"950\" src=\"https:\/\/nordialaw.com\/wp-content\/uploads\/2025\/03\/Skjermbilde-2025-03-04-kl.-12.52.09.png\" class=\"attachment-hero size-hero\" alt=\"Test image will be deleted\" srcset=\"https:\/\/nordialaw.com\/wp-content\/uploads\/2025\/03\/Skjermbilde-2025-03-04-kl.-12.52.09.png 1226w, https:\/\/nordialaw.com\/wp-content\/uploads\/2025\/03\/Skjermbilde-2025-03-04-kl.-12.52.09-300x232.png 300w, https:\/\/nordialaw.com\/wp-content\/uploads\/2025\/03\/Skjermbilde-2025-03-04-kl.-12.52.09-1024x793.png 1024w, https:\/\/nordialaw.com\/wp-content\/uploads\/2025\/03\/Skjermbilde-2025-03-04-kl.-12.52.09-768x595.png 768w\" sizes=\"auto, (max-width: 1226px) 100vw, 1226px\" \/>                    <\/div>\n                \n            \n            \n        <\/div>\n    <\/div>\n<\/div>\n\n<div class=\"grid-container small-block-spacing\" >\n    <div class=\"text-area-block grid-x grid-margin-x\">\n        <div class=\"cell large-12 medium-12\">\n\t\t\t\t\n            <h3>F\u00f8rste arveklasse<\/h3>\n<p>F\u00f8rste arveklasse <span style=\"font-weight: 400\">utgj\u00f8r den innerste bolken og inkluderer arvelaters livsarvinger. Det vi si arvelaters barn, inkludert adoptivbarn. Dersom ett eller flere av barna ikke lever, g\u00e5r deres andel av arven videre til arvelaters barnebarn. Lever hverken barna eller barnebarna, vil oldebarna tre inn som arvinger osv. De aller f\u00e6rreste etterlater seg kun tippoldebarn n\u00e5r de d\u00f8r, men hvis s\u00e5 er tilfellet tilfaller arven etter avd\u00f8de hans eller hennes tippoldebarn.\u00a0<\/span><\/p>\n<h3>Andre arveklasse<\/h3>\n<p>Hvis det ikke er arvinger i f\u00f8rste arveklasse, g\u00e5r arven videre til andre arveklasse. Andre arveklasse omfatter foreldrene til avd\u00f8de, og hver av foreldrene arver en halvdel hver. Dersom ikke foreldrene lever, g\u00e5r arven til avd\u00f8des s\u00f8sken. Lever ikke avd\u00f8des s\u00f8sken, tilfaller arven deres eventuelle barn, eller barnebarn osv.<\/p>\n<h3>Tredje arveklasse<\/h3>\n<p><span style=\"font-weight: 400\">Dersom <\/span><span style=\"font-weight: 400\">det ikke finnes arvinger i f\u00f8rste eller andre arveklasse<\/span><span style=\"font-weight: 400\">, g\u00e5r arven til besteforeldrene eller deres etterkommere (onkel\/tante, fetter\/kusine). Arveloven setter en stopper ved besteforeldre. Fjernere slektninger, som oldeforeldre, grandonkler- og tanter, og tremenninger har ikke arverett etter arveloven. Loven setter ogs\u00e5 en stopper ved avd\u00f8des kusiner\/fettere, slik at deres barn vil ikke v\u00e6re arvinger.<\/span><\/p>\n<p><i><span style=\"font-weight: 400\">Har avd\u00f8de ektefelle eller samboer med felles barn, vil dette f\u00e5 innvirkning p\u00e5 fordelingen av arven. Det samme gjelder dersom avd\u00f8de hadde opprettet et testament.<\/span><\/i><\/p>\n<p><a href=\"https:\/\/nordialaw.com\/no\/ektefellens-arverett\/\"><span style=\"font-weight: 400\">Les mer om: Ektefellens arverett<\/span><\/a><span style=\"font-weight: 400\"><br \/>\n<\/span><a href=\"https:\/\/nordialaw.com\/no\/arv-etter-testament\/\"><span style=\"font-weight: 400\">Les mer om: Arv etter testament<\/span><i><span style=\"font-weight: 400\">\u00a0<\/span><\/i><\/a><\/p>\n\n        <\/div>\n    <\/div>\n<\/div>\n\n\n<div class=\"grid-container standard-block-spacing cta-employee\">\n<div class=\"grid-container\">\n    <div class=\"cta-employee-block\">\n\n\n\n        <div class=\"cell large-12 medium-12\">\n\t\t\t\t\n                    <div class=\"employee-card\">\n                            <div class=\"employee\">\n\n                                  <h2 class=\"hide-large\">Arveoppgj\u00f8ret med og uten livsarvinger<\/h2>\n                \n                  <div class=\"info\">\n                                            <div class=\"img-wrapper\">\n                        <a href=\"https:\/\/nordialaw.com\/no\/people\/vegard-skaug\/\"><img decoding=\"async\" src=\"https:\/\/nordialaw.com\/wp-content\/uploads\/2024\/11\/Skaug-Vegard_Portrait-1.jpg\" alt=\"Vegard Skaug\" \/><\/a>\n                        <\/div>\n                    \n                    <div class=\"info-wrapper\">\n\n                    <div class=\"name\">\n                    Partner &#8211;\n                    Vegard Skaug                    <\/div>\n\n                    <a href=\"https:\/\/nordialaw.com\/no\/people\/vegard-skaug\/\">Les mer om advokaten<\/a>\n\n                                            <a href=\"mailto:vs@nordialaw.com\">vs@nordialaw.com<\/a>\n                    \n                                            <a href=\"tel:+47 90 64 18 81\">+47 90 64 18 81<\/a>\n                                        <\/div>\n                  <\/div>\n                  \n                  <div class=\"text\">\n                    <div class=\"wrapper\">\n                                            <h2 class=\"hide-small\">Arveoppgj\u00f8ret med og uten livsarvinger<\/h2>\n                    \n                                            Usikker p\u00e5 arveoppgj\u00f8r? Med sin ekspertise og omsorg veileder Vegard Skaug deg gjennom prosessen. Ta kontakt for en trygg og god l\u00f8sning.                                        <\/div>\n                  <\/div>\n\n                    \n                    <\/div>\n                                <\/div>\n        \n        \n        <\/div>\n    <\/div>\n<\/div>\n    <\/div>\n\n<div class=\"grid-container small-block-spacing\" >\n    <div class=\"text-area-block grid-x grid-margin-x\">\n        <div class=\"cell large-12 medium-12\">\n\t\t\t\t\n            <h2>Eksempler p\u00e5 deling av arven<\/h2>\n\n        <\/div>\n    <\/div>\n<\/div>\n\n<div class=\"grid-container standard-block-spacing\"  id=\"avdode-etterlater-barn-og-ektefelle\" >\n    <div class=\"text-area-block grid-x grid-margin-x\">\n        <div class=\"cell large-12 medium-12\">\n\t\t\t\t\n            <h3>Avd\u00f8de etterlater seg barn og ektefelle<\/h3>\n<p><span style=\"font-weight: 400\">I medhold av ekteskapsloven og arveloven beholder gjenlevende ektefelle\u00a0 for det f\u00f8rste sin andel av ektefelleboet. Deretter arver gjenlevende \u00bc av avd\u00f8de ektefelles andel av ektefelleboet. De resterende 3\/8 av avd\u00f8de sine verdier tilfaller i dette tilfellet avd\u00f8des barn. Det vil si at barna arver \u00be av avd\u00f8de sine verdier. Har avd\u00f8de flere barn, arver de en lik andel hver av det som tilfaller barna.\u00a0<\/span><\/p>\n<p><span style=\"font-weight: 400\">I de tilfellene den avd\u00f8de etterlater seg lite av verdi, kan det v\u00e6re at gjenlevende arver mer enn \u00bc. Det f\u00f8lger av arveloven at ektefellens minstearv g\u00e5r foran andre arvinger, inkludert barna. Minstearven er p\u00e5 4G.\u00a0<\/span><span style=\"font-weight: 400\">Fordeligen av verdien mellom ektefellene og avd\u00f8de sine arvinger kan ogs\u00e5 p\u00e5virkes av hvordan ektefellene har innrettet sin \u00f8konomi og om avd\u00f8de hadde opprettet et testament.\u00a0<\/span><\/p>\n\n        <\/div>\n    <\/div>\n<\/div>\n\n<div class=\"grid-container standard-block-spacing\"  id=\"avdode-etterlater-foreldre-sosken\" >\n    <div class=\"text-area-block grid-x grid-margin-x\">\n        <div class=\"cell large-12 medium-12\">\n\t\t\t\t\n            <h3>Avd\u00f8de etterlater seg kun foreldre og s\u00f8sken<\/h3>\n<p><span style=\"font-weight: 400\">N\u00e5r den avd\u00f8de b\u00e5de har foreldre og s\u00f8sken i live, men ingen livsarvinger eller ektefelle\/samboer g\u00e5r arven til personer i andre arveklasse. I andre arveklasse er det avd\u00f8des foreldre som kommer f\u00f8rst. Hvis de begge lever, arver de i dette tilfellet alt, og med en lik andel hver. S\u00f8sken som overlever avd\u00f8de, m\u00e5 i tilfellet vente til deres foreldre d\u00f8r f\u00f8r de eventuelt f\u00e5r noe arv etter sin bror\/s\u00f8ster. Det er imidlertid ingen som hindrer foreldrene \u00e5 bruke opp det de har arvet av sitt barn.<\/span><\/p>\n<p><span style=\"font-weight: 400\">Fordeligen av verdien mellom avd\u00f8de sine arvinger kan ogs\u00e5 p\u00e5virkes av om avd\u00f8de hadde opprettet et testament. I testament kan avd\u00f8de bestemme at s\u00f8sken skal prioriteres foran foreldre og det kan fordeles skjevt mellom s\u00f8sken.\u00a0<\/span><\/p>\n\n        <\/div>\n    <\/div>\n<\/div>\n\n<div class=\"grid-container standard-block-spacing\"  id=\"avdode-etterlater-ektefelle-foreldre\" >\n    <div class=\"text-area-block grid-x grid-margin-x\">\n        <div class=\"cell large-12 medium-12\">\n\t\t\t\t\n            <h3>Avd\u00f8de etterlater seg ektefelle og foreldre<\/h3>\n<p><span style=\"font-weight: 400\">Dersom den avd\u00f8de ikke har barn, men ektefelle og foreldre i live, skal verdiene deles likt mellom de to gruppene. Det vil si at ektefellen mottar 50% og foreldrene til avd\u00f8de arver 50%. Foreldrene deler denne halvparten mellom seg og f\u00e5r da 25% hver.<\/span><\/p>\n<p><span style=\"font-weight: 400\">Som i eksemplet over der avd\u00f8de etterlater seg ektefelle og barn, vil ogs\u00e5 i dette tilfellet ektefellen ha krav p\u00e5 en minimum arv som g\u00e5r foran annen arv. I dette tilfellet hvor n\u00e5r avd\u00f8de ikke har barn, har gjenlevende krav p\u00e5 minst 6 G. Det kan i realiteten bety mer enn 50% av det totale boet hvis det er sm\u00e5 verdier i boet.\u00a0<\/span><\/p>\n<p><span style=\"font-weight: 400\">Fordeligen av verdien mellom avd\u00f8de sine arvinger kan ogs\u00e5 p\u00e5virkes av om avd\u00f8de hadde opprettet et testament. I testament kan avd\u00f8de bestemme at foreldre\/s\u00f8sken skal prioriteres foran ektefelle og motsatt. Det kan ogs\u00e5 fordeles skjevt mellom foreldrene.\u00a0<\/span><\/p>\n\n        <\/div>\n    <\/div>\n<\/div>\n\n<div class=\"grid-container small-block-spacing\"  id=\"bli-kjent-med-advokater\" >\n    <div class=\"text-area-block grid-x grid-margin-x\">\n        <div class=\"cell large-12 medium-12\">\n\t\t\t\t\n            <h2>Bli kjent med v\u00e5re advokater<\/h2>\n<p>Hvorfor b\u00f8r du velge Nordia Law?<\/p>\n<p>Vegard Skaug har lang og bred erfaring innenfor familie- og arverett, og er alltid opptatt av \u00e5 finne gode l\u00f8sninger og gi deg det beste alternativet.<br \/>\nHva f\u00e5r du hos oss?<\/p>\n<ul>\n<li>Du vil f\u00e5 bistand av en spesialisert advokat innen familie- og arverett.<\/li>\n<li>Vi gir deg gode og tydelige r\u00e5d ut ifra din situasjon.<\/li>\n<li>Vi ivaretar dine interesser p\u00e5 en samvittighetsfull m\u00e5te.<\/li>\n<\/ul>\n\n        <\/div>\n    <\/div>\n<\/div>\n\n\n<div class=\"grid-container small-block-spacing cta-employee\">\n<div class=\"grid-container\">\n    <div class=\"cta-employee-block\">\n\n\n\n        <div class=\"cell large-12 medium-12\">\n\t\t\t\t\n        \n        \n        <\/div>\n    <\/div>\n<\/div>\n    <\/div>\n\n\n<div class=\"grid-container small-block-spacing cta-employee\">\n<div class=\"grid-container\">\n    <div class=\"cta-employee-block\">\n\n\n\n        <div class=\"cell large-12 medium-12\">\n\t\t\t\t\n        \n        \n        <\/div>\n    <\/div>\n<\/div>\n    <\/div>\n\n\n<div class=\"grid-container small-block-spacing cta-employee\">\n<div class=\"grid-container\">\n    <div class=\"cta-employee-block\">\n\n\n\n        <div class=\"cell large-12 medium-12\">\n\t\t\t\t\n                    <div class=\"employee-card\">\n                            <div class=\"employee\">\n\n                \n                  <div class=\"info\">\n                                            <div class=\"img-wrapper\">\n                        <a href=\"https:\/\/nordialaw.com\/no\/people\/vegard-skaug\/\"><img decoding=\"async\" src=\"https:\/\/nordialaw.com\/wp-content\/uploads\/2024\/11\/Skaug-Vegard_Portrait-1.jpg\" alt=\"Vegard Skaug\" \/><\/a>\n                        <\/div>\n                    \n                    <div class=\"info-wrapper\">\n\n                    <div class=\"name\">\n                    Partner &#8211;\n                    Vegard Skaug                    <\/div>\n\n                    <a href=\"https:\/\/nordialaw.com\/no\/people\/vegard-skaug\/\">Les mer om advokaten<\/a>\n\n                                            <a href=\"mailto:vs@nordialaw.com\">vs@nordialaw.com<\/a>\n                    \n                                            <a href=\"tel:+47 90 64 18 81\">+47 90 64 18 81<\/a>\n                                        <\/div>\n                  <\/div>\n                  \n                  <div class=\"text\">\n                    <div class=\"wrapper\">\n                    \n                                            Arv og arveoppgj\u00f8r? Vegard Skaug s\u00f8rger for en rettferdig l\u00f8sning. Hans dedikasjon til dine behov er uovertruffen. Ring oss i dag for en oppf\u00f8lging.                                        <\/div>\n                  <\/div>\n\n                    \n                    <\/div>\n                                <\/div>\n        \n        \n        <\/div>\n    <\/div>\n<\/div>\n    <\/div>","protected":false},"excerpt":{"rendered":"","protected":false},"author":10,"featured_media":0,"parent":0,"menu_order":0,"comment_status":"closed","ping_status":"closed","template":"","meta":{"_acf_changed":false,"content-type":"","footnotes":""},"class_list":["post-17883","page","type-page","status-publish","hentry"],"acf":[],"yoast_head":"<!-- This site is optimized with the Yoast SEO plugin v27.5 - https:\/\/yoast.com\/product\/yoast-seo-wordpress\/ -->\n<title>Arverekkef\u00f8lge, hvordan fordeles arv uten testament? | Nordia Law<\/title>\n<meta name=\"description\" content=\"L\u00e6r om arverekkef\u00f8lge og les eksempler p\u00e5 hvordan arven fordeles n\u00e5r det ikke finnes testament. Nordia Law kan bist\u00e5 om du trenger hjelp.\" \/>\n<meta name=\"robots\" content=\"index, follow, max-snippet:-1, max-image-preview:large, max-video-preview:-1\" \/>\n<link rel=\"canonical\" href=\"https:\/\/nordialaw.com\/no\/arverekkefolge-etter-arveloven\/\" \/>\n<meta property=\"og:locale\" content=\"nb_NO\" \/>\n<meta property=\"og:type\" content=\"article\" \/>\n<meta property=\"og:title\" content=\"Arverekkef\u00f8lge, hvordan fordeles arv uten testament? | Nordia Law\" \/>\n<meta property=\"og:description\" content=\"L\u00e6r om arverekkef\u00f8lge og les eksempler p\u00e5 hvordan arven fordeles n\u00e5r det ikke finnes testament. Nordia Law kan bist\u00e5 om du trenger hjelp.\" \/>\n<meta property=\"og:url\" content=\"https:\/\/nordialaw.com\/no\/arverekkefolge-etter-arveloven\/\" \/>\n<meta property=\"og:site_name\" content=\"Nordia Law\" \/>\n<meta property=\"article:modified_time\" content=\"2026-03-25T12:44:20+00:00\" \/>\n<meta name=\"twitter:card\" content=\"summary_large_image\" \/>\n<meta name=\"twitter:label1\" content=\"Ansl. lesetid\" \/>\n\t<meta name=\"twitter:data1\" content=\"5 minutter\" \/>\n<script type=\"application\/ld+json\" class=\"yoast-schema-graph\">{\"@context\":\"https:\\\/\\\/schema.org\",\"@graph\":[{\"@type\":\"WebPage\",\"@id\":\"https:\\\/\\\/nordialaw.com\\\/no\\\/arverekkefolge-etter-arveloven\\\/\",\"url\":\"https:\\\/\\\/nordialaw.com\\\/no\\\/arverekkefolge-etter-arveloven\\\/\",\"name\":\"Arverekkef\u00f8lge, hvordan fordeles arv uten testament? | Nordia Law\",\"isPartOf\":{\"@id\":\"https:\\\/\\\/nordialaw.com\\\/#website\"},\"datePublished\":\"2025-04-09T07:30:24+00:00\",\"dateModified\":\"2026-03-25T12:44:20+00:00\",\"description\":\"L\u00e6r om arverekkef\u00f8lge og les eksempler p\u00e5 hvordan arven fordeles n\u00e5r det ikke finnes testament. Nordia Law kan bist\u00e5 om du trenger hjelp.\",\"breadcrumb\":{\"@id\":\"https:\\\/\\\/nordialaw.com\\\/no\\\/arverekkefolge-etter-arveloven\\\/#breadcrumb\"},\"inLanguage\":\"nb-NO\",\"potentialAction\":[{\"@type\":\"ReadAction\",\"target\":[\"https:\\\/\\\/nordialaw.com\\\/no\\\/arverekkefolge-etter-arveloven\\\/\"]}]},{\"@type\":\"BreadcrumbList\",\"@id\":\"https:\\\/\\\/nordialaw.com\\\/no\\\/arverekkefolge-etter-arveloven\\\/#breadcrumb\",\"itemListElement\":[{\"@type\":\"ListItem\",\"position\":1,\"name\":\"Home\",\"item\":\"https:\\\/\\\/nordialaw.com\\\/no\\\/\"},{\"@type\":\"ListItem\",\"position\":2,\"name\":\"Arverekkef\u00f8lge etter arveloven\"}]},{\"@type\":\"WebSite\",\"@id\":\"https:\\\/\\\/nordialaw.com\\\/#website\",\"url\":\"https:\\\/\\\/nordialaw.com\\\/\",\"name\":\"Nordia Law\",\"description\":\"\",\"publisher\":{\"@id\":\"https:\\\/\\\/nordialaw.com\\\/#organization\"},\"potentialAction\":[{\"@type\":\"SearchAction\",\"target\":{\"@type\":\"EntryPoint\",\"urlTemplate\":\"https:\\\/\\\/nordialaw.com\\\/?s={search_term_string}\"},\"query-input\":{\"@type\":\"PropertyValueSpecification\",\"valueRequired\":true,\"valueName\":\"search_term_string\"}}],\"inLanguage\":\"nb-NO\"},{\"@type\":\"Organization\",\"@id\":\"https:\\\/\\\/nordialaw.com\\\/#organization\",\"name\":\"Nordia Law\",\"url\":\"https:\\\/\\\/nordialaw.com\\\/\",\"logo\":{\"@type\":\"ImageObject\",\"inLanguage\":\"nb-NO\",\"@id\":\"https:\\\/\\\/nordialaw.com\\\/#\\\/schema\\\/logo\\\/image\\\/\",\"url\":\"https:\\\/\\\/nordialaw.com\\\/wp-content\\\/uploads\\\/2021\\\/09\\\/Layer-1.svg\",\"contentUrl\":\"https:\\\/\\\/nordialaw.com\\\/wp-content\\\/uploads\\\/2021\\\/09\\\/Layer-1.svg\",\"width\":197,\"height\":45,\"caption\":\"Nordia Law\"},\"image\":{\"@id\":\"https:\\\/\\\/nordialaw.com\\\/#\\\/schema\\\/logo\\\/image\\\/\"}}]}<\/script>\n<!-- \/ Yoast SEO plugin. -->","yoast_head_json":{"title":"Arverekkef\u00f8lge, hvordan fordeles arv uten testament? | Nordia Law","description":"L\u00e6r om arverekkef\u00f8lge og les eksempler p\u00e5 hvordan arven fordeles n\u00e5r det ikke finnes testament. Nordia Law kan bist\u00e5 om du trenger hjelp.","robots":{"index":"index","follow":"follow","max-snippet":"max-snippet:-1","max-image-preview":"max-image-preview:large","max-video-preview":"max-video-preview:-1"},"canonical":"https:\/\/nordialaw.com\/no\/arverekkefolge-etter-arveloven\/","og_locale":"nb_NO","og_type":"article","og_title":"Arverekkef\u00f8lge, hvordan fordeles arv uten testament? | Nordia Law","og_description":"L\u00e6r om arverekkef\u00f8lge og les eksempler p\u00e5 hvordan arven fordeles n\u00e5r det ikke finnes testament. Nordia Law kan bist\u00e5 om du trenger hjelp.","og_url":"https:\/\/nordialaw.com\/no\/arverekkefolge-etter-arveloven\/","og_site_name":"Nordia Law","article_modified_time":"2026-03-25T12:44:20+00:00","twitter_card":"summary_large_image","twitter_misc":{"Ansl. lesetid":"5 minutter"},"schema":{"@context":"https:\/\/schema.org","@graph":[{"@type":"WebPage","@id":"https:\/\/nordialaw.com\/no\/arverekkefolge-etter-arveloven\/","url":"https:\/\/nordialaw.com\/no\/arverekkefolge-etter-arveloven\/","name":"Arverekkef\u00f8lge, hvordan fordeles arv uten testament? | Nordia Law","isPartOf":{"@id":"https:\/\/nordialaw.com\/#website"},"datePublished":"2025-04-09T07:30:24+00:00","dateModified":"2026-03-25T12:44:20+00:00","description":"L\u00e6r om arverekkef\u00f8lge og les eksempler p\u00e5 hvordan arven fordeles n\u00e5r det ikke finnes testament. Nordia Law kan bist\u00e5 om du trenger hjelp.","breadcrumb":{"@id":"https:\/\/nordialaw.com\/no\/arverekkefolge-etter-arveloven\/#breadcrumb"},"inLanguage":"nb-NO","potentialAction":[{"@type":"ReadAction","target":["https:\/\/nordialaw.com\/no\/arverekkefolge-etter-arveloven\/"]}]},{"@type":"BreadcrumbList","@id":"https:\/\/nordialaw.com\/no\/arverekkefolge-etter-arveloven\/#breadcrumb","itemListElement":[{"@type":"ListItem","position":1,"name":"Home","item":"https:\/\/nordialaw.com\/no\/"},{"@type":"ListItem","position":2,"name":"Arverekkef\u00f8lge etter arveloven"}]},{"@type":"WebSite","@id":"https:\/\/nordialaw.com\/#website","url":"https:\/\/nordialaw.com\/","name":"Nordia Law","description":"","publisher":{"@id":"https:\/\/nordialaw.com\/#organization"},"potentialAction":[{"@type":"SearchAction","target":{"@type":"EntryPoint","urlTemplate":"https:\/\/nordialaw.com\/?s={search_term_string}"},"query-input":{"@type":"PropertyValueSpecification","valueRequired":true,"valueName":"search_term_string"}}],"inLanguage":"nb-NO"},{"@type":"Organization","@id":"https:\/\/nordialaw.com\/#organization","name":"Nordia Law","url":"https:\/\/nordialaw.com\/","logo":{"@type":"ImageObject","inLanguage":"nb-NO","@id":"https:\/\/nordialaw.com\/#\/schema\/logo\/image\/","url":"https:\/\/nordialaw.com\/wp-content\/uploads\/2021\/09\/Layer-1.svg","contentUrl":"https:\/\/nordialaw.com\/wp-content\/uploads\/2021\/09\/Layer-1.svg","width":197,"height":45,"caption":"Nordia Law"},"image":{"@id":"https:\/\/nordialaw.com\/#\/schema\/logo\/image\/"}}]}},"_links":{"self":[{"href":"https:\/\/nordialaw.com\/no\/wp-json\/wp\/v2\/pages\/17883","targetHints":{"allow":["GET"]}}],"collection":[{"href":"https:\/\/nordialaw.com\/no\/wp-json\/wp\/v2\/pages"}],"about":[{"href":"https:\/\/nordialaw.com\/no\/wp-json\/wp\/v2\/types\/page"}],"author":[{"embeddable":true,"href":"https:\/\/nordialaw.com\/no\/wp-json\/wp\/v2\/users\/10"}],"replies":[{"embeddable":true,"href":"https:\/\/nordialaw.com\/no\/wp-json\/wp\/v2\/comments?post=17883"}],"version-history":[{"count":11,"href":"https:\/\/nordialaw.com\/no\/wp-json\/wp\/v2\/pages\/17883\/revisions"}],"predecessor-version":[{"id":19859,"href":"https:\/\/nordialaw.com\/no\/wp-json\/wp\/v2\/pages\/17883\/revisions\/19859"}],"wp:attachment":[{"href":"https:\/\/nordialaw.com\/no\/wp-json\/wp\/v2\/media?parent=17883"}],"curies":[{"name":"wp","href":"https:\/\/api.w.org\/{rel}","templated":true}]}}