{"id":17894,"date":"2025-04-09T07:25:59","date_gmt":"2025-04-09T07:25:59","guid":{"rendered":"https:\/\/nordialaw.com\/?page_id=17894"},"modified":"2025-04-09T07:26:07","modified_gmt":"2025-04-09T07:26:07","slug":"barn-og-foreldretvister","status":"publish","type":"page","link":"https:\/\/nordialaw.com\/no\/barn-og-foreldretvister\/","title":{"rendered":"Barn og foreldretvister"},"content":{"rendered":"<div class=\"grid-container standard-block-spacing\" >\n    <div class=\"text-area-block grid-x grid-margin-x\">\n        <div class=\"cell large-12 medium-12\">\n\t\t\t\t\n            <h1>Barnefordeling og foreldretvister<\/h1>\n<p class=\"preamble\"><span style=\"font-weight: 400\">Foreldre som g\u00e5r fra hverandre, m\u00e5 avtale hvor felles barn skal bo etter et brudd og hvordan barna sin tid skal deles mellom foreldrene. Foreldrene blir som oftest enige om hvor barna skal bo og hvilket samv\u00e6r de skal ha. Foreldre som ikke blir enige m\u00e5 av og til f\u00e5 hjelp av en dommer for \u00e5 avgj\u00f8re disse sp\u00f8rsm\u00e5lene. En dommer vil da ta utgangspunkt i barnet sin beste og barnet sin rett til \u00e5 ha kontakt med begge foreldre. <\/span><\/p>\n<p>Dette f\u00e5r du vite:<\/p>\n<ul>\n<li style=\"font-weight: 400\"><a href=\"#barnets-beste\"><span style=\"font-weight: 400\">Barnets beste<\/span><\/a><\/li>\n<li style=\"font-weight: 400\"><a href=\"#foreldreansvaret\"><span style=\"font-weight: 400\">Foreldreansvaret<\/span><\/a><\/li>\n<li style=\"font-weight: 400\"><a href=\"#fast-bosted-delt-fast-bosted\"><span style=\"font-weight: 400\">Fast\/delt bosted<\/span><\/a><\/li>\n<li style=\"font-weight: 400\"><a href=\"#samvaersrett\"><span style=\"font-weight: 400\">Samv\u00e6rsrett<\/span><\/a><\/li>\n<li style=\"font-weight: 400\"><a href=\"#foreldretvister\"><span style=\"font-weight: 400\">Foreldretvister<\/span><\/a><\/li>\n<li style=\"font-weight: 400\"><a href=\"#hvorfor-velge-nordia-law\"><span style=\"font-weight: 400\">Hva kan Nordia Law gj\u00f8re for deg?<\/span><\/a><\/li>\n<\/ul>\n\n        <\/div>\n    <\/div>\n<\/div>\n\n<div class=\"grid-container small-block-spacing\"  id=\"barnets-beste\" >\n    <div class=\"text-area-block grid-x grid-margin-x\">\n        <div class=\"cell large-12 medium-12\">\n\t\t\t\t\n            <h2>Barnets beste<\/h2>\n<h3 class=\"preamble\">Hva er best for et barn?<\/h3>\n<p><span style=\"font-weight: 400\">Foreldre med barn under 16 \u00e5r m\u00e5\u00a0g\u00e5 til mekling<\/span><b>\u00a0<\/b><span style=\"font-weight: 400\">hos familievernkontoret ved samlivsbrudd. I mekling er det blant annet ment \u00e5 komme til enighet om hvor barna skal bo fast og hvilket samv\u00e6r det skal v\u00e6re.\u00a0<\/span><\/p>\n<p><span style=\"font-weight: 400\">Hva som er til barnets beste er flere forhold avgj\u00f8rende, blant annet:<\/span><\/p>\n<ul>\n<li><span style=\"font-weight: 400\">Foreldrenes omsorgsevne<\/span><\/li>\n<li style=\"font-weight: 400\"><span style=\"font-weight: 400\">Best mulig samlet foreldrekontakt<\/span><\/li>\n<li><span style=\"font-weight: 400\">Barnets \u00f8nsker<\/span><\/li>\n<li><span style=\"font-weight: 400\">Risikoen ved milj\u00f8skifte ved flytting<\/span><\/li>\n<li style=\"font-weight: 400\"><span style=\"font-weight: 400\">Holde s\u00f8sken sammen<\/span><\/li>\n<\/ul>\n<p>De ulike momentene kan peke mot ulike l\u00f8sninger, og det er ofte vanskelig \u00e5 vite helt sikkert hvilken l\u00f8sning som er den beste for et barn.<\/p>\n\n        <\/div>\n    <\/div>\n<\/div>\n\n\n<div class=\"grid-container standard-block-spacing cta-employee\">\n<div class=\"grid-container\">\n    <div class=\"cta-employee-block\">\n\n\n\n        <div class=\"cell large-12 medium-12\">\n\t\t\t\t\n        \n        \n        <\/div>\n    <\/div>\n<\/div>\n    <\/div>\n\n<div class=\"grid-container small-block-spacing\"  id=\"foreldreansvaret\" >\n    <div class=\"text-area-block grid-x grid-margin-x\">\n        <div class=\"cell large-12 medium-12\">\n\t\t\t\t\n            <h2>Foreldreansvaret<\/h2>\n<h3>Hva er foreldreansvar?<\/h3>\n<p>Alle barn har rett til \u00e5 bli ivaretatt av sine foreldre. Det er bestemt i barneloven. Det betyr at barnet skal f\u00e5 kj\u00e6rlighet, trygghet, oppmerksomhet, mulighet for samv\u00e6r med andre, og stell og pleie. Loven bestemmer ikke hvordan omsorgen skal utf\u00f8res, men det er et minimumsm\u00e5l som er satt for omsorgen. Er omsorgen under dette minstem\u00e5let, kan barnevernet gripe inn overfor foreldrene.<\/p>\n<p>Foreldre skal ut\u00f8ve foreldreansvaret ut fra barnets behov og interesser. N\u00e5r barnet blir eldre, skal foreldrene ogs\u00e5 legge \u00f8kende vekt p\u00e5 barnets mening, i takt med barnets modenhet og alder.<\/p>\n<h3>Hvordan f\u00e5r man foreldreansvar?<\/h3>\n<p><span style=\"font-weight: 400\">Gifte foreldre f\u00e5r felles foreldreansvar ved f\u00f8dsel. For barn f\u00f8dt etter 31. desember 2005 gjelder det samme for samboere med felles folkeregistrerte adresse. Dersom foreldrene ikke er gift eller samboere n\u00e5r farskapet blir etablert, kan mor eller far innen ett \u00e5r , melde fra til Folkeregisteret om at mor skal ha foreldreansvar alene.\u00a0<\/span><\/p>\n<p><span style=\"font-weight: 400\">Foreldrene kan alltid avtale at de skal ha felles foreldreansvar, eventuelt at far eller mor skal ha foreldreansvar alene, ved \u00e5 sende inn en signert avtale og kopi av legitimasjon til Folkeregisteret.<\/span><\/p>\n<p>&nbsp;<\/p>\n\n        <\/div>\n    <\/div>\n<\/div>\n\n\n<div class=\"grid-container standard-block-spacing\">\n    <div class=\"media-block grid-x grid-margin-x\">\n        <div class=\"media-wrapper cell large-12 medium-12\">\n\t\t\t\t\n                        \n                                    <div class=\"img-wrapper large\">\n                      <img loading=\"lazy\" decoding=\"async\" width=\"2560\" height=\"1707\" src=\"https:\/\/nordialaw.com\/wp-content\/uploads\/2025\/03\/fast-bosted-delt-bosted-barnefordeling-scaled.jpg\" class=\"attachment-hero size-hero\" alt=\"Mor som holder s\u00f8nn\" srcset=\"https:\/\/nordialaw.com\/wp-content\/uploads\/2025\/03\/fast-bosted-delt-bosted-barnefordeling-scaled.jpg 2560w, https:\/\/nordialaw.com\/wp-content\/uploads\/2025\/03\/fast-bosted-delt-bosted-barnefordeling-300x200.jpg 300w, https:\/\/nordialaw.com\/wp-content\/uploads\/2025\/03\/fast-bosted-delt-bosted-barnefordeling-1024x683.jpg 1024w, https:\/\/nordialaw.com\/wp-content\/uploads\/2025\/03\/fast-bosted-delt-bosted-barnefordeling-768x512.jpg 768w, https:\/\/nordialaw.com\/wp-content\/uploads\/2025\/03\/fast-bosted-delt-bosted-barnefordeling-1536x1024.jpg 1536w, https:\/\/nordialaw.com\/wp-content\/uploads\/2025\/03\/fast-bosted-delt-bosted-barnefordeling-2048x1365.jpg 2048w, https:\/\/nordialaw.com\/wp-content\/uploads\/2025\/03\/fast-bosted-delt-bosted-barnefordeling-1920x1280.jpg 1920w\" sizes=\"auto, (max-width: 2560px) 100vw, 2560px\" \/>                    <\/div>\n                \n            \n            \n        <\/div>\n    <\/div>\n<\/div>\n\n<div class=\"grid-container small-block-spacing\"  id=\"fast-bosted-delt-fast-bosted\" >\n    <div class=\"text-area-block grid-x grid-margin-x\">\n        <div class=\"cell large-12 medium-12\">\n\t\t\t\t\n            <h2>Fast bosted og delt fast bosted<\/h2>\n<p class=\"preamble h3\">Hvorfor er det viktig?<\/p>\n<p>Etter et samlivsbrudd m\u00e5 foreldrene bli enige om hvor barnet skal bo fast. Et barn kan enten bo fast hos den ene forelderen eller det kan avtales delt fast bosted. Om det avtales delt fast bosted bor barnet gjerne like mye hos begge foreldre.<\/p>\n<p>Med fast bosted menes det stedet barnet bor mesteparten av tiden. Det er ikke det samme som folkeregistrert adresse, men for alle praktiske form\u00e5l er det oftest dette samme adresse. Har et barn fast bosted hos en av foreldrene, har barnet som oftest samv\u00e6r med den andre forelderen. Det er mulig \u00e5 avtale en likedeling av samv\u00e6ret, samtidig som barnet bor fast hos en av foreldrene.<\/p>\n<p>Vurderingen av hvor barnet skal bo, skal i all hovedsak rette seg etter det som er best for barnet. Dette f\u00f8lger av barneloven. Foreldre har samtidig stor grad av avtalefrihet.<\/p>\n<p>Den som har fast bosted kan ta sentrale avgj\u00f8relser om dagliglivet til barnet, avgj\u00f8relser om dagliglivet som for eksempel om barnet skal v\u00e6re i barnehage, hvor i landet barnet skal bo og hvilke aktiviteter barnet skal delta p\u00e5.<\/p>\n<p>Erfaringsmessig er det ofte uenighet og usikkerhet knyttet til sp\u00f8rsm\u00e5l om fast bosted. S\u00f8k r\u00e5d om hva som er viktig for deg\/dere, for kommer foreldrene ikke til en enighet m\u00e5 sp\u00f8rsm\u00e5let om fast bosted avgj\u00f8res i retten.<\/p>\n\n        <\/div>\n    <\/div>\n<\/div>\n\n\n<div class=\"grid-container standard-block-spacing cta-employee\">\n<div class=\"grid-container\">\n    <div class=\"cta-employee-block\">\n\n\n\n        <div class=\"cell large-12 medium-12\">\n\t\t\t\t\n                    <div class=\"employee-card\">\n                            <div class=\"employee\">\n\n                                  <h2 class=\"hide-large\">Advokat og r\u00e5dgiver<\/h2>\n                \n                  <div class=\"info\">\n                                            <div class=\"img-wrapper\">\n                        <a href=\"https:\/\/nordialaw.com\/no\/people\/vegard-skaug\/\"><img decoding=\"async\" src=\"https:\/\/nordialaw.com\/wp-content\/uploads\/2024\/11\/Skaug-Vegard_Portrait-1.jpg\" alt=\"Vegard Skaug\" \/><\/a>\n                        <\/div>\n                    \n                    <div class=\"info-wrapper\">\n\n                    <div class=\"name\">\n                    Partner &#8211;\n                    Vegard Skaug                    <\/div>\n\n                    <a href=\"https:\/\/nordialaw.com\/no\/people\/vegard-skaug\/\">Les mer om advokaten<\/a>\n\n                                            <a href=\"mailto:vs@nordialaw.com\">vs@nordialaw.com<\/a>\n                    \n                                            <a href=\"tel:+47 90 64 18 81\">+47 90 64 18 81<\/a>\n                                        <\/div>\n                  <\/div>\n                  \n                  <div class=\"text\">\n                    <div class=\"wrapper\">\n                                            <h2 class=\"hide-small\">Advokat og r\u00e5dgiver<\/h2>\n                    \n                                            Foreldretvister kan v\u00e6re vanskelige. Vegard Skaug hjelper deg med \u00e5 sikre barnets beste. Med hans erfaring og engasjement f\u00e5r du den st\u00f8tten du trenger.                                        <\/div>\n                  <\/div>\n\n                    \n                    <\/div>\n                                <\/div>\n        \n        \n        <\/div>\n    <\/div>\n<\/div>\n    <\/div>\n\n<div class=\"grid-container small-block-spacing\"  id=\"samvaersrett\" >\n    <div class=\"text-area-block grid-x grid-margin-x\">\n        <div class=\"cell large-12 medium-12\">\n\t\t\t\t\n            <h2>Samv\u00e6rsrett<\/h2>\n<p class=\"preamble\">Hva inneb\u00e6rer dette?<\/p>\n<p>Barn, og foreldre, har en rett til samv\u00e6r. Bor et barn fast hos en forelder b\u00f8r\/m\u00e5 det avtales samv\u00e6r med den andre forelderen. I norsk lov st\u00e5r retten til samv\u00e6r veldig sterkt, og barn og forelder har gjensidig rett til samv\u00e6r.<\/p>\n<p>Foreldrene kan selv bestemme omfanget av samv\u00e6ret, med barnets beste vil v\u00e6re viktig. Skriv ned det dere blir enige om og husk at barna er tjent med foreldre som er fleksible ved gjennomf\u00f8ringen av avtalen.<\/p>\n<p>Kommer foreldrene ikke til en enighet kan sp\u00f8rsm\u00e5let om samv\u00e6r avgj\u00f8res i retten. Barnets beste, og barnets mening skal da bli vektlagt med utgangspunkt i barnets alder og modenhet. Barn sin mening skal bli tillagt vekt fra de fyller 7 \u00e5r. Etter fylte 12 \u00e5r skal barnets mening i stor grad vektlegges n\u00e5r retten tar sin beslutning. Det er ikke barnet alene som bestemmer, det gj\u00f8r foreldrene eller en dommer om det kommer s\u00e5 langt.<\/p>\n\n        <\/div>\n    <\/div>\n<\/div>\n\n\n<div class=\"grid-container standard-block-spacing\">\n    <div class=\"media-block grid-x grid-margin-x\">\n        <div class=\"media-wrapper cell large-12 medium-12\">\n\t\t\t\t\n                        \n                                    <div class=\"img-wrapper large\">\n                      <img loading=\"lazy\" decoding=\"async\" width=\"1255\" height=\"835\" src=\"https:\/\/nordialaw.com\/wp-content\/uploads\/2025\/03\/samvaersrett-barnefordeling.jpg\" class=\"attachment-hero size-hero\" alt=\"Far som leker med s\u00f8nn i parken\" srcset=\"https:\/\/nordialaw.com\/wp-content\/uploads\/2025\/03\/samvaersrett-barnefordeling.jpg 1255w, https:\/\/nordialaw.com\/wp-content\/uploads\/2025\/03\/samvaersrett-barnefordeling-300x200.jpg 300w, https:\/\/nordialaw.com\/wp-content\/uploads\/2025\/03\/samvaersrett-barnefordeling-1024x681.jpg 1024w, https:\/\/nordialaw.com\/wp-content\/uploads\/2025\/03\/samvaersrett-barnefordeling-768x511.jpg 768w\" sizes=\"auto, (max-width: 1255px) 100vw, 1255px\" \/>                    <\/div>\n                \n            \n            \n        <\/div>\n    <\/div>\n<\/div>\n\n<div class=\"grid-container small-block-spacing\"  id=\"foreldretvister\" >\n    <div class=\"text-area-block grid-x grid-margin-x\">\n        <div class=\"cell large-12 medium-12\">\n\t\t\t\t\n            <h2>Foreldretvister<\/h2>\n<p class=\"preamble\">Hvordan er prosessen etter barneloven?<\/p>\n<p>I tilfeller hvor foreldrene ikke blir enige om foreldreansvar, bosted og samv\u00e6r, kan hver forelder reise sak for retten. Kapittel 7 i barneloven omhandler saksbehandlingen for saker etter barneloven. Saksbehandlingsreglene er tilpasset forsonings- og forthandlingsmodellen som praktiseres ved norske domstoler i saker etter barneloven.<\/p>\n<p>For at foreldre skal kunne reise sak for domstolen, m\u00e5 de ha v\u00e6rt gjennom mekling p\u00e5 et familievernkontor, for \u00e5 se om det har v\u00e6rt mulig \u00e5 komme til en l\u00f8sning.<\/p>\n<p><a href=\"https:\/\/nordialaw.com\/no\/saksgangen-i-en-foreldretvist\/\"><span style=\"font-weight: 400\">Les mer om saksgangen i foreldretvister.<\/span><\/a><\/p>\n<p>Etter meklingen vil familievernkontoret gi ut en meklingsattest. Attesten er gyldig i 6 m\u00e5neder. Denne attesten m\u00e5 legges frem for retten. Stevningen m\u00e5 sendes til domstolen der barnet bor fast. Retten vil ta en avgj\u00f8relse basert p\u00e5 hva som er det beste for barnet.<\/p>\n\n        <\/div>\n    <\/div>\n<\/div>\n\n<div class=\"grid-container small-block-spacing\"  id=\"hvorfor-velge-nordia-law\" >\n    <div class=\"text-area-block grid-x grid-margin-x\">\n        <div class=\"cell large-12 medium-12\">\n\t\t\t\t\n            <h2>Hvorfor b\u00f8r du velge Nordia Law?<\/h2>\n<p>Vi i Nordia Law er opptatt av \u00e5 gi deg en personlig og profesjonell oppf\u00f8lging og er alltid opptatt av \u00e5 finne gode l\u00f8sninger tilpasset dine \u00f8nsker \u00e5 behov.<\/p>\n<p>Dette lover vi deg:<\/p>\n<ul>\n<li>Vi gir deg raske og tydelige r\u00e5d ut ifra din situasjon.<\/li>\n<li>Vi s\u00f8rger for \u00e5 ivareta dine interesser samvittighetsfullt.<\/li>\n<li>Du vil f\u00e5 bistand fra en spesialisert advokat, som sammen med deg jobber for \u00e5 oppn\u00e5 best mulig resultat i saken.<\/li>\n<\/ul>\n\n        <\/div>\n    <\/div>\n<\/div>\n\n\n<div class=\"grid-container small-block-spacing cta-employee\">\n<div class=\"grid-container\">\n    <div class=\"cta-employee-block\">\n\n\n\n        <div class=\"cell large-12 medium-12\">\n\t\t\t\t\n        \n        \n        <\/div>\n    <\/div>\n<\/div>\n    <\/div>\n\n\n<div class=\"grid-container small-block-spacing cta-employee\">\n<div class=\"grid-container\">\n    <div class=\"cta-employee-block\">\n\n\n\n        <div class=\"cell large-12 medium-12\">\n\t\t\t\t\n                    <div class=\"employee-card\">\n                            <div class=\"employee\">\n\n                                  <h2 class=\"hide-large\">Vegard Skaug &#8211; Din r\u00e5dgiver og advokat i barnesaker<\/h2>\n                \n                  <div class=\"info\">\n                                            <div class=\"img-wrapper\">\n                        <a href=\"https:\/\/nordialaw.com\/no\/people\/vegard-skaug\/\"><img decoding=\"async\" src=\"https:\/\/nordialaw.com\/wp-content\/uploads\/2024\/11\/Skaug-Vegard_Portrait-1.jpg\" alt=\"Vegard Skaug\" \/><\/a>\n                        <\/div>\n                    \n                    <div class=\"info-wrapper\">\n\n                    <div class=\"name\">\n                    Partner &#8211;\n                    Vegard Skaug                    <\/div>\n\n                    <a href=\"https:\/\/nordialaw.com\/no\/people\/vegard-skaug\/\">Les mer om advokaten<\/a>\n\n                                            <a href=\"mailto:vs@nordialaw.com\">vs@nordialaw.com<\/a>\n                    \n                                            <a href=\"tel:+47 90 64 18 81\">+47 90 64 18 81<\/a>\n                                        <\/div>\n                  <\/div>\n                  \n                  <div class=\"text\">\n                    <div class=\"wrapper\">\n                                            <h2 class=\"hide-small\">Vegard Skaug &#8211; Din r\u00e5dgiver og advokat i barnesaker<\/h2>\n                    \n                                            Vegard Skaug har lang og bred erfaring innen barnerett. Han hjelper deg med de vanskelige sp\u00f8rsm\u00e5lene. Ta kontakt i dag for personlig og profesjonell oppf\u00f8lging.                                        <\/div>\n                  <\/div>\n\n                    \n                    <\/div>\n                                <\/div>\n        \n        \n        <\/div>\n    <\/div>\n<\/div>\n    <\/div>\n\n\n<div class=\"grid-container small-block-spacing cta-employee\">\n<div class=\"grid-container\">\n    <div class=\"cta-employee-block\">\n\n\n\n        <div class=\"cell large-12 medium-12\">\n\t\t\t\t\n        \n        \n        <\/div>\n    <\/div>\n<\/div>\n    <\/div>","protected":false},"excerpt":{"rendered":"","protected":false},"author":10,"featured_media":0,"parent":0,"menu_order":0,"comment_status":"closed","ping_status":"closed","template":"","meta":{"_acf_changed":false,"content-type":"","footnotes":""},"class_list":["post-17894","page","type-page","status-publish","hentry"],"acf":[],"yoast_head":"<!-- This site is optimized with the Yoast SEO plugin v27.3 - https:\/\/yoast.com\/product\/yoast-seo-wordpress\/ -->\n<title>L\u00e6r om barn- og foreldretvister, samt barnefordeling | Nordia Law<\/title>\n<meta name=\"description\" content=\"Her kan du lese mer om foreldreansvaret, delt og fast bosted, samv\u00e6rsrett og andre begreper som p\u00e5virker din situasjon og barnefordeling.\" \/>\n<meta name=\"robots\" content=\"index, follow, max-snippet:-1, max-image-preview:large, max-video-preview:-1\" \/>\n<link rel=\"canonical\" href=\"https:\/\/nordialaw.com\/no\/barn-og-foreldretvister\/\" \/>\n<meta property=\"og:locale\" content=\"nb_NO\" \/>\n<meta property=\"og:type\" content=\"article\" \/>\n<meta property=\"og:title\" content=\"L\u00e6r om barn- og foreldretvister, samt barnefordeling | Nordia Law\" \/>\n<meta property=\"og:description\" content=\"Her kan du lese mer om foreldreansvaret, delt og fast bosted, samv\u00e6rsrett og andre begreper som p\u00e5virker din situasjon og barnefordeling.\" \/>\n<meta property=\"og:url\" content=\"https:\/\/nordialaw.com\/no\/barn-og-foreldretvister\/\" \/>\n<meta property=\"og:site_name\" content=\"Nordia Law\" \/>\n<meta property=\"article:modified_time\" content=\"2025-04-09T07:26:07+00:00\" \/>\n<meta name=\"twitter:card\" content=\"summary_large_image\" \/>\n<meta name=\"twitter:label1\" content=\"Ansl. lesetid\" \/>\n\t<meta name=\"twitter:data1\" content=\"7 minutter\" \/>\n<script type=\"application\/ld+json\" class=\"yoast-schema-graph\">{\"@context\":\"https:\\\/\\\/schema.org\",\"@graph\":[{\"@type\":\"WebPage\",\"@id\":\"https:\\\/\\\/nordialaw.com\\\/no\\\/barn-og-foreldretvister\\\/\",\"url\":\"https:\\\/\\\/nordialaw.com\\\/no\\\/barn-og-foreldretvister\\\/\",\"name\":\"L\u00e6r om barn- og foreldretvister, samt barnefordeling | Nordia Law\",\"isPartOf\":{\"@id\":\"https:\\\/\\\/nordialaw.com\\\/#website\"},\"datePublished\":\"2025-04-09T07:25:59+00:00\",\"dateModified\":\"2025-04-09T07:26:07+00:00\",\"description\":\"Her kan du lese mer om foreldreansvaret, delt og fast bosted, samv\u00e6rsrett og andre begreper som p\u00e5virker din situasjon og barnefordeling.\",\"breadcrumb\":{\"@id\":\"https:\\\/\\\/nordialaw.com\\\/no\\\/barn-og-foreldretvister\\\/#breadcrumb\"},\"inLanguage\":\"nb-NO\",\"potentialAction\":[{\"@type\":\"ReadAction\",\"target\":[\"https:\\\/\\\/nordialaw.com\\\/no\\\/barn-og-foreldretvister\\\/\"]}]},{\"@type\":\"BreadcrumbList\",\"@id\":\"https:\\\/\\\/nordialaw.com\\\/no\\\/barn-og-foreldretvister\\\/#breadcrumb\",\"itemListElement\":[{\"@type\":\"ListItem\",\"position\":1,\"name\":\"Home\",\"item\":\"https:\\\/\\\/nordialaw.com\\\/no\\\/\"},{\"@type\":\"ListItem\",\"position\":2,\"name\":\"Barn og foreldretvister\"}]},{\"@type\":\"WebSite\",\"@id\":\"https:\\\/\\\/nordialaw.com\\\/#website\",\"url\":\"https:\\\/\\\/nordialaw.com\\\/\",\"name\":\"Nordia Law\",\"description\":\"\",\"publisher\":{\"@id\":\"https:\\\/\\\/nordialaw.com\\\/#organization\"},\"potentialAction\":[{\"@type\":\"SearchAction\",\"target\":{\"@type\":\"EntryPoint\",\"urlTemplate\":\"https:\\\/\\\/nordialaw.com\\\/?s={search_term_string}\"},\"query-input\":{\"@type\":\"PropertyValueSpecification\",\"valueRequired\":true,\"valueName\":\"search_term_string\"}}],\"inLanguage\":\"nb-NO\"},{\"@type\":\"Organization\",\"@id\":\"https:\\\/\\\/nordialaw.com\\\/#organization\",\"name\":\"Nordia Law\",\"url\":\"https:\\\/\\\/nordialaw.com\\\/\",\"logo\":{\"@type\":\"ImageObject\",\"inLanguage\":\"nb-NO\",\"@id\":\"https:\\\/\\\/nordialaw.com\\\/#\\\/schema\\\/logo\\\/image\\\/\",\"url\":\"https:\\\/\\\/nordialaw.com\\\/wp-content\\\/uploads\\\/2021\\\/09\\\/Layer-1.svg\",\"contentUrl\":\"https:\\\/\\\/nordialaw.com\\\/wp-content\\\/uploads\\\/2021\\\/09\\\/Layer-1.svg\",\"width\":197,\"height\":45,\"caption\":\"Nordia Law\"},\"image\":{\"@id\":\"https:\\\/\\\/nordialaw.com\\\/#\\\/schema\\\/logo\\\/image\\\/\"}}]}<\/script>\n<!-- \/ Yoast SEO plugin. -->","yoast_head_json":{"title":"L\u00e6r om barn- og foreldretvister, samt barnefordeling | Nordia Law","description":"Her kan du lese mer om foreldreansvaret, delt og fast bosted, samv\u00e6rsrett og andre begreper som p\u00e5virker din situasjon og barnefordeling.","robots":{"index":"index","follow":"follow","max-snippet":"max-snippet:-1","max-image-preview":"max-image-preview:large","max-video-preview":"max-video-preview:-1"},"canonical":"https:\/\/nordialaw.com\/no\/barn-og-foreldretvister\/","og_locale":"nb_NO","og_type":"article","og_title":"L\u00e6r om barn- og foreldretvister, samt barnefordeling | Nordia Law","og_description":"Her kan du lese mer om foreldreansvaret, delt og fast bosted, samv\u00e6rsrett og andre begreper som p\u00e5virker din situasjon og barnefordeling.","og_url":"https:\/\/nordialaw.com\/no\/barn-og-foreldretvister\/","og_site_name":"Nordia Law","article_modified_time":"2025-04-09T07:26:07+00:00","twitter_card":"summary_large_image","twitter_misc":{"Ansl. lesetid":"7 minutter"},"schema":{"@context":"https:\/\/schema.org","@graph":[{"@type":"WebPage","@id":"https:\/\/nordialaw.com\/no\/barn-og-foreldretvister\/","url":"https:\/\/nordialaw.com\/no\/barn-og-foreldretvister\/","name":"L\u00e6r om barn- og foreldretvister, samt barnefordeling | Nordia Law","isPartOf":{"@id":"https:\/\/nordialaw.com\/#website"},"datePublished":"2025-04-09T07:25:59+00:00","dateModified":"2025-04-09T07:26:07+00:00","description":"Her kan du lese mer om foreldreansvaret, delt og fast bosted, samv\u00e6rsrett og andre begreper som p\u00e5virker din situasjon og barnefordeling.","breadcrumb":{"@id":"https:\/\/nordialaw.com\/no\/barn-og-foreldretvister\/#breadcrumb"},"inLanguage":"nb-NO","potentialAction":[{"@type":"ReadAction","target":["https:\/\/nordialaw.com\/no\/barn-og-foreldretvister\/"]}]},{"@type":"BreadcrumbList","@id":"https:\/\/nordialaw.com\/no\/barn-og-foreldretvister\/#breadcrumb","itemListElement":[{"@type":"ListItem","position":1,"name":"Home","item":"https:\/\/nordialaw.com\/no\/"},{"@type":"ListItem","position":2,"name":"Barn og foreldretvister"}]},{"@type":"WebSite","@id":"https:\/\/nordialaw.com\/#website","url":"https:\/\/nordialaw.com\/","name":"Nordia Law","description":"","publisher":{"@id":"https:\/\/nordialaw.com\/#organization"},"potentialAction":[{"@type":"SearchAction","target":{"@type":"EntryPoint","urlTemplate":"https:\/\/nordialaw.com\/?s={search_term_string}"},"query-input":{"@type":"PropertyValueSpecification","valueRequired":true,"valueName":"search_term_string"}}],"inLanguage":"nb-NO"},{"@type":"Organization","@id":"https:\/\/nordialaw.com\/#organization","name":"Nordia Law","url":"https:\/\/nordialaw.com\/","logo":{"@type":"ImageObject","inLanguage":"nb-NO","@id":"https:\/\/nordialaw.com\/#\/schema\/logo\/image\/","url":"https:\/\/nordialaw.com\/wp-content\/uploads\/2021\/09\/Layer-1.svg","contentUrl":"https:\/\/nordialaw.com\/wp-content\/uploads\/2021\/09\/Layer-1.svg","width":197,"height":45,"caption":"Nordia Law"},"image":{"@id":"https:\/\/nordialaw.com\/#\/schema\/logo\/image\/"}}]}},"_links":{"self":[{"href":"https:\/\/nordialaw.com\/no\/wp-json\/wp\/v2\/pages\/17894","targetHints":{"allow":["GET"]}}],"collection":[{"href":"https:\/\/nordialaw.com\/no\/wp-json\/wp\/v2\/pages"}],"about":[{"href":"https:\/\/nordialaw.com\/no\/wp-json\/wp\/v2\/types\/page"}],"author":[{"embeddable":true,"href":"https:\/\/nordialaw.com\/no\/wp-json\/wp\/v2\/users\/10"}],"replies":[{"embeddable":true,"href":"https:\/\/nordialaw.com\/no\/wp-json\/wp\/v2\/comments?post=17894"}],"version-history":[{"count":9,"href":"https:\/\/nordialaw.com\/no\/wp-json\/wp\/v2\/pages\/17894\/revisions"}],"predecessor-version":[{"id":18268,"href":"https:\/\/nordialaw.com\/no\/wp-json\/wp\/v2\/pages\/17894\/revisions\/18268"}],"wp:attachment":[{"href":"https:\/\/nordialaw.com\/no\/wp-json\/wp\/v2\/media?parent=17894"}],"curies":[{"name":"wp","href":"https:\/\/api.w.org\/{rel}","templated":true}]}}