{"id":17905,"date":"2025-04-09T07:41:42","date_gmt":"2025-04-09T07:41:42","guid":{"rendered":"https:\/\/nordialaw.com\/?page_id=17905"},"modified":"2025-04-09T07:41:50","modified_gmt":"2025-04-09T07:41:50","slug":"okonomisk-familierett","status":"publish","type":"page","link":"https:\/\/nordialaw.com\/no\/okonomisk-familierett\/","title":{"rendered":"\u00d8konomisk familierett"},"content":{"rendered":"<div class=\"grid-container standard-block-spacing\" >\n    <div class=\"text-area-block grid-x grid-margin-x\">\n        <div class=\"cell large-12 medium-12\">\n\t\t\t\t\n            <h1>\u00d8konomisk familierett<\/h1>\n<p class=\"preamble\">Mange tenker ikke p\u00e5 de \u00f8konomiske konsekvensene av \u00e5 gifte seg eller bli samboer. Vi i Nordia Law anbefaler alle \u00e5 s\u00f8ke r\u00e5d og veiledning om de \u00f8konomiske forholdene n\u00e5r man gifter seg eller bli samboer. Hvis du skal gifte deg, b\u00f8r du vurdere om det er riktig \u00e5 opprette en ektepakt. Hvis du skal bli samboer, anbefaler vi alltid at dere skriver en samboeravtale. M\u00e5let er \u00e5 sikre dine verdier og unng\u00e5 konflikt senere.<\/p>\n<p class=\"preamble\">N\u00e5r et samliv opph\u00f8rer, enten ved et brudd eller n\u00e5r en av partene d\u00f8r, skal det skje et \u00f8konomisk oppgj\u00f8r mellom de to som levde sammen. Om en av partene d\u00f8r inng\u00e5r det \u00f8konomiske oppgj\u00f8ret i et arveoppgj\u00f8r mellom avd\u00f8des arvinger og gjenlevende ektefelle\/samboer.<\/p>\n<p>P\u00e5 denne siden kan du lese mer om:<\/p>\n<ul>\n<li><a href=\"#samlivsbrudd-og-skilsmisse\">Samlivsbrudd og skilsmisse<\/a><\/li>\n<li><a href=\"#ektepakt-og-samboeravtale\">Ektepakt og samboeravtale<\/a><\/li>\n<li><a href=\"#arv-ektefelle-samboer\">Arv til ektefelle og samboer<\/a><\/li>\n<li><a href=\"#hvordan-nordia-kan-hjelpe\">Hvordan vi kan hjelpe deg<\/a><\/li>\n<\/ul>\n<p>&nbsp;<\/p>\n<p>Elsa Gil og Vegard Skaug i Nordia Law har begge lang og bred erfaring med \u00e5 gi r\u00e5d og veiledning innen \u00f8konomisk familierett. Vi bist\u00e5r med \u00e5 opprette avtaler, gjennomf\u00f8re forhandlinger ved brudd og i en eventuell rettsak om det skulle komme til det. Ta kontakt med en av oss for en profesjonell og personlig oppf\u00f8lging.<\/p>\n\n        <\/div>\n    <\/div>\n<\/div>\n\n\n<div class=\"grid-container small-block-spacing cta-employee\">\n<div class=\"grid-container\">\n    <div class=\"cta-employee-block\">\n\n\n\n        <div class=\"cell large-12 medium-12\">\n\t\t\t\t\n        \n        \n        <\/div>\n    <\/div>\n<\/div>\n    <\/div>\n\n<div class=\"grid-container small-block-spacing\"  id=\"samlivsbrudd-og-skilsmisse\" >\n    <div class=\"text-area-block grid-x grid-margin-x\">\n        <div class=\"cell large-12 medium-12\">\n\t\t\t\t\n            <h2>Samlivsbrudd og skilsmisse<\/h2>\n<p>Et brudd mellom ektefeller omtales som separasjon\/skilsmisse. N\u00e5r to samboere g\u00e5r fra hverandre omtales det oftest som et samlivsbrudd. I begge situasjoner skal det gjennomf\u00f8res et \u00f8konomisk oppgj\u00f8r mellom partene. I oppgj\u00f8ret har partene avtalefrihet n\u00e5r det gjelder fordelingen av verdier og eiendeler. For det tilfellet at partene ikke blir enige, er lovene som regulerer skilsmisse for ektefeller og samlivsbrudd for samboere s\u00e5 vidt ulike at det er klokt \u00e5 skille mellom dem.<\/p>\n<p>Hovedregelen i ekteskapsloven er at verdier i felleseie skal deles likt mellom partene etter fratrekk for gjeld. Alle verdier partene har opparbeidet under ekteskapet er felleseieverdier som skal deles likt. Det er ikke av betydning for delingen av verdiene hvem som har kj\u00f8pt hva eller hvem som eier de ulike verdiene.<\/p>\n\n        <\/div>\n    <\/div>\n<\/div>\n\n\n<div class=\"grid-container small-block-spacing\">\n    <div class=\"media-block grid-x grid-margin-x\">\n        <div class=\"media-wrapper cell large-12 medium-12\">\n\t\t\t\t\n                        \n                                    <div class=\"img-wrapper large\">\n                      <img loading=\"lazy\" decoding=\"async\" width=\"1299\" height=\"807\" src=\"https:\/\/nordialaw.com\/wp-content\/uploads\/2025\/03\/samlivsbrudd.jpg\" class=\"attachment-hero size-hero\" alt=\"Par med samlivsbrudd hos terapeut\" srcset=\"https:\/\/nordialaw.com\/wp-content\/uploads\/2025\/03\/samlivsbrudd.jpg 1299w, https:\/\/nordialaw.com\/wp-content\/uploads\/2025\/03\/samlivsbrudd-300x186.jpg 300w, https:\/\/nordialaw.com\/wp-content\/uploads\/2025\/03\/samlivsbrudd-1024x636.jpg 1024w, https:\/\/nordialaw.com\/wp-content\/uploads\/2025\/03\/samlivsbrudd-768x477.jpg 768w\" sizes=\"auto, (max-width: 1299px) 100vw, 1299px\" \/>                    <\/div>\n                \n            \n            \n        <\/div>\n    <\/div>\n<\/div>\n\n<div class=\"grid-container standard-block-spacing\" >\n    <div class=\"text-area-block grid-x grid-margin-x\">\n        <div class=\"cell large-12 medium-12\">\n\t\t\t\t\n            <p>Et viktig unntak fra hovedregelen om likedeling, er reglene om skjevdeling. Som det f\u00f8lger av navnet s\u00e5 er dette verdier som kan kreves delt skjevt mellom to ektefeller. Det er to kategorier skjevdelingsmidler. Det er verdier den ene ektefellen har mottatt i arv eller gave fra andre enn ektefellen og det er verdier ektefellene hadde med seg inn i ekteskapet.<\/p>\n<p>Delingen av verdier mellom samboere skjer i utgangspunktet etter eierbr\u00f8k. Den av samboerne som eier en gjenstand eller en eiendom eier ogs\u00e5 verdien, og verdien skal ikke deles med samboeren.<\/p>\n<p>Dette gjelder med mindre partene har avtalt noe annet i ektepakt eller i en samboeravtale.<\/p>\n\n        <\/div>\n    <\/div>\n<\/div>\n\n<div class=\"grid-container small-block-spacing\"  id=\"ektepakt-og-samboeravtale\" >\n    <div class=\"text-area-block grid-x grid-margin-x\">\n        <div class=\"cell large-12 medium-12\">\n\t\t\t\t\n            <h2>Ektepakt og samboeravtale<\/h2>\n<p>En samboeravtale er en avtale mellom to samboere om det \u00f8konomiske forholdet mellom dem. En samboeravtale kan gj\u00f8res formfritt, og en muntlig samboeravtale vil som et utgangspunkt v\u00e6re like gyldig som en skriftlig avtale. En muntlig avtale vil likevel alltid v\u00e6re vanskelig \u00e5 bevise, og i praksis er det derfor n\u00f8dvendig \u00e5 ha en skriftlig samboeravtale.<\/p>\n<p>Ektepakt er en avtale mellom to ektefeller om det \u00f8konomiske forholdet mellom ektefellene. En ektepakt er underlagt strenge formkrav og m\u00e5 v\u00e6re opprettet p\u00e5 en bestemt m\u00e5te. En ektepakt m\u00e5 blant annet v\u00e6re bevitnet av to personer over 18 \u00e5r. De m\u00e5 v\u00e6re til stede \u00e5 vitne samtidig p\u00e5 at ektefellen signerer ektepakten eller at ektefellen vedkjenner seg sin signatur. Det er ogs\u00e5 noen begrensninger knyttet til hva som kan avtales i en ektepakt, og det er derfor viktig \u00e5 s\u00f8ke profesjonell bistand for at ektepakten skal v\u00e6re gyldig.<\/p>\n<p>Elsa Gil og Vegard Skaug i Nordia Law bist\u00e5r gjerne med r\u00e5d og veiledning vedr\u00f8rende ektepakt og samboeravtale. Vi gir deg en profesjonell og personlig oppf\u00f8lging og avklarer raskt og effektivt dine behov.<\/p>\n\n        <\/div>\n    <\/div>\n<\/div>\n\n\n<div class=\"grid-container small-block-spacing cta-employee\">\n<div class=\"grid-container\">\n    <div class=\"cta-employee-block\">\n\n\n\n        <div class=\"cell large-12 medium-12\">\n\t\t\t\t\n                    <div class=\"employee-card\">\n                            <div class=\"employee\">\n\n                \n                  <div class=\"info\">\n                                            <div class=\"img-wrapper\">\n                        <a href=\"https:\/\/nordialaw.com\/no\/people\/vegard-skaug\/\"><img decoding=\"async\" src=\"https:\/\/nordialaw.com\/wp-content\/uploads\/2024\/11\/Skaug-Vegard_Portrait-1.jpg\" alt=\"Vegard Skaug\" \/><\/a>\n                        <\/div>\n                    \n                    <div class=\"info-wrapper\">\n\n                    <div class=\"name\">\n                    Partner &#8211;\n                    Vegard Skaug                    <\/div>\n\n                    <a href=\"https:\/\/nordialaw.com\/no\/people\/vegard-skaug\/\">Les mer om advokaten<\/a>\n\n                                            <a href=\"mailto:vs@nordialaw.com\">vs@nordialaw.com<\/a>\n                    \n                                            <a href=\"tel:+47 90 64 18 81\">+47 90 64 18 81<\/a>\n                                        <\/div>\n                  <\/div>\n                  \n                  <div class=\"text\">\n                    <div class=\"wrapper\">\n                    \n                                            Jeg har bred erfaring innen arv- og familierett. Jeg jobber for \u00e5 finne gode l\u00f8sninger p\u00e5 en raskt og effektivt. Jeg gir profesjonell og personlig oppf\u00f8lging. Ta kontakt.                                        <\/div>\n                  <\/div>\n\n                    \n                    <\/div>\n                                <\/div>\n        \n        \n        <\/div>\n    <\/div>\n<\/div>\n    <\/div>\n\n<div class=\"grid-container small-block-spacing\"  id=\"arv-ektefelle-samboer\" >\n    <div class=\"text-area-block grid-x grid-margin-x\">\n        <div class=\"cell large-12 medium-12\">\n\t\t\t\t\n            <h2>Arv til ektefelle og samboer<\/h2>\n<p>N\u00e5r et samliv opph\u00f8rer fordi den ene av partene i forholdet d\u00f8r, skal det da ogs\u00e5 f\u00f8rst foretas et \u00f8konomisk oppgj\u00f8r mellom de to partene. Den gjenlevende parten er ofte en arving etter avd\u00f8de, men f\u00f8r arven kan fordeles m\u00e5 avd\u00f8de sitt bo avklares. N\u00e5r det b\u00e5de er et \u00f8konomisk oppgj\u00f8r og et arveoppgj\u00f8r, kalles dette for et sammensatt skifte.<\/p>\n<p>Det betyr at det det m\u00e5 foretas et \u00f8konomisk oppgj\u00f8r mellom gjenlevende og avd\u00f8de sitt d\u00f8dsbo p\u00e5 samme m\u00e5te som ved en skilsmisse\/samlivsbrudd f\u00f8r arven etter avd\u00f8de kan fordeles.<\/p>\n<p>Av de verdiene som tilh\u00f8rte den avd\u00f8de s\u00e5 arver ektefellen etter loven 25% om avd\u00f8de hadde barn og 50% om avd\u00f8de kun etterlot seg foreldre, s\u00f8sken eller nev\u00f8er\/nieser. Om avd\u00f8de ektefelle ikke etterlater seg noen av de ovennevnte arver ektefellen alt.<\/p>\n\n        <\/div>\n    <\/div>\n<\/div>\n\n\n<div class=\"grid-container small-block-spacing\">\n    <div class=\"media-block grid-x grid-margin-x\">\n        <div class=\"media-wrapper cell large-12 medium-12\">\n\t\t\t\t\n                        \n                                    <div class=\"img-wrapper large\">\n                      <img loading=\"lazy\" decoding=\"async\" width=\"1253\" height=\"836\" src=\"https:\/\/nordialaw.com\/wp-content\/uploads\/2025\/03\/arv-til-ektefelle-samboer.jpg\" class=\"attachment-hero size-hero\" alt=\"Eldre dame drikker kaffe\" srcset=\"https:\/\/nordialaw.com\/wp-content\/uploads\/2025\/03\/arv-til-ektefelle-samboer.jpg 1253w, https:\/\/nordialaw.com\/wp-content\/uploads\/2025\/03\/arv-til-ektefelle-samboer-300x200.jpg 300w, https:\/\/nordialaw.com\/wp-content\/uploads\/2025\/03\/arv-til-ektefelle-samboer-1024x683.jpg 1024w, https:\/\/nordialaw.com\/wp-content\/uploads\/2025\/03\/arv-til-ektefelle-samboer-768x512.jpg 768w\" sizes=\"auto, (max-width: 1253px) 100vw, 1253px\" \/>                    <\/div>\n                \n            \n            \n        <\/div>\n    <\/div>\n<\/div>\n\n<div class=\"grid-container small-block-spacing\" >\n    <div class=\"text-area-block grid-x grid-margin-x\">\n        <div class=\"cell large-12 medium-12\">\n\t\t\t\t\n            <p>For samboere er arven begrenset til fire ganger Grunnbel\u00f8pet. Dette gjelder uavhengig av hvem avd\u00f8de samboer etterlot seg. Det er imidlertid kun samboere som har, har hatt eller venter barn med avd\u00f8de som har denne arveretten direkte etter loven. Samboere uten barn m\u00e5 opprette testament for \u00e5 sikre arv etter hverandre.<\/p>\n<p>Skal du opprette et testament, har sp\u00f8rsm\u00e5l om arv eller har mistet din partner, ta kontakt med Nordia Law for r\u00e5d og veiledning. Elsa Gil og Vegard Skaug i Nordia Law vil gi deg profesjonell og personlig oppf\u00f8lging.<\/p>\n<p><a href=\"https:\/\/nordialaw.com\/no\/arv-etter-testament\/\">G\u00e5 til side for: Testament<\/a><br \/>\n<a href=\"https:\/\/nordialaw.com\/no\/arveloven\/#samboers-arverett\">Les mer om: Samboere og arv<\/a><br \/>\n<a href=\"https:\/\/nordialaw.com\/no\/ektefellens-arverett\/\">G\u00e5 til side for: Ektefelles arv<\/a><br \/>\n<a href=\"https:\/\/nordialaw.com\/no\/arveloven\/\">G\u00e5 til hovedside for: Arv<\/a><\/p>\n<p>&nbsp;<\/p>\n\n        <\/div>\n    <\/div>\n<\/div>\n\n<div class=\"grid-container small-block-spacing\"  id=\"hvordan-nordia-kan-hjelpe\" >\n    <div class=\"text-area-block grid-x grid-margin-x\">\n        <div class=\"cell large-12 medium-12\">\n\t\t\t\t\n            <h2>Hvorfor b\u00f8r du velge Nordia Law?<\/h2>\n<p>Vi i Nordia Law er opptatt av \u00e5 gi deg en personlig og profesjonell oppf\u00f8lging og er alltid opptatt av \u00e5 finne gode l\u00f8sninger tilpasset dine \u00f8nsker og behov.<\/p>\n<p>Dette lover vi deg:<\/p>\n<ul>\n<li>Vi gir deg raske og tydelige r\u00e5d ut ifra din situasjon.<\/li>\n<li>Vi s\u00f8rger for samvittighetsfullt \u00e5 ivareta dine interesser.<\/li>\n<li>Du vil f\u00e5 bistand fra en spesialisert advokat, som sammen med deg jobber for \u00e5 oppn\u00e5 best mulig resultat i saken.<\/li>\n<\/ul>\n\n        <\/div>\n    <\/div>\n<\/div>\n\n\n<div class=\"grid-container small-block-spacing cta-employee\">\n<div class=\"grid-container\">\n    <div class=\"cta-employee-block\">\n\n\n\n        <div class=\"cell large-12 medium-12\">\n\t\t\t\t\n                    <div class=\"employee-card\">\n                            <div class=\"employee\">\n\n                \n                  <div class=\"info\">\n                                            <div class=\"img-wrapper\">\n                        <a href=\"https:\/\/nordialaw.com\/no\/people\/vegard-skaug\/\"><img decoding=\"async\" src=\"https:\/\/nordialaw.com\/wp-content\/uploads\/2024\/11\/Skaug-Vegard_Portrait-1.jpg\" alt=\"Vegard Skaug\" \/><\/a>\n                        <\/div>\n                    \n                    <div class=\"info-wrapper\">\n\n                    <div class=\"name\">\n                    Partner &#8211;\n                    Vegard Skaug                    <\/div>\n\n                    <a href=\"https:\/\/nordialaw.com\/no\/people\/vegard-skaug\/\">Les mer om advokaten<\/a>\n\n                                            <a href=\"mailto:vs@nordialaw.com\">vs@nordialaw.com<\/a>\n                    \n                                            <a href=\"tel:+47 90 64 18 81\">+47 90 64 18 81<\/a>\n                                        <\/div>\n                  <\/div>\n                  \n                  <div class=\"text\">\n                    <div class=\"wrapper\">\n                    \n                                            Vegard Skaug har erfaring med arv, familie og barnerett. Med erfaring og engasjement bist\u00e5r han deg med dine behov. Ta kontakt for personlig og profesjonell oppf\u00f8lging.                                         <\/div>\n                  <\/div>\n\n                    \n                    <\/div>\n                                <\/div>\n        \n        \n        <\/div>\n    <\/div>\n<\/div>\n    <\/div>\n\n\n<div class=\"grid-container small-block-spacing cta-employee\">\n<div class=\"grid-container\">\n    <div class=\"cta-employee-block\">\n\n\n\n        <div class=\"cell large-12 medium-12\">\n\t\t\t\t\n        \n        \n        <\/div>\n    <\/div>\n<\/div>\n    <\/div>\n\n<div class=\"grid-container small-block-spacing\" >\n    <div class=\"text-area-block grid-x grid-margin-x\">\n        <div class=\"cell large-12 medium-12\">\n\t\t\t\t\n            \n        <\/div>\n    <\/div>\n<\/div>","protected":false},"excerpt":{"rendered":"","protected":false},"author":10,"featured_media":0,"parent":0,"menu_order":0,"comment_status":"closed","ping_status":"closed","template":"","meta":{"_acf_changed":false,"content-type":"","footnotes":""},"class_list":["post-17905","page","type-page","status-publish","hentry"],"acf":[],"yoast_head":"<!-- This site is optimized with the Yoast SEO plugin v27.3 - https:\/\/yoast.com\/product\/yoast-seo-wordpress\/ -->\n<title>Familierett, bli kjent med viktige tema for din \u00f8konomi | Nordia Law<\/title>\n<meta name=\"description\" content=\"V\u00e5r hovedside for familierett gir deg nyttig informasjon om s\u00e5rbare faser av livet som ogs\u00e5 p\u00e5virker din \u00f8konomi. Nordia kan bist\u00e5 med hjelp.\" \/>\n<meta name=\"robots\" content=\"index, follow, max-snippet:-1, max-image-preview:large, max-video-preview:-1\" \/>\n<link rel=\"canonical\" href=\"https:\/\/nordialaw.com\/no\/okonomisk-familierett\/\" \/>\n<meta property=\"og:locale\" content=\"nb_NO\" \/>\n<meta property=\"og:type\" content=\"article\" \/>\n<meta property=\"og:title\" content=\"Familierett, bli kjent med viktige tema for din \u00f8konomi | Nordia Law\" \/>\n<meta property=\"og:description\" content=\"V\u00e5r hovedside for familierett gir deg nyttig informasjon om s\u00e5rbare faser av livet som ogs\u00e5 p\u00e5virker din \u00f8konomi. Nordia kan bist\u00e5 med hjelp.\" \/>\n<meta property=\"og:url\" content=\"https:\/\/nordialaw.com\/no\/okonomisk-familierett\/\" \/>\n<meta property=\"og:site_name\" content=\"Nordia Law\" \/>\n<meta property=\"article:modified_time\" content=\"2025-04-09T07:41:50+00:00\" \/>\n<meta name=\"twitter:card\" content=\"summary_large_image\" \/>\n<meta name=\"twitter:label1\" content=\"Ansl. lesetid\" \/>\n\t<meta name=\"twitter:data1\" content=\"7 minutter\" \/>\n<script type=\"application\/ld+json\" class=\"yoast-schema-graph\">{\"@context\":\"https:\\\/\\\/schema.org\",\"@graph\":[{\"@type\":\"WebPage\",\"@id\":\"https:\\\/\\\/nordialaw.com\\\/no\\\/okonomisk-familierett\\\/\",\"url\":\"https:\\\/\\\/nordialaw.com\\\/no\\\/okonomisk-familierett\\\/\",\"name\":\"Familierett, bli kjent med viktige tema for din \u00f8konomi | Nordia Law\",\"isPartOf\":{\"@id\":\"https:\\\/\\\/nordialaw.com\\\/#website\"},\"datePublished\":\"2025-04-09T07:41:42+00:00\",\"dateModified\":\"2025-04-09T07:41:50+00:00\",\"description\":\"V\u00e5r hovedside for familierett gir deg nyttig informasjon om s\u00e5rbare faser av livet som ogs\u00e5 p\u00e5virker din \u00f8konomi. Nordia kan bist\u00e5 med hjelp.\",\"breadcrumb\":{\"@id\":\"https:\\\/\\\/nordialaw.com\\\/no\\\/okonomisk-familierett\\\/#breadcrumb\"},\"inLanguage\":\"nb-NO\",\"potentialAction\":[{\"@type\":\"ReadAction\",\"target\":[\"https:\\\/\\\/nordialaw.com\\\/no\\\/okonomisk-familierett\\\/\"]}]},{\"@type\":\"BreadcrumbList\",\"@id\":\"https:\\\/\\\/nordialaw.com\\\/no\\\/okonomisk-familierett\\\/#breadcrumb\",\"itemListElement\":[{\"@type\":\"ListItem\",\"position\":1,\"name\":\"Home\",\"item\":\"https:\\\/\\\/nordialaw.com\\\/no\\\/\"},{\"@type\":\"ListItem\",\"position\":2,\"name\":\"\u00d8konomisk familierett\"}]},{\"@type\":\"WebSite\",\"@id\":\"https:\\\/\\\/nordialaw.com\\\/#website\",\"url\":\"https:\\\/\\\/nordialaw.com\\\/\",\"name\":\"Nordia Law\",\"description\":\"\",\"publisher\":{\"@id\":\"https:\\\/\\\/nordialaw.com\\\/#organization\"},\"potentialAction\":[{\"@type\":\"SearchAction\",\"target\":{\"@type\":\"EntryPoint\",\"urlTemplate\":\"https:\\\/\\\/nordialaw.com\\\/?s={search_term_string}\"},\"query-input\":{\"@type\":\"PropertyValueSpecification\",\"valueRequired\":true,\"valueName\":\"search_term_string\"}}],\"inLanguage\":\"nb-NO\"},{\"@type\":\"Organization\",\"@id\":\"https:\\\/\\\/nordialaw.com\\\/#organization\",\"name\":\"Nordia Law\",\"url\":\"https:\\\/\\\/nordialaw.com\\\/\",\"logo\":{\"@type\":\"ImageObject\",\"inLanguage\":\"nb-NO\",\"@id\":\"https:\\\/\\\/nordialaw.com\\\/#\\\/schema\\\/logo\\\/image\\\/\",\"url\":\"https:\\\/\\\/nordialaw.com\\\/wp-content\\\/uploads\\\/2021\\\/09\\\/Layer-1.svg\",\"contentUrl\":\"https:\\\/\\\/nordialaw.com\\\/wp-content\\\/uploads\\\/2021\\\/09\\\/Layer-1.svg\",\"width\":197,\"height\":45,\"caption\":\"Nordia Law\"},\"image\":{\"@id\":\"https:\\\/\\\/nordialaw.com\\\/#\\\/schema\\\/logo\\\/image\\\/\"}}]}<\/script>\n<!-- \/ Yoast SEO plugin. -->","yoast_head_json":{"title":"Familierett, bli kjent med viktige tema for din \u00f8konomi | Nordia Law","description":"V\u00e5r hovedside for familierett gir deg nyttig informasjon om s\u00e5rbare faser av livet som ogs\u00e5 p\u00e5virker din \u00f8konomi. Nordia kan bist\u00e5 med hjelp.","robots":{"index":"index","follow":"follow","max-snippet":"max-snippet:-1","max-image-preview":"max-image-preview:large","max-video-preview":"max-video-preview:-1"},"canonical":"https:\/\/nordialaw.com\/no\/okonomisk-familierett\/","og_locale":"nb_NO","og_type":"article","og_title":"Familierett, bli kjent med viktige tema for din \u00f8konomi | Nordia Law","og_description":"V\u00e5r hovedside for familierett gir deg nyttig informasjon om s\u00e5rbare faser av livet som ogs\u00e5 p\u00e5virker din \u00f8konomi. Nordia kan bist\u00e5 med hjelp.","og_url":"https:\/\/nordialaw.com\/no\/okonomisk-familierett\/","og_site_name":"Nordia Law","article_modified_time":"2025-04-09T07:41:50+00:00","twitter_card":"summary_large_image","twitter_misc":{"Ansl. lesetid":"7 minutter"},"schema":{"@context":"https:\/\/schema.org","@graph":[{"@type":"WebPage","@id":"https:\/\/nordialaw.com\/no\/okonomisk-familierett\/","url":"https:\/\/nordialaw.com\/no\/okonomisk-familierett\/","name":"Familierett, bli kjent med viktige tema for din \u00f8konomi | Nordia Law","isPartOf":{"@id":"https:\/\/nordialaw.com\/#website"},"datePublished":"2025-04-09T07:41:42+00:00","dateModified":"2025-04-09T07:41:50+00:00","description":"V\u00e5r hovedside for familierett gir deg nyttig informasjon om s\u00e5rbare faser av livet som ogs\u00e5 p\u00e5virker din \u00f8konomi. Nordia kan bist\u00e5 med hjelp.","breadcrumb":{"@id":"https:\/\/nordialaw.com\/no\/okonomisk-familierett\/#breadcrumb"},"inLanguage":"nb-NO","potentialAction":[{"@type":"ReadAction","target":["https:\/\/nordialaw.com\/no\/okonomisk-familierett\/"]}]},{"@type":"BreadcrumbList","@id":"https:\/\/nordialaw.com\/no\/okonomisk-familierett\/#breadcrumb","itemListElement":[{"@type":"ListItem","position":1,"name":"Home","item":"https:\/\/nordialaw.com\/no\/"},{"@type":"ListItem","position":2,"name":"\u00d8konomisk familierett"}]},{"@type":"WebSite","@id":"https:\/\/nordialaw.com\/#website","url":"https:\/\/nordialaw.com\/","name":"Nordia Law","description":"","publisher":{"@id":"https:\/\/nordialaw.com\/#organization"},"potentialAction":[{"@type":"SearchAction","target":{"@type":"EntryPoint","urlTemplate":"https:\/\/nordialaw.com\/?s={search_term_string}"},"query-input":{"@type":"PropertyValueSpecification","valueRequired":true,"valueName":"search_term_string"}}],"inLanguage":"nb-NO"},{"@type":"Organization","@id":"https:\/\/nordialaw.com\/#organization","name":"Nordia Law","url":"https:\/\/nordialaw.com\/","logo":{"@type":"ImageObject","inLanguage":"nb-NO","@id":"https:\/\/nordialaw.com\/#\/schema\/logo\/image\/","url":"https:\/\/nordialaw.com\/wp-content\/uploads\/2021\/09\/Layer-1.svg","contentUrl":"https:\/\/nordialaw.com\/wp-content\/uploads\/2021\/09\/Layer-1.svg","width":197,"height":45,"caption":"Nordia Law"},"image":{"@id":"https:\/\/nordialaw.com\/#\/schema\/logo\/image\/"}}]}},"_links":{"self":[{"href":"https:\/\/nordialaw.com\/no\/wp-json\/wp\/v2\/pages\/17905","targetHints":{"allow":["GET"]}}],"collection":[{"href":"https:\/\/nordialaw.com\/no\/wp-json\/wp\/v2\/pages"}],"about":[{"href":"https:\/\/nordialaw.com\/no\/wp-json\/wp\/v2\/types\/page"}],"author":[{"embeddable":true,"href":"https:\/\/nordialaw.com\/no\/wp-json\/wp\/v2\/users\/10"}],"replies":[{"embeddable":true,"href":"https:\/\/nordialaw.com\/no\/wp-json\/wp\/v2\/comments?post=17905"}],"version-history":[{"count":9,"href":"https:\/\/nordialaw.com\/no\/wp-json\/wp\/v2\/pages\/17905\/revisions"}],"predecessor-version":[{"id":18276,"href":"https:\/\/nordialaw.com\/no\/wp-json\/wp\/v2\/pages\/17905\/revisions\/18276"}],"wp:attachment":[{"href":"https:\/\/nordialaw.com\/no\/wp-json\/wp\/v2\/media?parent=17905"}],"curies":[{"name":"wp","href":"https:\/\/api.w.org\/{rel}","templated":true}]}}