{"id":18191,"date":"2025-04-09T07:27:59","date_gmt":"2025-04-09T07:27:59","guid":{"rendered":"https:\/\/nordialaw.com\/?page_id=18191"},"modified":"2025-04-09T08:02:10","modified_gmt":"2025-04-09T08:02:10","slug":"ektefellens-arverett","status":"publish","type":"page","link":"https:\/\/nordialaw.com\/no\/ektefellens-arverett\/","title":{"rendered":"Ektefellens arverett"},"content":{"rendered":"\n\n<div class=\"title-excerpt\">\n\t\n\t<\/div>\n\n<div class=\"grid-container small-block-spacing\" >\n    <div class=\"text-area-block grid-x grid-margin-x\">\n        <div class=\"cell large-12 medium-12\">\n\t\t\t\t\n            <p class=\"h1\">Ektefellens arverett<\/p>\n<p class=\"preamble\">Gjenlevende ektefelle har alltid rett p\u00e5 arv etter den avd\u00f8de. Hvor mye en ektefelle har rett p\u00e5 i arv bestemmes blant annet av om den avd\u00f8de hadde barn\/barnebarn eller andre n\u00e6re slektninger i live. Med n\u00e6re slektninger menes foreldre, s\u00f8sken, nev\u00f8er og nieser. I tillegg kan ektefellearven p\u00e5virkes dersom avd\u00f8de hadde opprettet testament.<\/p>\n<p>Dersom avd\u00f8de ektefelle etterlot seg barn, barnebarn osv., har gjenlevende ektefelle rett p\u00e5 25% av avd\u00f8des\u00a0 samlede verdier. Hvis avd\u00f8de ikke har barn, men foreldre, s\u00f8sken eller etterkommere etter s\u00f8sken, i live, har gjenlevende ektefelle rett p\u00e5 50% av avd\u00f8des samlede verdier.<\/p>\n<p>Gjenlevende ektefelle er eneste arving etter avd\u00f8de dersom avd\u00f8de verken har arvinger i f\u00f8rste eller andre arveklasse (barn og deres arvinger, gjenlevende foreldre, s\u00f8sken eller deres arvinger).<\/p>\n\n        <\/div>\n    <\/div>\n<\/div>\n\n\n<div class=\"grid-container small-block-spacing\">\n    <div class=\"media-block grid-x grid-margin-x\">\n        <div class=\"media-wrapper cell large-12 medium-12\">\n\t\t\t\t\n                        \n                                    <div class=\"img-wrapper large\">\n                      <img loading=\"lazy\" decoding=\"async\" width=\"1254\" height=\"836\" src=\"https:\/\/nordialaw.com\/wp-content\/uploads\/2025\/04\/arveloven-ektefelle-.jpg\" class=\"attachment-hero size-hero\" alt=\"Tre generasjoner av en familie g\u00e5r p\u00e5 stranden\" srcset=\"https:\/\/nordialaw.com\/wp-content\/uploads\/2025\/04\/arveloven-ektefelle-.jpg 1254w, https:\/\/nordialaw.com\/wp-content\/uploads\/2025\/04\/arveloven-ektefelle--300x200.jpg 300w, https:\/\/nordialaw.com\/wp-content\/uploads\/2025\/04\/arveloven-ektefelle--1024x683.jpg 1024w, https:\/\/nordialaw.com\/wp-content\/uploads\/2025\/04\/arveloven-ektefelle--768x512.jpg 768w\" sizes=\"auto, (max-width: 1254px) 100vw, 1254px\" \/>                    <\/div>\n                \n            \n            \n        <\/div>\n    <\/div>\n<\/div>\n\n<div class=\"grid-container small-block-spacing\" >\n    <div class=\"text-area-block grid-x grid-margin-x\">\n        <div class=\"cell large-12 medium-12\">\n\t\t\t\t\n            <p>Ektefellearven beregnes ut fra den avd\u00f8de ektefellens andel av ektefelleboet (ektefellenes samlede verdier).<br \/>\nDen gjenlevende ektefellens arverett gjelder uavhengig av hvilken formuesordning ektefellene hadde. Gjenlevende ektefelle arver av b\u00e5de felleseie- og s\u00e6reieverdier tilh\u00f8rende avd\u00f8de.<\/p>\n<p><strong>Eksempel:<\/strong><br \/>\nEktepar med to felles barn, og mannen d\u00f8r. Partene har ingen avtale om s\u00e6reie og boet skal deles likt mellom gjenlevende og avd\u00f8de sitt d\u00f8dsbo. Det foreligger ikke noe testament og gjenlevende vil skifte boet etter sin mann.<\/p>\n<ul>\n<li>Samlet bo: NOK 8 mill \u2013 NOK 4 mill til gjenlevende og 4 mill til d\u00f8dsboet (arven)<\/li>\n<li>Fordeling av arv blir etter dette: 1 mill til gjenlevende (25% av 4 mill) og NOK 1,5 mill til hvert barn (37,5% av NOK 3 mill).<\/li>\n<li>Mor m\u00e5 overf\u00f8re NOK 3 mill av boet til barna og beholder NOK 5 mill selv, og verdiene hennes fordeles senere\/ved hennes d\u00f8d<\/li>\n<\/ul>\n\n        <\/div>\n    <\/div>\n<\/div>\n\n\n<div class=\"grid-container standard-block-spacing cta-employee\">\n<div class=\"grid-container\">\n    <div class=\"cta-employee-block\">\n\n\n\n        <div class=\"cell large-12 medium-12\">\n\t\t\t\t\n        \n        \n        <\/div>\n    <\/div>\n<\/div>\n    <\/div>\n\n\n<div class=\"grid-container small-block-spacing\">\n    <div class=\"media-block grid-x grid-margin-x\">\n        <div class=\"media-wrapper cell large-12 medium-12\">\n\t\t\t\t\n                        \n                                    <div class=\"img-wrapper large\">\n                      <img loading=\"lazy\" decoding=\"async\" width=\"1365\" height=\"768\" src=\"https:\/\/nordialaw.com\/wp-content\/uploads\/2025\/04\/arveloven-ektefelle-testament.jpg\" class=\"attachment-hero size-hero\" alt=\"Et par som leker med et barn\" srcset=\"https:\/\/nordialaw.com\/wp-content\/uploads\/2025\/04\/arveloven-ektefelle-testament.jpg 1365w, https:\/\/nordialaw.com\/wp-content\/uploads\/2025\/04\/arveloven-ektefelle-testament-300x169.jpg 300w, https:\/\/nordialaw.com\/wp-content\/uploads\/2025\/04\/arveloven-ektefelle-testament-1024x576.jpg 1024w, https:\/\/nordialaw.com\/wp-content\/uploads\/2025\/04\/arveloven-ektefelle-testament-768x432.jpg 768w\" sizes=\"auto, (max-width: 1365px) 100vw, 1365px\" \/>                    <\/div>\n                \n            \n            \n        <\/div>\n    <\/div>\n<\/div>\n\n<div class=\"grid-container standard-block-spacing\" >\n    <div class=\"text-area-block grid-x grid-margin-x\">\n        <div class=\"cell large-12 medium-12\">\n\t\t\t\t\n            <p>&nbsp;<\/p>\n<p class=\"h2\">\u00d8k eller begrens ektefellearven<\/p>\n<p>I testament kan ektefellens arverett b\u00e5de begrenses og utvides. En utvidelse av arven til ektefellen m\u00e5 skje innenfor eventuelle begrensninger som f\u00f8lger av livsarvingers pliktdelsarv. En begrensning av arven til gjenlevende ektefelle kan bare gj\u00f8res ned til lovens minstearv for ektefellen.<\/p>\n<p>Minstearven til en ektefelle er 4 ganger Folketrygdens grunnbel\u00f8p (G) dersom den avd\u00f8de hadde barn, og 6 ganger G dersom avd\u00f8de ikke hadde barn.<\/p>\n<p>Ektefellearven g\u00e5r foran all annen arv. Dette gjelder ogs\u00e5 om avd\u00f8de etterlater seg livsarvinger (barn\/barnebarn) og testamentsarvinger. For ektefeller som etterlater seg mindre verdier, vil\u00a0 gjenlevende ektefellen f\u00e5 langt mer enn 25% av avd\u00f8de sine verdier.<\/p>\n<p>Det betyr at hvis avd\u00f8de etterlater seg mindre enn 4G\/6G (per i dag rundt 500 000\/750 000) vil ektefellen arve alt. Avd\u00f8des barn, foreldre og s\u00f8sken eller testamentsarvinger vil da ikke motta noen arv fra avd\u00f8de.<\/p>\n\n        <\/div>\n    <\/div>\n<\/div>\n\n<div class=\"grid-container standard-block-spacing\" >\n    <div class=\"text-area-block grid-x grid-margin-x\">\n        <div class=\"cell large-12 medium-12\">\n\t\t\t\t\n            <h2>Hvorfor b\u00f8r du velge Nordia Law?<\/h2>\n<p>Vi i Nordia Law er opptatt av \u00e5 gi deg en personlig og profesjonell oppf\u00f8lging og er alltid opptatt av \u00e5 finne gode l\u00f8sninger tilpasset dine \u00f8nsker \u00e5 behov.<\/p>\n<p>Dette lover vi deg:<\/p>\n<ul>\n<li>Vi gir deg raske og tydelige r\u00e5d ut ifra din situasjon.<\/li>\n<li>Vi s\u00f8rger for \u00e5 ivareta dine interesser samvittighetsfullt.<\/li>\n<li>Du vil f\u00e5 bistand fra en spesialisert advokat, som sammen med deg jobber for \u00e5 oppn\u00e5 best mulig resultat i saken.<\/li>\n<\/ul>\n\n        <\/div>\n    <\/div>\n<\/div>\n\n\n<div class=\"grid-container small-block-spacing cta-employee\">\n<div class=\"grid-container\">\n    <div class=\"cta-employee-block\">\n\n\n\n        <div class=\"cell large-12 medium-12\">\n\t\t\t\t\n        \n        \n        <\/div>\n    <\/div>\n<\/div>\n    <\/div>\n\n\n<div class=\"grid-container standard-block-spacing cta-employee\">\n<div class=\"grid-container\">\n    <div class=\"cta-employee-block\">\n\n\n\n        <div class=\"cell large-12 medium-12\">\n\t\t\t\t\n                    <div class=\"employee-card\">\n                            <div class=\"employee\">\n\n                \n                  <div class=\"info\">\n                                            <div class=\"img-wrapper\">\n                        <a href=\"https:\/\/nordialaw.com\/no\/people\/vegard-skaug\/\"><img decoding=\"async\" src=\"https:\/\/nordialaw.com\/wp-content\/uploads\/2024\/11\/Skaug-Vegard_Portrait-1.jpg\" alt=\"Vegard Skaug\" \/><\/a>\n                        <\/div>\n                    \n                    <div class=\"info-wrapper\">\n\n                    <div class=\"name\">\n                    Partner &#8211;\n                    Vegard Skaug                    <\/div>\n\n                    <a href=\"https:\/\/nordialaw.com\/no\/people\/vegard-skaug\/\">Les mer om advokaten<\/a>\n\n                                            <a href=\"mailto:vs@nordialaw.com\">vs@nordialaw.com<\/a>\n                    \n                                            <a href=\"tel:+47 90 64 18 81\">+47 90 64 18 81<\/a>\n                                        <\/div>\n                  <\/div>\n                  \n                  <div class=\"text\">\n                    <div class=\"wrapper\">\n                    \n                                            Vegard Skaug er der for deg og ser sine klienter og deres behov, og jobber for de beste resultatene. Ta kontakt for en profesjonell og personlig oppf\u00f8lging.                                        <\/div>\n                  <\/div>\n\n                    \n                    <\/div>\n                                <\/div>\n        \n        \n        <\/div>\n    <\/div>\n<\/div>\n    <\/div>\n\n","protected":false},"excerpt":{"rendered":"","protected":false},"author":10,"featured_media":0,"parent":0,"menu_order":0,"comment_status":"closed","ping_status":"closed","template":"","meta":{"_acf_changed":false,"content-type":"","footnotes":""},"class_list":["post-18191","page","type-page","status-publish","hentry"],"acf":[],"yoast_head":"<!-- This site is optimized with the Yoast SEO plugin v27.4 - https:\/\/yoast.com\/product\/yoast-seo-wordpress\/ -->\n<title>Arveloven ektefelle - innsikt om regler og planlegging | Nordia Law<\/title>\n<meta name=\"description\" content=\"Les om lovens grunnregler, samt hvordan du kan utvide eller begrense ektefelles arv. F\u00e5 innsikt hos eksperter p\u00e5 arverett hos Nordia Law.\" \/>\n<meta name=\"robots\" content=\"index, follow, max-snippet:-1, max-image-preview:large, max-video-preview:-1\" \/>\n<link rel=\"canonical\" href=\"https:\/\/nordialaw.com\/no\/ektefellens-arverett\/\" \/>\n<meta property=\"og:locale\" content=\"nb_NO\" \/>\n<meta property=\"og:type\" content=\"article\" \/>\n<meta property=\"og:title\" content=\"Arveloven ektefelle - innsikt om regler og planlegging | Nordia Law\" \/>\n<meta property=\"og:description\" content=\"Les om lovens grunnregler, samt hvordan du kan utvide eller begrense ektefelles arv. F\u00e5 innsikt hos eksperter p\u00e5 arverett hos Nordia Law.\" \/>\n<meta property=\"og:url\" content=\"https:\/\/nordialaw.com\/no\/ektefellens-arverett\/\" \/>\n<meta property=\"og:site_name\" content=\"Nordia Law\" \/>\n<meta property=\"article:modified_time\" content=\"2025-04-09T08:02:10+00:00\" \/>\n<meta name=\"twitter:card\" content=\"summary_large_image\" \/>\n<meta name=\"twitter:label1\" content=\"Ansl. lesetid\" \/>\n\t<meta name=\"twitter:data1\" content=\"4 minutter\" \/>\n<script type=\"application\/ld+json\" class=\"yoast-schema-graph\">{\"@context\":\"https:\\\/\\\/schema.org\",\"@graph\":[{\"@type\":\"WebPage\",\"@id\":\"https:\\\/\\\/nordialaw.com\\\/no\\\/ektefellens-arverett\\\/\",\"url\":\"https:\\\/\\\/nordialaw.com\\\/no\\\/ektefellens-arverett\\\/\",\"name\":\"Arveloven ektefelle - innsikt om regler og planlegging | Nordia Law\",\"isPartOf\":{\"@id\":\"https:\\\/\\\/nordialaw.com\\\/#website\"},\"datePublished\":\"2025-04-09T07:27:59+00:00\",\"dateModified\":\"2025-04-09T08:02:10+00:00\",\"description\":\"Les om lovens grunnregler, samt hvordan du kan utvide eller begrense ektefelles arv. F\u00e5 innsikt hos eksperter p\u00e5 arverett hos Nordia Law.\",\"breadcrumb\":{\"@id\":\"https:\\\/\\\/nordialaw.com\\\/no\\\/ektefellens-arverett\\\/#breadcrumb\"},\"inLanguage\":\"nb-NO\",\"potentialAction\":[{\"@type\":\"ReadAction\",\"target\":[\"https:\\\/\\\/nordialaw.com\\\/no\\\/ektefellens-arverett\\\/\"]}]},{\"@type\":\"BreadcrumbList\",\"@id\":\"https:\\\/\\\/nordialaw.com\\\/no\\\/ektefellens-arverett\\\/#breadcrumb\",\"itemListElement\":[{\"@type\":\"ListItem\",\"position\":1,\"name\":\"Home\",\"item\":\"https:\\\/\\\/nordialaw.com\\\/no\\\/\"},{\"@type\":\"ListItem\",\"position\":2,\"name\":\"Ektefellens arverett\"}]},{\"@type\":\"WebSite\",\"@id\":\"https:\\\/\\\/nordialaw.com\\\/#website\",\"url\":\"https:\\\/\\\/nordialaw.com\\\/\",\"name\":\"Nordia Law\",\"description\":\"\",\"publisher\":{\"@id\":\"https:\\\/\\\/nordialaw.com\\\/#organization\"},\"potentialAction\":[{\"@type\":\"SearchAction\",\"target\":{\"@type\":\"EntryPoint\",\"urlTemplate\":\"https:\\\/\\\/nordialaw.com\\\/?s={search_term_string}\"},\"query-input\":{\"@type\":\"PropertyValueSpecification\",\"valueRequired\":true,\"valueName\":\"search_term_string\"}}],\"inLanguage\":\"nb-NO\"},{\"@type\":\"Organization\",\"@id\":\"https:\\\/\\\/nordialaw.com\\\/#organization\",\"name\":\"Nordia Law\",\"url\":\"https:\\\/\\\/nordialaw.com\\\/\",\"logo\":{\"@type\":\"ImageObject\",\"inLanguage\":\"nb-NO\",\"@id\":\"https:\\\/\\\/nordialaw.com\\\/#\\\/schema\\\/logo\\\/image\\\/\",\"url\":\"https:\\\/\\\/nordialaw.com\\\/wp-content\\\/uploads\\\/2021\\\/09\\\/Layer-1.svg\",\"contentUrl\":\"https:\\\/\\\/nordialaw.com\\\/wp-content\\\/uploads\\\/2021\\\/09\\\/Layer-1.svg\",\"width\":197,\"height\":45,\"caption\":\"Nordia Law\"},\"image\":{\"@id\":\"https:\\\/\\\/nordialaw.com\\\/#\\\/schema\\\/logo\\\/image\\\/\"}}]}<\/script>\n<!-- \/ Yoast SEO plugin. -->","yoast_head_json":{"title":"Arveloven ektefelle - innsikt om regler og planlegging | Nordia Law","description":"Les om lovens grunnregler, samt hvordan du kan utvide eller begrense ektefelles arv. F\u00e5 innsikt hos eksperter p\u00e5 arverett hos Nordia Law.","robots":{"index":"index","follow":"follow","max-snippet":"max-snippet:-1","max-image-preview":"max-image-preview:large","max-video-preview":"max-video-preview:-1"},"canonical":"https:\/\/nordialaw.com\/no\/ektefellens-arverett\/","og_locale":"nb_NO","og_type":"article","og_title":"Arveloven ektefelle - innsikt om regler og planlegging | Nordia Law","og_description":"Les om lovens grunnregler, samt hvordan du kan utvide eller begrense ektefelles arv. F\u00e5 innsikt hos eksperter p\u00e5 arverett hos Nordia Law.","og_url":"https:\/\/nordialaw.com\/no\/ektefellens-arverett\/","og_site_name":"Nordia Law","article_modified_time":"2025-04-09T08:02:10+00:00","twitter_card":"summary_large_image","twitter_misc":{"Ansl. lesetid":"4 minutter"},"schema":{"@context":"https:\/\/schema.org","@graph":[{"@type":"WebPage","@id":"https:\/\/nordialaw.com\/no\/ektefellens-arverett\/","url":"https:\/\/nordialaw.com\/no\/ektefellens-arverett\/","name":"Arveloven ektefelle - innsikt om regler og planlegging | Nordia Law","isPartOf":{"@id":"https:\/\/nordialaw.com\/#website"},"datePublished":"2025-04-09T07:27:59+00:00","dateModified":"2025-04-09T08:02:10+00:00","description":"Les om lovens grunnregler, samt hvordan du kan utvide eller begrense ektefelles arv. F\u00e5 innsikt hos eksperter p\u00e5 arverett hos Nordia Law.","breadcrumb":{"@id":"https:\/\/nordialaw.com\/no\/ektefellens-arverett\/#breadcrumb"},"inLanguage":"nb-NO","potentialAction":[{"@type":"ReadAction","target":["https:\/\/nordialaw.com\/no\/ektefellens-arverett\/"]}]},{"@type":"BreadcrumbList","@id":"https:\/\/nordialaw.com\/no\/ektefellens-arverett\/#breadcrumb","itemListElement":[{"@type":"ListItem","position":1,"name":"Home","item":"https:\/\/nordialaw.com\/no\/"},{"@type":"ListItem","position":2,"name":"Ektefellens arverett"}]},{"@type":"WebSite","@id":"https:\/\/nordialaw.com\/#website","url":"https:\/\/nordialaw.com\/","name":"Nordia Law","description":"","publisher":{"@id":"https:\/\/nordialaw.com\/#organization"},"potentialAction":[{"@type":"SearchAction","target":{"@type":"EntryPoint","urlTemplate":"https:\/\/nordialaw.com\/?s={search_term_string}"},"query-input":{"@type":"PropertyValueSpecification","valueRequired":true,"valueName":"search_term_string"}}],"inLanguage":"nb-NO"},{"@type":"Organization","@id":"https:\/\/nordialaw.com\/#organization","name":"Nordia Law","url":"https:\/\/nordialaw.com\/","logo":{"@type":"ImageObject","inLanguage":"nb-NO","@id":"https:\/\/nordialaw.com\/#\/schema\/logo\/image\/","url":"https:\/\/nordialaw.com\/wp-content\/uploads\/2021\/09\/Layer-1.svg","contentUrl":"https:\/\/nordialaw.com\/wp-content\/uploads\/2021\/09\/Layer-1.svg","width":197,"height":45,"caption":"Nordia Law"},"image":{"@id":"https:\/\/nordialaw.com\/#\/schema\/logo\/image\/"}}]}},"_links":{"self":[{"href":"https:\/\/nordialaw.com\/no\/wp-json\/wp\/v2\/pages\/18191","targetHints":{"allow":["GET"]}}],"collection":[{"href":"https:\/\/nordialaw.com\/no\/wp-json\/wp\/v2\/pages"}],"about":[{"href":"https:\/\/nordialaw.com\/no\/wp-json\/wp\/v2\/types\/page"}],"author":[{"embeddable":true,"href":"https:\/\/nordialaw.com\/no\/wp-json\/wp\/v2\/users\/10"}],"replies":[{"embeddable":true,"href":"https:\/\/nordialaw.com\/no\/wp-json\/wp\/v2\/comments?post=18191"}],"version-history":[{"count":9,"href":"https:\/\/nordialaw.com\/no\/wp-json\/wp\/v2\/pages\/18191\/revisions"}],"predecessor-version":[{"id":18291,"href":"https:\/\/nordialaw.com\/no\/wp-json\/wp\/v2\/pages\/18191\/revisions\/18291"}],"wp:attachment":[{"href":"https:\/\/nordialaw.com\/no\/wp-json\/wp\/v2\/media?parent=18191"}],"curies":[{"name":"wp","href":"https:\/\/api.w.org\/{rel}","templated":true}]}}