{"id":20027,"date":"2026-04-18T12:34:05","date_gmt":"2026-04-18T12:34:05","guid":{"rendered":"https:\/\/nordialaw.com\/?page_id=20027"},"modified":"2026-04-18T12:34:10","modified_gmt":"2026-04-18T12:34:10","slug":"teknologikontrakter","status":"publish","type":"page","link":"https:\/\/nordialaw.com\/no\/teknologikontrakter\/","title":{"rendered":"Teknologikontrakter"},"content":{"rendered":"<div class=\"title-excerpt\">\n\t        <h1 class=\"title-excerpt__title\">Teknologikontrakter<\/h1>\n\t\n\t<\/div>\n\n<div class=\"grid-container small-block-spacing\" >\n    <div class=\"text-area-block grid-x grid-margin-x\">\n        <div class=\"cell large-12 medium-12\">\n\t\t\t\t\n            <p>Teknologikontrakter er avtaler om levering, utvikling, drift og bruk av IT-l\u00f8sninger. De er sjelden standardiserte nok til \u00e5 v\u00e6re trygge uten gjennomgang, og ofte for komplekse til \u00e5 h\u00e5ndteres uten juridisk bistand. Konsekvensene av d\u00e5rlige avtaler viser seg gjerne f\u00f8rst n\u00e5r noe g\u00e5r galt \u2014 ved leveranseforsinkelser, funksjonsfeil, pris\u00f8kninger, leverand\u00f8rbytte eller sikkerhetshendelser.<\/p>\n<p>Nordia bist\u00e5r b\u00e5de bestillere og leverand\u00f8rer med \u00e5 forhandle, utforme og forvalte teknologikontrakter. Vi har s\u00e6rlig erfaring med Statens standardavtaler (SSA), SaaS- og skyavtaler, utviklingsavtaler og lisensavtaler. Vi arbeider ogs\u00e5 med de nye kontraktsutfordringene som oppst\u00e5r ved bruk av kunstig intelligens.<\/p>\n<p>V\u00e5rt m\u00e5l er avtaler som balanserer partenes interesser, er tydelige p\u00e5 ansvarsforhold og gir begge parter forutsigbarhet \u2014 ogs\u00e5 n\u00e5r det oppst\u00e5r uenighet.<\/p>\n\n        <\/div>\n    <\/div>\n<\/div>\n\n<div class=\"grid-container small-block-spacing\"  id=\"Statens-standardavtaler\" >\n    <div class=\"text-area-block grid-x grid-margin-x\">\n        <div class=\"cell large-12 medium-12\">\n\t\t\t\t\n            <h2>V\u00e5re tjenester innen teknologikontrakter<\/h2>\n<h3>Statens standardavtaler (SSA)<\/h3>\n<p>SSA er det dominerende avtaleverket for offentlig IT-innkj\u00f8p i Norge. Avtalene er godt gjennomarbeidet, men komplekse \u2014 og det er avgj\u00f8rende at bilagene, som inneholder det meste av det kommersielle innholdet, utformes korrekt. Vi bist\u00e5r b\u00e5de offentlige innkj\u00f8pere og leverand\u00f8rer med utfylling, forhandling og tolkning av SSA-L, SSA-T, SSA-V, SSA-O og SSA-K.<\/p>\n<p><strong>\u2192 G\u00e5 til egen side for: Statens standardavtaler (SSA)<\/strong><\/p>\n\n        <\/div>\n    <\/div>\n<\/div>\n\n<div class=\"grid-container small-block-spacing\" >\n    <div class=\"text-area-block grid-x grid-margin-x\">\n        <div class=\"cell large-12 medium-12\">\n\t\t\t\t\n            <h3>SaaS-avtaler<\/h3>\n<p>Software-as-a-Service er blitt den dominerende leveransemodellen for forretningskritisk programvare. Men SaaS-avtaler er ofte standardiserte av leverand\u00f8ren og gir lite rom for forhandling \u2014 med mindre du vet hva du b\u00f8r forhandle om. Vi gjennomg\u00e5r og forhandler SaaS-avtaler med vekt p\u00e5 oppetid, exit-rettigheter, prisregulering, behandlingsansvar og dataportering.<\/p>\n<p><strong>\u2192 G\u00e5 til egen side for: SaaS-avtaler<\/strong><\/p>\n\n        <\/div>\n    <\/div>\n<\/div>\n\n<div class=\"grid-container small-block-spacing\" >\n    <div class=\"text-area-block grid-x grid-margin-x\">\n        <div class=\"cell large-12 medium-12\">\n\t\t\t\t\n            <h3>Skyavtaler og datalokasjon<\/h3>\n<p>Bruk av skytjenester fra store internasjonale leverand\u00f8rer reiser sp\u00f8rsm\u00e5l om datalokasjon, tredjelandsoverf\u00f8ring, revisjonsrett og ansvar ved sikkerhetshendelser. Vi bist\u00e5r med \u00e5 vurdere og forhandle skyavtaler som sikrer at norske og europeiske krav er oppfylt.<\/p>\n<p><strong>\u2192 G\u00e5 til egen side for: Skyavtaler og datalokasjon<\/strong><\/p>\n\n        <\/div>\n    <\/div>\n<\/div>\n\n<div class=\"grid-container small-block-spacing\" >\n    <div class=\"text-area-block grid-x grid-margin-x\">\n        <div class=\"cell large-12 medium-12\">\n\t\t\t\t\n            <h3>Lisensavtaler for programvare<\/h3>\n<p>Programvarelisenser spenner fra enkle brukervilk\u00e5r til komplekse enterprise-avtaler med revisjonsklausuler, bruksbegrensninger og open source-komponenter. Vi bist\u00e5r med gjennomgang, forhandling og compliance.<\/p>\n<p><strong>\u2192 G\u00e5 til egen side for: Lisensavtaler for programvare<\/strong><\/p>\n\n        <\/div>\n    <\/div>\n<\/div>\n\n<div class=\"grid-container small-block-spacing\" >\n    <div class=\"text-area-block grid-x grid-margin-x\">\n        <div class=\"cell large-12 medium-12\">\n\t\t\t\t\n            <h3>Utviklingsavtaler<\/h3>\n<p>N\u00e5r virksomheten bestiller utvikling av skreddersydd programvare, er avtalen det viktigste styringsverkt\u00f8yet. Hvem eier kildekoden? Hva skjer n\u00e5r spesifikasjonen endres? Vi utformer og forhandler utviklingsavtaler med vekt p\u00e5 eierskap, endringsh\u00e5ndtering og risikofordeling.<\/p>\n<p><strong>\u2192 G\u00e5 til egen side for: Utviklingsavtaler<\/strong><\/p>\n\n        <\/div>\n    <\/div>\n<\/div>\n\n<div class=\"grid-container small-block-spacing\"  id=\"ai-avtaler\" >\n    <div class=\"text-area-block grid-x grid-margin-x\">\n        <div class=\"cell large-12 medium-12\">\n\t\t\t\t\n            <h3>AI-avtaler<\/h3>\n<p>Generativ AI og maskinl\u00e6ring reiser nye kontraktssp\u00f8rsm\u00e5l som eksisterende avtaleverk ikke alltid dekker: hvem eier output, hvem er ansvarlig for feil, hvordan reguleres treningsdata, og hvordan h\u00e5ndteres EUs AI-forordning? Vi hjelper deg med \u00e5 utforme avtaler som adresserer disse sp\u00f8rsm\u00e5lene.<\/p>\n<p><strong>\u2192 G\u00e5 til egen side for: AI-avtaler<\/strong><\/p>\n\n        <\/div>\n    <\/div>\n<\/div>\n\n\n<div class=\"grid-container small-block-spacing cta-employee\">\n<div class=\"grid-container\">\n    <div class=\"cta-employee-block\">\n\n\n\n        <div class=\"cell large-12 medium-12\">\n\t\t\t\t\n                    <div class=\"employee-card\">\n                            <div class=\"employee\">\n\n                                  <h2 class=\"hide-large\">Advokat Kjell Steffner<\/h2>\n                \n                  <div class=\"info\">\n                                            <div class=\"img-wrapper\">\n                        <a href=\"https:\/\/nordialaw.com\/no\/people\/kjell-steffner\/\"><img decoding=\"async\" src=\"https:\/\/nordialaw.com\/wp-content\/uploads\/2023\/08\/Steffner-Kjell-portrait-1-scaled.jpg\" alt=\"Kjell Steffner\" \/><\/a>\n                        <\/div>\n                    \n                    <div class=\"info-wrapper\">\n\n                    <div class=\"name\">\n                    Partner &#8211;\n                    Kjell Steffner                    <\/div>\n\n                    <a href=\"https:\/\/nordialaw.com\/no\/people\/kjell-steffner\/\">Les mer om advokaten<\/a>\n\n                                            <a href=\"mailto:kjs@nordialaw.com\">kjs@nordialaw.com<\/a>\n                    \n                                            <a href=\"tel:905 11 901\">905 11 901<\/a>\n                                        <\/div>\n                  <\/div>\n                  \n                  <div class=\"text\">\n                    <div class=\"wrapper\">\n                                            <h2 class=\"hide-small\">Advokat Kjell Steffner<\/h2>\n                    \n                                            Jeg er advokat og partner i Nordia Law, med spesialkompetanse innen personvern, teknologikontrakter og IT-sikkerhet. Ta kontakt med meg!                                        <\/div>\n                  <\/div>\n\n                    \n                    <\/div>\n                                <\/div>\n        \n        \n        <\/div>\n    <\/div>\n<\/div>\n    <\/div>\n\n<div class=\"grid-container small-block-spacing\" >\n    <div class=\"text-area-block grid-x grid-margin-x\">\n        <div class=\"cell large-12 medium-12\">\n\t\t\t\t\n            \n        <\/div>\n    <\/div>\n<\/div>","protected":false},"excerpt":{"rendered":"","protected":false},"author":12,"featured_media":0,"parent":0,"menu_order":0,"comment_status":"closed","ping_status":"closed","template":"","meta":{"_acf_changed":false,"content-type":"","footnotes":""},"class_list":["post-20027","page","type-page","status-publish","hentry"],"acf":[],"yoast_head":"<!-- This site is optimized with the Yoast SEO plugin v27.3 - https:\/\/yoast.com\/product\/yoast-seo-wordpress\/ -->\n<title>Teknologikontrakter - Nordia Law<\/title>\n<meta name=\"robots\" content=\"index, follow, max-snippet:-1, max-image-preview:large, max-video-preview:-1\" \/>\n<link rel=\"canonical\" href=\"https:\/\/nordialaw.com\/no\/teknologikontrakter\/\" \/>\n<meta property=\"og:locale\" content=\"nb_NO\" \/>\n<meta property=\"og:type\" content=\"article\" \/>\n<meta property=\"og:title\" content=\"Teknologikontrakter - Nordia Law\" \/>\n<meta property=\"og:url\" content=\"https:\/\/nordialaw.com\/no\/teknologikontrakter\/\" \/>\n<meta property=\"og:site_name\" content=\"Nordia Law\" \/>\n<meta property=\"article:modified_time\" content=\"2026-04-18T12:34:10+00:00\" \/>\n<meta name=\"twitter:card\" content=\"summary_large_image\" \/>\n<meta name=\"twitter:label1\" content=\"Ansl. lesetid\" \/>\n\t<meta name=\"twitter:data1\" content=\"2 minutter\" \/>\n<script type=\"application\/ld+json\" class=\"yoast-schema-graph\">{\"@context\":\"https:\\\/\\\/schema.org\",\"@graph\":[{\"@type\":\"WebPage\",\"@id\":\"https:\\\/\\\/nordialaw.com\\\/no\\\/teknologikontrakter\\\/\",\"url\":\"https:\\\/\\\/nordialaw.com\\\/no\\\/teknologikontrakter\\\/\",\"name\":\"Teknologikontrakter - Nordia Law\",\"isPartOf\":{\"@id\":\"https:\\\/\\\/nordialaw.com\\\/#website\"},\"datePublished\":\"2026-04-18T12:34:05+00:00\",\"dateModified\":\"2026-04-18T12:34:10+00:00\",\"breadcrumb\":{\"@id\":\"https:\\\/\\\/nordialaw.com\\\/no\\\/teknologikontrakter\\\/#breadcrumb\"},\"inLanguage\":\"nb-NO\",\"potentialAction\":[{\"@type\":\"ReadAction\",\"target\":[\"https:\\\/\\\/nordialaw.com\\\/no\\\/teknologikontrakter\\\/\"]}]},{\"@type\":\"BreadcrumbList\",\"@id\":\"https:\\\/\\\/nordialaw.com\\\/no\\\/teknologikontrakter\\\/#breadcrumb\",\"itemListElement\":[{\"@type\":\"ListItem\",\"position\":1,\"name\":\"Home\",\"item\":\"https:\\\/\\\/nordialaw.com\\\/no\\\/\"},{\"@type\":\"ListItem\",\"position\":2,\"name\":\"Teknologikontrakter\"}]},{\"@type\":\"WebSite\",\"@id\":\"https:\\\/\\\/nordialaw.com\\\/#website\",\"url\":\"https:\\\/\\\/nordialaw.com\\\/\",\"name\":\"Nordia Law\",\"description\":\"\",\"publisher\":{\"@id\":\"https:\\\/\\\/nordialaw.com\\\/#organization\"},\"potentialAction\":[{\"@type\":\"SearchAction\",\"target\":{\"@type\":\"EntryPoint\",\"urlTemplate\":\"https:\\\/\\\/nordialaw.com\\\/?s={search_term_string}\"},\"query-input\":{\"@type\":\"PropertyValueSpecification\",\"valueRequired\":true,\"valueName\":\"search_term_string\"}}],\"inLanguage\":\"nb-NO\"},{\"@type\":\"Organization\",\"@id\":\"https:\\\/\\\/nordialaw.com\\\/#organization\",\"name\":\"Nordia Law\",\"url\":\"https:\\\/\\\/nordialaw.com\\\/\",\"logo\":{\"@type\":\"ImageObject\",\"inLanguage\":\"nb-NO\",\"@id\":\"https:\\\/\\\/nordialaw.com\\\/#\\\/schema\\\/logo\\\/image\\\/\",\"url\":\"https:\\\/\\\/nordialaw.com\\\/wp-content\\\/uploads\\\/2021\\\/09\\\/Layer-1.svg\",\"contentUrl\":\"https:\\\/\\\/nordialaw.com\\\/wp-content\\\/uploads\\\/2021\\\/09\\\/Layer-1.svg\",\"width\":197,\"height\":45,\"caption\":\"Nordia Law\"},\"image\":{\"@id\":\"https:\\\/\\\/nordialaw.com\\\/#\\\/schema\\\/logo\\\/image\\\/\"}}]}<\/script>\n<!-- \/ Yoast SEO plugin. -->","yoast_head_json":{"title":"Teknologikontrakter - Nordia Law","robots":{"index":"index","follow":"follow","max-snippet":"max-snippet:-1","max-image-preview":"max-image-preview:large","max-video-preview":"max-video-preview:-1"},"canonical":"https:\/\/nordialaw.com\/no\/teknologikontrakter\/","og_locale":"nb_NO","og_type":"article","og_title":"Teknologikontrakter - Nordia Law","og_url":"https:\/\/nordialaw.com\/no\/teknologikontrakter\/","og_site_name":"Nordia Law","article_modified_time":"2026-04-18T12:34:10+00:00","twitter_card":"summary_large_image","twitter_misc":{"Ansl. lesetid":"2 minutter"},"schema":{"@context":"https:\/\/schema.org","@graph":[{"@type":"WebPage","@id":"https:\/\/nordialaw.com\/no\/teknologikontrakter\/","url":"https:\/\/nordialaw.com\/no\/teknologikontrakter\/","name":"Teknologikontrakter - Nordia Law","isPartOf":{"@id":"https:\/\/nordialaw.com\/#website"},"datePublished":"2026-04-18T12:34:05+00:00","dateModified":"2026-04-18T12:34:10+00:00","breadcrumb":{"@id":"https:\/\/nordialaw.com\/no\/teknologikontrakter\/#breadcrumb"},"inLanguage":"nb-NO","potentialAction":[{"@type":"ReadAction","target":["https:\/\/nordialaw.com\/no\/teknologikontrakter\/"]}]},{"@type":"BreadcrumbList","@id":"https:\/\/nordialaw.com\/no\/teknologikontrakter\/#breadcrumb","itemListElement":[{"@type":"ListItem","position":1,"name":"Home","item":"https:\/\/nordialaw.com\/no\/"},{"@type":"ListItem","position":2,"name":"Teknologikontrakter"}]},{"@type":"WebSite","@id":"https:\/\/nordialaw.com\/#website","url":"https:\/\/nordialaw.com\/","name":"Nordia Law","description":"","publisher":{"@id":"https:\/\/nordialaw.com\/#organization"},"potentialAction":[{"@type":"SearchAction","target":{"@type":"EntryPoint","urlTemplate":"https:\/\/nordialaw.com\/?s={search_term_string}"},"query-input":{"@type":"PropertyValueSpecification","valueRequired":true,"valueName":"search_term_string"}}],"inLanguage":"nb-NO"},{"@type":"Organization","@id":"https:\/\/nordialaw.com\/#organization","name":"Nordia Law","url":"https:\/\/nordialaw.com\/","logo":{"@type":"ImageObject","inLanguage":"nb-NO","@id":"https:\/\/nordialaw.com\/#\/schema\/logo\/image\/","url":"https:\/\/nordialaw.com\/wp-content\/uploads\/2021\/09\/Layer-1.svg","contentUrl":"https:\/\/nordialaw.com\/wp-content\/uploads\/2021\/09\/Layer-1.svg","width":197,"height":45,"caption":"Nordia Law"},"image":{"@id":"https:\/\/nordialaw.com\/#\/schema\/logo\/image\/"}}]}},"_links":{"self":[{"href":"https:\/\/nordialaw.com\/no\/wp-json\/wp\/v2\/pages\/20027","targetHints":{"allow":["GET"]}}],"collection":[{"href":"https:\/\/nordialaw.com\/no\/wp-json\/wp\/v2\/pages"}],"about":[{"href":"https:\/\/nordialaw.com\/no\/wp-json\/wp\/v2\/types\/page"}],"author":[{"embeddable":true,"href":"https:\/\/nordialaw.com\/no\/wp-json\/wp\/v2\/users\/12"}],"replies":[{"embeddable":true,"href":"https:\/\/nordialaw.com\/no\/wp-json\/wp\/v2\/comments?post=20027"}],"version-history":[{"count":1,"href":"https:\/\/nordialaw.com\/no\/wp-json\/wp\/v2\/pages\/20027\/revisions"}],"predecessor-version":[{"id":20028,"href":"https:\/\/nordialaw.com\/no\/wp-json\/wp\/v2\/pages\/20027\/revisions\/20028"}],"wp:attachment":[{"href":"https:\/\/nordialaw.com\/no\/wp-json\/wp\/v2\/media?parent=20027"}],"curies":[{"name":"wp","href":"https:\/\/api.w.org\/{rel}","templated":true}]}}