{"id":20301,"date":"2026-05-04T12:39:56","date_gmt":"2026-05-04T12:39:56","guid":{"rendered":"https:\/\/nordialaw.com\/?page_id=20301"},"modified":"2026-05-04T12:40:02","modified_gmt":"2026-05-04T12:40:02","slug":"latent-skatt","status":"publish","type":"page","link":"https:\/\/nordialaw.com\/no\/latent-skatt\/","title":{"rendered":"Latent skatt"},"content":{"rendered":"<div class=\"grid-container small-block-spacing\" >\n    <div class=\"text-area-block grid-x grid-margin-x\">\n        <div class=\"cell large-12 medium-12\">\n\t\t\t\t\n            <h1><strong>Latent skatt<\/strong><\/h1>\n<h2>Latent skatt<\/h2>\n<p>En latent skatteposisjon er en sannsynlig fremtidig skatt eller en skattefordel som kan p\u00e5virke verdien av eiendeler som skal deles p\u00e5 skiftet. Et typisk eksempel p\u00e5 latent skatt er utbytteskatt. Dersom det er sannsynlig at en ektefelle eller arving som obvertar aksjer p\u00e5 skiftet vil bli belastet med skatt p\u00e5 utbytte etter skj\u00e6ringstidspunktet kan dette redusere den verdi aksjenes skal ha ved det \u00f8konomiske oppgj\u00f8ret.<\/p>\n<p>Tilsvarende vil en latent skattefordel kunne \u00f8ke verdien av det som skal deles p\u00e5 skifte. En latent skattefordel oppst\u00e5r typisk der en aksjon\u00e6r har l\u00e5nt penger av et aksjeselskap og blitt beskattet for det f\u00f8r skj\u00e6ringstidspunktet. Et annet eksempel er der en ektefelle har ervervet\u00a0 aksjer som har g\u00e5tt ned i verdi, noe som vil medf\u00f8re et fradragsberettiget tap dersom aksjene selges etter samlivsbruddet.<\/p>\n<p>Latente skatteposisjoner er ikke beskrevet direkte i ekteskapsloven, og de n\u00e6rmere vilk\u00e5r om slike skatteposisjoner skal f\u00e5 betydning er ikke avklart av H\u00f8yesterett. Et tema som g\u00e5r igjen i de lavere rettsinstanser er sannsynligheten for at skatteposisjonene blir utl\u00f8st og hvordan verdien av en fremtidig skatt eller en fremtidig skattefordel skal verdsettes i dag. V\u00e5r erfaring er at latente skatteposisjoner ofte overses i \u00f8konomiske oppgjlr til tross for at de kan ha stor verdi.<\/p>\n\n        <\/div>\n    <\/div>\n<\/div>\n\n\n<div class=\"grid-container small-block-spacing\">\n    <div class=\"media-block grid-x grid-margin-x\">\n        <div class=\"media-wrapper cell large-12 medium-12\">\n\t\t\t\t\n                        \n                                    <div class=\"img-wrapper large\">\n                      <img loading=\"lazy\" decoding=\"async\" width=\"2560\" height=\"1429\" src=\"https:\/\/nordialaw.com\/wp-content\/uploads\/2026\/05\/Latent-skatt-og-personlig-goodwill-scaled.jpeg\" class=\"attachment-hero size-hero\" alt=\"Latent skatt\" srcset=\"https:\/\/nordialaw.com\/wp-content\/uploads\/2026\/05\/Latent-skatt-og-personlig-goodwill-scaled.jpeg 2560w, https:\/\/nordialaw.com\/wp-content\/uploads\/2026\/05\/Latent-skatt-og-personlig-goodwill-300x167.jpeg 300w, https:\/\/nordialaw.com\/wp-content\/uploads\/2026\/05\/Latent-skatt-og-personlig-goodwill-1024x572.jpeg 1024w, https:\/\/nordialaw.com\/wp-content\/uploads\/2026\/05\/Latent-skatt-og-personlig-goodwill-768x429.jpeg 768w, https:\/\/nordialaw.com\/wp-content\/uploads\/2026\/05\/Latent-skatt-og-personlig-goodwill-1536x857.jpeg 1536w, https:\/\/nordialaw.com\/wp-content\/uploads\/2026\/05\/Latent-skatt-og-personlig-goodwill-2048x1143.jpeg 2048w, https:\/\/nordialaw.com\/wp-content\/uploads\/2026\/05\/Latent-skatt-og-personlig-goodwill-1920x1072.jpeg 1920w\" sizes=\"auto, (max-width: 2560px) 100vw, 2560px\" \/>                    <\/div>\n                \n            \n            \n        <\/div>\n    <\/div>\n<\/div>\n\n<div class=\"grid-container small-block-spacing\" >\n    <div class=\"text-area-block grid-x grid-margin-x\">\n        <div class=\"cell large-12 medium-12\">\n\t\t\t\t\n            <h2><strong>Personlig goodwill<\/strong><\/h2>\n<p>Det som normalt skal deles ved et \u00f8konomisk oppgj\u00f8r ved samlivsbrudd er verdien av de eiendeler en hadde ved samlivsbruddet. I de tilfeller fremtidig verdi av en virksomhet er avhengig av en arbeidsinnsats i virksomheten fra en ektefelle som overtar virksomheten er utgangspunktet at verdien av slik fremtidig arbeidsinnsats ikke skal deles. Personlig goodwill er ikke omtakt i ekteskapsloven men H\u00f8yesterett har beskrevet betydningen av personlig goodwill slik:<\/p>\n<p>For den videre vurdering er det sentralt at verdien knyttet til en ektefelles evne til \u00e5 skape inntekter som en funksjon av vedkommendes arbeidskraft, kompetanse, profesjonelle nettverk, omd\u00f8mme mv. \u2013 i n\u00e6ringssammenheng ofte kalt \u00abpersonlig goodwill\u00bb \u2013 ikke i seg selv utgj\u00f8r \u00abformue\u00bb eller \u00abmidler\u00bb slik disse uttrykkene er benyttet i blant annet ekteskapsloven \u00a7 59 f\u00f8rste ledd. F\u00f8rst n\u00e5r en ektefelle faktisk opptjener inntekt \u2013 for eksempel i form av l\u00f8nn for utf\u00f8rt arbeid \u2013 oppst\u00e5r det formue.<\/p>\n<p>V\u00e5r erfaring er at det kreves til deles store fradrag i verdsettelsen av en virksomhet begrunnet i personlig goodwill. Ser man n\u00e6rmere p\u00e5 praksis fra H\u00f8yesterett m\u00e5 det imidlertid analyseres n\u00e6rmer om det er grunnlag for et slikt fradrag og hvor stort det i s\u00e5fall skal v\u00e6re. En m\u00e5 da g\u00e5 inn i ulike former for verdsettelse og vurdere arbeidskontrakt, eventuell bindingstid og konkurranseklausuler for \u00e5 kunne argumentere godt for hvordan disse sp\u00f8rsm\u00e5lene skal l\u00f8ses.<\/p>\n\n        <\/div>\n    <\/div>\n<\/div>\n\n<div class=\"grid-container small-block-spacing\" >\n    <div class=\"text-area-block grid-x grid-margin-x\">\n        <div class=\"cell large-12 medium-12\">\n\t\t\t\t\n            <h2><strong>Bli kjent med v\u00e5re advokater<\/strong><\/h2>\n<p class=\"preamble\">Hvorfor b\u00f8r du velge Nordia Law?<\/p>\n<p>Vi i Nordia Law er opptatt av \u00e5 gi deg en personlig og profesjonell oppf\u00f8lging og er alltid opptatt av \u00e5 finne gode l\u00f8sninger tilpasset dine \u00f8nsker og behov.<\/p>\n<p>Dette lover vi deg:<\/p>\n<ul>\n<li>Vi gir deg raske og tydelige r\u00e5d ut ifra din situasjon.<\/li>\n<li>Vi s\u00f8rger for samvittighetsfullt \u00e5 ivareta dine interesser.<\/li>\n<li>Du vil f\u00e5 bistand fra en spesialisert advokat, som sammen med deg jobber for \u00e5 oppn\u00e5 best mulig resultat i saken.<\/li>\n<\/ul>\n\n        <\/div>\n    <\/div>\n<\/div>\n\n\n<div class=\"grid-container small-block-spacing cta-employee\">\n<div class=\"grid-container\">\n    <div class=\"cta-employee-block\">\n\n\n\n        <div class=\"cell large-12 medium-12\">\n\t\t\t\t\n                    <div class=\"employee-card\">\n                            <div class=\"employee\">\n\n                \n                  <div class=\"info\">\n                                            <div class=\"img-wrapper\">\n                        <a href=\"https:\/\/nordialaw.com\/no\/people\/helge-skogseth-berg\/\"><img decoding=\"async\" src=\"https:\/\/nordialaw.com\/wp-content\/uploads\/2023\/08\/Skogseth-Berg-Helge-Portrait-1-scaled.jpg\" alt=\"Helge Skogseth Berg\" \/><\/a>\n                        <\/div>\n                    \n                    <div class=\"info-wrapper\">\n\n                    <div class=\"name\">\n                    Partner &#8211;\n                    Helge Skogseth Berg                    <\/div>\n\n                    <a href=\"https:\/\/nordialaw.com\/no\/people\/helge-skogseth-berg\/\">Les mer om advokaten<\/a>\n\n                                            <a href=\"mailto:hb@nordialaw.com\">hb@nordialaw.com<\/a>\n                    \n                                            <a href=\"tel:908 00 177\">908 00 177<\/a>\n                                        <\/div>\n                  <\/div>\n                  \n                  <div class=\"text\">\n                    <div class=\"wrapper\">\n                    \n                                            Jeg arbeider med kompleks arve- og skilsmisse-oppgj\u00f8r, der min supplerende kompetanse innen prosedyre, selskapsrett, skatt, regnskap og verdsettelse kommer til nytte.                                        <\/div>\n                  <\/div>\n\n                    \n                    <\/div>\n                                <\/div>\n        \n        \n        <\/div>\n    <\/div>\n<\/div>\n    <\/div>","protected":false},"excerpt":{"rendered":"","protected":false},"author":8,"featured_media":0,"parent":0,"menu_order":0,"comment_status":"closed","ping_status":"closed","template":"","meta":{"_acf_changed":false,"content-type":"","footnotes":""},"class_list":["post-20301","page","type-page","status-publish","hentry"],"acf":[],"yoast_head":"<!-- This site is optimized with the Yoast SEO plugin v27.5 - https:\/\/yoast.com\/product\/yoast-seo-wordpress\/ -->\n<title>Latent skatt - Nordia Law<\/title>\n<meta name=\"description\" content=\"En latent skatteposisjon er en sannsynlig fremtidig skatt eller en skattefordel som kan p\u00e5virke verdien av eiendeler som skal deles p\u00e5 skiftet\" \/>\n<meta name=\"robots\" content=\"index, follow, max-snippet:-1, max-image-preview:large, max-video-preview:-1\" \/>\n<link rel=\"canonical\" href=\"https:\/\/nordialaw.com\/no\/latent-skatt\/\" \/>\n<meta property=\"og:locale\" content=\"nb_NO\" \/>\n<meta property=\"og:type\" content=\"article\" \/>\n<meta property=\"og:title\" content=\"Latent skatt - Nordia Law\" \/>\n<meta property=\"og:description\" content=\"En latent skatteposisjon er en sannsynlig fremtidig skatt eller en skattefordel som kan p\u00e5virke verdien av eiendeler som skal deles p\u00e5 skiftet\" \/>\n<meta property=\"og:url\" content=\"https:\/\/nordialaw.com\/no\/latent-skatt\/\" \/>\n<meta property=\"og:site_name\" content=\"Nordia Law\" \/>\n<meta property=\"article:modified_time\" content=\"2026-05-04T12:40:02+00:00\" \/>\n<meta name=\"twitter:card\" content=\"summary_large_image\" \/>\n<meta name=\"twitter:label1\" content=\"Ansl. lesetid\" \/>\n\t<meta name=\"twitter:data1\" content=\"3 minutter\" \/>\n<script type=\"application\/ld+json\" class=\"yoast-schema-graph\">{\"@context\":\"https:\\\/\\\/schema.org\",\"@graph\":[{\"@type\":\"WebPage\",\"@id\":\"https:\\\/\\\/nordialaw.com\\\/no\\\/latent-skatt\\\/\",\"url\":\"https:\\\/\\\/nordialaw.com\\\/no\\\/latent-skatt\\\/\",\"name\":\"Latent skatt - Nordia Law\",\"isPartOf\":{\"@id\":\"https:\\\/\\\/nordialaw.com\\\/#website\"},\"datePublished\":\"2026-05-04T12:39:56+00:00\",\"dateModified\":\"2026-05-04T12:40:02+00:00\",\"description\":\"En latent skatteposisjon er en sannsynlig fremtidig skatt eller en skattefordel som kan p\u00e5virke verdien av eiendeler som skal deles p\u00e5 skiftet\",\"breadcrumb\":{\"@id\":\"https:\\\/\\\/nordialaw.com\\\/no\\\/latent-skatt\\\/#breadcrumb\"},\"inLanguage\":\"nb-NO\",\"potentialAction\":[{\"@type\":\"ReadAction\",\"target\":[\"https:\\\/\\\/nordialaw.com\\\/no\\\/latent-skatt\\\/\"]}]},{\"@type\":\"BreadcrumbList\",\"@id\":\"https:\\\/\\\/nordialaw.com\\\/no\\\/latent-skatt\\\/#breadcrumb\",\"itemListElement\":[{\"@type\":\"ListItem\",\"position\":1,\"name\":\"Home\",\"item\":\"https:\\\/\\\/nordialaw.com\\\/no\\\/\"},{\"@type\":\"ListItem\",\"position\":2,\"name\":\"Latent skatt\"}]},{\"@type\":\"WebSite\",\"@id\":\"https:\\\/\\\/nordialaw.com\\\/#website\",\"url\":\"https:\\\/\\\/nordialaw.com\\\/\",\"name\":\"Nordia Law\",\"description\":\"\",\"publisher\":{\"@id\":\"https:\\\/\\\/nordialaw.com\\\/#organization\"},\"potentialAction\":[{\"@type\":\"SearchAction\",\"target\":{\"@type\":\"EntryPoint\",\"urlTemplate\":\"https:\\\/\\\/nordialaw.com\\\/?s={search_term_string}\"},\"query-input\":{\"@type\":\"PropertyValueSpecification\",\"valueRequired\":true,\"valueName\":\"search_term_string\"}}],\"inLanguage\":\"nb-NO\"},{\"@type\":\"Organization\",\"@id\":\"https:\\\/\\\/nordialaw.com\\\/#organization\",\"name\":\"Nordia Law\",\"url\":\"https:\\\/\\\/nordialaw.com\\\/\",\"logo\":{\"@type\":\"ImageObject\",\"inLanguage\":\"nb-NO\",\"@id\":\"https:\\\/\\\/nordialaw.com\\\/#\\\/schema\\\/logo\\\/image\\\/\",\"url\":\"https:\\\/\\\/nordialaw.com\\\/wp-content\\\/uploads\\\/2021\\\/09\\\/Layer-1.svg\",\"contentUrl\":\"https:\\\/\\\/nordialaw.com\\\/wp-content\\\/uploads\\\/2021\\\/09\\\/Layer-1.svg\",\"width\":197,\"height\":45,\"caption\":\"Nordia Law\"},\"image\":{\"@id\":\"https:\\\/\\\/nordialaw.com\\\/#\\\/schema\\\/logo\\\/image\\\/\"}}]}<\/script>\n<!-- \/ Yoast SEO plugin. -->","yoast_head_json":{"title":"Latent skatt - Nordia Law","description":"En latent skatteposisjon er en sannsynlig fremtidig skatt eller en skattefordel som kan p\u00e5virke verdien av eiendeler som skal deles p\u00e5 skiftet","robots":{"index":"index","follow":"follow","max-snippet":"max-snippet:-1","max-image-preview":"max-image-preview:large","max-video-preview":"max-video-preview:-1"},"canonical":"https:\/\/nordialaw.com\/no\/latent-skatt\/","og_locale":"nb_NO","og_type":"article","og_title":"Latent skatt - Nordia Law","og_description":"En latent skatteposisjon er en sannsynlig fremtidig skatt eller en skattefordel som kan p\u00e5virke verdien av eiendeler som skal deles p\u00e5 skiftet","og_url":"https:\/\/nordialaw.com\/no\/latent-skatt\/","og_site_name":"Nordia Law","article_modified_time":"2026-05-04T12:40:02+00:00","twitter_card":"summary_large_image","twitter_misc":{"Ansl. lesetid":"3 minutter"},"schema":{"@context":"https:\/\/schema.org","@graph":[{"@type":"WebPage","@id":"https:\/\/nordialaw.com\/no\/latent-skatt\/","url":"https:\/\/nordialaw.com\/no\/latent-skatt\/","name":"Latent skatt - Nordia Law","isPartOf":{"@id":"https:\/\/nordialaw.com\/#website"},"datePublished":"2026-05-04T12:39:56+00:00","dateModified":"2026-05-04T12:40:02+00:00","description":"En latent skatteposisjon er en sannsynlig fremtidig skatt eller en skattefordel som kan p\u00e5virke verdien av eiendeler som skal deles p\u00e5 skiftet","breadcrumb":{"@id":"https:\/\/nordialaw.com\/no\/latent-skatt\/#breadcrumb"},"inLanguage":"nb-NO","potentialAction":[{"@type":"ReadAction","target":["https:\/\/nordialaw.com\/no\/latent-skatt\/"]}]},{"@type":"BreadcrumbList","@id":"https:\/\/nordialaw.com\/no\/latent-skatt\/#breadcrumb","itemListElement":[{"@type":"ListItem","position":1,"name":"Home","item":"https:\/\/nordialaw.com\/no\/"},{"@type":"ListItem","position":2,"name":"Latent skatt"}]},{"@type":"WebSite","@id":"https:\/\/nordialaw.com\/#website","url":"https:\/\/nordialaw.com\/","name":"Nordia Law","description":"","publisher":{"@id":"https:\/\/nordialaw.com\/#organization"},"potentialAction":[{"@type":"SearchAction","target":{"@type":"EntryPoint","urlTemplate":"https:\/\/nordialaw.com\/?s={search_term_string}"},"query-input":{"@type":"PropertyValueSpecification","valueRequired":true,"valueName":"search_term_string"}}],"inLanguage":"nb-NO"},{"@type":"Organization","@id":"https:\/\/nordialaw.com\/#organization","name":"Nordia Law","url":"https:\/\/nordialaw.com\/","logo":{"@type":"ImageObject","inLanguage":"nb-NO","@id":"https:\/\/nordialaw.com\/#\/schema\/logo\/image\/","url":"https:\/\/nordialaw.com\/wp-content\/uploads\/2021\/09\/Layer-1.svg","contentUrl":"https:\/\/nordialaw.com\/wp-content\/uploads\/2021\/09\/Layer-1.svg","width":197,"height":45,"caption":"Nordia Law"},"image":{"@id":"https:\/\/nordialaw.com\/#\/schema\/logo\/image\/"}}]}},"_links":{"self":[{"href":"https:\/\/nordialaw.com\/no\/wp-json\/wp\/v2\/pages\/20301","targetHints":{"allow":["GET"]}}],"collection":[{"href":"https:\/\/nordialaw.com\/no\/wp-json\/wp\/v2\/pages"}],"about":[{"href":"https:\/\/nordialaw.com\/no\/wp-json\/wp\/v2\/types\/page"}],"author":[{"embeddable":true,"href":"https:\/\/nordialaw.com\/no\/wp-json\/wp\/v2\/users\/8"}],"replies":[{"embeddable":true,"href":"https:\/\/nordialaw.com\/no\/wp-json\/wp\/v2\/comments?post=20301"}],"version-history":[{"count":3,"href":"https:\/\/nordialaw.com\/no\/wp-json\/wp\/v2\/pages\/20301\/revisions"}],"predecessor-version":[{"id":20309,"href":"https:\/\/nordialaw.com\/no\/wp-json\/wp\/v2\/pages\/20301\/revisions\/20309"}],"wp:attachment":[{"href":"https:\/\/nordialaw.com\/no\/wp-json\/wp\/v2\/media?parent=20301"}],"curies":[{"name":"wp","href":"https:\/\/api.w.org\/{rel}","templated":true}]}}