{"id":6566,"date":"2022-01-12T09:08:32","date_gmt":"2022-01-12T14:08:32","guid":{"rendered":"https:\/\/nordialaw.dev.kodeks.no\/the-company\/international-memberships\/"},"modified":"2025-12-16T07:30:50","modified_gmt":"2025-12-16T07:30:50","slug":"international-networks","status":"publish","type":"page","link":"https:\/\/nordialaw.com\/no\/om-oss\/international-networks\/","title":{"rendered":"Internasjonale nettverk"},"content":{"rendered":"<div class=\"title-excerpt\">\n\t        <h1 class=\"title-excerpt__title\">Internasjonale nettverk<\/h1>\n\t\n\t<\/div>\n\n    <section class=\"image-text \">\n        <!--\t--><!-- -->\n        <div class=\"image-text__container grid-container\">\n\t\t\t\n\t\t\t                <div class=\"image-text__content \"><p><a href=\"https:\/\/laworld.com\/\" target=\"_blank\" rel=\"noopener\"><img loading=\"lazy\" decoding=\"async\" class=\"size-medium wp-image-5962 aligncenter\" src=\"https:\/\/nordialaw.com\/wp-content\/uploads\/2022\/01\/LAWorld-300x187.jpg\" alt=\"\" width=\"300\" height=\"187\" \/><\/a><\/p>\n<p style=\"text-align: left\"><a href=\"https:\/\/laworld.com\/\" target=\"_blank\" rel=\"noopener\"><strong>Medlemskap i LAWorld<\/strong><\/a><\/p>\n<p>LAWorld er et internasjonalt nettverk av 57 uavhengige, mellomstore advokatfirmaer med mer enn 1350 advokater i 100 byer over hele verden. LAWorld er et kostnadseffektivt og uavhengig alternativ til store internasjonale advokatfirmaer. Gjennom sitt nettverk av advokatfirmaer tilbyr LAWorld juridisk r\u00e5dgivning av h\u00f8y kvalitet over hele verden.<\/p>\n<p>NORDIA Law har v\u00e6rt en del av LAWorld-nettverket siden 2012. Samarbeidet gir v\u00e5re klienter tilgang til et stort internasjonalt nettverk med godt kvalifiserte forretningsjuridiske eksperter. Mange av dem har vi en sv\u00e6rt god personlig relasjon til.<\/p>\n<p>Vi h\u00e5ndterer et bredt spekter av internasjonale forretningsjuridiske oppdrag. Kontakt oss gjerne hvis du trenger hjelp med internasjonale sp\u00f8rsm\u00e5l.<\/p>\n<div class=\"hs-cta-embed hs-cta-simple-placeholder hs-cta-embed-95976502004\" style=\"max-width: 100%;max-height: 100%;width: 210px;height: 62.390625px\" data-hubspot-wrapper-cta-id=\"95976502004\"><a href=\"https:\/\/cta-eu1.hubspot.com\/web-interactives\/public\/v1\/track\/redirect?encryptedPayload=AVxigLKXspW8a7nVSbg6%2BZ2RjCd5dJ3f1Qp2TyNrEuW43C79rBGE%2B8chZkPQO81QX74hfVXSTfwltP958MWepzvt5MNqobW2qwwbrfoD0lwKSkWuDQOoQ%2ByT5eFvrb4fFbzc97z4fc8agt%2FMN33EivA8B5NGUUHgr8SIKYiXvpwt2tGAyZR62oRQRjXCNbyWhUOz&amp;webInteractiveContentId=95976502004&amp;portalId=25765051\" target=\"_blank\" rel=\"noopener\"><br \/>\n<img decoding=\"async\" class=\"aligncenter\" style=\"height: 100%;width: 100%;object-fit: fill\" src=\"https:\/\/hubspot-no-cache-eu1-prod.s3.amazonaws.com\/cta\/default\/25765051\/interactive-95976502004.png\" alt=\"Kontakt oss\" \/><br \/>\n<\/a><\/div>\n<p>&nbsp;<\/p>\n<hr \/>\n<p>&nbsp;<\/p>\n<p style=\"text-align: left\"><img loading=\"lazy\" decoding=\"async\" class=\"size-medium wp-image-15137 aligncenter\" src=\"https:\/\/nordialaw.com\/wp-content\/uploads\/2023\/09\/DAC-Beachcroft-logotyp-300x183.png\" alt=\"\" width=\"300\" height=\"183\" srcset=\"https:\/\/nordialaw.com\/wp-content\/uploads\/2023\/09\/DAC-Beachcroft-logotyp-300x183.png 300w, https:\/\/nordialaw.com\/wp-content\/uploads\/2023\/09\/DAC-Beachcroft-logotyp.png 305w\" sizes=\"auto, (max-width: 300px) 100vw, 300px\" \/><\/p>\n<p><a href=\"https:\/\/www.dacbeachcroft.com\/en\/location\/europe\/sweden-finland-and-norway\" target=\"_blank\" rel=\"noopener\"><strong>Samarbeid med DAC Beachcroft<\/strong><\/a><\/p>\n<p>NORDIA Law og DAC Beachcroft samarbeider for \u00e5 styrke den juridiske r\u00e5dgivningen til sine felles klienter, f\u00f8rst og fremst forsikringsselskaper, risk carriers, forsikrede og bransjeakt\u00f8rer. Samarbeidet sikrer at klientene f\u00e5r tilgang til godt kvalifisert r\u00e5dgivning som kan gi klientene s\u00f8ml\u00f8s assistanse i flere jurisdiksjoner.<\/p>\n<p>DAC Beachcroft er et verdensledende advokatfirma med omfattende ekspertise innen forsikring, noe som gir NORDIA Law sine klienter en verdifull juridisk dekning ogs\u00e5 utenfor Norden.<\/p>\n<div class=\"hs-cta-embed hs-cta-simple-placeholder hs-cta-embed-95976502004\" style=\"max-width: 100%;max-height: 100%;width: 210px;height: 62.390625px\" data-hubspot-wrapper-cta-id=\"95976502004\"><a href=\"https:\/\/cta-eu1.hubspot.com\/web-interactives\/public\/v1\/track\/redirect?encryptedPayload=AVxigLKXspW8a7nVSbg6%2BZ2RjCd5dJ3f1Qp2TyNrEuW43C79rBGE%2B8chZkPQO81QX74hfVXSTfwltP958MWepzvt5MNqobW2qwwbrfoD0lwKSkWuDQOoQ%2ByT5eFvrb4fFbzc97z4fc8agt%2FMN33EivA8B5NGUUHgr8SIKYiXvpwt2tGAyZR62oRQRjXCNbyWhUOz&amp;webInteractiveContentId=95976502004&amp;portalId=25765051\" target=\"_blank\" rel=\"noopener\"><br \/>\n<img decoding=\"async\" class=\"aligncenter\" style=\"height: 100%;width: 100%;object-fit: fill\" src=\"https:\/\/hubspot-no-cache-eu1-prod.s3.amazonaws.com\/cta\/default\/25765051\/interactive-95976502004.png\" alt=\"Kontakt oss\" \/><br \/>\n<\/a><\/div>\n<p>&nbsp;<\/p>\n<\/div>\n\t\t\t        <\/div>\n    <\/section>\n","protected":false},"excerpt":{"rendered":"","protected":false},"author":6,"featured_media":0,"parent":861,"menu_order":0,"comment_status":"closed","ping_status":"closed","template":"","meta":{"_acf_changed":false,"content-type":"","footnotes":""},"class_list":["post-6566","page","type-page","status-publish","hentry"],"acf":[],"yoast_head":"<!-- This site is optimized with the Yoast SEO plugin v27.3 - https:\/\/yoast.com\/product\/yoast-seo-wordpress\/ -->\n<title>Internasjonale nettverk - Nordia Law<\/title>\n<meta name=\"description\" content=\"Kontakt oss gjerne hvis du trenger hjelp med internasjonale sp\u00f8rsm\u00e5l.\" \/>\n<meta name=\"robots\" content=\"index, follow, max-snippet:-1, max-image-preview:large, max-video-preview:-1\" \/>\n<link rel=\"canonical\" href=\"https:\/\/nordialaw.com\/no\/om-oss\/international-networks\/\" \/>\n<meta property=\"og:locale\" content=\"nb_NO\" \/>\n<meta property=\"og:type\" content=\"article\" \/>\n<meta property=\"og:title\" content=\"Internasjonale nettverk - Nordia Law\" \/>\n<meta property=\"og:description\" content=\"Kontakt oss gjerne hvis du trenger hjelp med internasjonale sp\u00f8rsm\u00e5l.\" \/>\n<meta property=\"og:url\" content=\"https:\/\/nordialaw.com\/no\/om-oss\/international-networks\/\" \/>\n<meta property=\"og:site_name\" content=\"Nordia Law\" \/>\n<meta property=\"article:modified_time\" content=\"2025-12-16T07:30:50+00:00\" \/>\n<meta name=\"twitter:card\" content=\"summary_large_image\" \/>\n<meta name=\"twitter:label1\" content=\"Ansl. lesetid\" \/>\n\t<meta name=\"twitter:data1\" content=\"2 minutter\" \/>\n<script type=\"application\/ld+json\" class=\"yoast-schema-graph\">{\"@context\":\"https:\\\/\\\/schema.org\",\"@graph\":[{\"@type\":\"WebPage\",\"@id\":\"https:\\\/\\\/nordialaw.com\\\/no\\\/om-oss\\\/international-networks\\\/\",\"url\":\"https:\\\/\\\/nordialaw.com\\\/no\\\/om-oss\\\/international-networks\\\/\",\"name\":\"Internasjonale nettverk - Nordia Law\",\"isPartOf\":{\"@id\":\"https:\\\/\\\/nordialaw.com\\\/#website\"},\"datePublished\":\"2022-01-12T14:08:32+00:00\",\"dateModified\":\"2025-12-16T07:30:50+00:00\",\"description\":\"Kontakt oss gjerne hvis du trenger hjelp med internasjonale sp\u00f8rsm\u00e5l.\",\"breadcrumb\":{\"@id\":\"https:\\\/\\\/nordialaw.com\\\/no\\\/om-oss\\\/international-networks\\\/#breadcrumb\"},\"inLanguage\":\"nb-NO\",\"potentialAction\":[{\"@type\":\"ReadAction\",\"target\":[\"https:\\\/\\\/nordialaw.com\\\/no\\\/om-oss\\\/international-networks\\\/\"]}]},{\"@type\":\"BreadcrumbList\",\"@id\":\"https:\\\/\\\/nordialaw.com\\\/no\\\/om-oss\\\/international-networks\\\/#breadcrumb\",\"itemListElement\":[{\"@type\":\"ListItem\",\"position\":1,\"name\":\"Home\",\"item\":\"https:\\\/\\\/nordialaw.com\\\/no\\\/\"},{\"@type\":\"ListItem\",\"position\":2,\"name\":\"Om oss\",\"item\":\"https:\\\/\\\/nordialaw.com\\\/no\\\/om-oss\\\/\"},{\"@type\":\"ListItem\",\"position\":3,\"name\":\"Internasjonale nettverk\"}]},{\"@type\":\"WebSite\",\"@id\":\"https:\\\/\\\/nordialaw.com\\\/#website\",\"url\":\"https:\\\/\\\/nordialaw.com\\\/\",\"name\":\"Nordia Law\",\"description\":\"\",\"publisher\":{\"@id\":\"https:\\\/\\\/nordialaw.com\\\/#organization\"},\"potentialAction\":[{\"@type\":\"SearchAction\",\"target\":{\"@type\":\"EntryPoint\",\"urlTemplate\":\"https:\\\/\\\/nordialaw.com\\\/?s={search_term_string}\"},\"query-input\":{\"@type\":\"PropertyValueSpecification\",\"valueRequired\":true,\"valueName\":\"search_term_string\"}}],\"inLanguage\":\"nb-NO\"},{\"@type\":\"Organization\",\"@id\":\"https:\\\/\\\/nordialaw.com\\\/#organization\",\"name\":\"Nordia Law\",\"url\":\"https:\\\/\\\/nordialaw.com\\\/\",\"logo\":{\"@type\":\"ImageObject\",\"inLanguage\":\"nb-NO\",\"@id\":\"https:\\\/\\\/nordialaw.com\\\/#\\\/schema\\\/logo\\\/image\\\/\",\"url\":\"https:\\\/\\\/nordialaw.com\\\/wp-content\\\/uploads\\\/2021\\\/09\\\/Layer-1.svg\",\"contentUrl\":\"https:\\\/\\\/nordialaw.com\\\/wp-content\\\/uploads\\\/2021\\\/09\\\/Layer-1.svg\",\"width\":197,\"height\":45,\"caption\":\"Nordia Law\"},\"image\":{\"@id\":\"https:\\\/\\\/nordialaw.com\\\/#\\\/schema\\\/logo\\\/image\\\/\"}}]}<\/script>\n<!-- \/ Yoast SEO plugin. -->","yoast_head_json":{"title":"Internasjonale nettverk - Nordia Law","description":"Kontakt oss gjerne hvis du trenger hjelp med internasjonale sp\u00f8rsm\u00e5l.","robots":{"index":"index","follow":"follow","max-snippet":"max-snippet:-1","max-image-preview":"max-image-preview:large","max-video-preview":"max-video-preview:-1"},"canonical":"https:\/\/nordialaw.com\/no\/om-oss\/international-networks\/","og_locale":"nb_NO","og_type":"article","og_title":"Internasjonale nettverk - Nordia Law","og_description":"Kontakt oss gjerne hvis du trenger hjelp med internasjonale sp\u00f8rsm\u00e5l.","og_url":"https:\/\/nordialaw.com\/no\/om-oss\/international-networks\/","og_site_name":"Nordia Law","article_modified_time":"2025-12-16T07:30:50+00:00","twitter_card":"summary_large_image","twitter_misc":{"Ansl. lesetid":"2 minutter"},"schema":{"@context":"https:\/\/schema.org","@graph":[{"@type":"WebPage","@id":"https:\/\/nordialaw.com\/no\/om-oss\/international-networks\/","url":"https:\/\/nordialaw.com\/no\/om-oss\/international-networks\/","name":"Internasjonale nettverk - Nordia Law","isPartOf":{"@id":"https:\/\/nordialaw.com\/#website"},"datePublished":"2022-01-12T14:08:32+00:00","dateModified":"2025-12-16T07:30:50+00:00","description":"Kontakt oss gjerne hvis du trenger hjelp med internasjonale sp\u00f8rsm\u00e5l.","breadcrumb":{"@id":"https:\/\/nordialaw.com\/no\/om-oss\/international-networks\/#breadcrumb"},"inLanguage":"nb-NO","potentialAction":[{"@type":"ReadAction","target":["https:\/\/nordialaw.com\/no\/om-oss\/international-networks\/"]}]},{"@type":"BreadcrumbList","@id":"https:\/\/nordialaw.com\/no\/om-oss\/international-networks\/#breadcrumb","itemListElement":[{"@type":"ListItem","position":1,"name":"Home","item":"https:\/\/nordialaw.com\/no\/"},{"@type":"ListItem","position":2,"name":"Om oss","item":"https:\/\/nordialaw.com\/no\/om-oss\/"},{"@type":"ListItem","position":3,"name":"Internasjonale nettverk"}]},{"@type":"WebSite","@id":"https:\/\/nordialaw.com\/#website","url":"https:\/\/nordialaw.com\/","name":"Nordia Law","description":"","publisher":{"@id":"https:\/\/nordialaw.com\/#organization"},"potentialAction":[{"@type":"SearchAction","target":{"@type":"EntryPoint","urlTemplate":"https:\/\/nordialaw.com\/?s={search_term_string}"},"query-input":{"@type":"PropertyValueSpecification","valueRequired":true,"valueName":"search_term_string"}}],"inLanguage":"nb-NO"},{"@type":"Organization","@id":"https:\/\/nordialaw.com\/#organization","name":"Nordia Law","url":"https:\/\/nordialaw.com\/","logo":{"@type":"ImageObject","inLanguage":"nb-NO","@id":"https:\/\/nordialaw.com\/#\/schema\/logo\/image\/","url":"https:\/\/nordialaw.com\/wp-content\/uploads\/2021\/09\/Layer-1.svg","contentUrl":"https:\/\/nordialaw.com\/wp-content\/uploads\/2021\/09\/Layer-1.svg","width":197,"height":45,"caption":"Nordia Law"},"image":{"@id":"https:\/\/nordialaw.com\/#\/schema\/logo\/image\/"}}]}},"_links":{"self":[{"href":"https:\/\/nordialaw.com\/no\/wp-json\/wp\/v2\/pages\/6566","targetHints":{"allow":["GET"]}}],"collection":[{"href":"https:\/\/nordialaw.com\/no\/wp-json\/wp\/v2\/pages"}],"about":[{"href":"https:\/\/nordialaw.com\/no\/wp-json\/wp\/v2\/types\/page"}],"author":[{"embeddable":true,"href":"https:\/\/nordialaw.com\/no\/wp-json\/wp\/v2\/users\/6"}],"replies":[{"embeddable":true,"href":"https:\/\/nordialaw.com\/no\/wp-json\/wp\/v2\/comments?post=6566"}],"version-history":[{"count":8,"href":"https:\/\/nordialaw.com\/no\/wp-json\/wp\/v2\/pages\/6566\/revisions"}],"predecessor-version":[{"id":16932,"href":"https:\/\/nordialaw.com\/no\/wp-json\/wp\/v2\/pages\/6566\/revisions\/16932"}],"up":[{"embeddable":true,"href":"https:\/\/nordialaw.com\/no\/wp-json\/wp\/v2\/pages\/861"}],"wp:attachment":[{"href":"https:\/\/nordialaw.com\/no\/wp-json\/wp\/v2\/media?parent=6566"}],"curies":[{"name":"wp","href":"https:\/\/api.w.org\/{rel}","templated":true}]}}