{"id":861,"date":"2021-10-12T08:26:09","date_gmt":"2021-10-12T13:26:09","guid":{"rendered":"https:\/\/nordialaw.dev.kodeks.no\/firmaet\/"},"modified":"2024-06-10T12:03:06","modified_gmt":"2024-06-10T12:03:06","slug":"om-oss","status":"publish","type":"page","link":"https:\/\/nordialaw.com\/no\/om-oss\/","title":{"rendered":"Om oss"},"content":{"rendered":"<div class=\"title-excerpt\">\n\t        <h1 class=\"title-excerpt__title\">V\u00e5rt forretningskonsept<\/h1>\n\t\n\t<\/div>\n\n    <section class=\"image-text \">\n        <!--\t--><!-- -->\n        <div class=\"image-text__container grid-container\">\n\t\t\t                <div class=\"image-text__border \">\n                    <div class=\"image-text__item-img\">\n                        <img decoding=\"async\" class=\"image-text__img\" data-no-lazy=\"1\" src=\"https:\/\/nordialaw.com\/wp-content\/uploads\/2022\/01\/AdobeStock_439503753-1024x685.jpeg\" alt=\"\">\n                    <\/div>\n                <\/div>\n\t\t\t\n\t\t\t                <div class=\"image-text__content \"><p style=\"text-align: center\">V\u00e5r forretningsid\u00e9 er enkel: \u00c5 skape verdier for v\u00e5re klienter. Dette inneb\u00e6rer at vi alltid s\u00f8ker l\u00f8sninger som b\u00e5de er juridisk riktige og som er kommersielt gode. Uavhengig av bransje og hvilket nordisk land det gjelder.<\/p>\n<\/div>\n\t\t\t        <\/div>\n    <\/section>\n\n\n<div class=\"grid-container\">\n    <div class=\"map-items-block grid-x grid-margin-x\">\n\t\t\t\t\t                <div class=\"cell large-4 medium-12 text-center\">\n\t\t\t\t\t\t\t\t\t\t<a href=\"https:\/\/nordialaw.com\/no\/om-oss\/international-networks\/\"  class=\"map-items-block__link\">\t\t\t\t\t\n\t\t\t\t\t                        <h5 class=\"map-items-block__title\">International Networks<\/h5>\n\t\t\t\t\t\n\t\t\t\t\t\t\t\t\t\t<\/a>                <\/div>\n\t\t\t                <div class=\"cell large-4 medium-12 text-center\">\n\t\t\t\t\t\t\t\t\t\t\t\t\t\t\t\n\t\t\t\t\t\n\t\t\t\t\t\t\t\t\t\t                <\/div>\n\t\t\t                <div class=\"cell large-4 medium-12 text-center\">\n\t\t\t\t\t\t\t\t\t\t<a href=\"https:\/\/nordialaw.com\/no\/terms-and-conditions\/\"  class=\"map-items-block__link\">\t\t\t\t\t\n\t\t\t\t\t                        <h5 class=\"map-items-block__title\">T&amp;C og Privacy Policy<\/h5>\n\t\t\t\t\t\n\t\t\t\t\t\t\t\t\t\t<\/a>                <\/div>\n\t\t\t\t\t    <\/div>\n<\/div>","protected":false},"excerpt":{"rendered":"","protected":false},"author":6,"featured_media":0,"parent":0,"menu_order":0,"comment_status":"closed","ping_status":"closed","template":"","meta":{"_acf_changed":false,"content-type":"","footnotes":""},"class_list":["post-861","page","type-page","status-publish","hentry"],"acf":[],"yoast_head":"<!-- This site is optimized with the Yoast SEO plugin v27.3 - https:\/\/yoast.com\/product\/yoast-seo-wordpress\/ -->\n<title>Om oss - Nordia Law<\/title>\n<meta name=\"robots\" content=\"index, follow, max-snippet:-1, max-image-preview:large, max-video-preview:-1\" \/>\n<link rel=\"canonical\" href=\"https:\/\/nordialaw.com\/no\/om-oss\/\" \/>\n<meta property=\"og:locale\" content=\"nb_NO\" \/>\n<meta property=\"og:type\" content=\"article\" \/>\n<meta property=\"og:title\" content=\"Om oss - Nordia Law\" \/>\n<meta property=\"og:url\" content=\"https:\/\/nordialaw.com\/no\/om-oss\/\" \/>\n<meta property=\"og:site_name\" content=\"Nordia Law\" \/>\n<meta property=\"article:modified_time\" content=\"2024-06-10T12:03:06+00:00\" \/>\n<meta name=\"twitter:card\" content=\"summary_large_image\" \/>\n<meta name=\"twitter:label1\" content=\"Ansl. lesetid\" \/>\n\t<meta name=\"twitter:data1\" content=\"1 minutt\" \/>\n<script type=\"application\/ld+json\" class=\"yoast-schema-graph\">{\"@context\":\"https:\\\/\\\/schema.org\",\"@graph\":[{\"@type\":\"WebPage\",\"@id\":\"https:\\\/\\\/nordialaw.com\\\/no\\\/om-oss\\\/\",\"url\":\"https:\\\/\\\/nordialaw.com\\\/no\\\/om-oss\\\/\",\"name\":\"Om oss - Nordia Law\",\"isPartOf\":{\"@id\":\"https:\\\/\\\/nordialaw.com\\\/#website\"},\"datePublished\":\"2021-10-12T13:26:09+00:00\",\"dateModified\":\"2024-06-10T12:03:06+00:00\",\"breadcrumb\":{\"@id\":\"https:\\\/\\\/nordialaw.com\\\/no\\\/om-oss\\\/#breadcrumb\"},\"inLanguage\":\"nb-NO\",\"potentialAction\":[{\"@type\":\"ReadAction\",\"target\":[\"https:\\\/\\\/nordialaw.com\\\/no\\\/om-oss\\\/\"]}]},{\"@type\":\"BreadcrumbList\",\"@id\":\"https:\\\/\\\/nordialaw.com\\\/no\\\/om-oss\\\/#breadcrumb\",\"itemListElement\":[{\"@type\":\"ListItem\",\"position\":1,\"name\":\"Home\",\"item\":\"https:\\\/\\\/nordialaw.com\\\/no\\\/\"},{\"@type\":\"ListItem\",\"position\":2,\"name\":\"Om oss\"}]},{\"@type\":\"WebSite\",\"@id\":\"https:\\\/\\\/nordialaw.com\\\/#website\",\"url\":\"https:\\\/\\\/nordialaw.com\\\/\",\"name\":\"Nordia Law\",\"description\":\"\",\"publisher\":{\"@id\":\"https:\\\/\\\/nordialaw.com\\\/#organization\"},\"potentialAction\":[{\"@type\":\"SearchAction\",\"target\":{\"@type\":\"EntryPoint\",\"urlTemplate\":\"https:\\\/\\\/nordialaw.com\\\/?s={search_term_string}\"},\"query-input\":{\"@type\":\"PropertyValueSpecification\",\"valueRequired\":true,\"valueName\":\"search_term_string\"}}],\"inLanguage\":\"nb-NO\"},{\"@type\":\"Organization\",\"@id\":\"https:\\\/\\\/nordialaw.com\\\/#organization\",\"name\":\"Nordia Law\",\"url\":\"https:\\\/\\\/nordialaw.com\\\/\",\"logo\":{\"@type\":\"ImageObject\",\"inLanguage\":\"nb-NO\",\"@id\":\"https:\\\/\\\/nordialaw.com\\\/#\\\/schema\\\/logo\\\/image\\\/\",\"url\":\"https:\\\/\\\/nordialaw.com\\\/wp-content\\\/uploads\\\/2021\\\/09\\\/Layer-1.svg\",\"contentUrl\":\"https:\\\/\\\/nordialaw.com\\\/wp-content\\\/uploads\\\/2021\\\/09\\\/Layer-1.svg\",\"width\":197,\"height\":45,\"caption\":\"Nordia Law\"},\"image\":{\"@id\":\"https:\\\/\\\/nordialaw.com\\\/#\\\/schema\\\/logo\\\/image\\\/\"}}]}<\/script>\n<!-- \/ Yoast SEO plugin. -->","yoast_head_json":{"title":"Om oss - Nordia Law","robots":{"index":"index","follow":"follow","max-snippet":"max-snippet:-1","max-image-preview":"max-image-preview:large","max-video-preview":"max-video-preview:-1"},"canonical":"https:\/\/nordialaw.com\/no\/om-oss\/","og_locale":"nb_NO","og_type":"article","og_title":"Om oss - Nordia Law","og_url":"https:\/\/nordialaw.com\/no\/om-oss\/","og_site_name":"Nordia Law","article_modified_time":"2024-06-10T12:03:06+00:00","twitter_card":"summary_large_image","twitter_misc":{"Ansl. lesetid":"1 minutt"},"schema":{"@context":"https:\/\/schema.org","@graph":[{"@type":"WebPage","@id":"https:\/\/nordialaw.com\/no\/om-oss\/","url":"https:\/\/nordialaw.com\/no\/om-oss\/","name":"Om oss - Nordia Law","isPartOf":{"@id":"https:\/\/nordialaw.com\/#website"},"datePublished":"2021-10-12T13:26:09+00:00","dateModified":"2024-06-10T12:03:06+00:00","breadcrumb":{"@id":"https:\/\/nordialaw.com\/no\/om-oss\/#breadcrumb"},"inLanguage":"nb-NO","potentialAction":[{"@type":"ReadAction","target":["https:\/\/nordialaw.com\/no\/om-oss\/"]}]},{"@type":"BreadcrumbList","@id":"https:\/\/nordialaw.com\/no\/om-oss\/#breadcrumb","itemListElement":[{"@type":"ListItem","position":1,"name":"Home","item":"https:\/\/nordialaw.com\/no\/"},{"@type":"ListItem","position":2,"name":"Om oss"}]},{"@type":"WebSite","@id":"https:\/\/nordialaw.com\/#website","url":"https:\/\/nordialaw.com\/","name":"Nordia Law","description":"","publisher":{"@id":"https:\/\/nordialaw.com\/#organization"},"potentialAction":[{"@type":"SearchAction","target":{"@type":"EntryPoint","urlTemplate":"https:\/\/nordialaw.com\/?s={search_term_string}"},"query-input":{"@type":"PropertyValueSpecification","valueRequired":true,"valueName":"search_term_string"}}],"inLanguage":"nb-NO"},{"@type":"Organization","@id":"https:\/\/nordialaw.com\/#organization","name":"Nordia Law","url":"https:\/\/nordialaw.com\/","logo":{"@type":"ImageObject","inLanguage":"nb-NO","@id":"https:\/\/nordialaw.com\/#\/schema\/logo\/image\/","url":"https:\/\/nordialaw.com\/wp-content\/uploads\/2021\/09\/Layer-1.svg","contentUrl":"https:\/\/nordialaw.com\/wp-content\/uploads\/2021\/09\/Layer-1.svg","width":197,"height":45,"caption":"Nordia Law"},"image":{"@id":"https:\/\/nordialaw.com\/#\/schema\/logo\/image\/"}}]}},"_links":{"self":[{"href":"https:\/\/nordialaw.com\/no\/wp-json\/wp\/v2\/pages\/861","targetHints":{"allow":["GET"]}}],"collection":[{"href":"https:\/\/nordialaw.com\/no\/wp-json\/wp\/v2\/pages"}],"about":[{"href":"https:\/\/nordialaw.com\/no\/wp-json\/wp\/v2\/types\/page"}],"author":[{"embeddable":true,"href":"https:\/\/nordialaw.com\/no\/wp-json\/wp\/v2\/users\/6"}],"replies":[{"embeddable":true,"href":"https:\/\/nordialaw.com\/no\/wp-json\/wp\/v2\/comments?post=861"}],"version-history":[{"count":9,"href":"https:\/\/nordialaw.com\/no\/wp-json\/wp\/v2\/pages\/861\/revisions"}],"predecessor-version":[{"id":16931,"href":"https:\/\/nordialaw.com\/no\/wp-json\/wp\/v2\/pages\/861\/revisions\/16931"}],"wp:attachment":[{"href":"https:\/\/nordialaw.com\/no\/wp-json\/wp\/v2\/media?parent=861"}],"curies":[{"name":"wp","href":"https:\/\/api.w.org\/{rel}","templated":true}]}}