{"id":11372,"date":"2022-06-09T04:49:57","date_gmt":"2022-06-09T09:49:57","guid":{"rendered":"https:\/\/nordialaw.com\/?page_id=11372"},"modified":"2025-12-09T10:30:38","modified_gmt":"2025-12-09T10:30:38","slug":"privacy-policy","status":"publish","type":"page","link":"https:\/\/nordialaw.com\/sv\/om-oss\/privacy-policy\/","title":{"rendered":"Integritetspolicy"},"content":{"rendered":"<div class=\"title-excerpt\">\n\t        <h1 class=\"title-excerpt__title\">Integritetspolicy<\/h1>\n\t\n\t<\/div>\n\n    <section class=\"image-text \">\n        <!--\t--><!-- -->\n        <div class=\"image-text__container grid-container\">\n\t\t\t\n\t\t\t                <div class=\"image-text__content \"><p><em>Senast uppdaterad<\/em>: [2025-08-20]<\/p>\n<h6><strong>1. Inledning<\/strong><\/h6>\n<p>Din personliga integritet \u00e4r av st\u00f6rsta vikt f\u00f6r oss p\u00e5 NORDIA Law. Vi behandlar alltid dina personuppgifter med respekt och i enlighet med dataskyddsf\u00f6rordningen (GDPR), annan till\u00e4mplig lagstiftning samt de s\u00e4rskilda regler som g\u00e4ller f\u00f6r advokatverksamhet. Syftet med denna policy \u00e4r att ge dig en tydlig och transparent bild av hur vi samlar in, anv\u00e4nder, lagrar och skyddar dina personuppgifter samt att redog\u00f6ra f\u00f6r vilka r\u00e4ttigheter du har som registrerad.<\/p>\n<h6><strong>2. Personuppgiftsansvarig<\/strong><\/h6>\n<p>NORDIA Law \u00e4r personuppgiftsansvarig f\u00f6r den behandling av personuppgifter som sker inom ramen f\u00f6r v\u00e5r verksamhet. Du kan alltid kontakta oss om du har fr\u00e5gor om v\u00e5r hantering av personuppgifter. V\u00e5ra kontaktuppgifter anges nedan.<\/p>\n<h6><strong>3. Hur och vilka personuppgifter vi behandlar<\/strong><\/h6>\n<p>Vilka personuppgifter vi behandlar beror p\u00e5 din relation till oss. Om du \u00e4r klient behandlar vi uppgifter som namn, personnummer, adress, kontaktuppgifter, ekonomiska uppgifter och andra uppgifter som \u00e4r n\u00f6dv\u00e4ndiga f\u00f6r att fullg\u00f6ra v\u00e5rt uppdrag, inklusive k\u00e4nsliga personuppgifter n\u00e4r det kr\u00e4vs f\u00f6r att tillvarata dina intressen eller agera inom ramen f\u00f6r v\u00e5ra skyldigheter. \u00c4r du motpart, vittne, samarbetspartner eller representant f\u00f6r en myndighet kan vi behandla motsvarande uppgifter i den omfattning det \u00e4r n\u00f6dv\u00e4ndigt f\u00f6r att utf\u00f6ra v\u00e5rt uppdrag eller fullg\u00f6ra v\u00e5ra r\u00e4ttsliga skyldigheter.<\/p>\n<p>Vi samlar i f\u00f6rsta hand in uppgifterna direkt fr\u00e5n dig, men kan \u00e4ven h\u00e4mta kompletterande information fr\u00e5n offentliga register, myndigheter, banker, f\u00f6rs\u00e4kringsbolag, kreditupplysningsf\u00f6retag, motparter och andra relevanta tredje parter. N\u00e4r du bes\u00f6ker v\u00e5r webbplats kan vi \u00e4ven behandla teknisk information som IP-adress och cookie-data.<\/p>\n<h6><strong>4. \u00c4ndam\u00e5l och r\u00e4ttslig grund<\/strong><\/h6>\n<p>All behandling av personuppgifter sker f\u00f6r specifika och uttryckligt angivna \u00e4ndam\u00e5l. Huvudsyftet \u00e4r att utf\u00f6ra och administrera klientuppdrag samt tillhandah\u00e5lla juridisk r\u00e5dgivning i enlighet med de avtal vi ing\u00e5r med dig. Behandlingen sker d\u00e4rmed p\u00e5 r\u00e4ttslig grund, avtal eller ber\u00e4ttigat intresse.<\/p>\n<p>I vissa fall \u00e4r vi skyldiga enligt lag att behandla dina uppgifter, till exempel f\u00f6r att utf\u00f6ra j\u00e4vskontroller, uppfylla reglerna i penningtv\u00e4ttslagen, bokf\u00f6ringslagen eller annan tvingande lagstiftning. D\u00e4rut\u00f6ver \u00e4r det n\u00f6dv\u00e4ndigt att behandla och lagra personuppgifter f\u00f6r att administrera klientrelationer. Personuppgifter kan ocks\u00e5 anv\u00e4ndas i syfte att utveckla och utv\u00e4rdera v\u00e5r verksamhet genom marknads- och riskanalyser, eller f\u00f6r att organisera alumni-aktiviteter samt eventuella utskick om v\u00e5r verksamhet. S\u00e5dan behandling sker endast n\u00e4r vi har ett ber\u00e4ttigat intresse och aldrig i st\u00f6rre omfattning \u00e4n vad som \u00e4r n\u00f6dv\u00e4ndigt.<\/p>\n<p>I undantagsfall kan vi beh\u00f6va ditt samtycke f\u00f6r viss behandling, exempelvis vid marknadsf\u00f6ring eller vid s\u00e4rskild hantering av k\u00e4nsliga personuppgifter. Ett samtycke \u00e4r alltid frivilligt och kan n\u00e4r som helst \u00e5terkallas.<\/p>\n<h6><strong>5. Lagring och gallring<\/strong><\/h6>\n<p>Vi sparar aldrig dina personuppgifter l\u00e4ngre \u00e4n vad som \u00e4r n\u00f6dv\u00e4ndigt. F\u00f6r klientuppdrag g\u00e4ller Advokatsamfundets regler, vilket inneb\u00e4r att vi m\u00e5ste bevara uppgifter i minst tio \u00e5r efter att \u00e4rendet avslutats, eller l\u00e4ngre om uppdragets natur kr\u00e4ver det. Bokf\u00f6ringsuppgifter sparas i sju \u00e5r enligt lag, och uppgifter som behandlas f\u00f6r att uppfylla penningtv\u00e4ttslagstiftningen sparas i mellan fem och tio \u00e5r. Uppgifter som inte l\u00e4ngre beh\u00f6vs f\u00f6r dessa eller andra tydligt definierade \u00e4ndam\u00e5l raderas, anonymiseras eller gallras.<\/p>\n<h6><strong>6. Delning av personuppgifter<\/strong><\/h6>\n<p>Vi l\u00e4mnar endast ut personuppgifter n\u00e4r det \u00e4r n\u00f6dv\u00e4ndigt f\u00f6r att tillvarata dina intressen eller f\u00f6r att uppfylla r\u00e4ttsliga skyldigheter. Detta kan inneb\u00e4ra att uppgifter delas med tredje part som domstolar, myndigheter, banker, f\u00f6rs\u00e4kringsbolag, samarbetspartners eller leverant\u00f6rer av IT-tj\u00e4nster. N\u00e4r vi anlitar leverant\u00f6rer som behandlar personuppgifter f\u00f6r v\u00e5r r\u00e4kning ing\u00e5r vi alltid personuppgiftsbitr\u00e4desavtal f\u00f6r att s\u00e4kerst\u00e4lla en s\u00e4ker och lagenlig hantering.<\/p>\n<p>Vi str\u00e4var efter att all behandling ska ske inom EU\/EES. Om personuppgifter beh\u00f6ver \u00f6verf\u00f6ras till ett land utanf\u00f6r EU\/EES sker det endast om mottagarlandet har en tillr\u00e4cklig skyddsniv\u00e5 eller om vi har vidtagit l\u00e4mpliga skydds\u00e5tg\u00e4rder, exempelvis genom EU-kommissionens standardavtalsklausuler.<\/p>\n<p>NORDIA Law\u2019s verksamhet bedrivs p\u00e5 olika kontor runt om i landet men str\u00e4cker sig \u00e4ven utanf\u00f6r Sveriges gr\u00e4nser. Uppgifter kan komma att delas mellan dessa s\u00e4ten.<\/p>\n<h6><strong>7. S\u00e4kerhet och sekretess<\/strong><\/h6>\n<p>Vi arbetar systematiskt f\u00f6r att skydda dina personuppgifter mot obeh\u00f6rig \u00e5tkomst, f\u00f6rlust, missbruk eller otill\u00e5ten spridning. Endast beh\u00f6riga personer inom v\u00e5r organisation har tillg\u00e5ng till uppgifter som \u00e4r n\u00f6dv\u00e4ndiga f\u00f6r deras arbetsuppgifter, och alla medarbetare \u00e4r bundna av strikta sekretesskrav. Som advokatfirma omfattas vi dessutom av lagstadgad tystnadsplikt och s\u00e4rskilda etiska regler som inneb\u00e4r en f\u00f6rst\u00e4rkt skyldighet att skydda information som r\u00f6r v\u00e5ra klienter.<\/p>\n<h6><strong>8. \u00c4ndringar i policyn<\/strong><\/h6>\n<p>Vi kan komma att uppdatera denna integritetspolicy f\u00f6r att \u00e5terspegla f\u00f6r\u00e4ndringar i v\u00e5r verksamhet, g\u00e4llande lagstiftning eller myndighetsf\u00f6reskrifter. Den senaste versionen finns alltid tillg\u00e4nglig p\u00e5 v\u00e5r webbplats, Nordialaw.com.<\/p>\n<h6><strong>9. Dina r\u00e4ttigheter<\/strong><\/h6>\n<p>Som registrerad har du ett antal r\u00e4ttigheter enligt GDPR. Du har r\u00e4tt att f\u00e5 information om vilka uppgifter vi behandlar om dig, att beg\u00e4ra r\u00e4ttelse av felaktiga uppgifter, att beg\u00e4ra radering av uppgifter som inte l\u00e4ngre \u00e4r n\u00f6dv\u00e4ndiga, samt att beg\u00e4ra begr\u00e4nsning av behandlingen i vissa fall. Du har ocks\u00e5 r\u00e4tt att inv\u00e4nda mot behandling som sker med st\u00f6d av ber\u00e4ttigat intresse, r\u00e4tt till dataportabilitet samt r\u00e4tt att n\u00e4r som helst \u00e5terkalla ett samtycke.<\/p>\n<p>Vi vill s\u00e4rskilt betona att du har r\u00e4tt att l\u00e4mna klagom\u00e5l till den myndighet som \u00e4r g\u00e4llande i det land d\u00e4r NORDIA Law\u2019s verksamhet bedrivs om du anser att v\u00e5r behandling av dina personuppgifter inte sker i enlighet med g\u00e4llande lagstiftning. F\u00f6r information kring detta, se nedan:<\/p>\n<p><strong>Sverige<\/strong><br \/>\nIntegritetsskyddsmyndigheten:\u00a0<a href=\"https:\/\/www.imy.se\/\">www.imy.se<\/a><\/p>\n<p><strong>Danmark<\/strong><br \/>\nDatatilsynet:\u00a0<a href=\"https:\/\/www.datatilsynet.dk\/\">www.datatilsynet.dk<\/a><\/p>\n<p><strong>Norge<\/strong><br \/>\nDatatilsynet:\u00a0<a href=\"https:\/\/www.datatilsynet.no\/\">www.datatilsynet.no<\/a><\/p>\n<p><strong>Finland<\/strong><br \/>\nTietosuojavaltuutetun toimisto:\u00a0<a href=\"https:\/\/tietosuoja.fi\/etusivu\">www.tietosuoja.fi<\/a><\/p>\n<p>Vid synpunkter kring behandling av dina personliga uppgifter, v\u00e4nligen kontakta aktuellt kontor. Samtliga kontor \u00e4r listade nedan och kommer att agera som personuppgiftsansvarig vid behandling av dina personliga uppgifter.<\/p>\n<p><strong>STOCKHOLM<\/strong><br \/>\nAdvokatfirman NORDIA<br \/>\nBox 856, SE-101 37 Stockholm, Sweden<br \/>\nPhone:\u00a0<a href=\"tel:+46856308100\">+46 8 563 08 100<\/a>, e-mail:\u00a0<a href=\"mailto:stockholm@nordialaw.com\">stockholm@nordialaw.com<\/a><\/p>\n<p><strong>G\u00d6TEBORG<\/strong><br \/>\nAdvokatfirman NORDIA G\u00f6teborg<br \/>\nKungsportsavenyen 1, SE-411 36 G\u00f6teborg, Sweden<br \/>\nPhone\u00a0<a href=\"tel:+46317783500\">+46 31 778 35 00<\/a>, e-mail:\u00a0<a href=\"mailto:gbg@nordialaw.com\">gbg@nordialaw.com<\/a><\/p>\n<p><strong>K\u00d6PENHAMN<\/strong><br \/>\nNORDIA Advokatfirma<br \/>\n\u00d8stergade 16, 1100 K\u00f8benhavn K, Denmark<br \/>\nPhone:\u00a0<a href=\"https:\/\/nordialaw.com\/sv\/om-oss\/privacy-policy\/+4570201810\">+45 70 20 18 10<\/a>, e-mail:\u00a0<a href=\"mailto:copenhagen@nordialaw.com\">copenhagen@nordialaw.com<\/a><\/p>\n<p><strong>OSLO<\/strong><br \/>\nNORDIA Law Advokatfirma AS<br \/>\nDronning Eufemias gate 8, 0191 Oslo, Norway<br \/>\nPhone:\u00a0<a href=\"tel:+4722421020\">+47 224 21 020<\/a>,\u00a0e-mail:\u00a0<a href=\"mailto:oslo@nordialaw.com\">oslo@nordialaw.com<\/a><\/p>\n<p><strong>HELSINGFORS<\/strong><br \/>\nAsianajotoimisto Nordia Oy<br \/>\nEtel\u00e4esplanadi 22 A (7th floor), 00130 Helsinki, Finland<br \/>\nPhone:\u00a0<a href=\"tel:+358942505000\">+358 9 4250 5000<\/a>, e-mail:\u00a0<a href=\"mailto:helsinki@nordialaw.com\">helsinki@nordialaw.com<\/a><\/p>\n<\/div>\n\t\t\t        <\/div>\n    <\/section>\n","protected":false},"excerpt":{"rendered":"","protected":false},"author":8,"featured_media":7348,"parent":859,"menu_order":0,"comment_status":"closed","ping_status":"open","template":"","meta":{"_acf_changed":false,"content-type":"","footnotes":""},"class_list":["post-11372","page","type-page","status-publish","has-post-thumbnail","hentry"],"acf":[],"yoast_head":"<!-- This site is optimized with the Yoast SEO plugin v27.2 - https:\/\/yoast.com\/product\/yoast-seo-wordpress\/ -->\n<title>Integritetspolicy - Nordia Law<\/title>\n<meta name=\"description\" content=\"How we process your personal data? Read more about our privacy policy.\" \/>\n<meta name=\"robots\" content=\"index, follow, max-snippet:-1, max-image-preview:large, max-video-preview:-1\" \/>\n<link rel=\"canonical\" href=\"https:\/\/nordialaw.com\/sv\/om-oss\/privacy-policy\/\" \/>\n<meta property=\"og:locale\" content=\"sv_SE\" \/>\n<meta property=\"og:type\" content=\"article\" \/>\n<meta property=\"og:title\" content=\"Integritetspolicy - Nordia Law\" \/>\n<meta property=\"og:description\" content=\"How we process your personal data? Read more about our privacy policy.\" \/>\n<meta property=\"og:url\" content=\"https:\/\/nordialaw.com\/sv\/om-oss\/privacy-policy\/\" \/>\n<meta property=\"og:site_name\" content=\"Nordia Law\" \/>\n<meta property=\"article:modified_time\" content=\"2025-12-09T10:30:38+00:00\" \/>\n<meta property=\"og:image\" content=\"https:\/\/nordialaw.com\/wp-content\/uploads\/2022\/02\/AdobeStock_375893262-scaled-e1645547062424.jpeg\" \/>\n\t<meta property=\"og:image:width\" content=\"2560\" \/>\n\t<meta property=\"og:image:height\" content=\"1696\" \/>\n\t<meta property=\"og:image:type\" content=\"image\/jpeg\" \/>\n<meta name=\"twitter:card\" content=\"summary_large_image\" \/>\n<meta name=\"twitter:label1\" content=\"Ber\u00e4knad l\u00e4stid\" \/>\n\t<meta name=\"twitter:data1\" content=\"5 minuter\" \/>\n<script type=\"application\/ld+json\" class=\"yoast-schema-graph\">{\"@context\":\"https:\/\/schema.org\",\"@graph\":[{\"@type\":\"WebPage\",\"@id\":\"https:\/\/nordialaw.com\/sv\/om-oss\/privacy-policy\/\",\"url\":\"https:\/\/nordialaw.com\/sv\/om-oss\/privacy-policy\/\",\"name\":\"Integritetspolicy - Nordia Law\",\"isPartOf\":{\"@id\":\"https:\/\/nordialaw.com\/#website\"},\"primaryImageOfPage\":{\"@id\":\"https:\/\/nordialaw.com\/sv\/om-oss\/privacy-policy\/#primaryimage\"},\"image\":{\"@id\":\"https:\/\/nordialaw.com\/sv\/om-oss\/privacy-policy\/#primaryimage\"},\"thumbnailUrl\":\"https:\/\/nordialaw.com\/wp-content\/uploads\/2022\/02\/AdobeStock_375893262-scaled-e1645547062424.jpeg\",\"datePublished\":\"2022-06-09T09:49:57+00:00\",\"dateModified\":\"2025-12-09T10:30:38+00:00\",\"description\":\"How we process your personal data? Read more about our privacy policy.\",\"breadcrumb\":{\"@id\":\"https:\/\/nordialaw.com\/sv\/om-oss\/privacy-policy\/#breadcrumb\"},\"inLanguage\":\"sv-SE\",\"potentialAction\":[{\"@type\":\"ReadAction\",\"target\":[\"https:\/\/nordialaw.com\/sv\/om-oss\/privacy-policy\/\"]}]},{\"@type\":\"ImageObject\",\"inLanguage\":\"sv-SE\",\"@id\":\"https:\/\/nordialaw.com\/sv\/om-oss\/privacy-policy\/#primaryimage\",\"url\":\"https:\/\/nordialaw.com\/wp-content\/uploads\/2022\/02\/AdobeStock_375893262-scaled-e1645547062424.jpeg\",\"contentUrl\":\"https:\/\/nordialaw.com\/wp-content\/uploads\/2022\/02\/AdobeStock_375893262-scaled-e1645547062424.jpeg\",\"width\":2560,\"height\":1696,\"caption\":\"Blue grungy background or texture\"},{\"@type\":\"BreadcrumbList\",\"@id\":\"https:\/\/nordialaw.com\/sv\/om-oss\/privacy-policy\/#breadcrumb\",\"itemListElement\":[{\"@type\":\"ListItem\",\"position\":1,\"name\":\"Home\",\"item\":\"https:\/\/nordialaw.com\/sv\/\"},{\"@type\":\"ListItem\",\"position\":2,\"name\":\"Om oss\",\"item\":\"https:\/\/nordialaw.com\/sv\/om-oss\/\"},{\"@type\":\"ListItem\",\"position\":3,\"name\":\"Integritetspolicy\"}]},{\"@type\":\"WebSite\",\"@id\":\"https:\/\/nordialaw.com\/#website\",\"url\":\"https:\/\/nordialaw.com\/\",\"name\":\"Nordia Law\",\"description\":\"\",\"publisher\":{\"@id\":\"https:\/\/nordialaw.com\/#organization\"},\"potentialAction\":[{\"@type\":\"SearchAction\",\"target\":{\"@type\":\"EntryPoint\",\"urlTemplate\":\"https:\/\/nordialaw.com\/?s={search_term_string}\"},\"query-input\":{\"@type\":\"PropertyValueSpecification\",\"valueRequired\":true,\"valueName\":\"search_term_string\"}}],\"inLanguage\":\"sv-SE\"},{\"@type\":\"Organization\",\"@id\":\"https:\/\/nordialaw.com\/#organization\",\"name\":\"Nordia Law\",\"url\":\"https:\/\/nordialaw.com\/\",\"logo\":{\"@type\":\"ImageObject\",\"inLanguage\":\"sv-SE\",\"@id\":\"https:\/\/nordialaw.com\/#\/schema\/logo\/image\/\",\"url\":\"https:\/\/nordialaw.com\/wp-content\/uploads\/2021\/09\/Layer-1.svg\",\"contentUrl\":\"https:\/\/nordialaw.com\/wp-content\/uploads\/2021\/09\/Layer-1.svg\",\"width\":197,\"height\":45,\"caption\":\"Nordia Law\"},\"image\":{\"@id\":\"https:\/\/nordialaw.com\/#\/schema\/logo\/image\/\"}}]}<\/script>\n<!-- \/ Yoast SEO plugin. -->","yoast_head_json":{"title":"Integritetspolicy - Nordia Law","description":"How we process your personal data? Read more about our privacy policy.","robots":{"index":"index","follow":"follow","max-snippet":"max-snippet:-1","max-image-preview":"max-image-preview:large","max-video-preview":"max-video-preview:-1"},"canonical":"https:\/\/nordialaw.com\/sv\/om-oss\/privacy-policy\/","og_locale":"sv_SE","og_type":"article","og_title":"Integritetspolicy - Nordia Law","og_description":"How we process your personal data? Read more about our privacy policy.","og_url":"https:\/\/nordialaw.com\/sv\/om-oss\/privacy-policy\/","og_site_name":"Nordia Law","article_modified_time":"2025-12-09T10:30:38+00:00","og_image":[{"width":2560,"height":1696,"url":"https:\/\/nordialaw.com\/wp-content\/uploads\/2022\/02\/AdobeStock_375893262-scaled-e1645547062424.jpeg","type":"image\/jpeg"}],"twitter_card":"summary_large_image","twitter_misc":{"Ber\u00e4knad l\u00e4stid":"5 minuter"},"schema":{"@context":"https:\/\/schema.org","@graph":[{"@type":"WebPage","@id":"https:\/\/nordialaw.com\/sv\/om-oss\/privacy-policy\/","url":"https:\/\/nordialaw.com\/sv\/om-oss\/privacy-policy\/","name":"Integritetspolicy - Nordia Law","isPartOf":{"@id":"https:\/\/nordialaw.com\/#website"},"primaryImageOfPage":{"@id":"https:\/\/nordialaw.com\/sv\/om-oss\/privacy-policy\/#primaryimage"},"image":{"@id":"https:\/\/nordialaw.com\/sv\/om-oss\/privacy-policy\/#primaryimage"},"thumbnailUrl":"https:\/\/nordialaw.com\/wp-content\/uploads\/2022\/02\/AdobeStock_375893262-scaled-e1645547062424.jpeg","datePublished":"2022-06-09T09:49:57+00:00","dateModified":"2025-12-09T10:30:38+00:00","description":"How we process your personal data? Read more about our privacy policy.","breadcrumb":{"@id":"https:\/\/nordialaw.com\/sv\/om-oss\/privacy-policy\/#breadcrumb"},"inLanguage":"sv-SE","potentialAction":[{"@type":"ReadAction","target":["https:\/\/nordialaw.com\/sv\/om-oss\/privacy-policy\/"]}]},{"@type":"ImageObject","inLanguage":"sv-SE","@id":"https:\/\/nordialaw.com\/sv\/om-oss\/privacy-policy\/#primaryimage","url":"https:\/\/nordialaw.com\/wp-content\/uploads\/2022\/02\/AdobeStock_375893262-scaled-e1645547062424.jpeg","contentUrl":"https:\/\/nordialaw.com\/wp-content\/uploads\/2022\/02\/AdobeStock_375893262-scaled-e1645547062424.jpeg","width":2560,"height":1696,"caption":"Blue grungy background or texture"},{"@type":"BreadcrumbList","@id":"https:\/\/nordialaw.com\/sv\/om-oss\/privacy-policy\/#breadcrumb","itemListElement":[{"@type":"ListItem","position":1,"name":"Home","item":"https:\/\/nordialaw.com\/sv\/"},{"@type":"ListItem","position":2,"name":"Om oss","item":"https:\/\/nordialaw.com\/sv\/om-oss\/"},{"@type":"ListItem","position":3,"name":"Integritetspolicy"}]},{"@type":"WebSite","@id":"https:\/\/nordialaw.com\/#website","url":"https:\/\/nordialaw.com\/","name":"Nordia Law","description":"","publisher":{"@id":"https:\/\/nordialaw.com\/#organization"},"potentialAction":[{"@type":"SearchAction","target":{"@type":"EntryPoint","urlTemplate":"https:\/\/nordialaw.com\/?s={search_term_string}"},"query-input":{"@type":"PropertyValueSpecification","valueRequired":true,"valueName":"search_term_string"}}],"inLanguage":"sv-SE"},{"@type":"Organization","@id":"https:\/\/nordialaw.com\/#organization","name":"Nordia Law","url":"https:\/\/nordialaw.com\/","logo":{"@type":"ImageObject","inLanguage":"sv-SE","@id":"https:\/\/nordialaw.com\/#\/schema\/logo\/image\/","url":"https:\/\/nordialaw.com\/wp-content\/uploads\/2021\/09\/Layer-1.svg","contentUrl":"https:\/\/nordialaw.com\/wp-content\/uploads\/2021\/09\/Layer-1.svg","width":197,"height":45,"caption":"Nordia Law"},"image":{"@id":"https:\/\/nordialaw.com\/#\/schema\/logo\/image\/"}}]}},"_links":{"self":[{"href":"https:\/\/nordialaw.com\/sv\/wp-json\/wp\/v2\/pages\/11372","targetHints":{"allow":["GET"]}}],"collection":[{"href":"https:\/\/nordialaw.com\/sv\/wp-json\/wp\/v2\/pages"}],"about":[{"href":"https:\/\/nordialaw.com\/sv\/wp-json\/wp\/v2\/types\/page"}],"author":[{"embeddable":true,"href":"https:\/\/nordialaw.com\/sv\/wp-json\/wp\/v2\/users\/8"}],"replies":[{"embeddable":true,"href":"https:\/\/nordialaw.com\/sv\/wp-json\/wp\/v2\/comments?post=11372"}],"version-history":[{"count":9,"href":"https:\/\/nordialaw.com\/sv\/wp-json\/wp\/v2\/pages\/11372\/revisions"}],"predecessor-version":[{"id":19166,"href":"https:\/\/nordialaw.com\/sv\/wp-json\/wp\/v2\/pages\/11372\/revisions\/19166"}],"up":[{"embeddable":true,"href":"https:\/\/nordialaw.com\/sv\/wp-json\/wp\/v2\/pages\/859"}],"wp:featuredmedia":[{"embeddable":true,"href":"https:\/\/nordialaw.com\/sv\/wp-json\/wp\/v2\/media\/7348"}],"wp:attachment":[{"href":"https:\/\/nordialaw.com\/sv\/wp-json\/wp\/v2\/media?parent=11372"}],"curies":[{"name":"wp","href":"https:\/\/api.w.org\/{rel}","templated":true}]}}