{"id":11380,"date":"2022-06-09T02:33:41","date_gmt":"2022-06-09T07:33:41","guid":{"rendered":"https:\/\/nordialaw.com\/om-oss\/cookies-information\/"},"modified":"2025-10-06T13:08:58","modified_gmt":"2025-10-06T13:08:58","slug":"cookies-information","status":"publish","type":"page","link":"https:\/\/nordialaw.com\/sv\/om-oss\/cookies-information\/","title":{"rendered":"Information om cookies"},"content":{"rendered":"<div class=\"title-excerpt\">\n\t        <h1 class=\"title-excerpt__title\">Information om cookies<\/h1>\n\t\n\t<\/div>\n\n\n\n    <section class=\"image-text \">\n        <!--\t--><!-- -->\n        <div class=\"image-text__container grid-container\">\n\t\t\t\n\t\t\t                <div class=\"image-text__content \"><p>Denna information om cookies f\u00f6rklarar hur v\u00e5r hemsida (nordialaw.com) anv\u00e4nder cookies f\u00f6r att k\u00e4nna igen dig n\u00e4r du bes\u00f6ker v\u00e5r hemsida. Den f\u00f6rklarar vad cookies \u00e4r och varf\u00f6r vi anv\u00e4nder s\u00e5dana, samt dina r\u00e4ttigheter att kontrollera anv\u00e4ndningen av cookies p\u00e5 v\u00e5r hemsida.<\/p>\n<p>Cookies \u00e4r sm\u00e5 textfiler som placeras p\u00e5 din enhet av de hemsidor du bes\u00f6ker. De \u00e4r allm\u00e4nt anv\u00e4nda f\u00f6r att f\u00e5 hemsidor att fungera eller f\u00f6r att de ska fungera mer effektivt, samt f\u00f6r att tillhandah\u00e5lla information till hemsidans utgivare. Anv\u00e4ndning av cookies \u00e4r standard f\u00f6r de flesta hemsidor.<\/p>\n<h1><strong>Olika typer av cookies<\/strong><\/h1>\n<p>Vi anv\u00e4nder cookies av flera olika sk\u00e4l. Vissa cookies (n\u00f6dv\u00e4ndiga cookies) kr\u00e4vs f\u00f6r att v\u00e5r hemsida ska fungera som avsett. Andra cookies l\u00e5ter oss sp\u00e5ra v\u00e5ra anv\u00e4ndares intressen. Till exempel sp\u00e5rar NORDIA Law de sidor du bes\u00f6ker f\u00f6r att avg\u00f6ra vilka delar av v\u00e5r hemsida som \u00e4r mest popul\u00e4ra eller mest anv\u00e4nda. Det f\u00f6rekommer \u00e4ven cookies fr\u00e5n tredje part p\u00e5 v\u00e5r hemsida som anv\u00e4nds f\u00f6r v\u00e5r marknadsf\u00f6ring och analys.<\/p>\n<p><strong><em>N\u00f6dv\u00e4ndiga cookies:<\/em><\/strong> Dessa cookies \u00e4r strikt n\u00f6dv\u00e4ndiga f\u00f6r att tillhandah\u00e5lla de tj\u00e4nster som finns p\u00e5 v\u00e5r hemsida.<\/p>\n<p>Cookietest fr\u00e5n Modernizer kollar om din webl\u00e4sare kan k\u00f6ra Foundation ramverket som anv\u00e4nds p\u00e5 v\u00e5r hemsida.<\/p>\n<p>wordpress_test_cookie testar om din webl\u00e4sare accepterar cookies. <a href=\"https:\/\/cookiedatabase.org\/cookie\/wordpress\/wordpress_test_cookie\/\">L\u00e4s mer.<\/a><\/p>\n<p>wp-wpmlcurrentlanguage fr\u00e5n language plugin anv\u00e4nds f\u00f6r att visa r\u00e4tt spr\u00e5k. <a href=\"https:\/\/wpml.org\/documentation\/support\/browser-cookies-stored-wpml\/\">L\u00e4s mer.<\/a><\/p>\n<p>__hs_opt_out anv\u00e4nds av v\u00e5r privacy opt-in privacy f\u00f6r att hemsidan ska minnas att inte fr\u00e5ga dig om du vill acceptera cookies igen efter ditt val. Denna cookie placeas n\u00e4r du v\u00e4ljer att inte ta emot cookies. Den inneh\u00e5ller texten &#8221;yes&#8221; eller &#8221;no&#8221;. Den upph\u00f6r att g\u00e4lla efter sex m\u00e5nader.<\/p>\n<p>__hs_do_not_track kan st\u00e4llas in f\u00f6r att hindra att sp\u00e5rningskod och information s\u00e4nds till Hubspot. Den inneh\u00e5ller texten &#8221;yes&#8221;. Den g\u00e5r ut efter sex m\u00e5nader.<\/p>\n<p>__hs_initial_opt_in anv\u00e4nds f\u00f6r att hindra cookie-bannern fr\u00e5n att visas varje g\u00e5ng en bes\u00f6kare anv\u00e4nder hemsidan i strikt l\u00e4ge. Den inneh\u00e5ller texten &#8221;yes&#8221; eller &#8221;no&#8221;. Den upph\u00f6r att g\u00e4lla efter sju dagar.<\/p>\n<p>Spr\u00e5kinst\u00e4llning (Lokal lagring).\u00a0Vi anv\u00e4nder lokal lagring f\u00f6r att spara dina spr\u00e5kinst\u00e4llningar. Detta m\u00f6jligg\u00f6r att du automatiskt omdirigeras till r\u00e4tt spr\u00e5kversion av v\u00e5r webbplats vid framtida bes\u00f6k. Den information som lagras inneh\u00e5ller inga personuppgifter, anv\u00e4nds inte f\u00f6r sp\u00e5rnings\u00e4ndam\u00e5l och delas inte med tredje part. Den anv\u00e4nds uteslutande f\u00f6r att f\u00f6rb\u00e4ttra din anv\u00e4ndarupplevelse genom att s\u00e4kerst\u00e4lla konsekventa spr\u00e5kinst\u00e4llningar. Denna lokala lagringspost \u00e4r n\u00f6dv\u00e4ndig f\u00f6r att tillhandah\u00e5lla webbplatsens spr\u00e5kfunktionalitet och betraktas d\u00e4rf\u00f6r som strikt n\u00f6dv\u00e4ndig.<\/p>\n<div class=\"uc-embed\" uc-embed-type=\"category-only\"><\/div>\n<div class=\"uc-embed\"><\/div>\n<p>&ensp;<\/p>\n<h1><strong>Hantera cookies<\/strong><\/h1>\n<p>Du kan hantera och kontrollera cookies genom v\u00e5ra cookie settings. Cookie settings-bannern \u00e4r placerad l\u00e4ngst ner p\u00e5 hemsidan. De cookies som anv\u00e4nds \u00e4r klassificerade enligt ovan. Du kan l\u00e4sa om varje cookie och v\u00e4lja vilka cookies du vill till\u00e5ta. Du kan till\u00e5ta eller neka alla eller samtliga cookies i enlighet med dina preferenser.<\/p>\n<p>Du kan ocks\u00e5 hantera och kontrollera cookies genom din webl\u00e4sares inst\u00e4llningar, inklusive att ta bort dem fr\u00e5n sin webl\u00e4sarhistorik (cache) n\u00e4r du l\u00e4mnar en hemsida.<\/p>\n<h1><strong>Att anv\u00e4nda din webl\u00e4sare f\u00f6r att hantera cookies<\/strong><\/h1>\n<p>De flesta webl\u00e4sare till\u00e5ter dig att granska, hantera, ta bort och sp\u00e4rra cookies. V\u00e4nligen notera att om du tar bort alla cookies s\u00e5 kommer alla dina inst\u00e4llningar p\u00e5 v\u00e5r hemsida att tas bort samtidigt, inklusive m\u00f6jligheteten att v\u00e4lja bort cookies. Anledningen \u00e4r att denna funktion \u00e4r beroende av att en s k opt-out cookie placeras p\u00e5 din enhet f\u00f6r att notera att du inte vill anv\u00e4nda cookies. Du kan l\u00e4sa mer om hur du hanterar cookies p\u00e5 de vanligaste webl\u00e4sarna i l\u00e4nkarna nedan.<\/p>\n<p><a href=\"https:\/\/support.google.com\/chrome\/answer\/95647\">Hur du hanterar cookies p\u00e5 Google Chrome.<\/a><\/p>\n<p><a href=\"https:\/\/support.mozilla.org\/en-US\/kb\/enhanced-tracking-protection-firefox-desktop\">Hur du hanterar cookies p\u00e5 Mozilla Firefox.<\/a><\/p>\n<p><a href=\"https:\/\/support.apple.com\/en-gb\/guide\/safari\/sfri11471\/mac\">Hur du hanterar cookies p\u00e5 Safari.<\/a><\/p>\n<p><a href=\"https:\/\/support.microsoft.com\/en-us\/microsoft-edge\/delete-cookies-in-microsoft-edge-63947406-40ac-c3b8-57b9-2a946a29ae09\">Hur du hanterar cookies p\u00e5 Microsoft Edge.<\/a><\/p>\n<p>F\u00f6r information om ytterligare webl\u00e4sare och enhetstyper, v\u00e4nligen se <a href=\"http:\/\/www.aboutcookies.org\/\">http:\/\/www.aboutcookies.org\/<\/a><\/p>\n<\/div>\n\t\t\t        <\/div>\n    <\/section>\n","protected":false},"excerpt":{"rendered":"","protected":false},"author":8,"featured_media":7348,"parent":859,"menu_order":0,"comment_status":"closed","ping_status":"open","template":"","meta":{"_acf_changed":false,"content-type":"","footnotes":""},"class_list":["post-11380","page","type-page","status-publish","has-post-thumbnail","hentry"],"acf":[],"yoast_head":"<!-- This site is optimized with the Yoast SEO plugin v27.3 - https:\/\/yoast.com\/product\/yoast-seo-wordpress\/ -->\n<title>Information om cookies - Nordia Law<\/title>\n<meta name=\"description\" content=\"Denna information om cookies f\u00f6rklarar hur v\u00e5r hemsida (nordialaw.com) anv\u00e4nder cookies f\u00f6r att k\u00e4nna igen dig n\u00e4r du bes\u00f6ker v\u00e5r hemsida.\" \/>\n<meta name=\"robots\" content=\"index, follow, max-snippet:-1, max-image-preview:large, max-video-preview:-1\" \/>\n<link rel=\"canonical\" href=\"https:\/\/nordialaw.com\/sv\/om-oss\/cookies-information\/\" \/>\n<meta property=\"og:locale\" content=\"sv_SE\" \/>\n<meta property=\"og:type\" content=\"article\" \/>\n<meta property=\"og:title\" content=\"Information om cookies - Nordia Law\" \/>\n<meta property=\"og:description\" content=\"Denna information om cookies f\u00f6rklarar hur v\u00e5r hemsida (nordialaw.com) anv\u00e4nder cookies f\u00f6r att k\u00e4nna igen dig n\u00e4r du bes\u00f6ker v\u00e5r hemsida.\" \/>\n<meta property=\"og:url\" content=\"https:\/\/nordialaw.com\/sv\/om-oss\/cookies-information\/\" \/>\n<meta property=\"og:site_name\" content=\"Nordia Law\" \/>\n<meta property=\"article:modified_time\" content=\"2025-10-06T13:08:58+00:00\" \/>\n<meta property=\"og:image\" content=\"https:\/\/nordialaw.com\/wp-content\/uploads\/2022\/02\/AdobeStock_375893262-scaled-e1645547062424.jpeg\" \/>\n\t<meta property=\"og:image:width\" content=\"2560\" \/>\n\t<meta property=\"og:image:height\" content=\"1696\" \/>\n\t<meta property=\"og:image:type\" content=\"image\/jpeg\" \/>\n<meta name=\"twitter:card\" content=\"summary_large_image\" \/>\n<meta name=\"twitter:label1\" content=\"Ber\u00e4knad l\u00e4stid\" \/>\n\t<meta name=\"twitter:data1\" content=\"3 minuter\" \/>\n<script type=\"application\/ld+json\" class=\"yoast-schema-graph\">{\"@context\":\"https:\\\/\\\/schema.org\",\"@graph\":[{\"@type\":\"WebPage\",\"@id\":\"https:\\\/\\\/nordialaw.com\\\/sv\\\/om-oss\\\/cookies-information\\\/\",\"url\":\"https:\\\/\\\/nordialaw.com\\\/sv\\\/om-oss\\\/cookies-information\\\/\",\"name\":\"Information om cookies - Nordia Law\",\"isPartOf\":{\"@id\":\"https:\\\/\\\/nordialaw.com\\\/#website\"},\"primaryImageOfPage\":{\"@id\":\"https:\\\/\\\/nordialaw.com\\\/sv\\\/om-oss\\\/cookies-information\\\/#primaryimage\"},\"image\":{\"@id\":\"https:\\\/\\\/nordialaw.com\\\/sv\\\/om-oss\\\/cookies-information\\\/#primaryimage\"},\"thumbnailUrl\":\"https:\\\/\\\/nordialaw.com\\\/wp-content\\\/uploads\\\/2022\\\/02\\\/AdobeStock_375893262-scaled-e1645547062424.jpeg\",\"datePublished\":\"2022-06-09T07:33:41+00:00\",\"dateModified\":\"2025-10-06T13:08:58+00:00\",\"description\":\"Denna information om cookies f\u00f6rklarar hur v\u00e5r hemsida (nordialaw.com) anv\u00e4nder cookies f\u00f6r att k\u00e4nna igen dig n\u00e4r du bes\u00f6ker v\u00e5r hemsida.\",\"breadcrumb\":{\"@id\":\"https:\\\/\\\/nordialaw.com\\\/sv\\\/om-oss\\\/cookies-information\\\/#breadcrumb\"},\"inLanguage\":\"sv-SE\",\"potentialAction\":[{\"@type\":\"ReadAction\",\"target\":[\"https:\\\/\\\/nordialaw.com\\\/sv\\\/om-oss\\\/cookies-information\\\/\"]}]},{\"@type\":\"ImageObject\",\"inLanguage\":\"sv-SE\",\"@id\":\"https:\\\/\\\/nordialaw.com\\\/sv\\\/om-oss\\\/cookies-information\\\/#primaryimage\",\"url\":\"https:\\\/\\\/nordialaw.com\\\/wp-content\\\/uploads\\\/2022\\\/02\\\/AdobeStock_375893262-scaled-e1645547062424.jpeg\",\"contentUrl\":\"https:\\\/\\\/nordialaw.com\\\/wp-content\\\/uploads\\\/2022\\\/02\\\/AdobeStock_375893262-scaled-e1645547062424.jpeg\",\"width\":2560,\"height\":1696,\"caption\":\"Blue grungy background or texture\"},{\"@type\":\"BreadcrumbList\",\"@id\":\"https:\\\/\\\/nordialaw.com\\\/sv\\\/om-oss\\\/cookies-information\\\/#breadcrumb\",\"itemListElement\":[{\"@type\":\"ListItem\",\"position\":1,\"name\":\"Home\",\"item\":\"https:\\\/\\\/nordialaw.com\\\/sv\\\/\"},{\"@type\":\"ListItem\",\"position\":2,\"name\":\"Om oss\",\"item\":\"https:\\\/\\\/nordialaw.com\\\/sv\\\/om-oss\\\/\"},{\"@type\":\"ListItem\",\"position\":3,\"name\":\"Information om cookies\"}]},{\"@type\":\"WebSite\",\"@id\":\"https:\\\/\\\/nordialaw.com\\\/#website\",\"url\":\"https:\\\/\\\/nordialaw.com\\\/\",\"name\":\"Nordia Law\",\"description\":\"\",\"publisher\":{\"@id\":\"https:\\\/\\\/nordialaw.com\\\/#organization\"},\"potentialAction\":[{\"@type\":\"SearchAction\",\"target\":{\"@type\":\"EntryPoint\",\"urlTemplate\":\"https:\\\/\\\/nordialaw.com\\\/?s={search_term_string}\"},\"query-input\":{\"@type\":\"PropertyValueSpecification\",\"valueRequired\":true,\"valueName\":\"search_term_string\"}}],\"inLanguage\":\"sv-SE\"},{\"@type\":\"Organization\",\"@id\":\"https:\\\/\\\/nordialaw.com\\\/#organization\",\"name\":\"Nordia Law\",\"url\":\"https:\\\/\\\/nordialaw.com\\\/\",\"logo\":{\"@type\":\"ImageObject\",\"inLanguage\":\"sv-SE\",\"@id\":\"https:\\\/\\\/nordialaw.com\\\/#\\\/schema\\\/logo\\\/image\\\/\",\"url\":\"https:\\\/\\\/nordialaw.com\\\/wp-content\\\/uploads\\\/2021\\\/09\\\/Layer-1.svg\",\"contentUrl\":\"https:\\\/\\\/nordialaw.com\\\/wp-content\\\/uploads\\\/2021\\\/09\\\/Layer-1.svg\",\"width\":197,\"height\":45,\"caption\":\"Nordia Law\"},\"image\":{\"@id\":\"https:\\\/\\\/nordialaw.com\\\/#\\\/schema\\\/logo\\\/image\\\/\"}}]}<\/script>\n<!-- \/ Yoast SEO plugin. -->","yoast_head_json":{"title":"Information om cookies - Nordia Law","description":"Denna information om cookies f\u00f6rklarar hur v\u00e5r hemsida (nordialaw.com) anv\u00e4nder cookies f\u00f6r att k\u00e4nna igen dig n\u00e4r du bes\u00f6ker v\u00e5r hemsida.","robots":{"index":"index","follow":"follow","max-snippet":"max-snippet:-1","max-image-preview":"max-image-preview:large","max-video-preview":"max-video-preview:-1"},"canonical":"https:\/\/nordialaw.com\/sv\/om-oss\/cookies-information\/","og_locale":"sv_SE","og_type":"article","og_title":"Information om cookies - Nordia Law","og_description":"Denna information om cookies f\u00f6rklarar hur v\u00e5r hemsida (nordialaw.com) anv\u00e4nder cookies f\u00f6r att k\u00e4nna igen dig n\u00e4r du bes\u00f6ker v\u00e5r hemsida.","og_url":"https:\/\/nordialaw.com\/sv\/om-oss\/cookies-information\/","og_site_name":"Nordia Law","article_modified_time":"2025-10-06T13:08:58+00:00","og_image":[{"width":2560,"height":1696,"url":"https:\/\/nordialaw.com\/wp-content\/uploads\/2022\/02\/AdobeStock_375893262-scaled-e1645547062424.jpeg","type":"image\/jpeg"}],"twitter_card":"summary_large_image","twitter_misc":{"Ber\u00e4knad l\u00e4stid":"3 minuter"},"schema":{"@context":"https:\/\/schema.org","@graph":[{"@type":"WebPage","@id":"https:\/\/nordialaw.com\/sv\/om-oss\/cookies-information\/","url":"https:\/\/nordialaw.com\/sv\/om-oss\/cookies-information\/","name":"Information om cookies - Nordia Law","isPartOf":{"@id":"https:\/\/nordialaw.com\/#website"},"primaryImageOfPage":{"@id":"https:\/\/nordialaw.com\/sv\/om-oss\/cookies-information\/#primaryimage"},"image":{"@id":"https:\/\/nordialaw.com\/sv\/om-oss\/cookies-information\/#primaryimage"},"thumbnailUrl":"https:\/\/nordialaw.com\/wp-content\/uploads\/2022\/02\/AdobeStock_375893262-scaled-e1645547062424.jpeg","datePublished":"2022-06-09T07:33:41+00:00","dateModified":"2025-10-06T13:08:58+00:00","description":"Denna information om cookies f\u00f6rklarar hur v\u00e5r hemsida (nordialaw.com) anv\u00e4nder cookies f\u00f6r att k\u00e4nna igen dig n\u00e4r du bes\u00f6ker v\u00e5r hemsida.","breadcrumb":{"@id":"https:\/\/nordialaw.com\/sv\/om-oss\/cookies-information\/#breadcrumb"},"inLanguage":"sv-SE","potentialAction":[{"@type":"ReadAction","target":["https:\/\/nordialaw.com\/sv\/om-oss\/cookies-information\/"]}]},{"@type":"ImageObject","inLanguage":"sv-SE","@id":"https:\/\/nordialaw.com\/sv\/om-oss\/cookies-information\/#primaryimage","url":"https:\/\/nordialaw.com\/wp-content\/uploads\/2022\/02\/AdobeStock_375893262-scaled-e1645547062424.jpeg","contentUrl":"https:\/\/nordialaw.com\/wp-content\/uploads\/2022\/02\/AdobeStock_375893262-scaled-e1645547062424.jpeg","width":2560,"height":1696,"caption":"Blue grungy background or texture"},{"@type":"BreadcrumbList","@id":"https:\/\/nordialaw.com\/sv\/om-oss\/cookies-information\/#breadcrumb","itemListElement":[{"@type":"ListItem","position":1,"name":"Home","item":"https:\/\/nordialaw.com\/sv\/"},{"@type":"ListItem","position":2,"name":"Om oss","item":"https:\/\/nordialaw.com\/sv\/om-oss\/"},{"@type":"ListItem","position":3,"name":"Information om cookies"}]},{"@type":"WebSite","@id":"https:\/\/nordialaw.com\/#website","url":"https:\/\/nordialaw.com\/","name":"Nordia Law","description":"","publisher":{"@id":"https:\/\/nordialaw.com\/#organization"},"potentialAction":[{"@type":"SearchAction","target":{"@type":"EntryPoint","urlTemplate":"https:\/\/nordialaw.com\/?s={search_term_string}"},"query-input":{"@type":"PropertyValueSpecification","valueRequired":true,"valueName":"search_term_string"}}],"inLanguage":"sv-SE"},{"@type":"Organization","@id":"https:\/\/nordialaw.com\/#organization","name":"Nordia Law","url":"https:\/\/nordialaw.com\/","logo":{"@type":"ImageObject","inLanguage":"sv-SE","@id":"https:\/\/nordialaw.com\/#\/schema\/logo\/image\/","url":"https:\/\/nordialaw.com\/wp-content\/uploads\/2021\/09\/Layer-1.svg","contentUrl":"https:\/\/nordialaw.com\/wp-content\/uploads\/2021\/09\/Layer-1.svg","width":197,"height":45,"caption":"Nordia Law"},"image":{"@id":"https:\/\/nordialaw.com\/#\/schema\/logo\/image\/"}}]}},"_links":{"self":[{"href":"https:\/\/nordialaw.com\/sv\/wp-json\/wp\/v2\/pages\/11380","targetHints":{"allow":["GET"]}}],"collection":[{"href":"https:\/\/nordialaw.com\/sv\/wp-json\/wp\/v2\/pages"}],"about":[{"href":"https:\/\/nordialaw.com\/sv\/wp-json\/wp\/v2\/types\/page"}],"author":[{"embeddable":true,"href":"https:\/\/nordialaw.com\/sv\/wp-json\/wp\/v2\/users\/8"}],"replies":[{"embeddable":true,"href":"https:\/\/nordialaw.com\/sv\/wp-json\/wp\/v2\/comments?post=11380"}],"version-history":[{"count":10,"href":"https:\/\/nordialaw.com\/sv\/wp-json\/wp\/v2\/pages\/11380\/revisions"}],"predecessor-version":[{"id":18709,"href":"https:\/\/nordialaw.com\/sv\/wp-json\/wp\/v2\/pages\/11380\/revisions\/18709"}],"up":[{"embeddable":true,"href":"https:\/\/nordialaw.com\/sv\/wp-json\/wp\/v2\/pages\/859"}],"wp:featuredmedia":[{"embeddable":true,"href":"https:\/\/nordialaw.com\/sv\/wp-json\/wp\/v2\/media\/7348"}],"wp:attachment":[{"href":"https:\/\/nordialaw.com\/sv\/wp-json\/wp\/v2\/media?parent=11380"}],"curies":[{"name":"wp","href":"https:\/\/api.w.org\/{rel}","templated":true}]}}