{"id":1336,"date":"2021-10-13T12:57:35","date_gmt":"2021-10-13T17:57:35","guid":{"rendered":"https:\/\/nordialaw.dev.kodeks.no\/career\/"},"modified":"2026-03-30T11:18:00","modified_gmt":"2026-03-30T11:18:00","slug":"rekrytering","status":"publish","type":"page","link":"https:\/\/nordialaw.com\/sv\/rekrytering\/","title":{"rendered":"Rekrytering"},"content":{"rendered":"<div class=\"title-excerpt\">\n\t        <h1 class=\"title-excerpt__title\">Rekrytering<\/h1>\n\t\n\t        <div class=\"title-excerpt__excerpt\"><br \/>\r\n<\/div>\n\t<\/div>\n\n    <section class=\"image-text \">\n        <!--\t--><!-- -->\n        <div class=\"image-text__container grid-container\">\n\t\t\t\n\t\t\t                <div class=\"image-text__content \"><p style=\"text-align: center\">Utan de b\u00e4sta medarbetarna kan vi inte tillhandah\u00e5lla v\u00e5ra klienter f\u00f6rstklassigt juridiskt bitr\u00e4de. F\u00f6r att kunna rekrytera, utveckla och beh\u00e5lla de b\u00e4sta medarbetarna erbjuder vi en stimulerande arbetsmilj\u00f6 och utm\u00e4rkta m\u00f6jligheter till karri\u00e4rutveckling.<\/p>\n<p>&nbsp;<\/p>\n<\/div>\n\t\t\t        <\/div>\n    <\/section>\n","protected":false},"excerpt":{"rendered":"","protected":false},"author":6,"featured_media":0,"parent":0,"menu_order":0,"comment_status":"closed","ping_status":"closed","template":"templates\/template-career.php","meta":{"_acf_changed":false,"content-type":"","footnotes":""},"class_list":["post-1336","page","type-page","status-publish","hentry"],"acf":[],"yoast_head":"<!-- This site is optimized with the Yoast SEO plugin v27.3 - https:\/\/yoast.com\/product\/yoast-seo-wordpress\/ -->\n<title>Rekrytering - Nordia Law<\/title>\n<meta name=\"description\" content=\"Utan de b\u00e4sta medarbetarna kan vi inte tillhandah\u00e5lla v\u00e5ra klienter f\u00f6rstklassigt juridiskt bitr\u00e4de. F\u00f6r att kunna rekrytera, utveckla och beh\u00e5lla de b\u00e4sta medarbetarna erbjuder vi en stimulerande arbetsmilj\u00f6 och utm\u00e4rkta m\u00f6jligheter till karri\u00e4rutveckling.\" \/>\n<meta name=\"robots\" content=\"index, follow, max-snippet:-1, max-image-preview:large, max-video-preview:-1\" \/>\n<link rel=\"canonical\" href=\"https:\/\/nordialaw.com\/sv\/rekrytering\/\" \/>\n<meta property=\"og:locale\" content=\"sv_SE\" \/>\n<meta property=\"og:type\" content=\"article\" \/>\n<meta property=\"og:title\" content=\"Rekrytering - Nordia Law\" \/>\n<meta property=\"og:description\" content=\"Utan de b\u00e4sta medarbetarna kan vi inte tillhandah\u00e5lla v\u00e5ra klienter f\u00f6rstklassigt juridiskt bitr\u00e4de. F\u00f6r att kunna rekrytera, utveckla och beh\u00e5lla de b\u00e4sta medarbetarna erbjuder vi en stimulerande arbetsmilj\u00f6 och utm\u00e4rkta m\u00f6jligheter till karri\u00e4rutveckling.\" \/>\n<meta property=\"og:url\" content=\"https:\/\/nordialaw.com\/sv\/rekrytering\/\" \/>\n<meta property=\"og:site_name\" content=\"Nordia Law\" \/>\n<meta property=\"article:modified_time\" content=\"2026-03-30T11:18:00+00:00\" \/>\n<meta name=\"twitter:card\" content=\"summary_large_image\" \/>\n<meta name=\"twitter:label1\" content=\"Ber\u00e4knad l\u00e4stid\" \/>\n\t<meta name=\"twitter:data1\" content=\"1 minut\" \/>\n<script type=\"application\/ld+json\" class=\"yoast-schema-graph\">{\"@context\":\"https:\\\/\\\/schema.org\",\"@graph\":[{\"@type\":\"WebPage\",\"@id\":\"https:\\\/\\\/nordialaw.com\\\/sv\\\/rekrytering\\\/\",\"url\":\"https:\\\/\\\/nordialaw.com\\\/sv\\\/rekrytering\\\/\",\"name\":\"Rekrytering - Nordia Law\",\"isPartOf\":{\"@id\":\"https:\\\/\\\/nordialaw.com\\\/#website\"},\"datePublished\":\"2021-10-13T17:57:35+00:00\",\"dateModified\":\"2026-03-30T11:18:00+00:00\",\"description\":\"Utan de b\u00e4sta medarbetarna kan vi inte tillhandah\u00e5lla v\u00e5ra klienter f\u00f6rstklassigt juridiskt bitr\u00e4de. F\u00f6r att kunna rekrytera, utveckla och beh\u00e5lla de b\u00e4sta medarbetarna erbjuder vi en stimulerande arbetsmilj\u00f6 och utm\u00e4rkta m\u00f6jligheter till karri\u00e4rutveckling.\",\"breadcrumb\":{\"@id\":\"https:\\\/\\\/nordialaw.com\\\/sv\\\/rekrytering\\\/#breadcrumb\"},\"inLanguage\":\"sv-SE\",\"potentialAction\":[{\"@type\":\"ReadAction\",\"target\":[\"https:\\\/\\\/nordialaw.com\\\/sv\\\/rekrytering\\\/\"]}]},{\"@type\":\"BreadcrumbList\",\"@id\":\"https:\\\/\\\/nordialaw.com\\\/sv\\\/rekrytering\\\/#breadcrumb\",\"itemListElement\":[{\"@type\":\"ListItem\",\"position\":1,\"name\":\"Home\",\"item\":\"https:\\\/\\\/nordialaw.com\\\/sv\\\/\"},{\"@type\":\"ListItem\",\"position\":2,\"name\":\"Rekrytering\"}]},{\"@type\":\"WebSite\",\"@id\":\"https:\\\/\\\/nordialaw.com\\\/#website\",\"url\":\"https:\\\/\\\/nordialaw.com\\\/\",\"name\":\"Nordia Law\",\"description\":\"\",\"publisher\":{\"@id\":\"https:\\\/\\\/nordialaw.com\\\/#organization\"},\"potentialAction\":[{\"@type\":\"SearchAction\",\"target\":{\"@type\":\"EntryPoint\",\"urlTemplate\":\"https:\\\/\\\/nordialaw.com\\\/?s={search_term_string}\"},\"query-input\":{\"@type\":\"PropertyValueSpecification\",\"valueRequired\":true,\"valueName\":\"search_term_string\"}}],\"inLanguage\":\"sv-SE\"},{\"@type\":\"Organization\",\"@id\":\"https:\\\/\\\/nordialaw.com\\\/#organization\",\"name\":\"Nordia Law\",\"url\":\"https:\\\/\\\/nordialaw.com\\\/\",\"logo\":{\"@type\":\"ImageObject\",\"inLanguage\":\"sv-SE\",\"@id\":\"https:\\\/\\\/nordialaw.com\\\/#\\\/schema\\\/logo\\\/image\\\/\",\"url\":\"https:\\\/\\\/nordialaw.com\\\/wp-content\\\/uploads\\\/2021\\\/09\\\/Layer-1.svg\",\"contentUrl\":\"https:\\\/\\\/nordialaw.com\\\/wp-content\\\/uploads\\\/2021\\\/09\\\/Layer-1.svg\",\"width\":197,\"height\":45,\"caption\":\"Nordia Law\"},\"image\":{\"@id\":\"https:\\\/\\\/nordialaw.com\\\/#\\\/schema\\\/logo\\\/image\\\/\"}}]}<\/script>\n<!-- \/ Yoast SEO plugin. -->","yoast_head_json":{"title":"Rekrytering - Nordia Law","description":"Utan de b\u00e4sta medarbetarna kan vi inte tillhandah\u00e5lla v\u00e5ra klienter f\u00f6rstklassigt juridiskt bitr\u00e4de. F\u00f6r att kunna rekrytera, utveckla och beh\u00e5lla de b\u00e4sta medarbetarna erbjuder vi en stimulerande arbetsmilj\u00f6 och utm\u00e4rkta m\u00f6jligheter till karri\u00e4rutveckling.","robots":{"index":"index","follow":"follow","max-snippet":"max-snippet:-1","max-image-preview":"max-image-preview:large","max-video-preview":"max-video-preview:-1"},"canonical":"https:\/\/nordialaw.com\/sv\/rekrytering\/","og_locale":"sv_SE","og_type":"article","og_title":"Rekrytering - Nordia Law","og_description":"Utan de b\u00e4sta medarbetarna kan vi inte tillhandah\u00e5lla v\u00e5ra klienter f\u00f6rstklassigt juridiskt bitr\u00e4de. F\u00f6r att kunna rekrytera, utveckla och beh\u00e5lla de b\u00e4sta medarbetarna erbjuder vi en stimulerande arbetsmilj\u00f6 och utm\u00e4rkta m\u00f6jligheter till karri\u00e4rutveckling.","og_url":"https:\/\/nordialaw.com\/sv\/rekrytering\/","og_site_name":"Nordia Law","article_modified_time":"2026-03-30T11:18:00+00:00","twitter_card":"summary_large_image","twitter_misc":{"Ber\u00e4knad l\u00e4stid":"1 minut"},"schema":{"@context":"https:\/\/schema.org","@graph":[{"@type":"WebPage","@id":"https:\/\/nordialaw.com\/sv\/rekrytering\/","url":"https:\/\/nordialaw.com\/sv\/rekrytering\/","name":"Rekrytering - Nordia Law","isPartOf":{"@id":"https:\/\/nordialaw.com\/#website"},"datePublished":"2021-10-13T17:57:35+00:00","dateModified":"2026-03-30T11:18:00+00:00","description":"Utan de b\u00e4sta medarbetarna kan vi inte tillhandah\u00e5lla v\u00e5ra klienter f\u00f6rstklassigt juridiskt bitr\u00e4de. F\u00f6r att kunna rekrytera, utveckla och beh\u00e5lla de b\u00e4sta medarbetarna erbjuder vi en stimulerande arbetsmilj\u00f6 och utm\u00e4rkta m\u00f6jligheter till karri\u00e4rutveckling.","breadcrumb":{"@id":"https:\/\/nordialaw.com\/sv\/rekrytering\/#breadcrumb"},"inLanguage":"sv-SE","potentialAction":[{"@type":"ReadAction","target":["https:\/\/nordialaw.com\/sv\/rekrytering\/"]}]},{"@type":"BreadcrumbList","@id":"https:\/\/nordialaw.com\/sv\/rekrytering\/#breadcrumb","itemListElement":[{"@type":"ListItem","position":1,"name":"Home","item":"https:\/\/nordialaw.com\/sv\/"},{"@type":"ListItem","position":2,"name":"Rekrytering"}]},{"@type":"WebSite","@id":"https:\/\/nordialaw.com\/#website","url":"https:\/\/nordialaw.com\/","name":"Nordia Law","description":"","publisher":{"@id":"https:\/\/nordialaw.com\/#organization"},"potentialAction":[{"@type":"SearchAction","target":{"@type":"EntryPoint","urlTemplate":"https:\/\/nordialaw.com\/?s={search_term_string}"},"query-input":{"@type":"PropertyValueSpecification","valueRequired":true,"valueName":"search_term_string"}}],"inLanguage":"sv-SE"},{"@type":"Organization","@id":"https:\/\/nordialaw.com\/#organization","name":"Nordia Law","url":"https:\/\/nordialaw.com\/","logo":{"@type":"ImageObject","inLanguage":"sv-SE","@id":"https:\/\/nordialaw.com\/#\/schema\/logo\/image\/","url":"https:\/\/nordialaw.com\/wp-content\/uploads\/2021\/09\/Layer-1.svg","contentUrl":"https:\/\/nordialaw.com\/wp-content\/uploads\/2021\/09\/Layer-1.svg","width":197,"height":45,"caption":"Nordia Law"},"image":{"@id":"https:\/\/nordialaw.com\/#\/schema\/logo\/image\/"}}]}},"_links":{"self":[{"href":"https:\/\/nordialaw.com\/sv\/wp-json\/wp\/v2\/pages\/1336","targetHints":{"allow":["GET"]}}],"collection":[{"href":"https:\/\/nordialaw.com\/sv\/wp-json\/wp\/v2\/pages"}],"about":[{"href":"https:\/\/nordialaw.com\/sv\/wp-json\/wp\/v2\/types\/page"}],"author":[{"embeddable":true,"href":"https:\/\/nordialaw.com\/sv\/wp-json\/wp\/v2\/users\/6"}],"replies":[{"embeddable":true,"href":"https:\/\/nordialaw.com\/sv\/wp-json\/wp\/v2\/comments?post=1336"}],"version-history":[{"count":10,"href":"https:\/\/nordialaw.com\/sv\/wp-json\/wp\/v2\/pages\/1336\/revisions"}],"predecessor-version":[{"id":8123,"href":"https:\/\/nordialaw.com\/sv\/wp-json\/wp\/v2\/pages\/1336\/revisions\/8123"}],"wp:attachment":[{"href":"https:\/\/nordialaw.com\/sv\/wp-json\/wp\/v2\/media?parent=1336"}],"curies":[{"name":"wp","href":"https:\/\/api.w.org\/{rel}","templated":true}]}}