{"id":1361,"date":"2021-10-13T13:10:03","date_gmt":"2021-10-13T18:10:03","guid":{"rendered":"https:\/\/nordialaw.dev.kodeks.no\/people-page\/"},"modified":"2022-02-22T13:04:31","modified_gmt":"2022-02-22T18:04:31","slug":"medarbetare","status":"publish","type":"page","link":"https:\/\/nordialaw.com\/sv\/medarbetare\/","title":{"rendered":"Medarbetare"},"content":{"rendered":"<div class=\"title-excerpt\">\n\t        <h1 class=\"title-excerpt__title\">Medarbetare<\/h1>\n\t\n\t<\/div>\n\n\n<p><\/p>\n\n\n    <section class=\"image-text \">\n        <!--\t--><!-- -->\n        <div class=\"image-text__container grid-container\">\n\t\t\t\n\t\t\t                <div class=\"image-text__content \"><p style=\"text-align: center;\">V\u00e5rt team best\u00e5r av moderna, opretenti\u00f6sa och okomplicerade jurister och juristassistenter. L\u00e4gg till att vi har h\u00f6g juridisk kompetens, omfattande erfarenhet och villighet att arbeta h\u00e5rt i ditt \u00e4rende, s\u00e5 har du k\u00e4rnan i v\u00e5r f\u00f6retagskultur.<\/p>\n<p>&nbsp;<\/p>\n<\/div>\n\t\t\t        <\/div>\n    <\/section>\n","protected":false},"excerpt":{"rendered":"","protected":false},"author":6,"featured_media":0,"parent":0,"menu_order":0,"comment_status":"closed","ping_status":"closed","template":"templates\/template-people.php","meta":{"_acf_changed":false,"content-type":"","footnotes":""},"class_list":["post-1361","page","type-page","status-publish","hentry"],"acf":[],"yoast_head":"<!-- This site is optimized with the Yoast SEO plugin v27.3 - https:\/\/yoast.com\/product\/yoast-seo-wordpress\/ -->\n<title>Medarbetare - Nordia Law<\/title>\n<meta name=\"robots\" content=\"index, follow, max-snippet:-1, max-image-preview:large, max-video-preview:-1\" \/>\n<link rel=\"canonical\" href=\"https:\/\/nordialaw.com\/sv\/medarbetare\/\" \/>\n<meta property=\"og:locale\" content=\"sv_SE\" \/>\n<meta property=\"og:type\" content=\"article\" \/>\n<meta property=\"og:title\" content=\"Medarbetare - Nordia Law\" \/>\n<meta property=\"og:url\" content=\"https:\/\/nordialaw.com\/sv\/medarbetare\/\" \/>\n<meta property=\"og:site_name\" content=\"Nordia Law\" \/>\n<meta property=\"article:modified_time\" content=\"2022-02-22T18:04:31+00:00\" \/>\n<meta name=\"twitter:card\" content=\"summary_large_image\" \/>\n<script type=\"application\/ld+json\" class=\"yoast-schema-graph\">{\"@context\":\"https:\\\/\\\/schema.org\",\"@graph\":[{\"@type\":\"WebPage\",\"@id\":\"https:\\\/\\\/nordialaw.com\\\/sv\\\/medarbetare\\\/\",\"url\":\"https:\\\/\\\/nordialaw.com\\\/sv\\\/medarbetare\\\/\",\"name\":\"Medarbetare - Nordia Law\",\"isPartOf\":{\"@id\":\"https:\\\/\\\/nordialaw.com\\\/#website\"},\"datePublished\":\"2021-10-13T18:10:03+00:00\",\"dateModified\":\"2022-02-22T18:04:31+00:00\",\"breadcrumb\":{\"@id\":\"https:\\\/\\\/nordialaw.com\\\/sv\\\/medarbetare\\\/#breadcrumb\"},\"inLanguage\":\"sv-SE\",\"potentialAction\":[{\"@type\":\"ReadAction\",\"target\":[\"https:\\\/\\\/nordialaw.com\\\/sv\\\/medarbetare\\\/\"]}]},{\"@type\":\"BreadcrumbList\",\"@id\":\"https:\\\/\\\/nordialaw.com\\\/sv\\\/medarbetare\\\/#breadcrumb\",\"itemListElement\":[{\"@type\":\"ListItem\",\"position\":1,\"name\":\"Home\",\"item\":\"https:\\\/\\\/nordialaw.com\\\/sv\\\/\"},{\"@type\":\"ListItem\",\"position\":2,\"name\":\"Medarbetare\"}]},{\"@type\":\"WebSite\",\"@id\":\"https:\\\/\\\/nordialaw.com\\\/#website\",\"url\":\"https:\\\/\\\/nordialaw.com\\\/\",\"name\":\"Nordia Law\",\"description\":\"\",\"publisher\":{\"@id\":\"https:\\\/\\\/nordialaw.com\\\/#organization\"},\"potentialAction\":[{\"@type\":\"SearchAction\",\"target\":{\"@type\":\"EntryPoint\",\"urlTemplate\":\"https:\\\/\\\/nordialaw.com\\\/?s={search_term_string}\"},\"query-input\":{\"@type\":\"PropertyValueSpecification\",\"valueRequired\":true,\"valueName\":\"search_term_string\"}}],\"inLanguage\":\"sv-SE\"},{\"@type\":\"Organization\",\"@id\":\"https:\\\/\\\/nordialaw.com\\\/#organization\",\"name\":\"Nordia Law\",\"url\":\"https:\\\/\\\/nordialaw.com\\\/\",\"logo\":{\"@type\":\"ImageObject\",\"inLanguage\":\"sv-SE\",\"@id\":\"https:\\\/\\\/nordialaw.com\\\/#\\\/schema\\\/logo\\\/image\\\/\",\"url\":\"https:\\\/\\\/nordialaw.com\\\/wp-content\\\/uploads\\\/2021\\\/09\\\/Layer-1.svg\",\"contentUrl\":\"https:\\\/\\\/nordialaw.com\\\/wp-content\\\/uploads\\\/2021\\\/09\\\/Layer-1.svg\",\"width\":197,\"height\":45,\"caption\":\"Nordia Law\"},\"image\":{\"@id\":\"https:\\\/\\\/nordialaw.com\\\/#\\\/schema\\\/logo\\\/image\\\/\"}}]}<\/script>\n<!-- \/ Yoast SEO plugin. -->","yoast_head_json":{"title":"Medarbetare - Nordia Law","robots":{"index":"index","follow":"follow","max-snippet":"max-snippet:-1","max-image-preview":"max-image-preview:large","max-video-preview":"max-video-preview:-1"},"canonical":"https:\/\/nordialaw.com\/sv\/medarbetare\/","og_locale":"sv_SE","og_type":"article","og_title":"Medarbetare - Nordia Law","og_url":"https:\/\/nordialaw.com\/sv\/medarbetare\/","og_site_name":"Nordia Law","article_modified_time":"2022-02-22T18:04:31+00:00","twitter_card":"summary_large_image","schema":{"@context":"https:\/\/schema.org","@graph":[{"@type":"WebPage","@id":"https:\/\/nordialaw.com\/sv\/medarbetare\/","url":"https:\/\/nordialaw.com\/sv\/medarbetare\/","name":"Medarbetare - Nordia Law","isPartOf":{"@id":"https:\/\/nordialaw.com\/#website"},"datePublished":"2021-10-13T18:10:03+00:00","dateModified":"2022-02-22T18:04:31+00:00","breadcrumb":{"@id":"https:\/\/nordialaw.com\/sv\/medarbetare\/#breadcrumb"},"inLanguage":"sv-SE","potentialAction":[{"@type":"ReadAction","target":["https:\/\/nordialaw.com\/sv\/medarbetare\/"]}]},{"@type":"BreadcrumbList","@id":"https:\/\/nordialaw.com\/sv\/medarbetare\/#breadcrumb","itemListElement":[{"@type":"ListItem","position":1,"name":"Home","item":"https:\/\/nordialaw.com\/sv\/"},{"@type":"ListItem","position":2,"name":"Medarbetare"}]},{"@type":"WebSite","@id":"https:\/\/nordialaw.com\/#website","url":"https:\/\/nordialaw.com\/","name":"Nordia Law","description":"","publisher":{"@id":"https:\/\/nordialaw.com\/#organization"},"potentialAction":[{"@type":"SearchAction","target":{"@type":"EntryPoint","urlTemplate":"https:\/\/nordialaw.com\/?s={search_term_string}"},"query-input":{"@type":"PropertyValueSpecification","valueRequired":true,"valueName":"search_term_string"}}],"inLanguage":"sv-SE"},{"@type":"Organization","@id":"https:\/\/nordialaw.com\/#organization","name":"Nordia Law","url":"https:\/\/nordialaw.com\/","logo":{"@type":"ImageObject","inLanguage":"sv-SE","@id":"https:\/\/nordialaw.com\/#\/schema\/logo\/image\/","url":"https:\/\/nordialaw.com\/wp-content\/uploads\/2021\/09\/Layer-1.svg","contentUrl":"https:\/\/nordialaw.com\/wp-content\/uploads\/2021\/09\/Layer-1.svg","width":197,"height":45,"caption":"Nordia Law"},"image":{"@id":"https:\/\/nordialaw.com\/#\/schema\/logo\/image\/"}}]}},"_links":{"self":[{"href":"https:\/\/nordialaw.com\/sv\/wp-json\/wp\/v2\/pages\/1361","targetHints":{"allow":["GET"]}}],"collection":[{"href":"https:\/\/nordialaw.com\/sv\/wp-json\/wp\/v2\/pages"}],"about":[{"href":"https:\/\/nordialaw.com\/sv\/wp-json\/wp\/v2\/types\/page"}],"author":[{"embeddable":true,"href":"https:\/\/nordialaw.com\/sv\/wp-json\/wp\/v2\/users\/6"}],"replies":[{"embeddable":true,"href":"https:\/\/nordialaw.com\/sv\/wp-json\/wp\/v2\/comments?post=1361"}],"version-history":[{"count":9,"href":"https:\/\/nordialaw.com\/sv\/wp-json\/wp\/v2\/pages\/1361\/revisions"}],"predecessor-version":[{"id":6772,"href":"https:\/\/nordialaw.com\/sv\/wp-json\/wp\/v2\/pages\/1361\/revisions\/6772"}],"wp:attachment":[{"href":"https:\/\/nordialaw.com\/sv\/wp-json\/wp\/v2\/media?parent=1361"}],"curies":[{"name":"wp","href":"https:\/\/api.w.org\/{rel}","templated":true}]}}