{"id":1369,"date":"2021-10-13T13:10:54","date_gmt":"2021-10-13T18:10:54","guid":{"rendered":"https:\/\/nordialaw.dev.kodeks.no\/practice-areas\/"},"modified":"2022-02-22T13:07:09","modified_gmt":"2022-02-22T18:07:09","slug":"verksamhetsomraden","status":"publish","type":"page","link":"https:\/\/nordialaw.com\/sv\/verksamhetsomraden\/","title":{"rendered":"Verksamhetsomr\u00e5den"},"content":{"rendered":"<div class=\"title-excerpt\">\n\t        <h1 class=\"title-excerpt__title\">Verksamhetsomr\u00e5den<\/h1>\n\t\n\t<\/div>\n\n\n<p><\/p>\n\n\n    <section class=\"image-text \">\n        <!--\t--><!-- -->\n        <div class=\"image-text__container grid-container\">\n\t\t\t\n\t\t\t                <div class=\"image-text__content \"><p style=\"text-align: center;\">Alla NORDIAs partners och jurister \u00e4r specialiserade p\u00e5 ett eller flera av v\u00e5ra verksamhetsomr\u00e5den.<br \/>\nDet inneb\u00e4r att dina \u00e4renden och projekt handl\u00e4ggs av de mest kompetenta personerna.<\/p>\n<p>&nbsp;<\/p>\n<\/div>\n\t\t\t        <\/div>\n    <\/section>\n","protected":false},"excerpt":{"rendered":"","protected":false},"author":6,"featured_media":0,"parent":0,"menu_order":0,"comment_status":"closed","ping_status":"closed","template":"templates\/template-areas.php","meta":{"_acf_changed":false,"content-type":"","footnotes":""},"class_list":["post-1369","page","type-page","status-publish","hentry"],"acf":[],"yoast_head":"<!-- This site is optimized with the Yoast SEO plugin v27.2 - https:\/\/yoast.com\/product\/yoast-seo-wordpress\/ -->\n<title>Verksamhetsomr\u00e5den - Nordia Law<\/title>\n<meta name=\"robots\" content=\"index, follow, max-snippet:-1, max-image-preview:large, max-video-preview:-1\" \/>\n<link rel=\"canonical\" href=\"https:\/\/nordialaw.com\/sv\/verksamhetsomraden\/\" \/>\n<meta property=\"og:locale\" content=\"sv_SE\" \/>\n<meta property=\"og:type\" content=\"article\" \/>\n<meta property=\"og:title\" content=\"Verksamhetsomr\u00e5den - Nordia Law\" \/>\n<meta property=\"og:url\" content=\"https:\/\/nordialaw.com\/sv\/verksamhetsomraden\/\" \/>\n<meta property=\"og:site_name\" content=\"Nordia Law\" \/>\n<meta property=\"article:modified_time\" content=\"2022-02-22T18:07:09+00:00\" \/>\n<meta name=\"twitter:card\" content=\"summary_large_image\" \/>\n<script type=\"application\/ld+json\" class=\"yoast-schema-graph\">{\"@context\":\"https:\/\/schema.org\",\"@graph\":[{\"@type\":\"WebPage\",\"@id\":\"https:\/\/nordialaw.com\/sv\/verksamhetsomraden\/\",\"url\":\"https:\/\/nordialaw.com\/sv\/verksamhetsomraden\/\",\"name\":\"Verksamhetsomr\u00e5den - Nordia Law\",\"isPartOf\":{\"@id\":\"https:\/\/nordialaw.com\/#website\"},\"datePublished\":\"2021-10-13T18:10:54+00:00\",\"dateModified\":\"2022-02-22T18:07:09+00:00\",\"breadcrumb\":{\"@id\":\"https:\/\/nordialaw.com\/sv\/verksamhetsomraden\/#breadcrumb\"},\"inLanguage\":\"sv-SE\",\"potentialAction\":[{\"@type\":\"ReadAction\",\"target\":[\"https:\/\/nordialaw.com\/sv\/verksamhetsomraden\/\"]}]},{\"@type\":\"BreadcrumbList\",\"@id\":\"https:\/\/nordialaw.com\/sv\/verksamhetsomraden\/#breadcrumb\",\"itemListElement\":[{\"@type\":\"ListItem\",\"position\":1,\"name\":\"Home\",\"item\":\"https:\/\/nordialaw.com\/sv\/\"},{\"@type\":\"ListItem\",\"position\":2,\"name\":\"Verksamhetsomr\u00e5den\"}]},{\"@type\":\"WebSite\",\"@id\":\"https:\/\/nordialaw.com\/#website\",\"url\":\"https:\/\/nordialaw.com\/\",\"name\":\"Nordia Law\",\"description\":\"\",\"publisher\":{\"@id\":\"https:\/\/nordialaw.com\/#organization\"},\"potentialAction\":[{\"@type\":\"SearchAction\",\"target\":{\"@type\":\"EntryPoint\",\"urlTemplate\":\"https:\/\/nordialaw.com\/?s={search_term_string}\"},\"query-input\":{\"@type\":\"PropertyValueSpecification\",\"valueRequired\":true,\"valueName\":\"search_term_string\"}}],\"inLanguage\":\"sv-SE\"},{\"@type\":\"Organization\",\"@id\":\"https:\/\/nordialaw.com\/#organization\",\"name\":\"Nordia Law\",\"url\":\"https:\/\/nordialaw.com\/\",\"logo\":{\"@type\":\"ImageObject\",\"inLanguage\":\"sv-SE\",\"@id\":\"https:\/\/nordialaw.com\/#\/schema\/logo\/image\/\",\"url\":\"https:\/\/nordialaw.com\/wp-content\/uploads\/2021\/09\/Layer-1.svg\",\"contentUrl\":\"https:\/\/nordialaw.com\/wp-content\/uploads\/2021\/09\/Layer-1.svg\",\"width\":197,\"height\":45,\"caption\":\"Nordia Law\"},\"image\":{\"@id\":\"https:\/\/nordialaw.com\/#\/schema\/logo\/image\/\"}}]}<\/script>\n<!-- \/ Yoast SEO plugin. -->","yoast_head_json":{"title":"Verksamhetsomr\u00e5den - Nordia Law","robots":{"index":"index","follow":"follow","max-snippet":"max-snippet:-1","max-image-preview":"max-image-preview:large","max-video-preview":"max-video-preview:-1"},"canonical":"https:\/\/nordialaw.com\/sv\/verksamhetsomraden\/","og_locale":"sv_SE","og_type":"article","og_title":"Verksamhetsomr\u00e5den - Nordia Law","og_url":"https:\/\/nordialaw.com\/sv\/verksamhetsomraden\/","og_site_name":"Nordia Law","article_modified_time":"2022-02-22T18:07:09+00:00","twitter_card":"summary_large_image","schema":{"@context":"https:\/\/schema.org","@graph":[{"@type":"WebPage","@id":"https:\/\/nordialaw.com\/sv\/verksamhetsomraden\/","url":"https:\/\/nordialaw.com\/sv\/verksamhetsomraden\/","name":"Verksamhetsomr\u00e5den - Nordia Law","isPartOf":{"@id":"https:\/\/nordialaw.com\/#website"},"datePublished":"2021-10-13T18:10:54+00:00","dateModified":"2022-02-22T18:07:09+00:00","breadcrumb":{"@id":"https:\/\/nordialaw.com\/sv\/verksamhetsomraden\/#breadcrumb"},"inLanguage":"sv-SE","potentialAction":[{"@type":"ReadAction","target":["https:\/\/nordialaw.com\/sv\/verksamhetsomraden\/"]}]},{"@type":"BreadcrumbList","@id":"https:\/\/nordialaw.com\/sv\/verksamhetsomraden\/#breadcrumb","itemListElement":[{"@type":"ListItem","position":1,"name":"Home","item":"https:\/\/nordialaw.com\/sv\/"},{"@type":"ListItem","position":2,"name":"Verksamhetsomr\u00e5den"}]},{"@type":"WebSite","@id":"https:\/\/nordialaw.com\/#website","url":"https:\/\/nordialaw.com\/","name":"Nordia Law","description":"","publisher":{"@id":"https:\/\/nordialaw.com\/#organization"},"potentialAction":[{"@type":"SearchAction","target":{"@type":"EntryPoint","urlTemplate":"https:\/\/nordialaw.com\/?s={search_term_string}"},"query-input":{"@type":"PropertyValueSpecification","valueRequired":true,"valueName":"search_term_string"}}],"inLanguage":"sv-SE"},{"@type":"Organization","@id":"https:\/\/nordialaw.com\/#organization","name":"Nordia Law","url":"https:\/\/nordialaw.com\/","logo":{"@type":"ImageObject","inLanguage":"sv-SE","@id":"https:\/\/nordialaw.com\/#\/schema\/logo\/image\/","url":"https:\/\/nordialaw.com\/wp-content\/uploads\/2021\/09\/Layer-1.svg","contentUrl":"https:\/\/nordialaw.com\/wp-content\/uploads\/2021\/09\/Layer-1.svg","width":197,"height":45,"caption":"Nordia Law"},"image":{"@id":"https:\/\/nordialaw.com\/#\/schema\/logo\/image\/"}}]}},"_links":{"self":[{"href":"https:\/\/nordialaw.com\/sv\/wp-json\/wp\/v2\/pages\/1369","targetHints":{"allow":["GET"]}}],"collection":[{"href":"https:\/\/nordialaw.com\/sv\/wp-json\/wp\/v2\/pages"}],"about":[{"href":"https:\/\/nordialaw.com\/sv\/wp-json\/wp\/v2\/types\/page"}],"author":[{"embeddable":true,"href":"https:\/\/nordialaw.com\/sv\/wp-json\/wp\/v2\/users\/6"}],"replies":[{"embeddable":true,"href":"https:\/\/nordialaw.com\/sv\/wp-json\/wp\/v2\/comments?post=1369"}],"version-history":[{"count":8,"href":"https:\/\/nordialaw.com\/sv\/wp-json\/wp\/v2\/pages\/1369\/revisions"}],"predecessor-version":[{"id":6686,"href":"https:\/\/nordialaw.com\/sv\/wp-json\/wp\/v2\/pages\/1369\/revisions\/6686"}],"wp:attachment":[{"href":"https:\/\/nordialaw.com\/sv\/wp-json\/wp\/v2\/media?parent=1369"}],"curies":[{"name":"wp","href":"https:\/\/api.w.org\/{rel}","templated":true}]}}