{"id":6567,"date":"2022-01-12T09:08:32","date_gmt":"2022-01-12T14:08:32","guid":{"rendered":"https:\/\/nordialaw.dev.kodeks.no\/foretaget\/international-memberships\/"},"modified":"2024-04-22T14:35:56","modified_gmt":"2024-04-22T14:35:56","slug":"internationella-natverk","status":"publish","type":"page","link":"https:\/\/nordialaw.com\/sv\/om-oss\/internationella-natverk\/","title":{"rendered":"Internationella n\u00e4tverk"},"content":{"rendered":"<div class=\"title-excerpt\">\n\t        <h1 class=\"title-excerpt__title\">Internationella n\u00e4tverk<\/h1>\n\t\n\t<\/div>\n\n    <section class=\"image-text \">\n        <!--\t--><!-- -->\n        <div class=\"image-text__container grid-container\">\n\t\t\t\n\t\t\t                <div class=\"image-text__content \"><p><img loading=\"lazy\" decoding=\"async\" class=\"alignnone size-medium wp-image-5962 aligncenter\" src=\"https:\/\/nordialaw.com\/wp-content\/uploads\/2022\/01\/LAWorld-300x187.jpg\" alt=\"\" width=\"300\" height=\"187\" \/><\/p>\n<p><a href=\"https:\/\/laworld.com\/\"><strong>Medlemskap i LAWorld.<\/strong><\/a><\/p>\n<p>LAWorld \u00e4r ett internationellt n\u00e4tverk av 57 oberoende, medelstora advokatbyr\u00e5er med mer \u00e4n 1.350 advokater i 100 st\u00e4der runt om i v\u00e4rlden. LAWorld \u00e4r ett kostnadseffektivt och oberoende alternativ till stora internationella advokatbyr\u00e5er, och genom sitt n\u00e4tverk av advokatbyr\u00e5er tillhandah\u00e5ller det h\u00f6gkvalitativ juridisk r\u00e5dgivning \u00f6ver hela v\u00e4rlden.<\/p>\n<p>NORDIA Law har varit en del av LAWorld-n\u00e4tverket sedan 2012. Detta partnerskap ger v\u00e5ra klienter tillg\u00e5ng till ett stort internationellt n\u00e4tverk av ledande aff\u00e4rsjuridiska experter, varav m\u00e5nga vi har mycket goda personliga relationer med.<\/p>\n<p>Vi hanterar ett brett spektrum av internationella aff\u00e4rsjuridiska uppdrag. Tveka inte att kontakta oss om du beh\u00f6ver hj\u00e4lp med internationella fr\u00e5gor.<\/p>\n<p>&nbsp;<\/p>\n<hr \/>\n<p>&nbsp;<\/p>\n<p><img loading=\"lazy\" decoding=\"async\" class=\"size-medium wp-image-15137 aligncenter\" src=\"https:\/\/nordialaw.com\/wp-content\/uploads\/2023\/09\/DAC-Beachcroft-logotyp-300x183.png\" alt=\"\" width=\"300\" height=\"183\" srcset=\"https:\/\/nordialaw.com\/wp-content\/uploads\/2023\/09\/DAC-Beachcroft-logotyp-300x183.png 300w, https:\/\/nordialaw.com\/wp-content\/uploads\/2023\/09\/DAC-Beachcroft-logotyp.png 305w\" sizes=\"auto, (max-width: 300px) 100vw, 300px\" \/><\/p>\n<p><strong><a href=\"https:\/\/www.dacbeachcroft.com\/en\/location\/europe\/sweden-finland-and-norway\">Samarbete med DAC Beachcroft<\/a><\/strong><\/p>\n<p>NORDIA Law och DAC Beachcroft samarbetar f\u00f6r att f\u00f6rb\u00e4ttra tillhandah\u00e5llandet av juridisk r\u00e5dgivning till sina gemensamma kunder, fr\u00e4mst f\u00f6rs\u00e4kringsgivare, riskb\u00e4rare, f\u00f6rs\u00e4krade individer och branschfolk. Samarbetet s\u00e4kerst\u00e4ller att kunderna har tillg\u00e5ng till &#8221;best in class&#8221;, vilket m\u00f6jligg\u00f6r ett s\u00f6ml\u00f6st och helt\u00e4ckande st\u00f6d f\u00f6r kunderna i deras juridiska \u00e4renden.<\/p>\n<p>DAC Beachcroft \u00e4r en v\u00e4rldsomsp\u00e4nnande marknadsledande advokatbyr\u00e5 med omfattande expertis inom f\u00f6rs\u00e4kring som ger NORDIA Law v\u00e4rdefull t\u00e4ckning utanf\u00f6r Norden.<\/p>\n<\/div>\n\t\t\t        <\/div>\n    <\/section>\n","protected":false},"excerpt":{"rendered":"","protected":false},"author":6,"featured_media":0,"parent":859,"menu_order":0,"comment_status":"closed","ping_status":"closed","template":"","meta":{"_acf_changed":false,"content-type":"","footnotes":""},"class_list":["post-6567","page","type-page","status-publish","hentry"],"acf":[],"yoast_head":"<!-- This site is optimized with the Yoast SEO plugin v27.2 - https:\/\/yoast.com\/product\/yoast-seo-wordpress\/ -->\n<title>Internationella n\u00e4tverk - Nordia Law<\/title>\n<meta name=\"description\" content=\"Tveka inte att kontakta oss om du beh\u00f6ver hj\u00e4lp med internationella fr\u00e5gor.\" \/>\n<meta name=\"robots\" content=\"index, follow, max-snippet:-1, max-image-preview:large, max-video-preview:-1\" \/>\n<link rel=\"canonical\" href=\"https:\/\/nordialaw.com\/about-us\/international-networks\/\" \/>\n<meta property=\"og:locale\" content=\"sv_SE\" \/>\n<meta property=\"og:type\" content=\"article\" \/>\n<meta property=\"og:title\" content=\"Internationella n\u00e4tverk - Nordia Law\" \/>\n<meta property=\"og:description\" content=\"Tveka inte att kontakta oss om du beh\u00f6ver hj\u00e4lp med internationella fr\u00e5gor.\" \/>\n<meta property=\"og:url\" content=\"https:\/\/nordialaw.com\/about-us\/international-networks\/\" \/>\n<meta property=\"og:site_name\" content=\"Nordia Law\" \/>\n<meta property=\"article:modified_time\" content=\"2024-04-22T14:35:56+00:00\" \/>\n<meta name=\"twitter:card\" content=\"summary_large_image\" \/>\n<meta name=\"twitter:label1\" content=\"Ber\u00e4knad l\u00e4stid\" \/>\n\t<meta name=\"twitter:data1\" content=\"2 minuter\" \/>\n<script type=\"application\/ld+json\" class=\"yoast-schema-graph\">{\"@context\":\"https:\/\/schema.org\",\"@graph\":[{\"@type\":\"WebPage\",\"@id\":\"https:\/\/nordialaw.com\/about-us\/international-networks\/\",\"url\":\"https:\/\/nordialaw.com\/about-us\/international-networks\/\",\"name\":\"Internationella n\u00e4tverk - Nordia Law\",\"isPartOf\":{\"@id\":\"https:\/\/nordialaw.com\/#website\"},\"datePublished\":\"2022-01-12T14:08:32+00:00\",\"dateModified\":\"2024-04-22T14:35:56+00:00\",\"description\":\"Tveka inte att kontakta oss om du beh\u00f6ver hj\u00e4lp med internationella fr\u00e5gor.\",\"breadcrumb\":{\"@id\":\"https:\/\/nordialaw.com\/about-us\/international-networks\/#breadcrumb\"},\"inLanguage\":\"sv-SE\",\"potentialAction\":[{\"@type\":\"ReadAction\",\"target\":[\"https:\/\/nordialaw.com\/about-us\/international-networks\/\"]}]},{\"@type\":\"BreadcrumbList\",\"@id\":\"https:\/\/nordialaw.com\/about-us\/international-networks\/#breadcrumb\",\"itemListElement\":[{\"@type\":\"ListItem\",\"position\":1,\"name\":\"Home\",\"item\":\"https:\/\/nordialaw.com\/sv\/\"},{\"@type\":\"ListItem\",\"position\":2,\"name\":\"Om oss\",\"item\":\"https:\/\/nordialaw.com\/sv\/om-oss\/\"},{\"@type\":\"ListItem\",\"position\":3,\"name\":\"Internationella n\u00e4tverk\"}]},{\"@type\":\"WebSite\",\"@id\":\"https:\/\/nordialaw.com\/#website\",\"url\":\"https:\/\/nordialaw.com\/\",\"name\":\"Nordia Law\",\"description\":\"\",\"publisher\":{\"@id\":\"https:\/\/nordialaw.com\/#organization\"},\"potentialAction\":[{\"@type\":\"SearchAction\",\"target\":{\"@type\":\"EntryPoint\",\"urlTemplate\":\"https:\/\/nordialaw.com\/?s={search_term_string}\"},\"query-input\":{\"@type\":\"PropertyValueSpecification\",\"valueRequired\":true,\"valueName\":\"search_term_string\"}}],\"inLanguage\":\"sv-SE\"},{\"@type\":\"Organization\",\"@id\":\"https:\/\/nordialaw.com\/#organization\",\"name\":\"Nordia Law\",\"url\":\"https:\/\/nordialaw.com\/\",\"logo\":{\"@type\":\"ImageObject\",\"inLanguage\":\"sv-SE\",\"@id\":\"https:\/\/nordialaw.com\/#\/schema\/logo\/image\/\",\"url\":\"https:\/\/nordialaw.com\/wp-content\/uploads\/2021\/09\/Layer-1.svg\",\"contentUrl\":\"https:\/\/nordialaw.com\/wp-content\/uploads\/2021\/09\/Layer-1.svg\",\"width\":197,\"height\":45,\"caption\":\"Nordia Law\"},\"image\":{\"@id\":\"https:\/\/nordialaw.com\/#\/schema\/logo\/image\/\"}}]}<\/script>\n<!-- \/ Yoast SEO plugin. -->","yoast_head_json":{"title":"Internationella n\u00e4tverk - Nordia Law","description":"Tveka inte att kontakta oss om du beh\u00f6ver hj\u00e4lp med internationella fr\u00e5gor.","robots":{"index":"index","follow":"follow","max-snippet":"max-snippet:-1","max-image-preview":"max-image-preview:large","max-video-preview":"max-video-preview:-1"},"canonical":"https:\/\/nordialaw.com\/about-us\/international-networks\/","og_locale":"sv_SE","og_type":"article","og_title":"Internationella n\u00e4tverk - Nordia Law","og_description":"Tveka inte att kontakta oss om du beh\u00f6ver hj\u00e4lp med internationella fr\u00e5gor.","og_url":"https:\/\/nordialaw.com\/about-us\/international-networks\/","og_site_name":"Nordia Law","article_modified_time":"2024-04-22T14:35:56+00:00","twitter_card":"summary_large_image","twitter_misc":{"Ber\u00e4knad l\u00e4stid":"2 minuter"},"schema":{"@context":"https:\/\/schema.org","@graph":[{"@type":"WebPage","@id":"https:\/\/nordialaw.com\/about-us\/international-networks\/","url":"https:\/\/nordialaw.com\/about-us\/international-networks\/","name":"Internationella n\u00e4tverk - Nordia Law","isPartOf":{"@id":"https:\/\/nordialaw.com\/#website"},"datePublished":"2022-01-12T14:08:32+00:00","dateModified":"2024-04-22T14:35:56+00:00","description":"Tveka inte att kontakta oss om du beh\u00f6ver hj\u00e4lp med internationella fr\u00e5gor.","breadcrumb":{"@id":"https:\/\/nordialaw.com\/about-us\/international-networks\/#breadcrumb"},"inLanguage":"sv-SE","potentialAction":[{"@type":"ReadAction","target":["https:\/\/nordialaw.com\/about-us\/international-networks\/"]}]},{"@type":"BreadcrumbList","@id":"https:\/\/nordialaw.com\/about-us\/international-networks\/#breadcrumb","itemListElement":[{"@type":"ListItem","position":1,"name":"Home","item":"https:\/\/nordialaw.com\/sv\/"},{"@type":"ListItem","position":2,"name":"Om oss","item":"https:\/\/nordialaw.com\/sv\/om-oss\/"},{"@type":"ListItem","position":3,"name":"Internationella n\u00e4tverk"}]},{"@type":"WebSite","@id":"https:\/\/nordialaw.com\/#website","url":"https:\/\/nordialaw.com\/","name":"Nordia Law","description":"","publisher":{"@id":"https:\/\/nordialaw.com\/#organization"},"potentialAction":[{"@type":"SearchAction","target":{"@type":"EntryPoint","urlTemplate":"https:\/\/nordialaw.com\/?s={search_term_string}"},"query-input":{"@type":"PropertyValueSpecification","valueRequired":true,"valueName":"search_term_string"}}],"inLanguage":"sv-SE"},{"@type":"Organization","@id":"https:\/\/nordialaw.com\/#organization","name":"Nordia Law","url":"https:\/\/nordialaw.com\/","logo":{"@type":"ImageObject","inLanguage":"sv-SE","@id":"https:\/\/nordialaw.com\/#\/schema\/logo\/image\/","url":"https:\/\/nordialaw.com\/wp-content\/uploads\/2021\/09\/Layer-1.svg","contentUrl":"https:\/\/nordialaw.com\/wp-content\/uploads\/2021\/09\/Layer-1.svg","width":197,"height":45,"caption":"Nordia Law"},"image":{"@id":"https:\/\/nordialaw.com\/#\/schema\/logo\/image\/"}}]}},"_links":{"self":[{"href":"https:\/\/nordialaw.com\/sv\/wp-json\/wp\/v2\/pages\/6567","targetHints":{"allow":["GET"]}}],"collection":[{"href":"https:\/\/nordialaw.com\/sv\/wp-json\/wp\/v2\/pages"}],"about":[{"href":"https:\/\/nordialaw.com\/sv\/wp-json\/wp\/v2\/types\/page"}],"author":[{"embeddable":true,"href":"https:\/\/nordialaw.com\/sv\/wp-json\/wp\/v2\/users\/6"}],"replies":[{"embeddable":true,"href":"https:\/\/nordialaw.com\/sv\/wp-json\/wp\/v2\/comments?post=6567"}],"version-history":[{"count":10,"href":"https:\/\/nordialaw.com\/sv\/wp-json\/wp\/v2\/pages\/6567\/revisions"}],"predecessor-version":[{"id":16757,"href":"https:\/\/nordialaw.com\/sv\/wp-json\/wp\/v2\/pages\/6567\/revisions\/16757"}],"up":[{"embeddable":true,"href":"https:\/\/nordialaw.com\/sv\/wp-json\/wp\/v2\/pages\/859"}],"wp:attachment":[{"href":"https:\/\/nordialaw.com\/sv\/wp-json\/wp\/v2\/media?parent=6567"}],"curies":[{"name":"wp","href":"https:\/\/api.w.org\/{rel}","templated":true}]}}